{"id":15,"date":"2014-09-15T15:07:11","date_gmt":"2014-09-15T14:07:11","guid":{"rendered":"http:\/\/blog.uclm.es\/sunlivingenergy\/?page_id=15"},"modified":"2014-09-15T15:07:11","modified_gmt":"2014-09-15T14:07:11","slug":"investigadores","status":"publish","type":"page","link":"https:\/\/blog.uclm.es\/sunlivingenergy\/investigadores\/","title":{"rendered":"3. Investigadores"},"content":{"rendered":"<p><strong>Equipo de investigaci\u00f3n<\/strong><\/p>\n<p>Dr. Manuel Andr\u00e9s Rodrigo (Catedr\u00e1tico de Universidad)<br \/>\nDr. Pablo Ca\u00f1izares (Catedr\u00e1tico de Universidad)<br \/>\nDr. Justo Lobato Bajo (Titular de Universidad)<br \/>\nDra. Cristina S\u00e1ez Jimenez (Titular de Universidad)<br \/>\nDr. Jos\u00e9 Villase\u00f1or Camacho (Titular de Universidad)<br \/>\nDr. Francisco Jesus Fern\u00e1ndez Morales (Titular de Universidad)<\/p>\n<p><strong>Equipo de trabajo<\/strong><\/p>\n<p>Dra. Carmen Mar\u00eda Fern\u00e1ndez (Contratado Doctor temporal)<br \/>\nD. Yeray Asensio Ram\u00edrez<br \/>\nD\u00f1a. Sara Mateo Fern\u00e1ndez<\/p>\n","protected":false},"excerpt":{"rendered":"<p>Equipo de investigaci\u00f3n Dr. Manuel Andr\u00e9s Rodrigo (Catedr\u00e1tico de Universidad) Dr. Pablo Ca\u00f1izares (Catedr\u00e1tico de Universidad) Dr. Justo Lobato Bajo (Titular de Universidad) Dra. Cristina S\u00e1ez Jimenez (Titular de Universidad) Dr. Jos\u00e9 Villase\u00f1or Camacho (Titular de Universidad) Dr. Francisco Jesus Fern\u00e1ndez Morales (Titular de Universidad) Equipo de trabajo Dra. Carmen Mar\u00eda Fern\u00e1ndez (Contratado Doctor temporal) &hellip; <a href=\"https:\/\/blog.uclm.es\/sunlivingenergy\/investigadores\/\" class=\"more-link\">Seguir leyendo <span class=\"screen-reader-text\">3. Investigadores<\/span> <span class=\"meta-nav\">&rarr;<\/span><\/a><\/p>\n","protected":false},"author":213,"featured_media":0,"parent":0,"menu_order":0,"comment_status":"closed","ping_status":"open","template":"","meta":{"footnotes":""},"class_list":["post-15","page","type-page","status-publish","hentry"],"_links":{"self":[{"href":"https:\/\/blog.uclm.es\/sunlivingenergy\/wp-json\/wp\/v2\/pages\/15","targetHints":{"allow":["GET"]}}],"collection":[{"href":"https:\/\/blog.uclm.es\/sunlivingenergy\/wp-json\/wp\/v2\/pages"}],"about":[{"href":"https:\/\/blog.uclm.es\/sunlivingenergy\/wp-json\/wp\/v2\/types\/page"}],"author":[{"embeddable":true,"href":"https:\/\/blog.uclm.es\/sunlivingenergy\/wp-json\/wp\/v2\/users\/213"}],"replies":[{"embeddable":true,"href":"https:\/\/blog.uclm.es\/sunlivingenergy\/wp-json\/wp\/v2\/comments?post=15"}],"version-history":[{"count":0,"href":"https:\/\/blog.uclm.es\/sunlivingenergy\/wp-json\/wp\/v2\/pages\/15\/revisions"}],"wp:attachment":[{"href":"https:\/\/blog.uclm.es\/sunlivingenergy\/wp-json\/wp\/v2\/media?parent=15"}],"curies":[{"name":"wp","href":"https:\/\/api.w.org\/{rel}","templated":true}]}}