{"id":11,"date":"2014-09-15T07:42:56","date_gmt":"2014-09-15T06:42:56","guid":{"rendered":"http:\/\/blog.uclm.es\/sunlivingenergy\/?page_id=11"},"modified":"2014-09-15T07:42:56","modified_gmt":"2014-09-15T06:42:56","slug":"resumen","status":"publish","type":"page","link":"https:\/\/blog.uclm.es\/sunlivingenergy\/resumen\/","title":{"rendered":"2. Resumen"},"content":{"rendered":"<p><strong>Emulando a la vida en la generaci\u00f3n de energ\u00eda: Celdas Fotomicrobiol\u00f3gicas autosuficientes para producci\u00f3n de electricidad  a partir de energ\u00eda solar<\/strong><\/p>\n<p><em>CTQ2013-49748-R<\/em><\/p>\n<p>Este proyecto pretende desarrollar una tecnolog\u00eda que permita producir energ\u00eda el\u00e9ctrica a partir de la energ\u00eda solar utilizando procesos biotecnol\u00f3gicos y electroqu\u00edmicos basados en celdas de combustible microbianas. Adem\u00e1s, la tecnolog\u00eda a desarrollar pretende fijar carbono inorg\u00e1nico en forma de biomasa. El dispositivo energ\u00e9tico puede ser entendido como una celda solar fotomicrobiol\u00f3gica (CFM), por comparaci\u00f3n con las conocidas celdas solares fotovoltaicas (CFV). La principal diferencia de esta tecnolog\u00eda radica en que la conversi\u00f3n de energ\u00eda solar a el\u00e9ctrica no se basa en la utilizaci\u00f3n de un material semiconductor excitado por luz, sino en la interacci\u00f3n sin\u00e9rgica de varios procesos microbiol\u00f3gicos y electroqu\u00edmicos. Su desarrollo puede ser considerado como la base de una nueva tecnolog\u00eda, de bajo coste y gran robustez, de aprovechamiento de la energ\u00eda solar, que emula los mecanismos de actuaci\u00f3n de los seres vivos que m\u00e1s eficientemente emplean la energ\u00eda del Sol (plantas y algas). Integra en un dispositivo simple componentes microbiol\u00f3gicos (organismos bioelectrog\u00e9nicos y algas) y electroqu\u00edmicos (celdas de combustible) que operan eficientemente por separado. En caso de \u00e9xito en su desarrollo, la tecnolog\u00eda supondr\u00eda un cambio en el paradigma actual de transformaci\u00f3n de energ\u00eda solar en energ\u00eda el\u00e9ctrica. Adem\u00e1s, si los resultados obtenidos fuesen positivos en el escalado hacia la miniaturizaci\u00f3n y modularizaci\u00f3n, y la cantidad de energ\u00eda suficiente para poder ser aplicada en gran escala, contribuir\u00eda a la sostenibilidad del sistema energ\u00e9tico actual. En el proyecto se pretende desarrollar los componentes necesarios de modo optimizado, integrarlos en un prototipo que pueda ser utilizado como prueba de concepto escalable y aplicar el sistema completo en una utilidad sencilla y representativa. En este sentido, se ha programado la sustituci\u00f3n de la tecnolog\u00eda de CFV por la de CFM en una aplicaci\u00f3n simple consistente en la iluminaci\u00f3n de l\u00e1mparas de jard\u00edn.<\/p>\n","protected":false},"excerpt":{"rendered":"<p>Emulando a la vida en la generaci\u00f3n de energ\u00eda: Celdas Fotomicrobiol\u00f3gicas autosuficientes para producci\u00f3n de electricidad a partir de energ\u00eda solar CTQ2013-49748-R Este proyecto pretende desarrollar una tecnolog\u00eda que permita producir energ\u00eda el\u00e9ctrica a partir de la energ\u00eda solar utilizando procesos biotecnol\u00f3gicos y electroqu\u00edmicos basados en celdas de combustible microbianas. Adem\u00e1s, la tecnolog\u00eda a desarrollar &hellip; <a href=\"https:\/\/blog.uclm.es\/sunlivingenergy\/resumen\/\" class=\"more-link\">Seguir leyendo <span class=\"screen-reader-text\">2. Resumen<\/span> <span class=\"meta-nav\">&rarr;<\/span><\/a><\/p>\n","protected":false},"author":213,"featured_media":0,"parent":0,"menu_order":0,"comment_status":"closed","ping_status":"open","template":"","meta":{"footnotes":""},"class_list":["post-11","page","type-page","status-publish","hentry"],"_links":{"self":[{"href":"https:\/\/blog.uclm.es\/sunlivingenergy\/wp-json\/wp\/v2\/pages\/11","targetHints":{"allow":["GET"]}}],"collection":[{"href":"https:\/\/blog.uclm.es\/sunlivingenergy\/wp-json\/wp\/v2\/pages"}],"about":[{"href":"https:\/\/blog.uclm.es\/sunlivingenergy\/wp-json\/wp\/v2\/types\/page"}],"author":[{"embeddable":true,"href":"https:\/\/blog.uclm.es\/sunlivingenergy\/wp-json\/wp\/v2\/users\/213"}],"replies":[{"embeddable":true,"href":"https:\/\/blog.uclm.es\/sunlivingenergy\/wp-json\/wp\/v2\/comments?post=11"}],"version-history":[{"count":0,"href":"https:\/\/blog.uclm.es\/sunlivingenergy\/wp-json\/wp\/v2\/pages\/11\/revisions"}],"wp:attachment":[{"href":"https:\/\/blog.uclm.es\/sunlivingenergy\/wp-json\/wp\/v2\/media?parent=11"}],"curies":[{"name":"wp","href":"https:\/\/api.w.org\/{rel}","templated":true}]}}