{"id":303,"date":"2018-03-12T12:31:12","date_gmt":"2018-03-12T11:31:12","guid":{"rendered":"http:\/\/blog.uclm.es\/suca-clm\/?page_id=303"},"modified":"2018-03-12T12:31:12","modified_gmt":"2018-03-12T11:31:12","slug":"tfms","status":"publish","type":"page","link":"https:\/\/blog.uclm.es\/suca-clm\/tfms\/","title":{"rendered":"TFMs"},"content":{"rendered":"<div align=\"justify\">\n<table>\n<tbody>\n<tr>\n<td width=\"576\"><strong>Alumna:<\/strong> Beatriz Rubio Valverde\u00a0 \u00a0 \u00a0 \u00a0 \u00a0 \u00a0 \u00a0 \u00a0 \u00a0 \u00a0 \u00a0 \u00a0 \u00a0 \u00a0 \u00a0 \u00a0 \u00a0 \u00a0 \u00a0 \u00a0 \u00a0 \u00a0 \u00a0 \u00a0 \u00a0 \u00a0 \u00a0 \u00a0 \u00a0 \u00a0 \u00a0 \u00a0 \u00a0 \u00a0 \u00a0 \u00a0 \u00a0 \u00a0 \u00a0 \u00a0 <strong>Profesor:<\/strong> Manuel Jacinto Roblizo Colmenero\u00a0 \u00a0 \u00a0 \u00a0 \u00a0 \u00a0 \u00a0 \u00a0 \u00a0 \u00a0 \u00a0 \u00a0 \u00a0 \u00a0 \u00a0 \u00a0 \u00a0 \u00a0 \u00a0 \u00a0 \u00a0 \u00a0 \u00a0 \u00a0 \u00a0 \u00a0 \u00a0 <em>Facultad de Educaci\u00f3n de Albacete\u00a0 \u00a0 \u00a0 \u00a0 \u00a0 \u00a0 \u00a0 \u00a0 \u00a0 \u00a0 \u00a0 \u00a0 \u00a0 \u00a0 \u00a0 \u00a0 \u00a0 \u00a0 \u00a0 \u00a0 \u00a0 \u00a0 \u00a0 \u00a0 \u00a0 \u00a0 \u00a0 \u00a0 \u00a0 \u00a0 \u00a0 \u00a0 \u00a0 \u00a0 \u00a0 \u00a0 \u00a0 \u00a0 \u00a0 \u00a0 <\/em>Curso 2017\/2018<\/td>\n<\/tr>\n<\/tbody>\n<\/table>\n<p style=\"text-align: center\"><span style=\"color: #0000ff\"><strong>EL ROL DEL VOLUNTARIADO Y LAS ENTIDADES ASOCIATIVAS EN LAS COMUNIDADES DE APRENDIZAJE: EL CEIP LA PAZ DE ALBACETE<\/strong><\/span><\/p>\n<\/div>\n<div align=\"justify\">\n<p><strong>Resumen:<\/strong><\/p>\n<p>Este art\u00edculo analiza el rol que han desempe\u00f1ado el voluntariado y la Asociaci\u00f3n MIES \u2011antiguamente conocida como Miguel Fenollera-, la Fundaci\u00f3n Atenea, la Fundaci\u00f3n Secretariado Gitano e Hijas de la Caridad en Albacete para contribuir a la mejora del comportamiento y rendimiento acad\u00e9mico de los alumnos de la Comunidad de Aprendizaje La Paz, situada en un barrio caracterizado por un alto nivel de exclusi\u00f3n social. Mediante el uso de una metodolog\u00eda sustentada en un paradigma hermen\u00e9utico con un dise\u00f1o cualitativo, no experimental y exploratorio, los resultados obtenidos muestran c\u00f3mo la implicaci\u00f3n del voluntariado y las asociaciones propician la reducci\u00f3n del grado de absentismo en el colegio por parte de los alumnos y hacen posible que las pr\u00e1cticas docentes que caracterizan al aprendizaje dial\u00f3gico puedan ser implementadas, colaborando de una manera decisiva en el funcionamiento adecuado de las distintas actividades que se llevan a cabo en la Comunidad de Aprendizaje.<\/p>\n<\/div>\n","protected":false},"excerpt":{"rendered":"<p>Alumna: Beatriz Rubio Valverde\u00a0 \u00a0 \u00a0 \u00a0 \u00a0 \u00a0 \u00a0 \u00a0 \u00a0 \u00a0 \u00a0 \u00a0 \u00a0 \u00a0 \u00a0 \u00a0 \u00a0 \u00a0 \u00a0 \u00a0 \u00a0 \u00a0 \u00a0 \u00a0 \u00a0 \u00a0 \u00a0 \u00a0 \u00a0 \u00a0 \u00a0 \u00a0 \u00a0 \u00a0 \u00a0 \u00a0 \u00a0 \u00a0 \u00a0 \u00a0 Profesor: Manuel Jacinto Roblizo Colmenero\u00a0 \u00a0 \u00a0 \u00a0 \u00a0 \u00a0 \u00a0 \u00a0 &hellip; <\/p>\n<p class=\"link-more\"><a href=\"https:\/\/blog.uclm.es\/suca-clm\/tfms\/\" class=\"more-link\">Continuar leyendo<span class=\"screen-reader-text\"> \u00abTFMs\u00bb<\/span><\/a><\/p>\n","protected":false},"author":390,"featured_media":0,"parent":0,"menu_order":0,"comment_status":"closed","ping_status":"closed","template":"","meta":{"footnotes":""},"class_list":["post-303","page","type-page","status-publish","hentry"],"_links":{"self":[{"href":"https:\/\/blog.uclm.es\/suca-clm\/wp-json\/wp\/v2\/pages\/303","targetHints":{"allow":["GET"]}}],"collection":[{"href":"https:\/\/blog.uclm.es\/suca-clm\/wp-json\/wp\/v2\/pages"}],"about":[{"href":"https:\/\/blog.uclm.es\/suca-clm\/wp-json\/wp\/v2\/types\/page"}],"author":[{"embeddable":true,"href":"https:\/\/blog.uclm.es\/suca-clm\/wp-json\/wp\/v2\/users\/390"}],"replies":[{"embeddable":true,"href":"https:\/\/blog.uclm.es\/suca-clm\/wp-json\/wp\/v2\/comments?post=303"}],"version-history":[{"count":0,"href":"https:\/\/blog.uclm.es\/suca-clm\/wp-json\/wp\/v2\/pages\/303\/revisions"}],"wp:attachment":[{"href":"https:\/\/blog.uclm.es\/suca-clm\/wp-json\/wp\/v2\/media?parent=303"}],"curies":[{"name":"wp","href":"https:\/\/api.w.org\/{rel}","templated":true}]}}