{"id":179,"date":"2018-02-14T09:15:46","date_gmt":"2018-02-14T08:15:46","guid":{"rendered":"http:\/\/blog.uclm.es\/suca-clm\/?page_id=179"},"modified":"2024-11-06T19:21:24","modified_gmt":"2024-11-06T19:21:24","slug":"cda-en-c-lm","status":"publish","type":"page","link":"https:\/\/blog.uclm.es\/suca-clm\/cda-en-c-lm\/","title":{"rendered":"Comunidades de Aprendizaje en Castilla-La Mancha"},"content":{"rendered":"\n<p><strong>Ciudad Real<\/strong><\/p>\n\n\n\n<ul class=\"wp-block-list\">\n<li><a href=\"http:\/\/ceip-cervantespuertollano.centros.castillalamancha.es\">CEIP Cervantes, Puertollano<\/a><\/li>\n\n\n\n<li><a href=\"http:\/\/ceip-doctorlimonpuertollano.centros.castillalamancha.es\">CEIP Doctor Lim\u00f3n, Puertollano<\/a><\/li>\n\n\n\n<li><a href=\"http:\/\/ceip-mireiabelmonte.centros.castillalamancha.es\">CEIP Mireia Belmonte, Puertollano<\/a><\/li>\n\n\n\n<li><a href=\"https:\/\/cristobalcolonciudadreal.blogspot.com\/\">CEIP Cristobal Col\u00f3n, Ciudad Real<\/a><\/li>\n\n\n\n<li><a href=\"http:\/\/ceip-sanantonio.centros.castillalamancha.es\/\">CEIP San Antonio, Tomelloso<\/a><\/li>\n\n\n\n<li><a href=\"http:\/\/ceip-casanjuandeavila.centros.castillalamancha.es\/\">CEIP San Juan de \u00c1vila, Castellar de Santiago<\/a><\/li>\n\n\n\n<li><a href=\"http:\/\/ceip-nuestrasenoradelosangeles.centros.castillalamancha.es\">CEIP Nuestra Se\u00f1ora de los \u00c1ngeles, Pedro Mu\u00f1oz<\/a><\/li>\n<\/ul>\n\n\n\n<p><strong>Albacete<\/strong><\/p>\n\n\n\n<ul class=\"wp-block-list\">\n<li><a href=\"https:\/\/comunidadaprendizajelapazdealbacete.blogspot.com\/\">CEIP La Paz, Albacete<\/a><\/li>\n\n\n\n<li><a href=\"http:\/\/ceip-entreculturas.centros.castillalamancha.es\">CEIP Entreculturas, Hell\u00edn<\/a><\/li>\n\n\n\n<li><a href=\"http:\/\/ceip-miguelhernandez.centros.castillalamancha.es\/\">CEIP Miguel Hern\u00e1ndez, La Roda<\/a><\/li>\n<\/ul>\n\n\n\n<p><strong>Toledo<\/strong><\/p>\n\n\n\n<ul class=\"wp-block-list\">\n<li><a href=\"https:\/\/sanlucasymariawordpresscom.wordpress.com\">CEIP San Lucas y Mar\u00eda, Toledo<\/a><\/li>\n\n\n\n<li><a href=\"http:\/\/ceip-sanfranciscolosnavalmorales.centros.castillalamancha.es\">CEIP San Francisco, Los Navalmorales<\/a><\/li>\n\n\n\n<li><a href=\"http:\/\/ceip-elduende.centros.castillalamancha.es\">CEIP El Duende, Nambroca<\/a><\/li>\n\n\n\n<li><a href=\"http:\/\/cepa-navahermosa.centros.castillalamancha.es\">CEPA La Ra\u00f1a Navahermosa,<\/a><\/li>\n<\/ul>\n\n\n\n<p><strong>Cuenca<\/strong><\/p>\n\n\n\n<ul class=\"wp-block-list\">\n<li><a href=\"http:\/\/ceip-federicomuelas.centros.castillalamancha.es\">CEIP Federico Muelas, Cuenca<\/a><\/li>\n<\/ul>\n\n\n\n<p><strong>Guadalajara<\/strong><\/p>\n\n\n\n<ul class=\"wp-block-list\">\n<li><a href=\"http:\/\/ieso-harevolar.centros.castillalamancha.es\">IESO Har\u00e9volar, Alovera,\u00a0<\/a><\/li>\n<\/ul>\n","protected":false},"excerpt":{"rendered":"<p>Ciudad Real Albacete Toledo Cuenca Guadalajara<\/p>\n","protected":false},"author":390,"featured_media":0,"parent":0,"menu_order":0,"comment_status":"closed","ping_status":"closed","template":"","meta":{"footnotes":""},"class_list":["post-179","page","type-page","status-publish","hentry"],"_links":{"self":[{"href":"https:\/\/blog.uclm.es\/suca-clm\/wp-json\/wp\/v2\/pages\/179","targetHints":{"allow":["GET"]}}],"collection":[{"href":"https:\/\/blog.uclm.es\/suca-clm\/wp-json\/wp\/v2\/pages"}],"about":[{"href":"https:\/\/blog.uclm.es\/suca-clm\/wp-json\/wp\/v2\/types\/page"}],"author":[{"embeddable":true,"href":"https:\/\/blog.uclm.es\/suca-clm\/wp-json\/wp\/v2\/users\/390"}],"replies":[{"embeddable":true,"href":"https:\/\/blog.uclm.es\/suca-clm\/wp-json\/wp\/v2\/comments?post=179"}],"version-history":[{"count":2,"href":"https:\/\/blog.uclm.es\/suca-clm\/wp-json\/wp\/v2\/pages\/179\/revisions"}],"predecessor-version":[{"id":662,"href":"https:\/\/blog.uclm.es\/suca-clm\/wp-json\/wp\/v2\/pages\/179\/revisions\/662"}],"wp:attachment":[{"href":"https:\/\/blog.uclm.es\/suca-clm\/wp-json\/wp\/v2\/media?parent=179"}],"curies":[{"name":"wp","href":"https:\/\/api.w.org\/{rel}","templated":true}]}}