{"id":128,"date":"2018-02-13T10:08:35","date_gmt":"2018-02-13T09:08:35","guid":{"rendered":"http:\/\/blog.uclm.es\/suca-clm\/?page_id=128"},"modified":"2024-11-24T13:32:18","modified_gmt":"2024-11-24T13:32:18","slug":"miembros","status":"publish","type":"page","link":"https:\/\/blog.uclm.es\/suca-clm\/miembros\/","title":{"rendered":"Miembros"},"content":{"rendered":"\n<p>Campus de Albacete<\/p>\n\n\n\n<p><\/p>\n\n\n\n<p><strong>Dr. Juan Garc\u00eda L\u00f3pez<\/strong>. <em>Inspector de Educaci\u00f3n<\/em>, (enlace CREA)<\/p>\n\n\n\n<p><strong>Dra. M\u00aa Carmen S\u00e1nchez P\u00e9rez<\/strong>. <em>Profesora de Sociolog\u00eda<\/em><\/p>\n\n\n\n<figure class=\"wp-block-image size-full is-resized\"><img loading=\"lazy\" decoding=\"async\" width=\"624\" height=\"800\" src=\"https:\/\/blog.uclm.es\/suca-clm\/wp-content\/uploads\/sites\/237\/2018\/02\/carmen-soc-e1519287366395.jpg\" alt=\"\" class=\"wp-image-220\" style=\"width:141px;height:auto\" srcset=\"https:\/\/blog.uclm.es\/suca-clm\/wp-content\/uploads\/sites\/237\/2018\/02\/carmen-soc-e1519287366395.jpg 624w, https:\/\/blog.uclm.es\/suca-clm\/wp-content\/uploads\/sites\/237\/2018\/02\/carmen-soc-e1519287366395-234x300.jpg 234w\" sizes=\"auto, (max-width: 624px) 100vw, 624px\" \/><\/figure>\n\n\n\n<p>Campus de Ciudad Real<\/p>\n\n\n\n<p><strong>Dra. Paloma Candela Soto<\/strong>, <em>Profesora de Sociolog\u00eda<\/em><\/p>\n\n\n\n<figure class=\"wp-block-image size-full is-resized\"><img loading=\"lazy\" decoding=\"async\" width=\"244\" height=\"369\" src=\"https:\/\/blog.uclm.es\/suca-clm\/wp-content\/uploads\/sites\/237\/2024\/10\/image.png\" alt=\"\" class=\"wp-image-625\" style=\"width:138px;height:auto\" srcset=\"https:\/\/blog.uclm.es\/suca-clm\/wp-content\/uploads\/sites\/237\/2024\/10\/image.png 244w, https:\/\/blog.uclm.es\/suca-clm\/wp-content\/uploads\/sites\/237\/2024\/10\/image-198x300.png 198w\" sizes=\"auto, (max-width: 244px) 100vw, 244px\" \/><\/figure>\n\n\n\n<p><strong>Dr. Francisco Javier Dom\u00ednguez Rodr\u00edguez<\/strong>. <em>Profesor de Pedagog\u00eda<\/em><\/p>\n\n\n\n<figure class=\"wp-block-image size-full is-resized\"><img loading=\"lazy\" decoding=\"async\" width=\"337\" height=\"390\" src=\"https:\/\/blog.uclm.es\/suca-clm\/wp-content\/uploads\/sites\/237\/2018\/03\/francisco-javier-dom-rod.jpg\" alt=\"\" class=\"wp-image-245\" style=\"width:139px;height:auto\" srcset=\"https:\/\/blog.uclm.es\/suca-clm\/wp-content\/uploads\/sites\/237\/2018\/03\/francisco-javier-dom-rod.jpg 337w, https:\/\/blog.uclm.es\/suca-clm\/wp-content\/uploads\/sites\/237\/2018\/03\/francisco-javier-dom-rod-259x300.jpg 259w\" sizes=\"auto, (max-width: 337px) 100vw, 337px\" \/><\/figure>\n\n\n\n<p><strong>Dra. Montserrat Blanco Garc\u00eda<\/strong>. <em>Profesora de Pedagog\u00eda<\/em><\/p>\n\n\n\n<p><strong>Dr. Jes\u00fas Guti\u00e9rrez Villalta<\/strong>. <em>Profesor de Sociolog\u00eda<\/em><\/p>\n\n\n\n<p>Campus de Cuenca<\/p>\n\n\n\n<p><strong>Dra. Mercedes \u00c1vila Franc\u00e9s<\/strong>. <em>Profesora de Sociolog\u00eda<\/em> <\/p>\n\n\n\n<figure class=\"wp-block-image size-large is-resized\"><img loading=\"lazy\" decoding=\"async\" width=\"1024\" height=\"715\" src=\"https:\/\/blog.uclm.es\/suca-clm\/wp-content\/uploads\/sites\/237\/2018\/02\/DSC_0180-recorte-blanco-negro-1-1024x715.jpg\" alt=\"\" class=\"wp-image-74\" style=\"width:192px;height:auto\" srcset=\"https:\/\/blog.uclm.es\/suca-clm\/wp-content\/uploads\/sites\/237\/2018\/02\/DSC_0180-recorte-blanco-negro-1-1024x715.jpg 1024w, https:\/\/blog.uclm.es\/suca-clm\/wp-content\/uploads\/sites\/237\/2018\/02\/DSC_0180-recorte-blanco-negro-1-300x210.jpg 300w, https:\/\/blog.uclm.es\/suca-clm\/wp-content\/uploads\/sites\/237\/2018\/02\/DSC_0180-recorte-blanco-negro-1-768x536.jpg 768w, https:\/\/blog.uclm.es\/suca-clm\/wp-content\/uploads\/sites\/237\/2018\/02\/DSC_0180-recorte-blanco-negro-1-1536x1073.jpg 1536w, https:\/\/blog.uclm.es\/suca-clm\/wp-content\/uploads\/sites\/237\/2018\/02\/DSC_0180-recorte-blanco-negro-1-2048x1430.jpg 2048w\" sizes=\"auto, (max-width: 767px) 89vw, (max-width: 1000px) 54vw, (max-width: 1071px) 543px, 580px\" \/><\/figure>\n\n\n\n<p><strong>Dra. Sandra L\u00f3pez Fern\u00e1ndez<\/strong>. <em>Profesora de Sociolog\u00eda<\/em><\/p>\n\n\n\n<figure class=\"wp-block-image size-large is-resized\"><img loading=\"lazy\" decoding=\"async\" width=\"768\" height=\"1024\" src=\"https:\/\/blog.uclm.es\/suca-clm\/wp-content\/uploads\/sites\/237\/2020\/05\/foto-febrero-2018-768x1024.jpg\" alt=\"\" class=\"wp-image-576\" style=\"width:155px;height:auto\" srcset=\"https:\/\/blog.uclm.es\/suca-clm\/wp-content\/uploads\/sites\/237\/2020\/05\/foto-febrero-2018-768x1024.jpg 768w, https:\/\/blog.uclm.es\/suca-clm\/wp-content\/uploads\/sites\/237\/2020\/05\/foto-febrero-2018-225x300.jpg 225w, https:\/\/blog.uclm.es\/suca-clm\/wp-content\/uploads\/sites\/237\/2020\/05\/foto-febrero-2018.jpg 960w\" sizes=\"auto, (max-width: 767px) 89vw, (max-width: 1000px) 54vw, (max-width: 1071px) 543px, 580px\" \/><\/figure>\n\n\n\n<p><\/p>\n\n\n\n<figure class=\"wp-block-table\"><table class=\"has-fixed-layout\"><tbody><tr><td><\/td><\/tr><\/tbody><\/table><\/figure>\n\n\n\n<p>Campus de Toledo<\/p>\n\n\n\n<p><strong>D\u00aa Andrea Bueno Baquero<\/strong>, <em>Alumna de doctorado UCLM<\/em><\/p>\n\n\n\n<p><\/p>\n","protected":false},"excerpt":{"rendered":"<p>Campus de Albacete Dr. Juan Garc\u00eda L\u00f3pez. Inspector de Educaci\u00f3n, (enlace CREA) Dra. M\u00aa Carmen S\u00e1nchez P\u00e9rez. Profesora de Sociolog\u00eda Campus de Ciudad Real Dra. Paloma Candela Soto, Profesora de Sociolog\u00eda Dr. Francisco Javier Dom\u00ednguez Rodr\u00edguez. Profesor de Pedagog\u00eda Dra. Montserrat Blanco Garc\u00eda. Profesora de Pedagog\u00eda Dr. Jes\u00fas Guti\u00e9rrez Villalta. Profesor de Sociolog\u00eda Campus de &hellip; <\/p>\n<p class=\"link-more\"><a href=\"https:\/\/blog.uclm.es\/suca-clm\/miembros\/\" class=\"more-link\">Continuar leyendo<span class=\"screen-reader-text\"> \u00abMiembros\u00bb<\/span><\/a><\/p>\n","protected":false},"author":390,"featured_media":0,"parent":0,"menu_order":0,"comment_status":"closed","ping_status":"closed","template":"","meta":{"footnotes":""},"class_list":["post-128","page","type-page","status-publish","hentry"],"_links":{"self":[{"href":"https:\/\/blog.uclm.es\/suca-clm\/wp-json\/wp\/v2\/pages\/128","targetHints":{"allow":["GET"]}}],"collection":[{"href":"https:\/\/blog.uclm.es\/suca-clm\/wp-json\/wp\/v2\/pages"}],"about":[{"href":"https:\/\/blog.uclm.es\/suca-clm\/wp-json\/wp\/v2\/types\/page"}],"author":[{"embeddable":true,"href":"https:\/\/blog.uclm.es\/suca-clm\/wp-json\/wp\/v2\/users\/390"}],"replies":[{"embeddable":true,"href":"https:\/\/blog.uclm.es\/suca-clm\/wp-json\/wp\/v2\/comments?post=128"}],"version-history":[{"count":4,"href":"https:\/\/blog.uclm.es\/suca-clm\/wp-json\/wp\/v2\/pages\/128\/revisions"}],"predecessor-version":[{"id":684,"href":"https:\/\/blog.uclm.es\/suca-clm\/wp-json\/wp\/v2\/pages\/128\/revisions\/684"}],"wp:attachment":[{"href":"https:\/\/blog.uclm.es\/suca-clm\/wp-json\/wp\/v2\/media?parent=128"}],"curies":[{"name":"wp","href":"https:\/\/api.w.org\/{rel}","templated":true}]}}