{"id":38,"date":"2016-11-19T19:04:05","date_gmt":"2016-11-19T18:04:05","guid":{"rendered":"http:\/\/blog.uclm.es\/silviallorens\/?page_id=12"},"modified":"2016-11-19T19:04:05","modified_gmt":"2016-11-19T18:04:05","slug":"opinion","status":"publish","type":"page","link":"https:\/\/blog.uclm.es\/silviallorens\/opinion\/","title":{"rendered":"OPINI\u00d3N"},"content":{"rendered":"<p>D\u00f3nde no he viajado este a\u00f1o?<br \/>\nPoes\u00eda gravitacional<br \/>\nLa geometr\u00eda tiene dos grandes tesoros<\/p>\n","protected":false},"excerpt":{"rendered":"<p>D\u00f3nde no he viajado este a\u00f1o? Poes\u00eda gravitacional La geometr\u00eda tiene dos grandes tesoros<\/p>\n","protected":false},"author":92,"featured_media":0,"parent":0,"menu_order":0,"comment_status":"closed","ping_status":"closed","template":"","meta":{"footnotes":""},"class_list":["post-38","page","type-page","status-publish","hentry"],"_links":{"self":[{"href":"https:\/\/blog.uclm.es\/silviallorens\/wp-json\/wp\/v2\/pages\/38","targetHints":{"allow":["GET"]}}],"collection":[{"href":"https:\/\/blog.uclm.es\/silviallorens\/wp-json\/wp\/v2\/pages"}],"about":[{"href":"https:\/\/blog.uclm.es\/silviallorens\/wp-json\/wp\/v2\/types\/page"}],"author":[{"embeddable":true,"href":"https:\/\/blog.uclm.es\/silviallorens\/wp-json\/wp\/v2\/users\/92"}],"replies":[{"embeddable":true,"href":"https:\/\/blog.uclm.es\/silviallorens\/wp-json\/wp\/v2\/comments?post=38"}],"version-history":[{"count":0,"href":"https:\/\/blog.uclm.es\/silviallorens\/wp-json\/wp\/v2\/pages\/38\/revisions"}],"wp:attachment":[{"href":"https:\/\/blog.uclm.es\/silviallorens\/wp-json\/wp\/v2\/media?parent=38"}],"curies":[{"name":"wp","href":"https:\/\/api.w.org\/{rel}","templated":true}]}}