{"id":10,"date":"2016-11-19T19:02:29","date_gmt":"2016-11-19T18:02:29","guid":{"rendered":"http:\/\/blog.uclm.es\/silviallorens\/?page_id=10"},"modified":"2016-11-19T19:02:29","modified_gmt":"2016-11-19T18:02:29","slug":"investigacion","status":"publish","type":"page","link":"https:\/\/blog.uclm.es\/silviallorens\/investigacion\/","title":{"rendered":"INVESTIGACI\u00d3N"},"content":{"rendered":"<p>Azafr\u00e1n y obesidad?<br \/>\nPropiedades antitromb\u00f3ticas del azafr\u00e1n?<\/p>\n","protected":false},"excerpt":{"rendered":"<p>Azafr\u00e1n y obesidad? Propiedades antitromb\u00f3ticas del azafr\u00e1n?<\/p>\n","protected":false},"author":92,"featured_media":0,"parent":0,"menu_order":0,"comment_status":"closed","ping_status":"closed","template":"","meta":{"footnotes":""},"class_list":["post-10","page","type-page","status-publish","hentry"],"_links":{"self":[{"href":"https:\/\/blog.uclm.es\/silviallorens\/wp-json\/wp\/v2\/pages\/10","targetHints":{"allow":["GET"]}}],"collection":[{"href":"https:\/\/blog.uclm.es\/silviallorens\/wp-json\/wp\/v2\/pages"}],"about":[{"href":"https:\/\/blog.uclm.es\/silviallorens\/wp-json\/wp\/v2\/types\/page"}],"author":[{"embeddable":true,"href":"https:\/\/blog.uclm.es\/silviallorens\/wp-json\/wp\/v2\/users\/92"}],"replies":[{"embeddable":true,"href":"https:\/\/blog.uclm.es\/silviallorens\/wp-json\/wp\/v2\/comments?post=10"}],"version-history":[{"count":0,"href":"https:\/\/blog.uclm.es\/silviallorens\/wp-json\/wp\/v2\/pages\/10\/revisions"}],"wp:attachment":[{"href":"https:\/\/blog.uclm.es\/silviallorens\/wp-json\/wp\/v2\/media?parent=10"}],"curies":[{"name":"wp","href":"https:\/\/api.w.org\/{rel}","templated":true}]}}