{"id":449,"date":"2025-06-05T12:44:27","date_gmt":"2025-06-05T10:44:27","guid":{"rendered":"https:\/\/blog.uclm.es\/sergiosanchezparis\/?page_id=449"},"modified":"2025-06-05T12:44:27","modified_gmt":"2025-06-05T10:44:27","slug":"voluntariado-movilidad-y-participacion-ciudadana","status":"publish","type":"page","link":"https:\/\/blog.uclm.es\/sergiosanchezparis\/voluntariado-movilidad-y-participacion-ciudadana\/","title":{"rendered":"Voluntariado, movilidad y participaci\u00f3n ciudadana"},"content":{"rendered":"\n<ul class=\"wp-block-list\">\n<li>Participante en el Consejo Atl\u00e1ntico Juvenil Espa\u00f1ol (COAJE) &#8211; Dialogue 2020 (un mes).<\/li>\n\n\n\n<li>Miembro del Programa \u00abActiva Talento Castilla-La Mancha\u00bb 2022, campus de Ciudad Real (seis meses de proyecto).<\/li>\n\n\n\n<li>Curso de formaci\u00f3n para iniciar las labores de voluntariado, \u201cConstruyamos tu voluntariado\u201d. Este curso formativo ascendi\u00f3 a las 10 horas de duraci\u00f3n, organizado por la Fundaci\u00f3n General de la Universidad de Castilla-La Mancha y avalado por la Plataforma del Voluntariado de Espa\u00f1a. 21 de octubre de 2024.<\/li>\n\n\n\n<li>Vocal del Consejo Local de la Juventud de Ciudad Real, desde 2022 hasta la actualidad.<\/li>\n\n\n\n<li>Participante en el proyecto Europeo Erasmus Juventud \u201cCiudad Joven\u201d, contribuyendo activamente en el impulso de la edici\u00f3n 2023-2023 (veinticuatro meses de proyecto) que se est\u00e1 realizando actualmente en Ciudad Real. Este proyecto tiene como objetivo principal promover la participaci\u00f3n activa de la juventud en la vida democr\u00e1tica y social de la ciudad y facilitar el debate entre los\/las j\u00f3venes y los responsables en la toma de decisiones en la elaboraci\u00f3n de pol\u00edticas municipales.<\/li>\n\n\n\n<li>Participante en el proyecto Europeo Erasmus Juventud \u201cCiudad Joven 2.0\u201d, contribuyendo activamente en el impulso de la edici\u00f3n 2024-2025 (veinticuatro meses de proyecto) que se est\u00e1 realizando actualmente en Ciudad Real. Este proyecto tiene como objetivo principal promover la participaci\u00f3n activa de la juventud en la vida democr\u00e1tica y social de la ciudad y facilitar el debate entre los\/las j\u00f3venes y los responsables en la toma de decisiones en la elaboraci\u00f3n de pol\u00edticas municipales.<\/li>\n\n\n\n<li>Participante del Challenge Universitario de la Fundaci\u00f3n Repsol, dentro del reto \u00abEconom\u00eda Circular como palanca para la descarbonizaci\u00f3n\u00bb (2024), resultando ser finalista.<\/li>\n\n\n\n<li>Participante y finalista de la VII edici\u00f3n del ELSA Spain Moot Court Competition, organizado por la European Law Students Association (ELSA) y con la colaboraci\u00f3n del bufete de abogados Ur\u00eda Men\u00e9ndez (2024).<\/li>\n<\/ul>\n","protected":false},"excerpt":{"rendered":"","protected":false},"author":477,"featured_media":0,"parent":0,"menu_order":0,"comment_status":"closed","ping_status":"closed","template":"","meta":{"footnotes":""},"class_list":["post-449","page","type-page","status-publish","hentry"],"_links":{"self":[{"href":"https:\/\/blog.uclm.es\/sergiosanchezparis\/wp-json\/wp\/v2\/pages\/449","targetHints":{"allow":["GET"]}}],"collection":[{"href":"https:\/\/blog.uclm.es\/sergiosanchezparis\/wp-json\/wp\/v2\/pages"}],"about":[{"href":"https:\/\/blog.uclm.es\/sergiosanchezparis\/wp-json\/wp\/v2\/types\/page"}],"author":[{"embeddable":true,"href":"https:\/\/blog.uclm.es\/sergiosanchezparis\/wp-json\/wp\/v2\/users\/477"}],"replies":[{"embeddable":true,"href":"https:\/\/blog.uclm.es\/sergiosanchezparis\/wp-json\/wp\/v2\/comments?post=449"}],"version-history":[{"count":1,"href":"https:\/\/blog.uclm.es\/sergiosanchezparis\/wp-json\/wp\/v2\/pages\/449\/revisions"}],"predecessor-version":[{"id":453,"href":"https:\/\/blog.uclm.es\/sergiosanchezparis\/wp-json\/wp\/v2\/pages\/449\/revisions\/453"}],"wp:attachment":[{"href":"https:\/\/blog.uclm.es\/sergiosanchezparis\/wp-json\/wp\/v2\/media?parent=449"}],"curies":[{"name":"wp","href":"https:\/\/api.w.org\/{rel}","templated":true}]}}