{"id":438,"date":"2025-05-24T21:36:34","date_gmt":"2025-05-24T19:36:34","guid":{"rendered":"https:\/\/blog.uclm.es\/sergiosanchezparis\/?page_id=438"},"modified":"2025-06-05T12:23:31","modified_gmt":"2025-06-05T10:23:31","slug":"formacion","status":"publish","type":"page","link":"https:\/\/blog.uclm.es\/sergiosanchezparis\/formacion\/","title":{"rendered":"Formaci\u00f3n"},"content":{"rendered":"\n<ul class=\"wp-block-list\">\n<li>Graduado en Derecho, con menci\u00f3n en Derecho p\u00fablico y pol\u00edticas p\u00fablicas. Facultad de Derecho y Ciencias Sociales de Ciudad Real (X promoci\u00f3n, 2018-2022). <\/li>\n\n\n\n<li>M\u00e1ster Universitario en Derecho Constitucional por la UCLM. Facultad de Ciencias Jur\u00eddicas y Sociales de Toledo (2022-2023).<\/li>\n\n\n\n<li>Curso Universitario de Formaci\u00f3n Avanzada en Energ\u00edas Renovables y Ciudades Inteligentes en el \u00e1mbito del transporte y la movilidad. Escuela T\u00e9cnica Superior de Ingenieros Industriales de Albacete (2023-2024).<\/li>\n\n\n\n<li>Especialidad en Derecho y pol\u00edtica jurisdiccional. Facultad de Ciencias Jur\u00eddicas y Sociales de Toledo (2024).<\/li>\n\n\n\n<li>Especialidad en Justicia constitucional, interpretaci\u00f3n y tutela de los derechos fundamentales. Facultad de Ciencias Jur\u00eddicas y Sociales de Toledo (2024). <\/li>\n\n\n\n<li>Curso de Formaci\u00f3n Continua en Metodolog\u00eda de la Investigaci\u00f3n Jur\u00eddica. Facultad de Ciencias Jur\u00eddicas y Sociales de Toledo (2025).<\/li>\n\n\n\n<li>Estudios de doctorado en Derecho por la UCLM (actualidad).<\/li>\n<\/ul>\n","protected":false},"excerpt":{"rendered":"","protected":false},"author":477,"featured_media":0,"parent":0,"menu_order":0,"comment_status":"closed","ping_status":"closed","template":"","meta":{"footnotes":""},"class_list":["post-438","page","type-page","status-publish","hentry"],"_links":{"self":[{"href":"https:\/\/blog.uclm.es\/sergiosanchezparis\/wp-json\/wp\/v2\/pages\/438","targetHints":{"allow":["GET"]}}],"collection":[{"href":"https:\/\/blog.uclm.es\/sergiosanchezparis\/wp-json\/wp\/v2\/pages"}],"about":[{"href":"https:\/\/blog.uclm.es\/sergiosanchezparis\/wp-json\/wp\/v2\/types\/page"}],"author":[{"embeddable":true,"href":"https:\/\/blog.uclm.es\/sergiosanchezparis\/wp-json\/wp\/v2\/users\/477"}],"replies":[{"embeddable":true,"href":"https:\/\/blog.uclm.es\/sergiosanchezparis\/wp-json\/wp\/v2\/comments?post=438"}],"version-history":[{"count":3,"href":"https:\/\/blog.uclm.es\/sergiosanchezparis\/wp-json\/wp\/v2\/pages\/438\/revisions"}],"predecessor-version":[{"id":448,"href":"https:\/\/blog.uclm.es\/sergiosanchezparis\/wp-json\/wp\/v2\/pages\/438\/revisions\/448"}],"wp:attachment":[{"href":"https:\/\/blog.uclm.es\/sergiosanchezparis\/wp-json\/wp\/v2\/media?parent=438"}],"curies":[{"name":"wp","href":"https:\/\/api.w.org\/{rel}","templated":true}]}}