{"id":436,"date":"2025-05-24T21:36:18","date_gmt":"2025-05-24T19:36:18","guid":{"rendered":"https:\/\/blog.uclm.es\/sergiosanchezparis\/?page_id=436"},"modified":"2025-05-24T21:56:06","modified_gmt":"2025-05-24T19:56:06","slug":"representacion-estudiantil","status":"publish","type":"page","link":"https:\/\/blog.uclm.es\/sergiosanchezparis\/representacion-estudiantil\/","title":{"rendered":"Representaci\u00f3n estudiantil"},"content":{"rendered":"\n<p>Durante mi etapa como estudiante de Grado y M\u00e1ster fui un participante activo en la representaci\u00f3n estudiantil, siempre con el fin de defender los derechos e intereses de mis compa\u00f1eros y compa\u00f1eras, as\u00ed como para una mejora de la calidad de vida en la Universidad. <\/p>\n\n\n\n<ul class=\"wp-block-list\">\n<li>Delegado de segundo curso en el Grado de Derecho desde 2019 hasta 2020, Facultad de Ciencias Sociales de Ciudad Real. <\/li>\n\n\n\n<li>Delegado de tercer curso en el Grado de Derecho desde 2020 hasta 2021, Facultad de Ciencias Sociales de Ciudad Real. <\/li>\n\n\n\n<li>Delegado de cuarto curso en el Grado de Derecho desde 2021 hasta 2022, Facultad de Ciencias Sociales de Ciudad Real. <\/li>\n\n\n\n<li>Miembro de la Junta de Facultad desde 2020 hasta 2022, Facultad de Ciencias Sociales de Ciudad Real. <\/li>\n\n\n\n<li>Delegado de centro de la Facultad Ciencias Sociales de Ciudad Real, desde 2021 hasta 2022.<\/li>\n\n\n\n<li>Miembro del Claustro de la Universidad de Castilla-La Mancha en 2022. <\/li>\n\n\n\n<li>Miembro del Departamento de Ciencia Jur\u00eddica y Derecho P\u00fablico de la Universidad de Castilla-La Mancha desde 2020 hasta 2023. <\/li>\n\n\n\n<li>Delegado del M\u00e1ster Universitario en Derecho Constitucional desde 2022 hasta 2023, Facultad de Ciencias Jur\u00eddicas y Sociales de Toledo<\/li>\n<\/ul>\n","protected":false},"excerpt":{"rendered":"<p>Durante mi etapa como estudiante de Grado y M\u00e1ster fui un participante activo en la representaci\u00f3n estudiantil, siempre con el fin de defender los derechos e intereses de mis compa\u00f1eros y compa\u00f1eras, as\u00ed como para una mejora de la calidad de vida en la Universidad.<\/p>\n","protected":false},"author":477,"featured_media":0,"parent":0,"menu_order":0,"comment_status":"closed","ping_status":"closed","template":"","meta":{"footnotes":""},"class_list":["post-436","page","type-page","status-publish","hentry"],"_links":{"self":[{"href":"https:\/\/blog.uclm.es\/sergiosanchezparis\/wp-json\/wp\/v2\/pages\/436","targetHints":{"allow":["GET"]}}],"collection":[{"href":"https:\/\/blog.uclm.es\/sergiosanchezparis\/wp-json\/wp\/v2\/pages"}],"about":[{"href":"https:\/\/blog.uclm.es\/sergiosanchezparis\/wp-json\/wp\/v2\/types\/page"}],"author":[{"embeddable":true,"href":"https:\/\/blog.uclm.es\/sergiosanchezparis\/wp-json\/wp\/v2\/users\/477"}],"replies":[{"embeddable":true,"href":"https:\/\/blog.uclm.es\/sergiosanchezparis\/wp-json\/wp\/v2\/comments?post=436"}],"version-history":[{"count":3,"href":"https:\/\/blog.uclm.es\/sergiosanchezparis\/wp-json\/wp\/v2\/pages\/436\/revisions"}],"predecessor-version":[{"id":446,"href":"https:\/\/blog.uclm.es\/sergiosanchezparis\/wp-json\/wp\/v2\/pages\/436\/revisions\/446"}],"wp:attachment":[{"href":"https:\/\/blog.uclm.es\/sergiosanchezparis\/wp-json\/wp\/v2\/media?parent=436"}],"curies":[{"name":"wp","href":"https:\/\/api.w.org\/{rel}","templated":true}]}}