{"id":390,"date":"2025-04-11T11:39:07","date_gmt":"2025-04-11T09:39:07","guid":{"rendered":"https:\/\/blog.uclm.es\/sergiosanchezparis\/?page_id=390"},"modified":"2025-06-13T10:17:57","modified_gmt":"2025-06-13T08:17:57","slug":"proyectos-de-capacitacion","status":"publish","type":"page","link":"https:\/\/blog.uclm.es\/sergiosanchezparis\/proyectos-de-capacitacion\/","title":{"rendered":"Proyectos de capacitaci\u00f3n"},"content":{"rendered":"\n<p>Seminario permanente de capacitaci\u00f3n cient\u00edfica en materia de derechos humanos y discapacidad: \u00ab<em>La discapacidad como raz\u00f3n de discriminaci\u00f3n estructurada: un estudio desde la \u00f3ptica de la convenci\u00f3n sobre los derechos de las personas con discapacidad<\/em>\u00ab. <\/p>\n\n\n\n<p>El Seminario Permanente de Capacitaci\u00f3n Cient\u00edfica en Materia de Derechos Humanos y Discapacidad, organizado, avalado e impulsado desde el seno del Instituto Internacional de Derechos Humanos &#8211; Cap\u00edtulo Espa\u00f1a, tiene como objetivo principal fomentar un espacio acad\u00e9mico y multidisciplinar dedicado al an\u00e1lisis, estudio y difusi\u00f3n de los derechos humanos desde la perspectiva de la inclusi\u00f3n y discapacidad. La m\u00e1xima es proporcionar un mecanismo permanente de capacitaci\u00f3n, especialmente a aquellas personas con menos recursos y colectivos vulnerables para asegurar el pleno acceso a la informaci\u00f3n acerca de la tutela de sus derechos<\/p>\n","protected":false},"excerpt":{"rendered":"<p>Seminario permanente de capacitaci\u00f3n cient\u00edfica en materia de derechos humanos y discapacidad: \u00abLa discapacidad como raz\u00f3n de discriminaci\u00f3n estructurada: un estudio desde la \u00f3ptica de la convenci\u00f3n sobre los derechos de las personas con discapacidad\u00ab. El Seminario Permanente de Capacitaci\u00f3n Cient\u00edfica en Materia de Derechos Humanos y Discapacidad, organizado, avalado e impulsado desde el seno [&hellip;]<\/p>\n","protected":false},"author":477,"featured_media":0,"parent":0,"menu_order":0,"comment_status":"closed","ping_status":"closed","template":"","meta":{"footnotes":""},"class_list":["post-390","page","type-page","status-publish","hentry"],"_links":{"self":[{"href":"https:\/\/blog.uclm.es\/sergiosanchezparis\/wp-json\/wp\/v2\/pages\/390","targetHints":{"allow":["GET"]}}],"collection":[{"href":"https:\/\/blog.uclm.es\/sergiosanchezparis\/wp-json\/wp\/v2\/pages"}],"about":[{"href":"https:\/\/blog.uclm.es\/sergiosanchezparis\/wp-json\/wp\/v2\/types\/page"}],"author":[{"embeddable":true,"href":"https:\/\/blog.uclm.es\/sergiosanchezparis\/wp-json\/wp\/v2\/users\/477"}],"replies":[{"embeddable":true,"href":"https:\/\/blog.uclm.es\/sergiosanchezparis\/wp-json\/wp\/v2\/comments?post=390"}],"version-history":[{"count":3,"href":"https:\/\/blog.uclm.es\/sergiosanchezparis\/wp-json\/wp\/v2\/pages\/390\/revisions"}],"predecessor-version":[{"id":460,"href":"https:\/\/blog.uclm.es\/sergiosanchezparis\/wp-json\/wp\/v2\/pages\/390\/revisions\/460"}],"wp:attachment":[{"href":"https:\/\/blog.uclm.es\/sergiosanchezparis\/wp-json\/wp\/v2\/media?parent=390"}],"curies":[{"name":"wp","href":"https:\/\/api.w.org\/{rel}","templated":true}]}}