{"id":386,"date":"2025-04-11T11:38:40","date_gmt":"2025-04-11T09:38:40","guid":{"rendered":"https:\/\/blog.uclm.es\/sergiosanchezparis\/?page_id=386"},"modified":"2025-05-06T10:45:20","modified_gmt":"2025-05-06T08:45:20","slug":"proyectos-de-investigacion","status":"publish","type":"page","link":"https:\/\/blog.uclm.es\/sergiosanchezparis\/proyectos-de-investigacion\/","title":{"rendered":"Proyectos de investigaci\u00f3n"},"content":{"rendered":"\n<p><\/p>\n\n\n\n<p>Proyecto de investigaci\u00f3n \u201c<em>C\u00e1tedra Derecho de las Personas con Discapacidad y Dependencia<\/em>\u201d]. (2023-2025).<\/p>\n\n\n\n<p>Proyecto de investigaci\u00f3n \u201c<em>Discriminaci\u00f3n algor\u00edtmica m\u00faltiple en los procesos de selecci\u00f3n para el trabajo de la mujer con discapacidad en Castilla-La Mancha<\/em>\u201d, financiado por el Instituto de la Mujer de Castilla-La Mancha. (2024-2024).<\/p>\n\n\n\n<p>Proyecto de investigaci\u00f3n \u201c<em>Protecci\u00f3n jur\u00eddica y oportunidades de los colectivos vulnerables ante la digitalizaci\u00f3n y la Inteligencia Artificial<\/em>\u201d PID2021-124967OB-100, financiado por MCIN\/AEI\/10.13039\/501100011033\/ y por FEDER, UE. (2022-2025).<\/p>\n\n\n\n<p>Proyecto de investigaci\u00f3n \u201c<em>Digitalizaci\u00f3n y colectivos vulnerables: protecci\u00f3n, garant\u00edas y propuestas para su implantaci\u00f3n en Castilla-La Mancha<\/em>\u201d (PRODIGITAL: SBPLY\/21\/180501\/000089), financiado por JCCM\/FEDER, UE. (2022-2025).<\/p>\n\n\n\n<p><\/p>\n\n\n\n<p><\/p>\n","protected":false},"excerpt":{"rendered":"<p>Proyecto de investigaci\u00f3n \u201cC\u00e1tedra Derecho de las Personas con Discapacidad y Dependencia\u201d]. (2023-2025). Proyecto de investigaci\u00f3n \u201cDiscriminaci\u00f3n algor\u00edtmica m\u00faltiple en los procesos de selecci\u00f3n para el trabajo de la mujer con discapacidad en Castilla-La Mancha\u201d, financiado por el Instituto de la Mujer de Castilla-La Mancha. (2024-2024). Proyecto de investigaci\u00f3n \u201cProtecci\u00f3n jur\u00eddica y oportunidades de los [&hellip;]<\/p>\n","protected":false},"author":477,"featured_media":0,"parent":0,"menu_order":0,"comment_status":"closed","ping_status":"closed","template":"","meta":{"footnotes":""},"class_list":["post-386","page","type-page","status-publish","hentry"],"_links":{"self":[{"href":"https:\/\/blog.uclm.es\/sergiosanchezparis\/wp-json\/wp\/v2\/pages\/386","targetHints":{"allow":["GET"]}}],"collection":[{"href":"https:\/\/blog.uclm.es\/sergiosanchezparis\/wp-json\/wp\/v2\/pages"}],"about":[{"href":"https:\/\/blog.uclm.es\/sergiosanchezparis\/wp-json\/wp\/v2\/types\/page"}],"author":[{"embeddable":true,"href":"https:\/\/blog.uclm.es\/sergiosanchezparis\/wp-json\/wp\/v2\/users\/477"}],"replies":[{"embeddable":true,"href":"https:\/\/blog.uclm.es\/sergiosanchezparis\/wp-json\/wp\/v2\/comments?post=386"}],"version-history":[{"count":3,"href":"https:\/\/blog.uclm.es\/sergiosanchezparis\/wp-json\/wp\/v2\/pages\/386\/revisions"}],"predecessor-version":[{"id":404,"href":"https:\/\/blog.uclm.es\/sergiosanchezparis\/wp-json\/wp\/v2\/pages\/386\/revisions\/404"}],"wp:attachment":[{"href":"https:\/\/blog.uclm.es\/sergiosanchezparis\/wp-json\/wp\/v2\/media?parent=386"}],"curies":[{"name":"wp","href":"https:\/\/api.w.org\/{rel}","templated":true}]}}