{"id":381,"date":"2025-04-11T11:33:31","date_gmt":"2025-04-11T09:33:31","guid":{"rendered":"https:\/\/blog.uclm.es\/sergiosanchezparis\/?page_id=381"},"modified":"2025-05-15T12:01:13","modified_gmt":"2025-05-15T10:01:13","slug":"articulos-revistas-cientificas","status":"publish","type":"page","link":"https:\/\/blog.uclm.es\/sergiosanchezparis\/articulos-revistas-cientificas\/","title":{"rendered":"Art\u00edculos revistas cient\u00edficas"},"content":{"rendered":"\n<ul class=\"wp-block-list\">\n<li>S\u00c1NCHEZ PAR\u00cdS, Sergio. \u201cEl Estatuto de Autonom\u00eda de Castilla &#8211; La Mancha: breves apuntes sobre las reformas llevadas a cabo y las propuestas fallidas\u201d. <em>Revista digital \u201cForo Manchego\u201d del Ilustre Colegio de Abogados de Ciudad Real<\/em>. n\u00fam. 102, 2023.<\/li>\n<\/ul>\n\n\n\n<ul class=\"wp-block-list\">\n<li>S\u00c1NCHEZ PAR\u00cdS, Sergio. \u201cEl derecho de las personas con discapacidad fruto de una consolidaci\u00f3n permanente en nuestra sociedad: C\u00e1tedra Discapacidad y Dependencia\u201d. <em>Revista Parlamento y Constituci\u00f3n. Anuario<\/em>, n\u00fam. 24, 2023, p\u00e1gs. 261-268.<\/li>\n<\/ul>\n\n\n\n<ul class=\"wp-block-list\">\n<li>S\u00c1NCHEZ PAR\u00cdS, Sergio. \u201cEl recurso de amparo espa\u00f1ol: art. 42 LOTC vs. art. 44 LOTC. Breve reflexi\u00f3n acerca de su especial trascendencia constitucional\u201d. <em>Revista Quid Iuris,<\/em> n\u00fam. 59, oct.-dic. 2023, p\u00e1gs. 49-71.<\/li>\n<\/ul>\n\n\n\n<ul class=\"wp-block-list\">\n<li>S\u00c1NCHEZ PAR\u00cdS, Sergio. \u201cLa disoluci\u00f3n de partidos pol\u00edticos en Espa\u00f1a: colisi\u00f3n entre derechos fundamentales\u201d. <em>Revista Iberoamericana de Derecho, Cultura y Ambiente (RIDCA), secci\u00f3n de Derecho Constitucional y Derechos Humanos<\/em>, 4\u00aa. ed., dic. 2023.<\/li>\n<\/ul>\n\n\n\n<ul class=\"wp-block-list\">\n<li>S\u00c1NCHEZ PAR\u00cdS, Sergio. \u201cEl derecho de las personas con discapacidad en Espa\u00f1a: incidencia de la Convenci\u00f3n de Nueva York de 2006 en la \u00faltima d\u00e9cada\u201d. <em>Revista Hispanoamericana de Derechos Humanos<\/em>; n\u00fam. 3. 2023, p\u00e1gs. 74-97.<\/li>\n<\/ul>\n\n\n\n<ul class=\"wp-block-list\">\n<li>S\u00c1NCHEZ PAR\u00cdS, Sergio. \u201cConstituci\u00f3n y discapacidad\u201d. <em>Revista digital \u201cForo Manchego\u201d del Ilustre Colegio de Abogados de Ciudad Real<\/em>; 2023.<\/li>\n<\/ul>\n\n\n\n<ul class=\"wp-block-list\">\n<li>S\u00c1NCHEZ PAR\u00cdS, Sergio. \u201cPol\u00edtica, seguridad y defensa: el estado de sitio y la protecci\u00f3n jurisdiccional de los derechos fundamentales\u201d. <em>Revista Glaudius et Scientia. Revista de Seguridad del CESEG<\/em>; pr\u00f3x. 2025.<\/li>\n<\/ul>\n\n\n\n<ul class=\"wp-block-list\">\n<li>S\u00c1NCHEZ PAR\u00cdS, Sergio. \u201cLa literatura en el recurso de amparo: la disyuntiva de la motivaci\u00f3n\u201d. <em>Revista Derecho &amp; Proceso<\/em>, n\u00fam. 5 (junio), 2024, p\u00e1gs. 71-87.<\/li>\n<\/ul>\n\n\n\n<ul class=\"wp-block-list\">\n<li>S\u00c1NCHEZ PAR\u00cdS, Sergio. \u201cLa autonom\u00eda reglamentaria en el parlamento espa\u00f1ol: consideraciones al reglamento del Congreso de los Diputados\u201d. <em>Revista Quid Iuris<\/em>, n\u00fam. 61, may.-jun. 2024.<\/li>\n<\/ul>\n\n\n\n<ul class=\"wp-block-list\">\n<li>S\u00c1NCHEZ PAR\u00cdS, Sergio. \u201cEl derecho fundamental a vivir en una vivienda accesible: ex\u00e9gesis del art. 47 CE y su conexi\u00f3n con los arts. 14 y 49 CE\u201d. <em>Revista General de Derecho Constitucional<\/em>, n\u00fam. 42, 2025, p\u00e1gs. 218-240.<\/li>\n<\/ul>\n\n\n\n<p><\/p>\n","protected":false},"excerpt":{"rendered":"","protected":false},"author":477,"featured_media":0,"parent":0,"menu_order":0,"comment_status":"closed","ping_status":"closed","template":"","meta":{"footnotes":""},"class_list":["post-381","page","type-page","status-publish","hentry"],"_links":{"self":[{"href":"https:\/\/blog.uclm.es\/sergiosanchezparis\/wp-json\/wp\/v2\/pages\/381","targetHints":{"allow":["GET"]}}],"collection":[{"href":"https:\/\/blog.uclm.es\/sergiosanchezparis\/wp-json\/wp\/v2\/pages"}],"about":[{"href":"https:\/\/blog.uclm.es\/sergiosanchezparis\/wp-json\/wp\/v2\/types\/page"}],"author":[{"embeddable":true,"href":"https:\/\/blog.uclm.es\/sergiosanchezparis\/wp-json\/wp\/v2\/users\/477"}],"replies":[{"embeddable":true,"href":"https:\/\/blog.uclm.es\/sergiosanchezparis\/wp-json\/wp\/v2\/comments?post=381"}],"version-history":[{"count":3,"href":"https:\/\/blog.uclm.es\/sergiosanchezparis\/wp-json\/wp\/v2\/pages\/381\/revisions"}],"predecessor-version":[{"id":429,"href":"https:\/\/blog.uclm.es\/sergiosanchezparis\/wp-json\/wp\/v2\/pages\/381\/revisions\/429"}],"wp:attachment":[{"href":"https:\/\/blog.uclm.es\/sergiosanchezparis\/wp-json\/wp\/v2\/media?parent=381"}],"curies":[{"name":"wp","href":"https:\/\/api.w.org\/{rel}","templated":true}]}}