{"id":14,"date":"2022-07-20T11:50:39","date_gmt":"2022-07-20T10:50:39","guid":{"rendered":"https:\/\/blogdev.uclm.es\/fullsite\/?page_id=14"},"modified":"2025-06-22T21:25:58","modified_gmt":"2025-06-22T19:25:58","slug":"investigacion","status":"publish","type":"page","link":"https:\/\/blog.uclm.es\/sergiosanchezparis\/investigacion\/","title":{"rendered":"Investigaci\u00f3n"},"content":{"rendered":"\n<div class=\"wp-block-group alignwide is-layout-flow wp-block-group-is-layout-flow\">\n<figure class=\"wp-block-image aligncenter size-full is-resized\"><img loading=\"lazy\" decoding=\"async\" width=\"2560\" height=\"1707\" src=\"https:\/\/blog.uclm.es\/sergiosanchezparis\/wp-content\/uploads\/sites\/310\/2025\/05\/FDCS.jpg\" alt=\"\" class=\"wp-image-416\" style=\"width:489px;height:auto\" srcset=\"https:\/\/blog.uclm.es\/sergiosanchezparis\/wp-content\/uploads\/sites\/310\/2025\/05\/FDCS.jpg 2560w, https:\/\/blog.uclm.es\/sergiosanchezparis\/wp-content\/uploads\/sites\/310\/2025\/05\/FDCS-300x200.jpg 300w, https:\/\/blog.uclm.es\/sergiosanchezparis\/wp-content\/uploads\/sites\/310\/2025\/05\/FDCS-1024x683.jpg 1024w, https:\/\/blog.uclm.es\/sergiosanchezparis\/wp-content\/uploads\/sites\/310\/2025\/05\/FDCS-768x512.jpg 768w, https:\/\/blog.uclm.es\/sergiosanchezparis\/wp-content\/uploads\/sites\/310\/2025\/05\/FDCS-1536x1024.jpg 1536w, https:\/\/blog.uclm.es\/sergiosanchezparis\/wp-content\/uploads\/sites\/310\/2025\/05\/FDCS-2048x1366.jpg 2048w\" sizes=\"auto, (max-width: 2560px) 100vw, 2560px\" \/><\/figure>\n\n\n\n<div class=\"wp-block-columns is-layout-flex wp-container-core-columns-is-layout-28f84493 wp-block-columns-is-layout-flex\">\n<div class=\"wp-block-column is-vertically-aligned-top is-layout-flow wp-block-column-is-layout-flow\" style=\"flex-basis:30%\">\n<h5 class=\"wp-block-heading has-x-large-font-size\" style=\"font-style:normal;font-weight:300;line-height:0\">Investigaci\u00f3n<\/h5>\n<\/div>\n\n\n\n<div class=\"wp-block-column is-vertically-aligned-bottom is-layout-flow wp-block-column-is-layout-flow\" style=\"padding-bottom:0rem\">\n<p>Sus principales l\u00edneas de investigaci\u00f3n son la protecci\u00f3n jurisdiccional de los derechos fundamentales y la protecci\u00f3n jur\u00eddica de las personas con discapacidad, as\u00ed como los derechos de la minor\u00eda y de los grupos m\u00e1s vulnerables.<\/p>\n\n\n\n<p>Actividades investigadoras relacionadas con el Derecho constitucional y el Derecho de la discapacidad. Miembro de diferentes grupos de estudio, trabajo e investigaci\u00f3n, nacionales y extranjeros.<\/p>\n\n\n\n<p>Director del Centro de Estudios Avanzados en Discapacidad, Inclusi\u00f3n y Justicia Social (<a href=\"https:\/\/iidhespana.org\/centro-de-estudios-avanzado\/\">CEADIJUS<\/a>). Es un organismo aut\u00f3nomo, adscrito al Instituto Internacional de Derechos Humanos \u2013 Cap\u00edtulo Espa\u00f1a, cuya finalidad es realizar estudios y llevar a cabo investigaciones en materia de discapacidad, inclusi\u00f3n y justicia social desde una perspectiva de derechos humanos.<\/p>\n\n\n\n<p>Codirector de Proyectos de Investigaci\u00f3n y Transferencia Colaborativa (<a href=\"https:\/\/iidhespana.org\/tesea-iidh\/\">TESEA<\/a>).  TESEA es una iniciativa que tiene como fin fundacional fomentar la investigaci\u00f3n cient\u00edfica de excelencia, as\u00ed como el desarrollo y la innovaci\u00f3n que se precisa para poder mejora la calidad de vida de la ciudadan\u00eda. En consecuencia, la labor de TESEA queda canalizada a trav\u00e9s de su naturaleza de plan para la generaci\u00f3n de transferencia y\/o de proyecto de transferencia colaborativa. En este contexto, se configura como un organismo aut\u00f3nomo e independiente del Instituto Internacional de Derechos Humanos \u2013 Cap\u00edtulo Espa\u00f1a.<\/p>\n\n\n\n<p>Responsable del grupo de investigaci\u00f3n <a href=\"https:\/\/iidhespana.org\/grupo-de-investigacion-hisdehu\/\">HISDEHU<\/a>, adscrito al Instituto Internacional de Derechos Humanos &#8211; Cap\u00edtulo Espa\u00f1a. <em>GHISDEHU 2020-30<\/em> es un grupo de investigaci\u00f3n que naci\u00f3 con la vocaci\u00f3n de circunscribir su actividad en el estudio de los derechos humanos de las diferentes naciones de Hispanoam\u00e9rica. El grupo tiene una operativa temporal de una d\u00e9cada (2020-30), goza de un posicionamiento observador y desde el uso de diferentes metodolog\u00edas cient\u00edficas se recoge el trabajo que es coordinado por un grupo de investigadores\/as de Espa\u00f1a y Latinoam\u00e9rica.<\/p>\n<\/div>\n<\/div>\n\n\n\n<hr class=\"wp-block-separator has-css-opacity is-style-wide\" \/>\n<\/div>\n\n\n\n<div class=\"wp-block-group alignwide is-layout-flow wp-block-group-is-layout-flow\">\n<div class=\"wp-block-columns alignfull has-text-color has-background is-layout-flex wp-container-core-columns-is-layout-28f84493 wp-block-columns-is-layout-flex\" style=\"color:#000000;background-color:#ffffff\">\n<div class=\"wp-block-column is-layout-flow wp-block-column-is-layout-flow\">\n<h5 class=\"wp-block-heading has-text-align-center\" style=\"font-size:24px;font-style:normal;font-weight:300;line-height:0\"><strong>Discapacidad<\/strong><\/h5>\n\n\n\n<p class=\"has-text-align-center\"><em>Accesibilidad universal<\/em>, <em>interseccionalidad<\/em>, <em>igualdad y no discriminaci\u00f3n<\/em>.<\/p>\n<\/div>\n\n\n\n<div class=\"wp-block-column is-layout-flow wp-block-column-is-layout-flow\">\n<h5 class=\"wp-block-heading has-text-align-center\" style=\"font-size:24px;font-style:normal;font-weight:300;line-height:0\"><strong>DEPENDENCIA<\/strong><\/h5>\n\n\n\n<p class=\"has-text-align-center\"><em>Estado social, autonom\u00eda personal e independencia. <\/em><\/p>\n<\/div>\n\n\n\n<div class=\"wp-block-column is-layout-flow wp-block-column-is-layout-flow\">\n<h5 class=\"wp-block-heading has-text-align-center\" style=\"font-size:24px;font-style:normal;font-weight:300;line-height:0\"><strong>TERCER SECTOR<\/strong><\/h5>\n\n\n\n<p class=\"has-text-align-center\"><em>Participaci\u00f3n, cohesi\u00f3n, inclusi\u00f3n y justicia social. <\/em><\/p>\n<\/div>\n<\/div>\n<\/div>\n\n\n\n<hr class=\"wp-block-separator has-css-opacity is-style-wide\" \/>\n\n\n\n<p><\/p>\n","protected":false},"excerpt":{"rendered":"<p>Investigaci\u00f3n Sus principales l\u00edneas de investigaci\u00f3n son la protecci\u00f3n jurisdiccional de los derechos fundamentales y la protecci\u00f3n jur\u00eddica de las personas con discapacidad, as\u00ed como los derechos de la minor\u00eda y de los grupos m\u00e1s vulnerables. Actividades investigadoras relacionadas con el Derecho constitucional y el Derecho de la discapacidad. Miembro de diferentes grupos de estudio, [&hellip;]<\/p>\n","protected":false},"author":477,"featured_media":0,"parent":0,"menu_order":0,"comment_status":"closed","ping_status":"closed","template":"","meta":{"footnotes":""},"class_list":["post-14","page","type-page","status-publish","hentry"],"_links":{"self":[{"href":"https:\/\/blog.uclm.es\/sergiosanchezparis\/wp-json\/wp\/v2\/pages\/14","targetHints":{"allow":["GET"]}}],"collection":[{"href":"https:\/\/blog.uclm.es\/sergiosanchezparis\/wp-json\/wp\/v2\/pages"}],"about":[{"href":"https:\/\/blog.uclm.es\/sergiosanchezparis\/wp-json\/wp\/v2\/types\/page"}],"author":[{"embeddable":true,"href":"https:\/\/blog.uclm.es\/sergiosanchezparis\/wp-json\/wp\/v2\/users\/477"}],"replies":[{"embeddable":true,"href":"https:\/\/blog.uclm.es\/sergiosanchezparis\/wp-json\/wp\/v2\/comments?post=14"}],"version-history":[{"count":8,"href":"https:\/\/blog.uclm.es\/sergiosanchezparis\/wp-json\/wp\/v2\/pages\/14\/revisions"}],"predecessor-version":[{"id":463,"href":"https:\/\/blog.uclm.es\/sergiosanchezparis\/wp-json\/wp\/v2\/pages\/14\/revisions\/463"}],"wp:attachment":[{"href":"https:\/\/blog.uclm.es\/sergiosanchezparis\/wp-json\/wp\/v2\/media?parent=14"}],"curies":[{"name":"wp","href":"https:\/\/api.w.org\/{rel}","templated":true}]}}