{"id":99,"date":"2019-05-07T10:47:10","date_gmt":"2019-05-07T09:47:10","guid":{"rendered":"http:\/\/blog.uclm.es\/saramago-toledo\/?page_id=99"},"modified":"2026-02-11T10:55:40","modified_gmt":"2026-02-11T09:55:40","slug":"contacto","status":"publish","type":"page","link":"https:\/\/blog.uclm.es\/saramago-toledo\/contacto\/","title":{"rendered":"Contacto"},"content":{"rendered":"<p>Si necesitas contactar con nosotros, vis\u00edtanos, ll\u00e1manos o escr\u00edbenos un mensaje de email con tus datos de contacto y te contestaremos en cuanto nos sea posible.<\/p>\n\n\n<p><\/p>\n\n\n<p>Edificio Cardenal Lorenzana, Toledo<br \/>Universidad de Castilla-La Mancha<br \/>Tel\u00e9fono: 925268821&nbsp;<br \/>Email de contacto: saramago.toledo@gmail.com<\/p>\n\n\n<p><strong>Horario de atenci\u00f3n presencial al p\u00fablico<\/strong>:<\/p>\n\n\n\n<p>Lunes, mi\u00e9rcoles y viernes de 8:00 a 13:00h.<\/p>\n\n\n\n<p>Se recomienda solicitar cita previa por correo electr\u00f3nico.<\/p>\n\n\n\n<p><\/p>\n","protected":false},"excerpt":{"rendered":"<p>Si necesitas contactar con nosotros, vis\u00edtanos, ll\u00e1manos o escr\u00edbenos un mensaje de email con tus datos de contacto y te contestaremos en cuanto nos sea posible. Edificio Cardenal Lorenzana, ToledoUniversidad de Castilla-La ManchaTel\u00e9fono: 925268821&nbsp;Email de contacto: saramago.toledo@gmail.com Horario de atenci\u00f3n &hellip; <a href=\"https:\/\/blog.uclm.es\/saramago-toledo\/contacto\/\">Sigue leyendo <span class=\"meta-nav\">&rarr;<\/span><\/a><\/p>\n","protected":false},"author":324,"featured_media":637,"parent":0,"menu_order":0,"comment_status":"closed","ping_status":"closed","template":"","meta":{"footnotes":""},"class_list":["post-99","page","type-page","status-publish","has-post-thumbnail","hentry"],"_links":{"self":[{"href":"https:\/\/blog.uclm.es\/saramago-toledo\/wp-json\/wp\/v2\/pages\/99","targetHints":{"allow":["GET"]}}],"collection":[{"href":"https:\/\/blog.uclm.es\/saramago-toledo\/wp-json\/wp\/v2\/pages"}],"about":[{"href":"https:\/\/blog.uclm.es\/saramago-toledo\/wp-json\/wp\/v2\/types\/page"}],"author":[{"embeddable":true,"href":"https:\/\/blog.uclm.es\/saramago-toledo\/wp-json\/wp\/v2\/users\/324"}],"replies":[{"embeddable":true,"href":"https:\/\/blog.uclm.es\/saramago-toledo\/wp-json\/wp\/v2\/comments?post=99"}],"version-history":[{"count":25,"href":"https:\/\/blog.uclm.es\/saramago-toledo\/wp-json\/wp\/v2\/pages\/99\/revisions"}],"predecessor-version":[{"id":3355,"href":"https:\/\/blog.uclm.es\/saramago-toledo\/wp-json\/wp\/v2\/pages\/99\/revisions\/3355"}],"wp:featuredmedia":[{"embeddable":true,"href":"https:\/\/blog.uclm.es\/saramago-toledo\/wp-json\/wp\/v2\/media\/637"}],"wp:attachment":[{"href":"https:\/\/blog.uclm.es\/saramago-toledo\/wp-json\/wp\/v2\/media?parent=99"}],"curies":[{"name":"wp","href":"https:\/\/api.w.org\/{rel}","templated":true}]}}