{"id":965,"date":"2022-02-09T12:49:22","date_gmt":"2022-02-09T11:49:22","guid":{"rendered":"https:\/\/blog.uclm.es\/saramago-toledo\/?page_id=965"},"modified":"2024-09-04T08:48:08","modified_gmt":"2024-09-04T07:48:08","slug":"preguntas-frecuentes","status":"publish","type":"page","link":"https:\/\/blog.uclm.es\/saramago-toledo\/preguntas-frecuentes\/","title":{"rendered":"Preguntas frecuentes"},"content":{"rendered":"\n<h2 class=\"wp-block-heading\"><span style=\"color: #008000\"><strong>Organizaci\u00f3n y Matriculaci\u00f3n<\/strong><\/span><\/h2>\n\n\n\n<p><span style=\"color: #993300\"><strong>P: \u00bfC\u00f3mo se organizan los estudios del Programa?<\/strong><\/span><\/p>\n\n\n\n<p><strong>R:<\/strong> Existen tres ciclos: <strong>Espec\u00edfico<\/strong>, <strong>Actualizaci\u00f3n<\/strong> e <strong>Integrado<\/strong>. Todos ellos dentro de la formaci\u00f3n <strong>no reglada <\/strong>de la<strong> UCLM, lo que no implica la consecuci\u00f3n de ning\u00fan t\u00edtulo oficial. <\/strong><strong>Nuestros alumnos van a las clases en r\u00e9gimen de oyentes no habiendo ex\u00e1menes habilitadores.&nbsp;<\/strong><\/p>\n\n\n\n<p>Los estudios se inician con el ciclo <strong>Espec\u00edfico,<\/strong> de cuatro cursos con asignaturas preestablecidas, tras cuya finalizaci\u00f3n se invita a seguir participando en cualquiera de los ciclos <strong>Actualizaci\u00f3n<\/strong> e <strong>Integrado<\/strong>.<\/p>\n\n\n\n<p>El ciclo <strong>Actualizaci\u00f3n<\/strong> se compone de un curso que se renueva anualmente con asignaturas elegidas por los alumnos matriculados en el curso anterior.<\/p>\n\n\n\n<p>El ciclo <strong>Integrado&nbsp;<\/strong>corresponde a la participaci\u00f3n de nuestros alumnos como oyentes en asignaturas a su elecci\u00f3n de entre los diferentes grados de la UCLM en el Campus de Toledo.<\/p>\n\n\n\n<p><span style=\"color: #993300\"><strong>P:<\/strong> <strong>\u00bfQu\u00e9 requisitos son necesarios para la matriculaci\u00f3n?<\/strong><\/span><\/p>\n\n\n\n<p><strong>R:<\/strong> Para alumnos nuevos, se ha de cumplir 50 a\u00f1os o m\u00e1s durante el curso acad\u00e9mico de matriculaci\u00f3n y acceder\u00e1n al 1\u00ba curso del ciclo Espec\u00edfico. Para el resto de alumnos del ciclo <strong>Espec\u00edfico<\/strong>, solo es necesario haber cursado el curso anterior del que desea matricularse.<\/p>\n\n\n\n<p>Matriculaci\u00f3n en ciclos <strong>Actualizaci\u00f3n<\/strong> e <strong>Integrado<\/strong>: se debe haber completado los cuatro cursos del Ciclo Espec\u00edfico y se podr\u00e1 matricular un n\u00famero de cursos indefinido.<\/p>\n\n\n\n<p><span style=\"color: #993300\"><strong>P: \u00bfCu\u00e1ndo podr\u00e9 matricularme?<\/strong><\/span><\/p>\n\n\n\n<p><strong>R:<\/strong> Dependiendo del ciclo las fechas pueden cambiar:<\/p>\n\n\n\n<ul class=\"wp-block-list\">\n<li>Los alumnos del ciclo <strong>Integrado<\/strong> se matricular\u00e1n en las primeras semanas de septiembre, ya que las clases se inician en dicho mes.<\/li>\n\n\n\n<li>Los alumnos nuevos y resto de alumnos se suelen matricular conjuntamente entre septiembre y octubre.<\/li>\n\n\n\n<li>En este blog se ir\u00e1 informando sobre las fechas concretas de matriculaci\u00f3n en funci\u00f3n del ciclo, as\u00ed como el lugar y procedimiento establecidos.<\/li>\n<\/ul>\n\n\n\n<p><span style=\"color: #993300\"><strong>P: \u00bfD\u00f3nde podr\u00e9 matricularme?<\/strong><\/span><\/p>\n\n\n\n<p><strong>R:<\/strong> La matr\u00edcula de 1\u00ba de Espec\u00edfico se suele hacer en la F\u00e1brica de Armas. La matr\u00edcula del resto de los cursos, a trav\u00e9s de los delegados, online o en Lorenzana.<\/p>\n\n\n\n<p><span style=\"color: #993300\"><strong>P:<\/strong> <strong>\u00bfSe tiene que superar alg\u00fan examen para la matriculaci\u00f3n?<\/strong><\/span><\/p>\n\n\n\n<p><strong>R:<\/strong> No, no se requiere realizar ning\u00fan examen. De hecho, nuestros ciclos no tienen asociada la evaluaci\u00f3n de los contenidos ofrecidos.<\/p>\n\n\n\n<p><span style=\"color: #993300\"><strong>P: \u00bfTengo que pertenecer a alguna asociaci\u00f3n para poder matricularme?<\/strong><\/span><\/p>\n\n\n\n<p><strong>R:<\/strong> No, la UCLM no exige pertenecer a <strong>ninguna<\/strong> asociaci\u00f3n.<\/p>\n\n\n\n<p><span style=\"color: #993300\"><strong>P: \u00bfC\u00f3mo se puede anular la matr\u00edcula?<\/strong><\/span><\/p>\n\n\n\n<p><strong>R:<\/strong>  Se trata de un proceso excepcional que s\u00f3lo se podr\u00e1 solicitar hasta dos semanas una vez comenzado el curso. <\/p>\n\n\n\n<p>Para solicitar la devoluci\u00f3n de tasas, le adjuntamos el modelo de solicitud, que podr\u00e1 tramitarla de las siguientes formas:<\/p>\n\n\n\n<ul class=\"wp-block-list\">\n<li>Preferiblemente: haciendo uso del certificado digital, entrando en el enlace<strong>&nbsp;<a rel=\"noreferrer noopener\" href=\"https:\/\/www.sede.uclm.es\/\" target=\"_blank\">https:\/\/www.sede.uclm.es\/<\/a><\/strong>&nbsp;(opci\u00f3n cat\u00e1logo de procedimientos-Devoluci\u00f3n de tasas y precios p\u00fablicos de cursos propios y seminarios).<\/li>\n<\/ul>\n\n\n\n<ul class=\"wp-block-list\">\n<li>Tambi\u00e9n puede presentarla en alguna de las oficinas de registro de la UCLM, o cualquiera de las formas previstas en la ley (oficinas de correos, subdelegaciones de gobierno..) presentando <strong>solicitud cumplimentada, DNI y justificante de pago<\/strong>. <\/li>\n\n\n\n<li>Descarga del modelo de solicitud: <strong><a href=\"https:\/\/blog.uclm.es\/saramago-toledo\/wp-content\/uploads\/sites\/206\/2023\/11\/Devolucion-de-tasas-Modelo.pdf\" data-type=\"link\" data-id=\"https:\/\/blog.uclm.es\/saramago-toledo\/wp-content\/uploads\/sites\/206\/2023\/11\/Devolucion-de-tasas-Modelo.pdf\">AQU\u00cd<\/a><\/strong> <\/li>\n<\/ul>\n\n\n\n<p>Si el pago lo realiz\u00f3 mediante carta de pago (transacci\u00f3n electr\u00f3nica), debe adjuntar&nbsp;tambi\u00e9n una&nbsp;copia. Si el pago lo realiz\u00f3 mediante tarjeta de cr\u00e9dito, esto \u00faltimo no es necesario.<\/p>\n\n\n\n<p>El proceso de devoluci\u00f3n tardar\u00e1 de una a tres semanas.<\/p>\n\n\n\n<h2 class=\"wp-block-heading\"><span style=\"color: #008000\"><strong>Espacio de ense\u00f1anza<\/strong><\/span><\/h2>\n\n\n\n<p><span style=\"color: #993300\"><strong>P: \u00bfD\u00f3nde se imparten las clases?<\/strong><\/span><\/p>\n\n\n\n<p><strong>R:<\/strong> En el curso acad\u00e9mico actual las clases del ciclo <strong>Espec\u00edfico<\/strong> y <strong>Actualizado<\/strong> se imparten en la F\u00e1brica de Armas. Por otro lado, el ciclo <strong>Integrado<\/strong> se imparte en la F\u00e1brica de Armas y la  Facultad o Escuela del grado de estudios elegido.<\/p>\n\n\n\n<h2 class=\"wp-block-heading\"><span style=\"color: #008000\"><strong>Asignaturas y horarios<\/strong><\/span><\/h2>\n\n\n\n<h2 class=\"wp-block-heading\"><span style=\"color: #993300\"><strong>P: \u00bfCu\u00e1les son las asignaturas y los horarios?<\/strong><\/span><\/h2>\n\n\n\n<p><strong>R: <\/strong><span style=\"color: #000000\">Las asignaturas y horarios var\u00edan en funci\u00f3n del ciclo y curso.<\/span><\/p>\n\n\n\n<ul class=\"wp-block-list\">\n<li>Los horarios del curso 2024\/25 se pueden encontrar en el siguiente fichero:<\/li>\n\n\n\n<li><a href=\"https:\/\/blog.uclm.es\/saramago-toledo\/horario-primer-cuatrimestre\/\" data-type=\"link\" data-id=\"https:\/\/blog.uclm.es\/saramago-toledo\/horario-primer-cuatrimestre\/\">Primer cuatrimestre<\/a><\/li>\n<\/ul>\n\n\n\n<h2 class=\"wp-block-heading\"><span style=\"color: #008000\"><strong>Asistencia<\/strong><\/span><\/h2>\n\n\n\n<p><span style=\"color: #993300\"><strong>P:<\/strong> <strong>\u00bfLas clases son presenciales o virtuales?<\/strong><\/span><\/p>\n\n\n\n<p><strong>R:<\/strong> Actualmente las clases son presenciales.<\/p>\n\n\n\n<p><span style=\"color: #993300\"><strong>P:<\/strong> <strong>\u00bfSe tiene que superar alg\u00fan examen para superar el curso?<\/strong><\/span><\/p>\n\n\n\n<p><strong>R:<\/strong> No, no se requiere realizar ning\u00fan examen.<\/p>\n\n\n\n<p><span style=\"color: #993300\"><strong>P:<\/strong> <strong>\u00bfLa asistencia es obligatoria?<\/strong><\/span><\/p>\n\n\n\n<p><strong>R:<\/strong> No, no se exige la asistencia a todas las clases.<\/p>\n\n\n\n<p><span style=\"color: #008000\"><strong>Otras cuestiones<\/strong><\/span><\/p>\n\n\n\n<p><span style=\"color: #993300\"><strong>P:<\/strong> <strong>He perdido mi carn\u00e9 de Saramago. \u00bfC\u00f3mo puedo obtener una copia? <\/strong><\/span><\/p>\n\n\n\n<p><strong>R:<\/strong> Puedes solicitarlo enviando un email a <a rel=\"noreferrer noopener\" href=\"mailto:saramago@uclm.es\" target=\"_blank\">saramago@uclm.es<\/a> con DNI, apellidos, nombre y campus, o bien acudir presencialmente a la Unidad de Extensi\u00f3n Universitaria (edificio 6 de la F\u00e1brica de Armas). <strong>Debe ser excepcional en caso de p\u00e9rdida o deterioro.<\/strong><\/p>\n\n\n\n<p><span style=\"color: #993300\"><strong>P:<\/strong> <strong>\u00bfC\u00f3mo actualizo mi tarjeta f\u00edsica de estudiante del Programa Saramago?<\/strong><\/span><\/p>\n\n\n\n<p><strong>R:<\/strong> Las tarjetas no se actualizan por curso, son v\u00e1lidas con el justificante de la matr\u00edcula en vigor.<\/p>\n\n\n\n<h2 class=\"wp-block-heading\"><span style=\"color: #008000\"><strong>Contacto<\/strong><\/span><\/h2>\n\n\n\n<p><span style=\"color: #993300\"><strong>P:<\/strong> <strong>\u00bfC\u00f3mo contactar con el programa Jos\u00e9 Saramago?<\/strong><\/span><\/p>\n\n\n\n<p><strong>R: <\/strong>Puedes contactar con nosotros por tel\u00e9fono (925268821) o bien por correo electr\u00f3nico (saramago.toledo@gmail.com).<\/p>\n","protected":false},"excerpt":{"rendered":"<p>Organizaci\u00f3n y Matriculaci\u00f3n P: \u00bfC\u00f3mo se organizan los estudios del Programa? R: Existen tres ciclos: Espec\u00edfico, Actualizaci\u00f3n e Integrado. Todos ellos dentro de la formaci\u00f3n no reglada de la UCLM, lo que no implica la consecuci\u00f3n de ning\u00fan t\u00edtulo oficial. &hellip; <a href=\"https:\/\/blog.uclm.es\/saramago-toledo\/preguntas-frecuentes\/\">Sigue leyendo <span class=\"meta-nav\">&rarr;<\/span><\/a><\/p>\n","protected":false},"author":323,"featured_media":0,"parent":0,"menu_order":0,"comment_status":"closed","ping_status":"closed","template":"","meta":{"footnotes":""},"class_list":["post-965","page","type-page","status-publish","hentry"],"_links":{"self":[{"href":"https:\/\/blog.uclm.es\/saramago-toledo\/wp-json\/wp\/v2\/pages\/965","targetHints":{"allow":["GET"]}}],"collection":[{"href":"https:\/\/blog.uclm.es\/saramago-toledo\/wp-json\/wp\/v2\/pages"}],"about":[{"href":"https:\/\/blog.uclm.es\/saramago-toledo\/wp-json\/wp\/v2\/types\/page"}],"author":[{"embeddable":true,"href":"https:\/\/blog.uclm.es\/saramago-toledo\/wp-json\/wp\/v2\/users\/323"}],"replies":[{"embeddable":true,"href":"https:\/\/blog.uclm.es\/saramago-toledo\/wp-json\/wp\/v2\/comments?post=965"}],"version-history":[{"count":20,"href":"https:\/\/blog.uclm.es\/saramago-toledo\/wp-json\/wp\/v2\/pages\/965\/revisions"}],"predecessor-version":[{"id":2559,"href":"https:\/\/blog.uclm.es\/saramago-toledo\/wp-json\/wp\/v2\/pages\/965\/revisions\/2559"}],"wp:attachment":[{"href":"https:\/\/blog.uclm.es\/saramago-toledo\/wp-json\/wp\/v2\/media?parent=965"}],"curies":[{"name":"wp","href":"https:\/\/api.w.org\/{rel}","templated":true}]}}