{"id":759,"date":"2021-07-13T13:28:05","date_gmt":"2021-07-13T12:28:05","guid":{"rendered":"https:\/\/blog.uclm.es\/saramago-toledo\/?page_id=759"},"modified":"2021-07-13T13:28:05","modified_gmt":"2021-07-13T12:28:05","slug":"curso-2021-22","status":"publish","type":"page","link":"https:\/\/blog.uclm.es\/saramago-toledo\/curso-2021-22\/","title":{"rendered":"Curso 2021-22"},"content":{"rendered":"<h1><span style=\"color: #008080\" data-darkreader-inline-color=\"\"><strong>MATRICULACI\u00d3N CURSO ACAD\u00c9MICO 2021-22<\/strong><\/span><\/h1>\n<p>El presente curso se ofrece de car\u00e1cter <strong>mixto<\/strong>, es decir, presencial y <em>online<\/em>. Apostamos por la m\u00e1xima presencialidad que las limitaciones de espacio nos permitan y con seguimiento <em>online<\/em> a trav\u00e9s de la plataforma Microsoft Teams. De esta forma, el seguimiento del curso para aquellos grupos cuya matr\u00edcula supere el aforo de las aulas asignadas alternar\u00e1n el seguimiento presencial y telem\u00e1tico de las clases.<\/p>\n<p>Con las plazas ofertadas para el ciclo de Espec\u00edfico, <strong>todos los alumnos podr\u00e1n asistir presencialmente<\/strong>.<\/p>\n<p>El curso 2020\/21 no se ofreci\u00f3 ning\u00fan curso concreto, sino la <strong>Oferta Abierta Virtual<\/strong>. La inscripci\u00f3n en esta no implica ser alumno del programa.<\/p>\n<p>La UCLM dispone de <strong>protocolos de seguridad<\/strong> ante la situaci\u00f3n sanitaria actual que los alumnos deben respetar durante las clases: uso de mascarilla y distancia de seguridad.<\/p>\n<p><strong>Requisitos<\/strong> de matriculaci\u00f3n:<\/p>\n<ul>\n<li><strong>1\u00ba Ciclo Espec\u00edfico<\/strong>: Cumplir 50 a\u00f1os durante el presente a\u00f1o. <span style=\"color: #ff0000\"><strong>Nuevos alumnos<\/strong><\/span><\/li>\n<li><strong>2\u00ba, 3\u00ba y 4\u00ba Ciclo Espec\u00edfico<\/strong>: Alumnos que hayan estado matriculados en un curso previo de este ciclo en el 2019\/20. Los alumnos podr\u00e1n matricularse en el curso siguiente del que estuvieron matriculados en el curso <strong>2019\/20<\/strong>.<\/li>\n<li><strong>Ciclo Integrado <\/strong>y <strong>Ciclo Actualizado<\/strong>: Haber estado matriculado en 4\u00ba curso del Ciclo Espec\u00edfico en 2019\/20, o en el Ciclo Integrado o Ciclo Actualizado en cualquier curso acad\u00e9mico.<\/li>\n<\/ul>\n<p><span style=\"color: #008080\" data-darkreader-inline-color=\"\"><strong>CICLO ESPEC\u00cdFICO &#8211; PRIMER CURSO (1\u00ba) <span style=\"color: #ff0000\">(NUEVOS ALUMNOS) <\/span><\/strong><\/span><\/p>\n<p><span style=\"color: #008080\" data-darkreader-inline-color=\"\"><strong><span style=\"color: #ff0000\">\u00a0 \u00a0 \u00a0 \u00a0 \u00a0 \u00a0 \u00a0 \u00a0 \u00a0 \u00a0 \u00a0 \u00a0 \u00a0 \u00a0 \u00a0 \u00a0 \u00a0 \u00a0 \u00a0 \u00a0 \u00a0 \u00a0 \u00a0Plazas AGOTADAS<\/span><\/strong><\/span><\/p>\n<p>La matriculaci\u00f3n se har\u00e1 a partir del <strong>27 de septiembre, 9:00 h.<\/strong> en el Despacho de Extensi\u00f3n Universitaria. Edificio 6 del Campus de la F\u00e1brica de Armas.<\/p>\n<p><strong>Horario y aulas de clases:<\/strong><\/p>\n<p><img loading=\"lazy\" decoding=\"async\" class=\"alignnone wp-image-863 size-full\" src=\"https:\/\/blog.uclm.es\/saramago-toledo\/wp-content\/uploads\/sites\/206\/2021\/11\/Horario-Primero.png\" alt=\"\" width=\"1122\" height=\"545\" \/><\/p>\n<ul>\n<li><strong>Inicio de clases<\/strong>: 18 de octubre de 2021<\/li>\n<li><strong>Tasas<\/strong>: 72 \u20ac por cuatrimestre +\u00a0 7,77 \u20ac Seguro Escolar<\/li>\n<li><strong>Dedicaci\u00f3n<\/strong>: 4,5 horas\/semana<\/li>\n<\/ul>\n<p><span style=\"color: #008080\" data-darkreader-inline-color=\"\"><strong>CICLO ESPEC\u00cdFICO &#8211; 2\u00ba A 4\u00ba CURSOS<\/strong><\/span><\/p>\n<ul>\n<li>Plazo <em>online<\/em>: desde el 16 de septiembre: <a style=\"color: #1b8be0;quot;quot;quot;quot;,sans-serif;font-size: 15px;font-style: normal;font-variant: normal;font-weight: 300;letter-spacing: normal;text-align: left;text-decoration: underline;text-indent: 0px;text-transform: none\" href=\"http:\/\/cursosweb.uclm.es\/index.aspx?cod_categoria=CUM\" data-darkreader-inline-color=\"\">Enlace para matriculaci\u00f3n online<\/a><b><\/b><i><\/i><u><\/u>\n<ul>\n<li>Puedes leer las instrucciones <a href=\"https:\/\/pruebasaluuclm-my.sharepoint.com\/:b:\/g\/personal\/encarnacion_moyano_uclm_es\/EWlSZxs5iyJEpn3MotE5CkkBQRUQGIA_8rr4t7moa0ysWQ?e=BmzdME\">aqu\u00ed<\/a><\/li>\n<\/ul>\n<\/li>\n<li>Plazo presencial (Despacho de Extensi\u00f3n Universitaria (Edificio 6) F\u00e1brica de Armas)\n<ul>\n<li><span data-darkreader-inline-color=\"\">2\u00ba curso: 16 y 20 de septiembre<\/span><\/li>\n<li><span data-darkreader-inline-color=\"\">3\u00ba curso: 23 y 24 de septiembre<\/span><\/li>\n<li><span data-darkreader-inline-color=\"\">4\u00ba curso: 28 y 29 de septiembre<\/span><\/li>\n<li>Plazo extra: 30 de septiembre a 15 de octubre <strong><span style=\"color: #ff0000\">Nuevo<\/span><\/strong><\/li>\n<li><strong>Inicio de clases<\/strong>: 18 de octubre de 2021<\/li>\n<li><strong>Tasas<\/strong>: 72 \u20ac por cuatrimestre +\u00a0 7,77 \u20ac Seguro Escolar<\/li>\n<li><strong>Dedicaci\u00f3n<\/strong>: 4,5 horas\/semana<\/li>\n<li><strong>Horarios<\/strong>: <a href=\"https:\/\/pruebasaluuclm-my.sharepoint.com\/:b:\/g\/personal\/encarnacion_moyano_uclm_es\/EeDvr0k1gKRFgYPpW4xvVdEBGiWRpbv3FhqFowLfvJAmZw?e=GQDsdo\">Haz clic aqu\u00ed para ver los horarios<\/a><\/li>\n<li><strong>Aulas<\/strong>: <strong>Toletum<\/strong> (planta baja) y <strong>37.9-10<\/strong> del Campus de la F\u00e1brica de Armas<\/li>\n<\/ul>\n<\/li>\n<\/ul>\n<p><span style=\"color: #008080\" data-darkreader-inline-color=\"\"><strong>CICLO ACTUALIZADO<\/strong><\/span><\/p>\n<ul>\n<li><strong>Horario y aulas de clases:<\/strong><\/li>\n<\/ul>\n<p><img loading=\"lazy\" decoding=\"async\" class=\"alignnone wp-image-828 size-full\" src=\"https:\/\/blog.uclm.es\/saramago-toledo\/wp-content\/uploads\/sites\/206\/2021\/10\/Horario-Actualizado-1.png\" alt=\"\" width=\"1016\" height=\"675\" srcset=\"https:\/\/blog.uclm.es\/saramago-toledo\/wp-content\/uploads\/sites\/206\/2021\/10\/Horario-Actualizado-1.png 1016w, https:\/\/blog.uclm.es\/saramago-toledo\/wp-content\/uploads\/sites\/206\/2021\/10\/Horario-Actualizado-1-300x199.png 300w, https:\/\/blog.uclm.es\/saramago-toledo\/wp-content\/uploads\/sites\/206\/2021\/10\/Horario-Actualizado-1-768x510.png 768w, https:\/\/blog.uclm.es\/saramago-toledo\/wp-content\/uploads\/sites\/206\/2021\/10\/Horario-Actualizado-1-452x300.png 452w\" sizes=\"auto, (max-width: 1016px) 100vw, 1016px\" \/><\/p>\n<ul>\n<li><strong>IMPORTANTE: El aula de Toletum dispone de un aforo de 90 personas. Se proporcion\u00e1 un enlace de M. Teams para el seguimiento de las clases de forma virtual en caso de superarse dicho aforo.<\/strong><\/li>\n<\/ul>\n<ul>\n<li>La matr\u00edcula se podr\u00e1 realizar de cualquiera de las siguientes opciones:\n<ul>\n<li><strong><em>Online<\/em><\/strong>: desde el <span style=\"color: #ff0000\">28 de septiembre<\/span>: <a style=\"color: #1b8be0;quot;quot;quot;quot;,sans-serif;font-size: 15px;font-style: normal;font-variant: normal;font-weight: 300;letter-spacing: normal;text-align: left;text-decoration: underline;text-indent: 0px;text-transform: none\" href=\"http:\/\/cursosweb.uclm.es\/index.aspx?cod_categoria=CUM\" data-darkreader-inline-color=\"\">Enlace para matriculaci\u00f3n online<\/a><b><\/b><i><\/i><u><\/u> (Requiere tener usuario UCLM con las credenciales actualizadas. Puede leer las instrucciones <a href=\"https:\/\/pruebasaluuclm-my.sharepoint.com\/:b:\/g\/personal\/encarnacion_moyano_uclm_es\/EWlSZxs5iyJEpn3MotE5CkkBQRUQGIA_8rr4t7moa0ysWQ?e=BmzdME\">aqu\u00ed<\/a>). Se ha de cumplimentar el siguiente formulario para conocer su elecci\u00f3n en este cuatrimestre: <a href=\"https:\/\/forms.office.com\/r\/sHWuts0PqY\">cuestionario<\/a>.<\/li>\n<li><strong>Solicitando carta de pago<\/strong> rellenando el siguiente <a href=\"https:\/\/forms.office.com\/r\/KNDp3yce71\">formulario<\/a>. Cuando est\u00e9n disponibles las cartas de pago se avisar\u00e1 para recogerlas en el despacho de Lorenzana. En el formulario se solicita su elecci\u00f3n de turno y asignaturas para este cuatrimestre.<\/li>\n<li>A trav\u00e9s de la <strong>asociaci\u00f3n Adaum<\/strong>. Adaum se pondr\u00e1 en contacto con sus socios pr\u00f3ximamente.\u00a0Si lo desea, puede cumplimentar el siguiente formulario para conocer su elecci\u00f3n en este cuatrimestre: <a href=\"https:\/\/forms.office.com\/r\/sHWuts0PqY\">cuestionario<\/a><\/li>\n<li><strong>Plazos de matr\u00edcula<\/strong>: 28 de septiembre a 13 de octubre (15 h.)<\/li>\n<li><strong>Plazos de cumplimentaci\u00f3n de cuestionarios<\/strong>: hasta el 13 de octubre (15h.)<\/li>\n<li><strong>Dedicaci\u00f3n<\/strong>: 2 horas\/semana (2 asignaturas a elegir de 3 asignaturas propuestas)<\/li>\n<li><strong>Tasa: 57 \u20ac\u00a0 +\u00a0 7,77 \u20ac de Seguro Escolar (= 64,77\u20ac el curso completo)<\/strong><\/li>\n<li><strong>Inicio de clases<\/strong>: 19 de octubre de 2021<\/li>\n<\/ul>\n<\/li>\n<li>Para m\u00e1s informaci\u00f3n o ayuda para los cuestionarios\/formularios, puede acudir a Lorenzana, de lunes a jueves, en horario de 17 a 19h.<\/li>\n<\/ul>\n<p><span style=\"color: #008080\" data-darkreader-inline-color=\"\"><strong>PLAZOS: CICLO INTEGRADO<\/strong><\/span><\/p>\n<p>Contacte con el programa: saramago.toledo@gmail.com<\/p>\n<p><span style=\"color: #008080\" data-darkreader-inline-color=\"\"><strong>INFORMACI\u00d3N SOBRE EL PROGRAMA<\/strong><\/span><\/p>\n<p>Despacho del programa en el Palacio de Lorenzana<\/p>\n<p>Lunes a jueves, de 12 a 14h.<\/p>\n<p><strong>IMPORTANTE<\/strong>: La organizaci\u00f3n se reserva el derecho a realizar cualquier cambio que fuera necesario, inform\u00e1ndose adecuadamente del mismo.<\/p>\n","protected":false},"excerpt":{"rendered":"<p>MATRICULACI\u00d3N CURSO ACAD\u00c9MICO 2021-22 El presente curso se ofrece de car\u00e1cter mixto, es decir, presencial y online. Apostamos por la m\u00e1xima presencialidad que las limitaciones de espacio nos permitan y con seguimiento online a trav\u00e9s de la plataforma Microsoft Teams. &hellip; <a href=\"https:\/\/blog.uclm.es\/saramago-toledo\/curso-2021-22\/\">Sigue leyendo <span class=\"meta-nav\">&rarr;<\/span><\/a><\/p>\n","protected":false},"author":324,"featured_media":0,"parent":0,"menu_order":0,"comment_status":"closed","ping_status":"closed","template":"","meta":{"footnotes":""},"class_list":["post-759","page","type-page","status-publish","hentry"],"_links":{"self":[{"href":"https:\/\/blog.uclm.es\/saramago-toledo\/wp-json\/wp\/v2\/pages\/759","targetHints":{"allow":["GET"]}}],"collection":[{"href":"https:\/\/blog.uclm.es\/saramago-toledo\/wp-json\/wp\/v2\/pages"}],"about":[{"href":"https:\/\/blog.uclm.es\/saramago-toledo\/wp-json\/wp\/v2\/types\/page"}],"author":[{"embeddable":true,"href":"https:\/\/blog.uclm.es\/saramago-toledo\/wp-json\/wp\/v2\/users\/324"}],"replies":[{"embeddable":true,"href":"https:\/\/blog.uclm.es\/saramago-toledo\/wp-json\/wp\/v2\/comments?post=759"}],"version-history":[{"count":0,"href":"https:\/\/blog.uclm.es\/saramago-toledo\/wp-json\/wp\/v2\/pages\/759\/revisions"}],"wp:attachment":[{"href":"https:\/\/blog.uclm.es\/saramago-toledo\/wp-json\/wp\/v2\/media?parent=759"}],"curies":[{"name":"wp","href":"https:\/\/api.w.org\/{rel}","templated":true}]}}