{"id":72,"date":"2019-04-30T19:47:03","date_gmt":"2019-04-30T18:47:03","guid":{"rendered":"http:\/\/blog.uclm.es\/saramago-toledo\/?page_id=72"},"modified":"2025-04-22T17:56:50","modified_gmt":"2025-04-22T16:56:50","slug":"inicio","status":"publish","type":"page","link":"https:\/\/blog.uclm.es\/saramago-toledo\/","title":{"rendered":"Inicio"},"content":{"rendered":"<div class=\"wp-block-image\">\n<figure class=\"alignright is-resized\"><img loading=\"lazy\" decoding=\"async\" width=\"309\" height=\"308\" src=\"https:\/\/blog.uclm.es\/saramago-toledo\/wp-content\/uploads\/sites\/206\/2019\/04\/Logo_Saramago50plus.jpg\" alt=\"\" class=\"wp-image-8\" style=\"width:217px;height:219px\" srcset=\"https:\/\/blog.uclm.es\/saramago-toledo\/wp-content\/uploads\/sites\/206\/2019\/04\/Logo_Saramago50plus.jpg 309w, https:\/\/blog.uclm.es\/saramago-toledo\/wp-content\/uploads\/sites\/206\/2019\/04\/Logo_Saramago50plus-300x300.jpg 300w, https:\/\/blog.uclm.es\/saramago-toledo\/wp-content\/uploads\/sites\/206\/2019\/04\/Logo_Saramago50plus-150x150.jpg 150w, https:\/\/blog.uclm.es\/saramago-toledo\/wp-content\/uploads\/sites\/206\/2019\/04\/Logo_Saramago50plus-301x300.jpg 301w\" sizes=\"auto, (max-width: 309px) 100vw, 309px\" \/><\/figure>\n<\/div>\n\n\n<p>Bienvenido\/a a la p\u00e1gina web de nuestro programa, que proporcionar\u00e1 un canal de comunicaci\u00f3n para nuestro alumnado.<\/p>\n\n\n\n<p><span style=\"color: #000\" data-darkreader-inline-color=\"\"><strong>Qui\u00e9nes somos<\/strong><\/span><\/p>\n\n\n\n<p>Programa Universitario Jos\u00e9 Saramago 50 Plus &#8211; Campus <strong>Toledo<\/strong>, de la&nbsp;<strong>Universidad de Castilla-La Mancha<\/strong><\/p>\n\n\n\n<p>(Anteriormente denominado Programa Universitario de Mayores Jos\u00e9 Saramago)<\/p>\n\n\n\n<p><span data-darkreader-inline-color=\"\" style=\"color: black\"><strong>Vicerrector de Cultura, Deporte y \u00a0<\/strong><\/span><strong>Compromiso <\/strong><span data-darkreader-inline-color=\"\" style=\"color: black\"><strong>Social<\/strong>:<\/span> C\u00e9sar S\u00e1nchez Mel\u00e9ndez<br><strong>Directora Acad\u00e9mica<\/strong>: Mar\u00eda Jes\u00fas Pardo Guijarro<br><span data-darkreader-inline-color=\"\" style=\"color: black\"><strong>Coordinadora<\/strong>:<\/span> Encarnaci\u00f3n M\u00aa Moyano \u00c1vila<br><span data-darkreader-inline-color=\"\" style=\"color: black\"><strong>Becaria de Colaboraci\u00f3n<\/strong>:<\/span> Sandra Mart\u00edn Sim\u00f3n<\/p>\n\n\n\n<p><\/p>\n\n\n\n<p><\/p>\n","protected":false},"excerpt":{"rendered":"<p>Bienvenido\/a a la p\u00e1gina web de nuestro programa, que proporcionar\u00e1 un canal de comunicaci\u00f3n para nuestro alumnado. Qui\u00e9nes somos Programa Universitario Jos\u00e9 Saramago 50 Plus &#8211; Campus Toledo, de la&nbsp;Universidad de Castilla-La Mancha (Anteriormente denominado Programa Universitario de Mayores Jos\u00e9 &hellip; <a href=\"https:\/\/blog.uclm.es\/saramago-toledo\/\">Sigue leyendo <span class=\"meta-nav\">&rarr;<\/span><\/a><\/p>\n","protected":false},"author":324,"featured_media":0,"parent":0,"menu_order":0,"comment_status":"closed","ping_status":"closed","template":"","meta":{"footnotes":""},"class_list":["post-72","page","type-page","status-publish","hentry"],"_links":{"self":[{"href":"https:\/\/blog.uclm.es\/saramago-toledo\/wp-json\/wp\/v2\/pages\/72","targetHints":{"allow":["GET"]}}],"collection":[{"href":"https:\/\/blog.uclm.es\/saramago-toledo\/wp-json\/wp\/v2\/pages"}],"about":[{"href":"https:\/\/blog.uclm.es\/saramago-toledo\/wp-json\/wp\/v2\/types\/page"}],"author":[{"embeddable":true,"href":"https:\/\/blog.uclm.es\/saramago-toledo\/wp-json\/wp\/v2\/users\/324"}],"replies":[{"embeddable":true,"href":"https:\/\/blog.uclm.es\/saramago-toledo\/wp-json\/wp\/v2\/comments?post=72"}],"version-history":[{"count":9,"href":"https:\/\/blog.uclm.es\/saramago-toledo\/wp-json\/wp\/v2\/pages\/72\/revisions"}],"predecessor-version":[{"id":2854,"href":"https:\/\/blog.uclm.es\/saramago-toledo\/wp-json\/wp\/v2\/pages\/72\/revisions\/2854"}],"wp:attachment":[{"href":"https:\/\/blog.uclm.es\/saramago-toledo\/wp-json\/wp\/v2\/media?parent=72"}],"curies":[{"name":"wp","href":"https:\/\/api.w.org\/{rel}","templated":true}]}}