{"id":611,"date":"2020-05-26T18:05:44","date_gmt":"2020-05-26T17:05:44","guid":{"rendered":"http:\/\/blog.uclm.es\/saramago-toledo\/?page_id=611"},"modified":"2020-05-26T18:05:44","modified_gmt":"2020-05-26T17:05:44","slug":"matriculacion","status":"publish","type":"page","link":"https:\/\/blog.uclm.es\/saramago-toledo\/matriculacion\/","title":{"rendered":"Matriculaci\u00f3n"},"content":{"rendered":"<p><strong>INFORMACI\u00d3N PARA EL CURSO ACAD\u00c9MICO 2020-21<\/strong><\/p>\n<p style=\"text-align: left\">En el \u00faltimo informe de nuestro rector se informa de todos los esfuerzos que se est\u00e1n llevando a cabo para realizar nuestras actividades con la m\u00e1xima seguridad en el pr\u00f3ximo curso acad\u00e9mico. En concreto, se plantea \u201c<em>un escenario de bimodalidad como el m\u00e1s probable para el pr\u00f3ximo curso acad\u00e9mico, resultado de combinar las actividades presenciales y virtuales<\/em>\u201d. Por lo tanto, todo apunta a que nuestro programa impartir\u00e1 gran parte de sus actividades formativas desde entornos virtuales y algunas de forma presencial cuando sea posible garantizar la seguridad.<\/p>\n<p>En esta p\u00e1gina se ir\u00e1 a\u00f1adiendo toda la informaci\u00f3n relativa al pr\u00f3ximo curso. <strong>Probablemente, la informaci\u00f3n definitiva sobre la matriculaci\u00f3n no estar\u00e1 disponible hasta primeros de septiembre<\/strong>.<\/p>\n<p>La matriculaci\u00f3n como nuevo alumno le proporcionar\u00e1 un usuario UCLM con el que acceder a las clases virtuales. <strong>El programa ofrecer\u00eda la formaci\u00f3n necesaria al alumnado para seguir las clases virtuales. <\/strong>Durante el confinamiento muchos de nuestros alumnos han participado de este tipo de clases, lo que ha supuesto una primera experiencia muy enriquecedora. M\u00e1s informaci\u00f3n sobre estas clases en: <a href=\"http:\/\/blog.uclm.es\/saramago-toledo\/clases-virtuales\/\" target=\"_blank\" rel=\"noopener noreferrer\">Clases virtuales<\/a><\/p>\n<p>Si est\u00e1 interesado en matricularse en nuestro Programa como nuevo alumno para el pr\u00f3ximo curso acad\u00e9mico 2020-21 le agradecer\u00edamos que rellenase el siguiente formulario: <a href=\"https:\/\/forms.office.com\/Pages\/ResponsePage.aspx?id=5rosxPRhjEmRB2qM9fAeVr-JwGaT2RlLmOZAwjM-7IRUQ0JQT1IyN1lRNFhKVkJLN041WlVKSDU5WS4u\" target=\"_blank\" rel=\"noopener noreferrer\"><strong>HAGA CLIC AQU\u00cd<\/strong><\/a>. Le enviaremos un mensaje por correo electr\u00f3nico en septiembre para informarle sobre el nuevo curso.<\/p>\n","protected":false},"excerpt":{"rendered":"<p>INFORMACI\u00d3N PARA EL CURSO ACAD\u00c9MICO 2020-21 En el \u00faltimo informe de nuestro rector se informa de todos los esfuerzos que se est\u00e1n llevando a cabo para realizar nuestras actividades con la m\u00e1xima seguridad en el pr\u00f3ximo curso acad\u00e9mico. En concreto, &hellip; <a href=\"https:\/\/blog.uclm.es\/saramago-toledo\/matriculacion\/\">Sigue leyendo <span class=\"meta-nav\">&rarr;<\/span><\/a><\/p>\n","protected":false},"author":324,"featured_media":642,"parent":0,"menu_order":0,"comment_status":"closed","ping_status":"closed","template":"","meta":{"footnotes":""},"class_list":["post-611","page","type-page","status-publish","has-post-thumbnail","hentry"],"_links":{"self":[{"href":"https:\/\/blog.uclm.es\/saramago-toledo\/wp-json\/wp\/v2\/pages\/611","targetHints":{"allow":["GET"]}}],"collection":[{"href":"https:\/\/blog.uclm.es\/saramago-toledo\/wp-json\/wp\/v2\/pages"}],"about":[{"href":"https:\/\/blog.uclm.es\/saramago-toledo\/wp-json\/wp\/v2\/types\/page"}],"author":[{"embeddable":true,"href":"https:\/\/blog.uclm.es\/saramago-toledo\/wp-json\/wp\/v2\/users\/324"}],"replies":[{"embeddable":true,"href":"https:\/\/blog.uclm.es\/saramago-toledo\/wp-json\/wp\/v2\/comments?post=611"}],"version-history":[{"count":0,"href":"https:\/\/blog.uclm.es\/saramago-toledo\/wp-json\/wp\/v2\/pages\/611\/revisions"}],"wp:featuredmedia":[{"embeddable":true,"href":"https:\/\/blog.uclm.es\/saramago-toledo\/wp-json\/wp\/v2\/media\/642"}],"wp:attachment":[{"href":"https:\/\/blog.uclm.es\/saramago-toledo\/wp-json\/wp\/v2\/media?parent=611"}],"curies":[{"name":"wp","href":"https:\/\/api.w.org\/{rel}","templated":true}]}}