{"id":581,"date":"2020-05-18T11:03:16","date_gmt":"2020-05-18T10:03:16","guid":{"rendered":"http:\/\/blog.uclm.es\/saramago-toledo\/?page_id=581"},"modified":"2020-05-18T11:03:16","modified_gmt":"2020-05-18T10:03:16","slug":"clases-virtuales","status":"publish","type":"page","link":"https:\/\/blog.uclm.es\/saramago-toledo\/clases-virtuales\/","title":{"rendered":"Clases virtuales"},"content":{"rendered":"<p>Debido a la suspensi\u00f3n de clases presenciales por la pandemia de la Covid-19 se impartir\u00e1n clases virtuales cuando sea posible.<\/p>\n<p><strong>REQUISITOS<\/strong><\/p>\n<p><strong>Se necesita disponer de un ordenador o dispositivo m\u00f3vil (tel\u00e9fono inteligente o tableta) con conexi\u00f3n a Internet y se recomienda disponer del usuario y correo electr\u00f3nico de la UCLM junto con su contrase\u00f1a.<\/strong><\/p>\n<ul>\n<li><strong>Usuario de la UCLM<\/strong>: DNI con 8 d\u00edgitos y sin letra.<\/li>\n<li><strong>Correo electr\u00f3nico UCLM<\/strong>: Si no lo conoces puedes acceder al siguiente enlace (haz clic <a href=\"https:\/\/mis.tic.uclm.es\/credenciales\/inicioSesion.aspx?ReturnUrl=%2fcredenciales%2fdatosUsuario.aspx\">aqu\u00ed<\/a>)<\/li>\n<li><strong>Contrase\u00f1a UCLM<\/strong>: Si no conoces tu contrase\u00f1a de la UCLM para todos los servicios tecnol\u00f3gicos puedes crearla o actualizarla en el siguiente enlace (haz clic <a href=\"https:\/\/mis.tic.uclm.es\/credenciales\/recuperarCredenciales.aspx\">aqu\u00ed<\/a>). Puedes ver el siguiente v\u00eddeo para m\u00e1s informaci\u00f3n (haz clic <a href=\"https:\/\/blog.uclm.es\/saramago-toledo\/wp-content\/uploads\/sites\/206\/2020\/05\/Credenciales.mp4\">aqu\u00ed<\/a>).<\/li>\n<li><strong>Actualizaci\u00f3n de datos alternativos<\/strong>: Si no puedes actualizar la contrase\u00f1a porque necesitas a\u00f1adir un tel\u00e9fono m\u00f3vil o correo electr\u00f3nico personal a tus datos de comunicaci\u00f3n, rellena el siguiente formulario (haz clic <a href=\"https:\/\/forms.office.com\/Pages\/ResponsePage.aspx?id=5rosxPRhjEmRB2qM9fAeVr-JwGaT2RlLmOZAwjM-7IRUMTdOVjg2N0dSQk1YWkRLSklMVzhCVjJHNS4u\">aqu\u00ed<\/a>)<\/li>\n<\/ul>\n<p><strong>PROCEDIMIENTO<\/strong><\/p>\n<p><strong>En tu correo electr\u00f3nico de la UCLM recibir\u00e1s un mensaje de invitaci\u00f3n a una clase virtual a trav\u00e9s de un enlace similar a: <span style=\"color: #0000ff\" data-darkreader-inline-color=\"\">Join Microsoft Teams Meeting<\/span><\/strong><\/p>\n<p>La primera vez que se accede a una clase virtual puede ser necesaria la instalaci\u00f3n de una aplicaci\u00f3n en el dispositivo. Las dem\u00e1s ocasiones solo ser\u00e1 necesario hacer clic en el enlace asociado a la clase virtual y unirse a ella.<\/p>\n<p><strong>PREPARACI\u00d3N<\/strong><\/p>\n<p><strong>En funci\u00f3n del dispositivo desde el que se acceda a la clase virtual, tendremos que prepararnos:<\/strong><\/p>\n<ul>\n<li>Si dispones de un ordenador podr\u00e1s instalarte la aplicaci\u00f3n o unirte a la clase virtual por Internet directamente sin instalar ninguna aplicaci\u00f3n.<\/li>\n<li>Si dispones de un tel\u00e9fono inteligente, se requiere instalar la aplicaci\u00f3n Microsoft Teams. En el siguiente v\u00eddeo puedes ver c\u00f3mo ser\u00eda la instalaci\u00f3n en un dispositivo con sistema operativo Android.<\/li>\n<\/ul>\n<div style=\"width: 584px;\" class=\"wp-video\"><video class=\"wp-video-shortcode\" id=\"video-581-1\" width=\"584\" height=\"329\" preload=\"metadata\" controls=\"controls\"><source type=\"video\/mp4\" src=\"https:\/\/blog.uclm.es\/saramago-toledo\/wp-content\/uploads\/sites\/206\/2020\/05\/InstalacionTeams-Android-final.mp4?_=1\" \/><a href=\"https:\/\/blog.uclm.es\/saramago-toledo\/wp-content\/uploads\/sites\/206\/2020\/05\/InstalacionTeams-Android-final.mp4\">https:\/\/blog.uclm.es\/saramago-toledo\/wp-content\/uploads\/sites\/206\/2020\/05\/InstalacionTeams-Android-final.mp4<\/a><\/video><\/div>\n","protected":false},"excerpt":{"rendered":"<p>Debido a la suspensi\u00f3n de clases presenciales por la pandemia de la Covid-19 se impartir\u00e1n clases virtuales cuando sea posible. REQUISITOS Se necesita disponer de un ordenador o dispositivo m\u00f3vil (tel\u00e9fono inteligente o tableta) con conexi\u00f3n a Internet y se &hellip; <a href=\"https:\/\/blog.uclm.es\/saramago-toledo\/clases-virtuales\/\">Sigue leyendo <span class=\"meta-nav\">&rarr;<\/span><\/a><\/p>\n","protected":false},"author":324,"featured_media":641,"parent":0,"menu_order":0,"comment_status":"closed","ping_status":"closed","template":"","meta":{"footnotes":""},"class_list":["post-581","page","type-page","status-publish","has-post-thumbnail","hentry"],"_links":{"self":[{"href":"https:\/\/blog.uclm.es\/saramago-toledo\/wp-json\/wp\/v2\/pages\/581","targetHints":{"allow":["GET"]}}],"collection":[{"href":"https:\/\/blog.uclm.es\/saramago-toledo\/wp-json\/wp\/v2\/pages"}],"about":[{"href":"https:\/\/blog.uclm.es\/saramago-toledo\/wp-json\/wp\/v2\/types\/page"}],"author":[{"embeddable":true,"href":"https:\/\/blog.uclm.es\/saramago-toledo\/wp-json\/wp\/v2\/users\/324"}],"replies":[{"embeddable":true,"href":"https:\/\/blog.uclm.es\/saramago-toledo\/wp-json\/wp\/v2\/comments?post=581"}],"version-history":[{"count":0,"href":"https:\/\/blog.uclm.es\/saramago-toledo\/wp-json\/wp\/v2\/pages\/581\/revisions"}],"wp:featuredmedia":[{"embeddable":true,"href":"https:\/\/blog.uclm.es\/saramago-toledo\/wp-json\/wp\/v2\/media\/641"}],"wp:attachment":[{"href":"https:\/\/blog.uclm.es\/saramago-toledo\/wp-json\/wp\/v2\/media?parent=581"}],"curies":[{"name":"wp","href":"https:\/\/api.w.org\/{rel}","templated":true}]}}