{"id":372,"date":"2019-10-15T10:41:07","date_gmt":"2019-10-15T09:41:07","guid":{"rendered":"http:\/\/blog.uclm.es\/saramago-toledo\/?page_id=372"},"modified":"2026-04-20T11:46:08","modified_gmt":"2026-04-20T10:46:08","slug":"enlaces","status":"publish","type":"page","link":"https:\/\/blog.uclm.es\/saramago-toledo\/enlaces\/","title":{"rendered":"Enlaces de inter\u00e9s"},"content":{"rendered":"<h1><strong><span style=\"color: #000000\" data-darkreader-inline-color=\"\">ENLACES SOBRE EL USO DE LAS TECNOLOG\u00cdAS EN LA UCLM<\/span><\/strong><\/h1>\n<ul>\n<li style=\"list-style-type: none\">\n<ul>\n<li><span style=\"color: #000000\"><strong>Gesti\u00f3n <\/strong><\/span>de mi cuenta de <strong>USUARIO CIUDADANO<\/strong> (<strong>UC<\/strong>): (<a href=\"https:\/\/cuentas.apps.uclm.es\/misCuentas\" target=\"_blank\" rel=\"noopener\">AQU\u00cd<\/a>)\n<ul>\n<li>Instrucciones para la comprobaci\u00f3n de mi usuario ciudadano\u00a0(<a href=\"https:\/\/blog.uclm.es\/saramago-toledo\/wp-content\/uploads\/sites\/206\/2024\/03\/Comprobacion-UC-2.pdf\" target=\"_blank\" rel=\"noopener\">AQU\u00cd<\/a>)<\/li>\n<\/ul>\n<\/li>\n<\/ul>\n<\/li>\n<\/ul>\n<ul>\n<li style=\"list-style-type: none\">\n<ul>\n<li>Enlace para la creaci\u00f3n del <strong>USUARIO CIUDADANO<\/strong>: (<a href=\"https:\/\/cuentas.apps.uclm.es\/altaCuenta\" target=\"_blank\" rel=\"noopener\">AQU\u00cd<\/a>)\n<ul>\n<li>Instrucciones para la creaci\u00f3n del usuario ciudadano (<a href=\"https:\/\/blog.uclm.es\/saramago-toledo\/wp-content\/uploads\/sites\/206\/2024\/03\/MANUAL-PARA-CREAR-USUARIO-CIUDADANO.pdf\" target=\"_blank\" rel=\"noopener\">AQU\u00cd<\/a>)<\/li>\n<\/ul>\n<\/li>\n<\/ul>\n<\/li>\n<\/ul>\n<ul>\n<li style=\"list-style-type: none\">\n<ul>\n<li><span style=\"float: none;background-color: #ffffff;color: #333333;font-family: 'Helvetica Neue',Helvetica,Arial,'Nimbus Sans L',sans-serif;font-size: 15px;font-style: normal;font-variant: normal;font-weight: 300;letter-spacing: normal;text-align: left;text-decoration: none;text-indent: 0px;text-transform: none\" data-darkreader-inline-bgcolor=\"\" data-darkreader-inline-color=\"\">Enlace para <strong>RECUPERACI\u00d3N DE CONTRASE\u00d1A<\/strong>\u00a0para acceder a los servicios TIC de la UCLM :<\/span>\n<ul>\n<li><span style=\"float: none;background-color: #ffffff;color: #333333;font-family: 'Helvetica Neue',Helvetica,Arial,'Nimbus Sans L',sans-serif;font-size: 15px;font-style: normal;font-variant: normal;font-weight: 300;letter-spacing: normal;text-align: left;text-decoration: none;text-indent: 0px;text-transform: none\" data-darkreader-inline-bgcolor=\"\" data-darkreader-inline-color=\"\"><span style=\"float: none;background-color: #ffffff;color: #333333;font-family: 'Helvetica Neue',Helvetica,Arial,'Nimbus Sans L',sans-serif;font-size: 15px;font-style: normal;font-variant: normal;font-weight: 300;letter-spacing: normal;text-align: left;text-decoration: none;text-indent: 0px;text-transform: none\" data-darkreader-inline-bgcolor=\"\" data-darkreader-inline-color=\"\">Si dispones de usuario ciudadano <\/span><\/span><span style=\"float: none;background-color: #ffffff;color: #333333;font-family: 'Helvetica Neue',Helvetica,Arial,'Nimbus Sans L',sans-serif;font-size: 15px;font-style: normal;font-variant: normal;font-weight: 300;letter-spacing: normal;text-align: left;text-decoration: none;text-indent: 0px;text-transform: none\" data-darkreader-inline-bgcolor=\"\" data-darkreader-inline-color=\"\">(<a href=\"https:\/\/account.live.com\/resetpassword.aspx\" target=\"_blank\" rel=\"noopener\">AQU\u00cd<\/a><\/span><span style=\"float: none;background-color: #ffffff;color: #333333;font-family: 'Helvetica Neue',Helvetica,Arial,'Nimbus Sans L',sans-serif;font-size: 15px;font-style: normal;font-variant: normal;font-weight: 300;letter-spacing: normal;text-align: left;text-decoration: none;text-indent: 0px;text-transform: none\" data-darkreader-inline-bgcolor=\"\" data-darkreader-inline-color=\"\"><span style=\"float: none;background-color: #ffffff;color: #333333;font-family: 'Helvetica Neue',Helvetica,Arial,'Nimbus Sans L',sans-serif;font-size: 15px;font-style: normal;font-variant: normal;font-weight: 300;letter-spacing: normal;text-align: left;text-decoration: none;text-indent: 0px;text-transform: none\" data-darkreader-inline-bgcolor=\"\" data-darkreader-inline-color=\"\">) <\/span><\/span><\/li>\n<li><span style=\"float: none;background-color: #ffffff;color: #333333;font-family: 'Helvetica Neue',Helvetica,Arial,'Nimbus Sans L',sans-serif;font-size: 15px;font-style: normal;font-variant: normal;font-weight: 300;letter-spacing: normal;text-align: left;text-decoration: none;text-indent: 0px;text-transform: none\" data-darkreader-inline-bgcolor=\"\" data-darkreader-inline-color=\"\"><span style=\"float: none;background-color: #ffffff;color: #333333;font-family: 'Helvetica Neue',Helvetica,Arial,'Nimbus Sans L',sans-serif;font-size: 15px;font-style: normal;font-variant: normal;font-weight: 300;letter-spacing: normal;text-align: left;text-decoration: none;text-indent: 0px;text-transform: none\" data-darkreader-inline-bgcolor=\"\" data-darkreader-inline-color=\"\">Si tu usuario es ALU: (<\/span><\/span><a href=\"https:\/\/passwordreset.microsoftonline.com\/?whr=uclm.es\" target=\"_blank\" rel=\"noopener\">AQU\u00cd<\/a>)<\/li>\n<\/ul>\n<\/li>\n<\/ul>\n<\/li>\n<\/ul>\n<ul>\n<li style=\"list-style-type: none\">\n<ul>\n<li>Enlace a la <strong>MATRICULACI\u00d3N <em>ONLINE <\/em><\/strong>(<a href=\"https:\/\/lead.apps.uclm.es\/actividadesavanzado\/categoria\/11\">AQU\u00cd<\/a>)\n<ul>\n<li>Instrucciones para hacer la <strong>MATR\u00cdCULA<\/strong> <em>online<\/em> (<a href=\"https:\/\/blog.uclm.es\/saramago-toledo\/instrucciones\/\" target=\"_blank\" rel=\"noopener\">AQU\u00cd<\/a>)<\/li>\n<li>Instrucciones para comprobar el <strong>ESTADO<\/strong> de la matr\u00edcula (<a href=\"https:\/\/blog.uclm.es\/saramago-toledo\/wp-content\/uploads\/sites\/206\/2026\/04\/Estado-de-matriculacion-en-cursos-de-la-UCLM-2.pdf\" target=\"_blank\" rel=\"noopener\">AQU\u00cd<\/a>)<\/li>\n<\/ul>\n<\/li>\n<\/ul>\n<\/li>\n<\/ul>\n<ul>\n<li style=\"list-style-type: none\">\n<ul>\n<li>Enlace para el acceso a <strong>CAMPUS VIRTUAL<\/strong> (<a href=\"https:\/\/campusvirtual.uclm.es\/\" target=\"_blank\" rel=\"noopener noreferrer\">AQU\u00cd<\/a>)\n<ul>\n<li>Instrucciones para acceder al campus virtual desde el m\u00f3vil (<a href=\"https:\/\/blog.uclm.es\/saramago-toledo\/wp-content\/uploads\/sites\/206\/2025\/10\/Campus-virtual-1.pdf\" target=\"_blank\" rel=\"noopener\">AQU\u00cd<\/a>)<\/li>\n<\/ul>\n<\/li>\n<\/ul>\n<\/li>\n<\/ul>\n<ul>\n<li style=\"list-style-type: none\">\n<ul>\n<li>Enlace para solicitar <strong>Wi-Fi<\/strong> UCLM (<a href=\"https:\/\/cuentas.apps.uclm.es\/wifi\/invitado\/evento\">AQU\u00cd<\/a>)\n<ul>\n<li>Instrucciones para solicitar <strong>Wi-Fi<\/strong> de la UCLM (<a href=\"https:\/\/blog.uclm.es\/saramago-toledo\/wp-content\/uploads\/sites\/206\/2025\/11\/Como-conectarse-al-WiFi-de-la-UCLM.pdf\">AQU\u00cd<\/a>)<\/li>\n<li><span data-teams=\"true\">M\u00e1s informaci\u00f3n sobre la <strong>Wi-Fi<\/strong> de la UCLM<\/span> (<a href=\"https:\/\/soporte.uclm.es\/hc\/es\/articles\/26580348970130--C%C3%B3mo-los-usuarios-invitados-autorizados-a-disponer-de-Wifi-pueden-acceder-al-servicio-de-red-inal%C3%A1mbrica-eduroam-en-la-UCLM\">AQU\u00cd<\/a>)<\/li>\n<\/ul>\n<\/li>\n<\/ul>\n<\/li>\n<\/ul>\n<h1><span style=\"color: black\" data-darkreader-inline-color=\"\">ENLACES SOBRE ACTIVIDADES CULTURALES EN LA UCLM<\/span><\/h1>\n<ul>\n<li style=\"list-style-type: none\">\n<ul>\n<li>Agenda Cultural del Vicerrectorado de Cultura, Deporte y Extensi\u00f3n Universitaria (<a href=\"https:\/\/www.uclm.es\/Misiones\/CulturaDeporte\/Cultura\" target=\"_blank\" rel=\"noopener noreferrer\">AQU\u00cd<\/a>)<\/li>\n<\/ul>\n<\/li>\n<li style=\"list-style-type: none\">\n<ul>\n<li>Agenda de eventos de la UCLM en todos los Campus (<a href=\"https:\/\/eventos.uclm.es\/\" target=\"_blank\" rel=\"noopener\">AQU\u00cd<\/a>)<\/li>\n<\/ul>\n<\/li>\n<li style=\"list-style-type: none\">\n<ul>\n<li>Actividades de la Biblioteca (<a href=\"https:\/\/www.biblioteca.uclm.es\/actividades\" target=\"_blank\" rel=\"noopener noreferrer\">AQU\u00cd<\/a>)\n<ul>\n<li>Club de lectura del Servicio de Biblioteca del campus de Toledo (<a href=\"https:\/\/www.biblioteca.uclm.es\/actividades\/club-lectura\" target=\"_blank\" rel=\"noopener noreferrer\">AQU\u00cd<\/a>)<\/li>\n<\/ul>\n<\/li>\n<\/ul>\n<\/li>\n<li style=\"list-style-type: none\">\n<ul>\n<li>Actividades recreativas y deportivas (<a href=\"https:\/\/www.uclm.es\/misiones\/culturadeporte\/deporte\/actividadesrecreativas\" target=\"_blank\" rel=\"noopener noreferrer\">AQU\u00cd<\/a> o <a href=\"https:\/\/www.uclm.es\/misiones\/culturadeporte\/deporte\/actividadesdeportivas\" target=\"_blank\" rel=\"noopener noreferrer\">AQU\u00cd<\/a>)<\/li>\n<\/ul>\n<\/li>\n<li style=\"list-style-type: none\">\n<ul>\n<li><strong>Conferencias<\/strong> <em>online<\/em> curso 2020\/21 (<a href=\"https:\/\/www.youtube.com\/channel\/UCFAPs6YdBonCFSMY_VMKGCA\/videos\" target=\"_blank\" rel=\"noopener\">AQU\u00cd<\/a>)<\/li>\n<\/ul>\n<\/li>\n<li style=\"list-style-type: none\">\n<ul>\n<li>Redes sociales:\n<ul>\n<li><a href=\"https:\/\/www.facebook.com\/UclmSaramago\/\" target=\"_blank\" rel=\"noopener noreferrer\">Facebook<\/a> Programa Jos\u00e9 Saramago<\/li>\n<li><a href=\"https:\/\/es-es.facebook.com\/uclm.es\/?rf=112967375380800\" target=\"_blank\" rel=\"noopener\">Facebook<\/a> (UCLM)<\/li>\n<\/ul>\n<\/li>\n<\/ul>\n<\/li>\n<li style=\"list-style-type: none\">\n<ul>\n<li>Otros recursos (<a href=\"https:\/\/www.uclm.es\/Misiones\/LaUCLM\/Campus\/VidaCampus\" target=\"_blank\" rel=\"noopener noreferrer\">AQU\u00cd<\/a>)\n<ul>\n<li>Aprende lenguas en el campus (<a href=\"https:\/\/www.uclm.es\/Misiones\/Internacional\/Inmersion_Linguistica\/centro-de-lenguas\/Aprende\" target=\"_blank\" rel=\"noopener noreferrer\">AQU\u00cd<\/a>)<\/li>\n<li>UCLM saludable (<a href=\"https:\/\/www.uclm.es\/Misiones\/LaUCLM\/Institucional\/UCLMSaludable\" target=\"_blank\" rel=\"noopener noreferrer\">AQU\u00cd<\/a>)<\/li>\n<li>Inscripci\u00f3n en cursos y actividades. LEAD (<a href=\"https:\/\/lead.apps.uclm.es\/\" target=\"_blank\" rel=\"noopener noreferrer\">AQU\u00cd<\/a>)<\/li>\n<\/ul>\n<\/li>\n<\/ul>\n<\/li>\n<\/ul>\n<h1><span style=\"color: black\" data-darkreader-inline-color=\"\">ENLACE CENTRO DE ATENCI\u00d3N AL USUARIO (CAU)<\/span><\/h1>\n<ul>\n<li style=\"list-style-type: none\">\n<ul>\n<li>Si tienes problemas con el usuario ciudadano y\/o con los servicios TIC (<a href=\"https:\/\/cau.uclm.es\/\" target=\"_blank\" rel=\"noopener\">AQU\u00cd<\/a>)<\/li>\n<\/ul>\n<\/li>\n<\/ul>\n<p><strong>Si tienes cualquier duda o consulta, utiliza la p\u00e1gina de <a href=\"https:\/\/blog.uclm.es\/saramago-toledo\/contacto\/\" target=\"_blank\" rel=\"noopener\">Contacto<\/a><\/strong><\/p>\n","protected":false},"excerpt":{"rendered":"<p>ENLACES SOBRE EL USO DE LAS TECNOLOG\u00cdAS EN LA UCLM Gesti\u00f3n de mi cuenta de USUARIO CIUDADANO (UC): (AQU\u00cd) Instrucciones para la comprobaci\u00f3n de mi usuario ciudadano\u00a0(AQU\u00cd) Enlace para la creaci\u00f3n del USUARIO CIUDADANO: (AQU\u00cd) Instrucciones para la creaci\u00f3n del &hellip; <a href=\"https:\/\/blog.uclm.es\/saramago-toledo\/enlaces\/\">Sigue leyendo <span class=\"meta-nav\">&rarr;<\/span><\/a><\/p>\n","protected":false},"author":324,"featured_media":638,"parent":0,"menu_order":0,"comment_status":"closed","ping_status":"closed","template":"","meta":{"footnotes":""},"class_list":["post-372","page","type-page","status-publish","has-post-thumbnail","hentry"],"_links":{"self":[{"href":"https:\/\/blog.uclm.es\/saramago-toledo\/wp-json\/wp\/v2\/pages\/372","targetHints":{"allow":["GET"]}}],"collection":[{"href":"https:\/\/blog.uclm.es\/saramago-toledo\/wp-json\/wp\/v2\/pages"}],"about":[{"href":"https:\/\/blog.uclm.es\/saramago-toledo\/wp-json\/wp\/v2\/types\/page"}],"author":[{"embeddable":true,"href":"https:\/\/blog.uclm.es\/saramago-toledo\/wp-json\/wp\/v2\/users\/324"}],"replies":[{"embeddable":true,"href":"https:\/\/blog.uclm.es\/saramago-toledo\/wp-json\/wp\/v2\/comments?post=372"}],"version-history":[{"count":61,"href":"https:\/\/blog.uclm.es\/saramago-toledo\/wp-json\/wp\/v2\/pages\/372\/revisions"}],"predecessor-version":[{"id":3405,"href":"https:\/\/blog.uclm.es\/saramago-toledo\/wp-json\/wp\/v2\/pages\/372\/revisions\/3405"}],"wp:featuredmedia":[{"embeddable":true,"href":"https:\/\/blog.uclm.es\/saramago-toledo\/wp-json\/wp\/v2\/media\/638"}],"wp:attachment":[{"href":"https:\/\/blog.uclm.es\/saramago-toledo\/wp-json\/wp\/v2\/media?parent=372"}],"curies":[{"name":"wp","href":"https:\/\/api.w.org\/{rel}","templated":true}]}}