{"id":3410,"date":"2026-04-22T08:09:09","date_gmt":"2026-04-22T07:09:09","guid":{"rendered":"https:\/\/blog.uclm.es\/saramago-toledo\/?page_id=3410"},"modified":"2026-04-22T08:09:09","modified_gmt":"2026-04-22T07:09:09","slug":"instrucciones-para-comprobar-el-estado-de-la-matricula","status":"publish","type":"page","link":"https:\/\/blog.uclm.es\/saramago-toledo\/instrucciones-para-comprobar-el-estado-de-la-matricula\/","title":{"rendered":"Instrucciones para comprobar el estado de la matr\u00edcula"},"content":{"rendered":"\n<p>En este manual se muestran los pasos a seguir para comprobar la matriculaci\u00f3n de<br>los alumnos en los cursos programados y gestionados por la UCLM a trav\u00e9s de la<br>aplicaci\u00f3n LEAD.<\/p>\n\n\n\n<ul class=\"wp-block-list\">\n<li><strong>Paso 1: <\/strong>Acceder a LEAD: <a href=\"https:\/\/lead.apps.uclm.es\/\">https:\/\/lead.apps.uclm.es\/<\/a><\/li>\n\n\n\n<li><strong>Paso 2: <\/strong>Iniciar sesi\u00f3n pulsando en:<\/li>\n<\/ul>\n\n\n\n<figure class=\"wp-block-image size-full\"><img loading=\"lazy\" decoding=\"async\" width=\"618\" height=\"463\" src=\"https:\/\/blog.uclm.es\/saramago-toledo\/wp-content\/uploads\/sites\/206\/2026\/04\/Captura-de-pantalla-2026-04-22-090707.png\" alt=\"\" class=\"wp-image-3411\" srcset=\"https:\/\/blog.uclm.es\/saramago-toledo\/wp-content\/uploads\/sites\/206\/2026\/04\/Captura-de-pantalla-2026-04-22-090707.png 618w, https:\/\/blog.uclm.es\/saramago-toledo\/wp-content\/uploads\/sites\/206\/2026\/04\/Captura-de-pantalla-2026-04-22-090707-300x225.png 300w, https:\/\/blog.uclm.es\/saramago-toledo\/wp-content\/uploads\/sites\/206\/2026\/04\/Captura-de-pantalla-2026-04-22-090707-400x300.png 400w\" sizes=\"auto, (max-width: 618px) 100vw, 618px\" \/><\/figure>\n\n\n\n<ul class=\"wp-block-list\">\n<li><strong>Paso 3:<\/strong> Una vez hemos entrado en nuestro perfil, pulsamos en \u201cMis solicitudes\u201d:<\/li>\n<\/ul>\n\n\n\n<figure class=\"wp-block-image size-full\"><img loading=\"lazy\" decoding=\"async\" width=\"363\" height=\"215\" src=\"https:\/\/blog.uclm.es\/saramago-toledo\/wp-content\/uploads\/sites\/206\/2026\/04\/Captura-de-pantalla-2026-04-22-090746.png\" alt=\"\" class=\"wp-image-3412\" srcset=\"https:\/\/blog.uclm.es\/saramago-toledo\/wp-content\/uploads\/sites\/206\/2026\/04\/Captura-de-pantalla-2026-04-22-090746.png 363w, https:\/\/blog.uclm.es\/saramago-toledo\/wp-content\/uploads\/sites\/206\/2026\/04\/Captura-de-pantalla-2026-04-22-090746-300x178.png 300w\" sizes=\"auto, (max-width: 363px) 100vw, 363px\" \/><\/figure>\n\n\n\n<ul class=\"wp-block-list\">\n<li><strong>Paso 4: <\/strong>Aparecer\u00e1 una pantalla con todos los cursos a los que nos hemos inscrito y un cuadro de colores diferentes que indica el estado en el que se encuentra:<\/li>\n<\/ul>\n\n\n\n<figure class=\"wp-block-image size-full\"><img loading=\"lazy\" decoding=\"async\" width=\"586\" height=\"344\" src=\"https:\/\/blog.uclm.es\/saramago-toledo\/wp-content\/uploads\/sites\/206\/2026\/04\/Captura-de-pantalla-2026-04-22-090822.png\" alt=\"\" class=\"wp-image-3413\" srcset=\"https:\/\/blog.uclm.es\/saramago-toledo\/wp-content\/uploads\/sites\/206\/2026\/04\/Captura-de-pantalla-2026-04-22-090822.png 586w, https:\/\/blog.uclm.es\/saramago-toledo\/wp-content\/uploads\/sites\/206\/2026\/04\/Captura-de-pantalla-2026-04-22-090822-300x176.png 300w, https:\/\/blog.uclm.es\/saramago-toledo\/wp-content\/uploads\/sites\/206\/2026\/04\/Captura-de-pantalla-2026-04-22-090822-500x294.png 500w\" sizes=\"auto, (max-width: 586px) 100vw, 586px\" \/><\/figure>\n\n\n\n<p>Los posibles estados son: <\/p>\n\n\n\n<ul class=\"wp-block-list\">\n<li><strong>Pendiente de revisi\u00f3n: <\/strong>La documentaci\u00f3n a\u00fan no ha sido revisada.<\/li>\n\n\n\n<li><strong>Pendiente de documentaci\u00f3n:<\/strong> Se ha revisado la solicitud y se notific\u00f3<br>la falta de documentaci\u00f3n.<\/li>\n\n\n\n<li><strong>Pendiente de validad pago<\/strong>.<\/li>\n\n\n\n<li><strong>Preinscripci\u00f3n reservada:<\/strong> Ha sido validada pero no tiene plaza.<\/li>\n\n\n\n<li><strong>Validada: <\/strong>La solicitud ha sido revisada y ser\u00e1 considerada en el proceso.<\/li>\n\n\n\n<li><strong>Admitida:<\/strong> Has sido adjudicada plaza en el proceso de admisi\u00f3n.<\/li>\n\n\n\n<li><strong>Excluida: <\/strong>No has obtenido plaza en el proceso de admisi\u00f3n.<\/li>\n\n\n\n<li><strong>Anulada: <\/strong>Se ha anulado por parte del gestor.<\/li>\n\n\n\n<li><strong>Borrador:<\/strong> A\u00fan no ha sido presentada.<\/li>\n<\/ul>\n\n\n\n<p>Colocando el cursor encima del cuadro puede ver en qu\u00e9 estado se encuentra<br>exactamente:<\/p>\n\n\n\n<figure class=\"wp-block-image size-full\"><img loading=\"lazy\" decoding=\"async\" width=\"378\" height=\"198\" src=\"https:\/\/blog.uclm.es\/saramago-toledo\/wp-content\/uploads\/sites\/206\/2026\/04\/Captura-de-pantalla-2026-04-22-090850.png\" alt=\"\" class=\"wp-image-3414\" srcset=\"https:\/\/blog.uclm.es\/saramago-toledo\/wp-content\/uploads\/sites\/206\/2026\/04\/Captura-de-pantalla-2026-04-22-090850.png 378w, https:\/\/blog.uclm.es\/saramago-toledo\/wp-content\/uploads\/sites\/206\/2026\/04\/Captura-de-pantalla-2026-04-22-090850-300x157.png 300w\" sizes=\"auto, (max-width: 378px) 100vw, 378px\" \/><\/figure>\n","protected":false},"excerpt":{"rendered":"<p>En este manual se muestran los pasos a seguir para comprobar la matriculaci\u00f3n delos alumnos en los cursos programados y gestionados por la UCLM a trav\u00e9s de laaplicaci\u00f3n LEAD. Los posibles estados son: Colocando el cursor encima del cuadro puede &hellip; <a href=\"https:\/\/blog.uclm.es\/saramago-toledo\/instrucciones-para-comprobar-el-estado-de-la-matricula\/\">Sigue leyendo <span class=\"meta-nav\">&rarr;<\/span><\/a><\/p>\n","protected":false},"author":507,"featured_media":0,"parent":0,"menu_order":0,"comment_status":"closed","ping_status":"closed","template":"","meta":{"footnotes":""},"class_list":["post-3410","page","type-page","status-publish","hentry"],"_links":{"self":[{"href":"https:\/\/blog.uclm.es\/saramago-toledo\/wp-json\/wp\/v2\/pages\/3410","targetHints":{"allow":["GET"]}}],"collection":[{"href":"https:\/\/blog.uclm.es\/saramago-toledo\/wp-json\/wp\/v2\/pages"}],"about":[{"href":"https:\/\/blog.uclm.es\/saramago-toledo\/wp-json\/wp\/v2\/types\/page"}],"author":[{"embeddable":true,"href":"https:\/\/blog.uclm.es\/saramago-toledo\/wp-json\/wp\/v2\/users\/507"}],"replies":[{"embeddable":true,"href":"https:\/\/blog.uclm.es\/saramago-toledo\/wp-json\/wp\/v2\/comments?post=3410"}],"version-history":[{"count":1,"href":"https:\/\/blog.uclm.es\/saramago-toledo\/wp-json\/wp\/v2\/pages\/3410\/revisions"}],"predecessor-version":[{"id":3415,"href":"https:\/\/blog.uclm.es\/saramago-toledo\/wp-json\/wp\/v2\/pages\/3410\/revisions\/3415"}],"wp:attachment":[{"href":"https:\/\/blog.uclm.es\/saramago-toledo\/wp-json\/wp\/v2\/media?parent=3410"}],"curies":[{"name":"wp","href":"https:\/\/api.w.org\/{rel}","templated":true}]}}