{"id":2967,"date":"2025-07-24T18:29:18","date_gmt":"2025-07-24T17:29:18","guid":{"rendered":"https:\/\/blog.uclm.es\/saramago-toledo\/?page_id=2967"},"modified":"2025-10-09T18:14:28","modified_gmt":"2025-10-09T17:14:28","slug":"curso-2025-26","status":"publish","type":"page","link":"https:\/\/blog.uclm.es\/saramago-toledo\/curso-2025-26\/","title":{"rendered":"Curso 2025-26"},"content":{"rendered":"\n<h1 class=\"wp-block-heading\"><span data-darkreader-inline-color=\"\" style=\"color: #008080\"><strong>INFORMACI\u00d3N B\u00c1SICA<\/strong><\/span><\/h1>\n\n\n\n<ul class=\"wp-block-list\">\n<li>Las clases del Programa son en calidad de <strong>oyentes<\/strong>.<\/li>\n\n\n\n<li><strong>Periodo de clases:<\/strong>\n<ul class=\"wp-block-list\">\n<li><strong>Primer <\/strong>cuatrimestre: 13 de octubre a enero.<\/li>\n\n\n\n<li><strong>Segundo <\/strong>cuatrimestre: 2 de febrero al 15 de mayo.<\/li>\n<\/ul>\n<\/li>\n\n\n\n<li><strong>Lugar de impartici\u00f3n de los ciclos Espec\u00edfico y Actualizaci\u00f3n:<\/strong> Campus de la F\u00e1brica de Armas.<\/li>\n\n\n\n<li><strong>Dedicaci\u00f3n<\/strong>: 4,5 horas\/semana durante 26 o 27 semanas (120 h. por curso aproximadamente).<\/li>\n\n\n\n<li><strong>Tasas<\/strong>: 144\u20ac de tasas de matr\u00edcula anual + 7,77\u20ac de seguro obligatorio (pago \u00fanico: 151,77\u20ac).<\/li>\n<\/ul>\n\n\n\n<p><span data-darkreader-inline-color=\"\" style=\"color: #008080\"><strong>REQUISITOS DE MATRICULACI\u00d3N<\/strong><\/span><\/p>\n\n\n\n<ul class=\"wp-block-list\">\n<li>Es imprescindible disponer y manejar un <strong>correo electr\u00f3nico personal<\/strong> y la creaci\u00f3n del <strong>usuario ciudadano<\/strong> UCLM (<a href=\"https:\/\/cuentas.apps.uclm.es\/altaCuenta\">enlace para creaci\u00f3n AQU\u00cd<\/a>) (<a href=\"https:\/\/blog.uclm.es\/saramago-toledo\/instrucciones-creacion-de-usuario-uclm\/\">Instrucciones AQU\u00cd<\/a>).<\/li>\n\n\n\n<li>Se debe tener la matr\u00edcula realizada y abonada antes de la incorporaci\u00f3n a las actividades.<\/li>\n\n\n\n<li>El estudiantado se compromete a respetar las siguientes <strong>normas<\/strong>: <a href=\"https:\/\/blog.uclm.es\/saramago-toledo\/normas\/\" data-type=\"page\" data-id=\"2510\" target=\"_blank\" rel=\"noreferrer noopener\">AQU\u00cd<\/a>.<\/li>\n<\/ul>\n\n\n\n<p>Para la matriculaci\u00f3n en los diferentes cursos, estos son los requisitos:<\/p>\n\n\n\n<ul class=\"wp-block-list\">\n<li><strong>1\u00ba Ciclo Espec\u00edfico<\/strong>: Cumplir 50 a\u00f1os durante el presente a\u00f1o.&nbsp;Se ha de realizar una preinscripci\u00f3n y se priorizar\u00e1 el acceso para los siguientes casos (<strong>Nuevo alumnado<\/strong>):\n<ul class=\"wp-block-list\">\n<li>Personal jubilado de la UCLM (m\u00e1ximo 5% plazas).<\/li>\n\n\n\n<li>Mayores de 65 a\u00f1os y pensionistas con incapacidad absoluta (se solicitar\u00e1 el certificado de reconocimiento cuando sea menor de 65 a\u00f1os).<\/li>\n\n\n\n<li>Resto de personas interesadas mayores de 50 a\u00f1os.<\/li>\n\n\n\n<li>En cada uno de los colectivos anteriores se priorizar\u00e1 a las personas de mayor edad y se tomar\u00e1 en consideraci\u00f3n los requisitos a 30 de septiembre.<\/li>\n<\/ul>\n<\/li>\n\n\n\n<li><strong>2\u00ba, 3\u00ba y 4\u00ba Ciclo Espec\u00edfico<\/strong>: Los alumnos podr\u00e1n matricularse en el curso siguiente del que han estado matriculados en el curso&nbsp;<strong>2024\/25<\/strong>.<\/li>\n\n\n\n<li><strong>Ciclo Integrado&nbsp;<\/strong>y&nbsp;<strong>Ciclo Actualizaci\u00f3n<\/strong>: Haber estado matriculado en 4\u00ba curso del Ciclo Espec\u00edfico o en el Ciclo Integrado o Ciclo Actualizaci\u00f3n durante el curso 2024\/25.<\/li>\n<\/ul>\n\n\n\n<p><span data-darkreader-inline-color=\"\" style=\"color: #008080\"><strong>LUGAR DE INSCRIPCI\u00d3N Y MATRICULACI\u00d3N<\/strong><\/span><\/p>\n\n\n\n<ul class=\"wp-block-list\">\n<li><strong>ONLINE <\/strong><a href=\"https:\/\/lead.apps.uclm.es\/actividadesavanzado\/categoria\/11\">Enlace AQU\u00cd<\/a> (preferentemente) (<a href=\"https:\/\/blog.uclm.es\/saramago-toledo\/instrucciones\/\" target=\"_blank\" rel=\"noreferrer noopener\">Instrucciones AQU<\/a>\u00cd).<\/li>\n\n\n\n<li>Despacho de Extensi\u00f3n Universitaria, F\u00e1brica de Armas (lunes a viernes de 9 a 14 h.).<\/li>\n\n\n\n<li>Despacho del Programa en Lorenzana (lunes a jueves de 10 a 14 h.).<\/li>\n<\/ul>\n\n\n\n<p><span data-darkreader-inline-color=\"\" style=\"color: #008080\"><strong>FECHAS DE INSCRIPCI\u00d3N Y MATRICULACI\u00d3N<\/strong><\/span><\/p>\n\n\n\n<ul class=\"wp-block-list\">\n<li><strong>1\u00ba Ciclo Espec\u00edfico<\/strong> (<strong><em><mark class=\"has-inline-color has-blue-color\">Nuevo alumnado<\/mark><\/em><\/strong>):\n<ul class=\"wp-block-list\">\n<li><strong>Preinscripci\u00f3n<\/strong>: del 1 al 9 de septiembre (<a href=\"https:\/\/lead.apps.uclm.es\/actividadesavanzado\/categoria\/11\">Enlace online AQU\u00cd<\/a>) (<a href=\"https:\/\/blog.uclm.es\/saramago-toledo\/instrucciones\/\" target=\"_blank\" rel=\"noreferrer noopener\">Instrucciones AQU<\/a>\u00cd).\n<ul class=\"wp-block-list\">\n<li><strong>Listado provisional orden de admisi\u00f3n<\/strong>: 10 de septiembre. <strong>Se dispone de 80 plazas<\/strong>.<\/li>\n\n\n\n<li><strong>Reclamaciones <\/strong>al listado anterior: 11 y 12 de septiembre (a trav\u00e9s de saramago@uclm.es o presencialmente en los despachos de inscripci\u00f3n y matriculaci\u00f3n).<\/li>\n\n\n\n<li><strong>Listado definitivo<\/strong> de admitidos.<strong> <a href=\"https:\/\/www.uclm.es\/-\/media\/Files\/A01-Asistencia-Direccion\/A01-130-Vicerrectorado-Cultura\/PDFExtensionUniversitaria\/UnivMayoresJoseSaramago\/Curso-2025-26\/TO\/Listado_admision_definitivo.ashx?la=es\" target=\"_blank\" rel=\"noreferrer noopener\">Ver AQU\u00cd<\/a> <\/strong><\/li>\n<\/ul>\n<\/li>\n\n\n\n<li><strong>Matr\u00edcula<\/strong>: 17 al 19 de septiembre.<\/li>\n\n\n\n<li>TODAS LAS PLAZAS EST\u00c1N CUBIERTAS<\/li>\n<\/ul>\n<\/li>\n\n\n\n<li><strong>2\u00ba a 4\u00ba del Ciclo Espec\u00edfico<\/strong>: Hasta el 17 de octubre.<\/li>\n\n\n\n<li><strong>Ciclo Actualizado<\/strong>: \n<ul class=\"wp-block-list\">\n<li><strong>Matr\u00edcula<\/strong>: Hasta el 17 de octubre.<\/li>\n<\/ul>\n<\/li>\n\n\n\n<li><strong>Ciclo Integrado<\/strong>:\n<ul class=\"wp-block-list\">\n<li><strong>Matr\u00edcula: <\/strong>Del 11 al 19 de septiembre.<\/li>\n<\/ul>\n<\/li>\n<\/ul>\n\n\n\n\n\n<p><span data-darkreader-inline-color=\"\" style=\"color: #008080\"><strong>SOBRE ASIGNATURAS Y HORARIOS<\/strong><\/span><\/p>\n\n\n\n<p>Las asignaturas y horarios publicados para el curso 2025\/26 pueden sufrir alg\u00fan cambio de \u00faltima hora.<\/p>\n\n\n\n<p><span data-darkreader-inline-color=\"\" style=\"color: #008080\"><strong>Se puede solicitar M\u00c1S INFORMACI\u00d3N SOBRE EL PROGRAMA por las v\u00edas especificadas en la secci\u00f3n de CONTACTO<\/strong><\/span><strong><span data-darkreader-inline-color=\"\" style=\"color: #008080\"> de este blog<\/span>.<\/strong><\/p>\n\n\n\n<p><strong>IMPORTANTE<\/strong>:&nbsp;<em>La organizaci\u00f3n se reserva el derecho a realizar cualquier cambio si fuera necesario.<\/em><\/p>\n","protected":false},"excerpt":{"rendered":"<p>INFORMACI\u00d3N B\u00c1SICA REQUISITOS DE MATRICULACI\u00d3N Para la matriculaci\u00f3n en los diferentes cursos, estos son los requisitos: LUGAR DE INSCRIPCI\u00d3N Y MATRICULACI\u00d3N FECHAS DE INSCRIPCI\u00d3N Y MATRICULACI\u00d3N SOBRE ASIGNATURAS Y HORARIOS Las asignaturas y horarios publicados para el curso 2025\/26 pueden &hellip; <a href=\"https:\/\/blog.uclm.es\/saramago-toledo\/curso-2025-26\/\">Sigue leyendo <span class=\"meta-nav\">&rarr;<\/span><\/a><\/p>\n","protected":false},"author":324,"featured_media":0,"parent":0,"menu_order":0,"comment_status":"closed","ping_status":"closed","template":"","meta":{"footnotes":""},"class_list":["post-2967","page","type-page","status-publish","hentry"],"_links":{"self":[{"href":"https:\/\/blog.uclm.es\/saramago-toledo\/wp-json\/wp\/v2\/pages\/2967","targetHints":{"allow":["GET"]}}],"collection":[{"href":"https:\/\/blog.uclm.es\/saramago-toledo\/wp-json\/wp\/v2\/pages"}],"about":[{"href":"https:\/\/blog.uclm.es\/saramago-toledo\/wp-json\/wp\/v2\/types\/page"}],"author":[{"embeddable":true,"href":"https:\/\/blog.uclm.es\/saramago-toledo\/wp-json\/wp\/v2\/users\/324"}],"replies":[{"embeddable":true,"href":"https:\/\/blog.uclm.es\/saramago-toledo\/wp-json\/wp\/v2\/comments?post=2967"}],"version-history":[{"count":51,"href":"https:\/\/blog.uclm.es\/saramago-toledo\/wp-json\/wp\/v2\/pages\/2967\/revisions"}],"predecessor-version":[{"id":3182,"href":"https:\/\/blog.uclm.es\/saramago-toledo\/wp-json\/wp\/v2\/pages\/2967\/revisions\/3182"}],"wp:attachment":[{"href":"https:\/\/blog.uclm.es\/saramago-toledo\/wp-json\/wp\/v2\/media?parent=2967"}],"curies":[{"name":"wp","href":"https:\/\/api.w.org\/{rel}","templated":true}]}}