{"id":2516,"date":"2024-07-25T11:26:33","date_gmt":"2024-07-25T10:26:33","guid":{"rendered":"https:\/\/blog.uclm.es\/saramago-toledo\/?page_id=2516"},"modified":"2025-10-16T13:07:41","modified_gmt":"2025-10-16T12:07:41","slug":"horarios-2025-26","status":"publish","type":"page","link":"https:\/\/blog.uclm.es\/saramago-toledo\/horarios-2025-26\/","title":{"rendered":"Horarios 2025-26"},"content":{"rendered":"\n<ul class=\"wp-block-list\">\n<li>Horarios <strong>1\u00ba cuatrimestre<\/strong> (13 de octubre al 22 de enero): <a href=\"https:\/\/blog.uclm.es\/saramago-toledo\/horario-primer-cuatrimestre\/\" data-type=\"page\" data-id=\"1447\" target=\"_blank\" rel=\"noreferrer noopener\">AQU\u00cd<\/a><\/li>\n<\/ul>\n\n\n\n<ul class=\"wp-block-list\">\n<li>Horarios <strong>2\u00ba cuatrimestre<\/strong> (2 de febrero al 15 de mayo): <a href=\"https:\/\/blog.uclm.es\/saramago-toledo\/horarios-segundo-cuatrimestre\/\" data-type=\"page\" data-id=\"2688\" target=\"_blank\" rel=\"noreferrer noopener\">AQU\u00cd<\/a><\/li>\n<\/ul>\n\n\n\n<p><strong>Ubicaci\u00f3n <\/strong>de aulas de inter\u00e9s en el&nbsp;<strong>Campus de la F\u00e1brica de Armas de Toledo<\/strong>:<\/p>\n\n\n\n<figure class=\"wp-block-image size-full\"><img loading=\"lazy\" decoding=\"async\" width=\"970\" height=\"695\" src=\"https:\/\/blog.uclm.es\/saramago-toledo\/wp-content\/uploads\/sites\/206\/2025\/10\/image.png\" alt=\"\" class=\"wp-image-3184\" srcset=\"https:\/\/blog.uclm.es\/saramago-toledo\/wp-content\/uploads\/sites\/206\/2025\/10\/image.png 970w, https:\/\/blog.uclm.es\/saramago-toledo\/wp-content\/uploads\/sites\/206\/2025\/10\/image-300x215.png 300w, https:\/\/blog.uclm.es\/saramago-toledo\/wp-content\/uploads\/sites\/206\/2025\/10\/image-768x550.png 768w, https:\/\/blog.uclm.es\/saramago-toledo\/wp-content\/uploads\/sites\/206\/2025\/10\/image-419x300.png 419w\" sizes=\"auto, (max-width: 970px) 100vw, 970px\" \/><\/figure>\n","protected":false},"excerpt":{"rendered":"<p>Ubicaci\u00f3n de aulas de inter\u00e9s en el&nbsp;Campus de la F\u00e1brica de Armas de Toledo:<\/p>\n","protected":false},"author":324,"featured_media":0,"parent":0,"menu_order":0,"comment_status":"closed","ping_status":"closed","template":"","meta":{"footnotes":""},"class_list":["post-2516","page","type-page","status-publish","hentry"],"_links":{"self":[{"href":"https:\/\/blog.uclm.es\/saramago-toledo\/wp-json\/wp\/v2\/pages\/2516","targetHints":{"allow":["GET"]}}],"collection":[{"href":"https:\/\/blog.uclm.es\/saramago-toledo\/wp-json\/wp\/v2\/pages"}],"about":[{"href":"https:\/\/blog.uclm.es\/saramago-toledo\/wp-json\/wp\/v2\/types\/page"}],"author":[{"embeddable":true,"href":"https:\/\/blog.uclm.es\/saramago-toledo\/wp-json\/wp\/v2\/users\/324"}],"replies":[{"embeddable":true,"href":"https:\/\/blog.uclm.es\/saramago-toledo\/wp-json\/wp\/v2\/comments?post=2516"}],"version-history":[{"count":13,"href":"https:\/\/blog.uclm.es\/saramago-toledo\/wp-json\/wp\/v2\/pages\/2516\/revisions"}],"predecessor-version":[{"id":3185,"href":"https:\/\/blog.uclm.es\/saramago-toledo\/wp-json\/wp\/v2\/pages\/2516\/revisions\/3185"}],"wp:attachment":[{"href":"https:\/\/blog.uclm.es\/saramago-toledo\/wp-json\/wp\/v2\/media?parent=2516"}],"curies":[{"name":"wp","href":"https:\/\/api.w.org\/{rel}","templated":true}]}}