{"id":1749,"date":"2023-05-09T17:51:38","date_gmt":"2023-05-09T16:51:38","guid":{"rendered":"https:\/\/blog.uclm.es\/saramago-toledo\/?page_id=1749"},"modified":"2025-02-24T20:11:43","modified_gmt":"2025-02-24T19:11:43","slug":"20-aniversario","status":"publish","type":"page","link":"https:\/\/blog.uclm.es\/saramago-toledo\/20-aniversario\/","title":{"rendered":"20\u00baANIVERSARIO"},"content":{"rendered":"\n<p>En 1973 naci\u00f3 la primera <strong>Universidad de Mayores<\/strong> en Toulouse (Francia).<\/p>\n\n\n\n<p>En 1999 se empez\u00f3 a gestar la <strong>Universidad de Mayores Jos\u00e9 Saramago<\/strong> de la <strong>Universidad de Castilla-La Mancha<\/strong> gracias a la profesora Dra. D\u00f1a. <strong>Rosa M\u00aa Mar\u00ed Ytarte<\/strong>, en el campus de Talavera de la Reina. Y fue durante el curso 2001-02 cuando empez\u00f3 a funcionar en esta ciudad. Nuestro programa se incluy\u00f3 dentro del vicerrectorado correspondiente al \u00e1rea de extensi\u00f3n universitaria, hoy d\u00eda denominado Vicerrectorado de Cultura, Deportes y Responsabilidad Social.<\/p>\n\n\n<div class=\"wp-block-image\">\n<figure class=\"aligncenter size-full is-resized\"><img loading=\"lazy\" decoding=\"async\" width=\"544\" height=\"322\" src=\"https:\/\/blog.uclm.es\/saramago-toledo\/wp-content\/uploads\/sites\/206\/2023\/05\/image.png\" alt=\"\" class=\"wp-image-1750\" style=\"width:240px;height:143px\" srcset=\"https:\/\/blog.uclm.es\/saramago-toledo\/wp-content\/uploads\/sites\/206\/2023\/05\/image.png 544w, https:\/\/blog.uclm.es\/saramago-toledo\/wp-content\/uploads\/sites\/206\/2023\/05\/image-300x178.png 300w, https:\/\/blog.uclm.es\/saramago-toledo\/wp-content\/uploads\/sites\/206\/2023\/05\/image-500x296.png 500w\" sizes=\"auto, (max-width: 544px) 100vw, 544px\" \/><figcaption class=\"wp-element-caption\">Primer logo del programa en la Universidad de Castilla-La Mancha<\/figcaption><\/figure>\n<\/div>\n\n\n<p>Al poco tiempo se propuso al profesor <strong>D. Juan Estanislao L\u00f3pez G\u00f3mez<\/strong> la puesta en funcionamiento de la Universidad de Mayores en el campus de <strong>Toledo<\/strong>, que empez\u00f3 su andadura en el curso <strong>2002-03<\/strong>. Dicho profesor fue su coordinador durante aproximadamente diez a\u00f1os.<\/p>\n\n\n<div class=\"wp-block-image\">\n<figure class=\"aligncenter size-full is-resized\"><img loading=\"lazy\" decoding=\"async\" width=\"558\" height=\"358\" src=\"https:\/\/blog.uclm.es\/saramago-toledo\/wp-content\/uploads\/sites\/206\/2023\/05\/image-1.png\" alt=\"\" class=\"wp-image-1751\" style=\"width:408px;height:264px\" srcset=\"https:\/\/blog.uclm.es\/saramago-toledo\/wp-content\/uploads\/sites\/206\/2023\/05\/image-1.png 558w, https:\/\/blog.uclm.es\/saramago-toledo\/wp-content\/uploads\/sites\/206\/2023\/05\/image-1-300x192.png 300w, https:\/\/blog.uclm.es\/saramago-toledo\/wp-content\/uploads\/sites\/206\/2023\/05\/image-1-468x300.png 468w\" sizes=\"auto, (max-width: 558px) 100vw, 558px\" \/><figcaption class=\"wp-element-caption\">Inauguraci\u00f3n del primer curso acad\u00e9mico de la Universidad de Mayores en Toledo. <\/figcaption><\/figure>\n<\/div>\n\n\n<p>En 2012 el profesor <strong>D. Miguel \u00c1ngel Pacheco Rodr\u00edguez<\/strong> tom\u00f3 las riendas de la coordinaci\u00f3n durante unos 9 meses hasta pasar el testigo a la profesora <strong>D\u00f1a. Mar\u00eda Yolanda Salinero Mart\u00edn<\/strong> que trabaj\u00f3 en ella hasta septiembre de 2018. Fue en el curso acad\u00e9mico 2017-18 cuando, a petici\u00f3n de los alumnos, se cambi\u00f3 la denominaci\u00f3n del Programa, llam\u00e1ndose desde entonces <strong>Programa Universitario Jos\u00e9 Saramago 50 Plus<\/strong>, renovando tambi\u00e9n su logotipo, al que conocemos en la actualidad. A partir de octubre de 2018 a la actualidad, es <strong>D\u00f1a. Encarnaci\u00f3n M\u00aa Moyano \u00c1vila<\/strong> quien coordina el Programa en Toledo.<\/p>\n\n\n\n<p>Nuestro Programa ha sido clave en el nacimiento de innumerables historias. Por eso, para celebrar sus 20 a\u00f1os de existencia, no hay mejor homenaje que compartir las experiencias de nuestro alumnado, su verdadero protagonista.<\/p>\n\n\n\n<p>A continuaci\u00f3n, presentamos una recopilaci\u00f3n an\u00f3nima de algunas de estas historias, recogidas y proporcionadas por la profesora D\u00f1a. Elvira Alonso, a quien le agradecemos que nos las haya hecho llegar:<\/p>\n\n\n\n<ul class=\"wp-block-list\">\n<li>\u00ab<em>Despu\u00e9s de 5 a\u00f1os muy duros en mi vida, quise pasar p\u00e1gina&nbsp;y relacionarme, ilusionarme&nbsp;y sobre todo, aprender de los profesores que&nbsp;me proporcionaba la Universidad y adem\u00e1s de los compa\u00f1eros. Y as\u00ed ha sido y sigue siendo. Me siento felizmente realizada en la Universidad. Me ha aportado much\u00edsimo a nivel personal, ilusi\u00f3n por aprender, por&nbsp;salir, por conocer gente. A nivel acad\u00e9mico me ha aportado conocimientos muy diversos que nunca me hubiera imaginado podr\u00eda aprender: nutrici\u00f3n, m\u00fasica. filosof\u00eda, midfulness, &#8230;&nbsp; A nivel humano he conocido a mucha gente en mis mismas o parecidas circunstancias, con las que he entablado&nbsp;muy buenas relaciones de amistad, que a pesar de los a\u00f1os perduran. Recomendable 100%. Es algo muy positivo. A todo el mundo se lo recomiendo, porque la Universidad me cambi\u00f3 totalmente la vida.<\/em>\u00ab<\/li>\n\n\n\n<li><\/li>\n\n\n\n<li>\u00ab<em>Cuando decido matricularme, no se me pasa por la cabeza el empatizar. A m\u00ed, lo que me mueve a dar este paso es que quiero seguir sabiendo, conociendo, por qu\u00e9 no: \u201cseguir educ\u00e1ndome\u201d porque con la jubilaci\u00f3n yo no doy por amortizada mi vida, no. Es un cambio, un nuevo ciclo de vida que sigue necesitando formaci\u00f3n. A m\u00ed, como a casi todos, educacionalmente se nos quedaron muchas cosas en el camino que no aprendimos y este era y es el momento. Yo quiero seguir aprendiendo. Y he tenido la suerte que he dado con docentes que no solamente me han ense\u00f1ado m\u00e1s Literatura, m\u00e1s Historia del Arte, m\u00e1s historia de Espa\u00f1a, m\u00e1s Filosof\u00eda, m\u00e1s Inform\u00e1tica, Econom\u00eda\u2026 sino que me lo han transmitido de otra forma y, sobre todo, me han mostrado que hay otras formas de ver y entender la ense\u00f1anza.<\/em>\u00ab<\/li>\n\n\n\n<li><\/li>\n\n\n\n<li>\u00ab<em>Creo que se han cumplido todas las perspectivas que me plante\u00e9 al efectuar la matr\u00edcula: me encontr\u00e9 con un mundo de conocimientos que no ten\u00eda a nivel acad\u00e9mico y en cuanto a nivel personal,&nbsp; el trato con toda clase de personas y de muy diferente estatus. Es posible que debido a mi condici\u00f3n de delegado de curso, el trato ha sido m\u00e1s completo al tener que ser el puente entre compa\u00f1eros, compa\u00f1eros-profesores y viceversa. Entre compa\u00f1eros y universidad y viceversa, as\u00ed como realizar labores de representaci\u00f3n que me han abierto puertas que en otras circunstancias no se hubiesen dado. En definitiva una crecimiento como persona<\/em>.\u00bb<\/li>\n\n\n\n<li><\/li>\n\n\n\n<li>\u00ab<em>Me matricul\u00e9 en la Universidad Jos\u00e9 Saramago cuando me jubil\u00e9. He tenido una vida laboral muy activa y tem\u00eda que cuando esta etapa se acabara, encontrar\u00eda un vac\u00edo que deb\u00eda llenar con actividades que me agradaran y por supuesto me motivaran. Siempre me ha gustado estudiar y pensaba que cuando llegara la jubilaci\u00f3n terminar\u00eda la carrera que hab\u00eda dejado a medias, pero cuando lleg\u00f3 el momento, opt\u00e9 por opci\u00f3n de esta Universidad porque no me seduc\u00eda la perspectiva de los ex\u00e1menes. En ella he encontrado un buen ambiente entre los compa\u00f1eros, y sobre todo me he puesto, de nuevo, en contacto con la cultura. Me est\u00e1 viniendo muy bien recordar muchas cosas que hab\u00eda olvidado y aprender otras nuevas. En general, las asignaturas son interesantes y los profesores, adem\u00e1s de competentes, nos hacen las clases muy amenas. Considero que, esta iniciativa es todo un \u00e9xito<\/em>.\u00bb<\/li>\n\n\n\n<li><\/li>\n\n\n\n<li>\u00ab<em>Me inscrib\u00ed por mi situaci\u00f3n personal, mi objetivo ha sido siempre mantenerme en contacto con la cultura, me he movido siempre con muchas ganas de saber, de aprender, y consider\u00e9 que \u00e9sta era una buena manera de conseguir mis expectativas.&nbsp;He conseguido aprender mucho sobre materias que me gustan y he descubierto que sin presiones de ex\u00e1menes, asistencias y de manera muy distendida he sentido mucho m\u00e1s inter\u00e9s que cuando me obligaba. Por otro lado, he descubierto mucho de esta ciudad y me ha permitido socializar y conocer mucha gente, ampliando mi c\u00edrculo de buenas amistades. Resumiendo, me ha aportado nuevas vivencias y experiencias muy POSITIVAS, no dudar\u00eda en recomendarlo.<\/em>\u00ab<\/li>\n\n\n\n<li><\/li>\n\n\n\n<li>\u00ab<em>Me inscrib\u00ed en el programa Saramago porque al jubilarme ten\u00eda un mont\u00f3n de&nbsp;tiempo libre, y la mejor manera de llenarlo me pareci\u00f3 que era seguir aprendiendo sin presi\u00f3n y conocer gente&nbsp;con intereses parecidos con la que pudiera relacionarme. Lo que encontr\u00e9 fue mejor de lo que esperaba, porque&nbsp;los profesores se implican de verdad, los temas son siempre interesante y nos toman en serio, lo que agradecemos sinceramente.&nbsp;Nos han ofrecido actividades culturales muy interesantes, y adem\u00e1s&nbsp;hemos hecho amistades, lo que mejora nuestra calidad de vida y nos da un motivo para&nbsp;tener ilusi\u00f3n y seguir activos. Tengo que decir que me encanta el programa&nbsp;y pienso seguir muchos a\u00f1os en \u00e9l<\/em>.\u00bb<\/li>\n\n\n\n<li><\/li>\n\n\n\n<li>\u00ab<em>Yo siempre he tenido inter\u00e9s por conocer, as\u00ed que cuando termin\u00e9 mi vida laboral pens\u00e9 que ser\u00eda una forma enriquecedora de ocupar mi tiempo libre, mantenerme activo mentalmente y tener una relaci\u00f3n social activa con personas de mi edad y con intereses culturales. Tambi\u00e9n me atra\u00eda apreciar el \u00abambiente\u00bb universitario, c\u00f3mo se mov\u00edan los estudios de las nuevas generaciones. Mis expectativas se han visto bastante satisfechas: he establecido muy buenas relaciones con muchos compa\u00f1eros, el trato y atenci\u00f3n del profesorado me ha parecido exquisito, me ha permitido acceder a diversos servicios de la Universidad y he podido aprender y enriquecerme culturalmente.<\/em>\u00ab<\/li>\n<\/ul>\n\n\n\n<p><\/p>\n\n\n\n<p>No me queda sino agradecer a todas aquellas personas, incluyendo a nuestro profesorado y alumnado, gestores, personal de administraci\u00f3n y servicios y becarios\/as, que durante estos 20 a\u00f1os han aportado su esfuerzo y trabajo para que nuestro Programa haya llegado hasta 2023 proporcionando conocimientos y experiencias a quienes que se han acercado a nuestras aulas.<\/p>\n\n\n\n<p>E. Moyano. <\/p>\n","protected":false},"excerpt":{"rendered":"<p>En 1973 naci\u00f3 la primera Universidad de Mayores en Toulouse (Francia). En 1999 se empez\u00f3 a gestar la Universidad de Mayores Jos\u00e9 Saramago de la Universidad de Castilla-La Mancha gracias a la profesora Dra. D\u00f1a. Rosa M\u00aa Mar\u00ed Ytarte, en &hellip; <a href=\"https:\/\/blog.uclm.es\/saramago-toledo\/20-aniversario\/\">Sigue leyendo <span class=\"meta-nav\">&rarr;<\/span><\/a><\/p>\n","protected":false},"author":324,"featured_media":0,"parent":0,"menu_order":0,"comment_status":"closed","ping_status":"closed","template":"","meta":{"footnotes":""},"class_list":["post-1749","page","type-page","status-publish","hentry"],"_links":{"self":[{"href":"https:\/\/blog.uclm.es\/saramago-toledo\/wp-json\/wp\/v2\/pages\/1749","targetHints":{"allow":["GET"]}}],"collection":[{"href":"https:\/\/blog.uclm.es\/saramago-toledo\/wp-json\/wp\/v2\/pages"}],"about":[{"href":"https:\/\/blog.uclm.es\/saramago-toledo\/wp-json\/wp\/v2\/types\/page"}],"author":[{"embeddable":true,"href":"https:\/\/blog.uclm.es\/saramago-toledo\/wp-json\/wp\/v2\/users\/324"}],"replies":[{"embeddable":true,"href":"https:\/\/blog.uclm.es\/saramago-toledo\/wp-json\/wp\/v2\/comments?post=1749"}],"version-history":[{"count":8,"href":"https:\/\/blog.uclm.es\/saramago-toledo\/wp-json\/wp\/v2\/pages\/1749\/revisions"}],"predecessor-version":[{"id":2784,"href":"https:\/\/blog.uclm.es\/saramago-toledo\/wp-json\/wp\/v2\/pages\/1749\/revisions\/2784"}],"wp:attachment":[{"href":"https:\/\/blog.uclm.es\/saramago-toledo\/wp-json\/wp\/v2\/media?parent=1749"}],"curies":[{"name":"wp","href":"https:\/\/api.w.org\/{rel}","templated":true}]}}