{"id":1434,"date":"2022-12-22T12:22:44","date_gmt":"2022-12-22T11:22:44","guid":{"rendered":"https:\/\/blog.uclm.es\/saramago-toledo\/?page_id=1434"},"modified":"2025-09-15T09:05:32","modified_gmt":"2025-09-15T08:05:32","slug":"profesorado","status":"publish","type":"page","link":"https:\/\/blog.uclm.es\/saramago-toledo\/profesorado\/","title":{"rendered":"Profesorado"},"content":{"rendered":"\n<p><\/p>\n\n\n\n<figure class=\"wp-block-table\"><table><tbody><tr><td class=\"has-text-align-left\" data-align=\"left\"> <h5><span data-darkreader-inline-color=\"\" style=\"color: black\">NOMBRE<\/span><\/h5> <\/td><td>\n<h5><span style=\"color: black\" data-darkreader-inline-color=\"\">ASIGNATURA<\/span><\/h5>\n<\/td><\/tr><tr><td class=\"has-text-align-left\" data-align=\"left\"><h5><span data-darkreader-inline-color=\"\" style=\"color: #808080\">ALONSO, ELVIRA<\/span><\/h5><\/td><td><h5><span data-darkreader-inline-color=\"\" style=\"color: #808080\">LITERATURA<\/span><\/h5><\/td><\/tr><tr><td class=\"has-text-align-left\" data-align=\"left\"><h5><span data-darkreader-inline-color=\"\" style=\"color: #808080\"><h5><span data-darkreader-inline-color=\"\" style=\"color: #808080\">CANO, MAR\u00cdA BEATRIZ<\/span><\/h5><\/span><\/h5><\/td><td><h5><span data-darkreader-inline-color=\"\" style=\"color: #808080\"><h5><span data-darkreader-inline-color=\"\" style=\"color: #808080\">HISTORIA Y ARTE DE CASTILLA-LA MANCHA<\/span><\/h5><\/span><\/h5><h5><span data-darkreader-inline-color=\"\" style=\"color: #808080\"><\/span><span data-darkreader-inline-color=\"\" style=\"color: #808080\">EL CINQUECENTO ITALIANO<\/span><\/h5><h5><span data-darkreader-inline-color=\"\" style=\"color: #808080\">TESOROS DESCONOCIDOS <\/span><\/h5><span data-darkreader-inline-color=\"\" style=\"color: #808080\"><h5><span data-darkreader-inline-color=\"\" style=\"color: #808080\"><span data-darkreader-inline-color=\"\" style=\"color: #808080\"><\/span><\/span><\/h5><\/span><\/td><\/tr><tr><td class=\"has-text-align-left\" data-align=\"left\"><h5><span data-darkreader-inline-color=\"\" style=\"color: #808080\">CROSAS, FRANCISCO<\/span><\/h5><\/td><td><h5><span data-darkreader-inline-color=\"\" style=\"color: #808080\">LITERATURA<\/span><\/h5><\/td><\/tr><tr><td class=\"has-text-align-left\" data-align=\"left\"><h5><span data-darkreader-inline-color=\"\" style=\"color: #808080\">CUESTA, V\u00cdCTOR<\/span><\/h5><\/td><td><h5><span data-darkreader-inline-color=\"\" style=\"color: #808080\">TEMAS T\u00d3PICOS Y PERSONAJES DE LA LITERATURA UNIVERSAL<\/span><\/h5><\/td><\/tr><tr><td class=\"has-text-align-left\" data-align=\"left\"><h5><span data-darkreader-inline-color=\"\" style=\"color: #808080\"><h5><span data-darkreader-inline-color=\"\" style=\"color: #808080\">GARC\u00cdA, JULI\u00c1N<\/span><\/h5><\/span><\/h5><\/td><td><h5><span data-darkreader-inline-color=\"\" style=\"color: #808080\"><h5><span data-darkreader-inline-color=\"\" style=\"color: #808080\">ARQUEOLOG\u00cdA<\/span><\/h5><\/span><\/h5><\/td><\/tr><tr><td class=\"has-text-align-left\" data-align=\"left\"><h5><span data-darkreader-inline-color=\"\" style=\"color: #808080\"><h5><span data-darkreader-inline-color=\"\" style=\"color: #808080\">G\u00d3MEZ, SAGRARIO<\/span><\/h5><\/span><\/h5><\/td><td><h5><span data-darkreader-inline-color=\"\" style=\"color: #808080\"><h5><span data-darkreader-inline-color=\"\" style=\"color: #808080\">SALUD Y CUIDADOS A LO LARGO DE LA VIDA<\/span><\/h5><\/span><\/h5><\/td><\/tr><tr><td class=\"has-text-align-left\" data-align=\"left\"><h5><span data-darkreader-inline-color=\"\" style=\"color: #808080\">GONZ\u00c1LEZ, JOS\u00c9 MAR\u00cdA <\/span><\/h5><\/td><td><h5><span data-darkreader-inline-color=\"\" style=\"color: #808080\">HISTORIA CONTEMPOR\u00c1NEA DE ESPA\u00d1A<\/span><\/h5><\/td><\/tr><tr><td class=\"has-text-align-left\" data-align=\"left\"><h5><span data-darkreader-inline-color=\"\" style=\"color: #808080\">ISABEL, SERGIO<\/span><\/h5><\/td><td><h5><span data-darkreader-inline-color=\"\" style=\"color: #808080\">ANTIG\u00dcEDAD Y ALTA EDAD MEDIA EN LA PEN\u00cdNSULA IB\u00c9RICA<\/span><\/h5><\/td><\/tr><tr><td class=\"has-text-align-left\" data-align=\"left\"><h5><span data-darkreader-inline-color=\"\" style=\"color: #808080\"><h5><span data-darkreader-inline-color=\"\" style=\"color: #808080\">LALLANA, FERNANDO<\/span><\/h5><\/span><\/h5><\/td><td><h5><span data-darkreader-inline-color=\"\" style=\"color: #808080\"><h5><span data-darkreader-inline-color=\"\" style=\"color: #808080\">EMPRENDIMIENTO<\/span><\/h5><\/span><\/h5><\/td><\/tr><tr><td class=\"has-text-align-left\" data-align=\"left\"><h5><span data-darkreader-inline-color=\"\" style=\"color: #808080\">L\u00d3PEZ, TOM\u00c1S <\/span><\/h5><\/td><td><h5><span data-darkreader-inline-color=\"\" style=\"color: #808080\">MUNDO ACTUAL, MUNDO CAMBIANTE<br><h5><span data-darkreader-inline-color=\"\" style=\"color: #808080\">HISTORIA <\/span><\/h5><\/span><\/h5><\/td><\/tr><tr><td class=\"has-text-align-left\" data-align=\"left\"><span data-darkreader-inline-color=\"\" style=\"color: #808080\">MAQUEDA, M\u00aa DEL SAGRARIO<\/span><\/td><td><h5><span data-darkreader-inline-color=\"\" style=\"color: #808080\">ECONOM\u00cdA<\/span><\/h5><\/td><\/tr><tr><td class=\"has-text-align-left\" data-align=\"left\"><h5><span data-darkreader-inline-color=\"\" style=\"color: #808080\"><h5><span data-darkreader-inline-color=\"\" style=\"color: #808080\">MORALEDA, JAIME<\/span><\/h5><\/span><\/h5><\/td><td><h5><span data-darkreader-inline-color=\"\" style=\"color: #808080\"><h5><span data-darkreader-inline-color=\"\" style=\"color: #808080\"><\/span><\/h5><\/span><\/h5><h5><span data-darkreader-inline-color=\"\" style=\"color: #808080\">HISTORIA DEL ARTE<\/span><\/h5><\/td><\/tr><tr><td class=\"has-text-align-left\" data-align=\"left\"><span data-darkreader-inline-color=\"\" style=\"color: #808080\">MORENO, JAVIER <\/span><\/td><td><h5><span data-darkreader-inline-color=\"\" style=\"color: #808080\">APRECIACI\u00d3N MUSICAL<\/span><\/h5><h5><span data-darkreader-inline-color=\"\" style=\"color: #808080\">HISTORIA DE LA M\u00daSICA<\/span><\/h5><\/td><\/tr><tr><td class=\"has-text-align-left\" data-align=\"left\"><h5><span data-darkreader-inline-color=\"\" style=\"color: #808080\">MORENO, JUAN <\/span><\/h5><\/td><td><h5><span data-darkreader-inline-color=\"\" style=\"color: #808080\">INFORM\u00c1TICA <\/span><\/h5><\/td><\/tr><tr><td class=\"has-text-align-left\" data-align=\"left\"><span data-darkreader-inline-color=\"\" style=\"color: #808080\">MU\u00d1OZ, DAVID <\/span><\/td><td><h5><span data-darkreader-inline-color=\"\" style=\"color: #808080\">INFORM\u00c1TICA<\/span><\/h5><\/td><\/tr><tr><td class=\"has-text-align-left\" data-align=\"left\"><span data-darkreader-inline-color=\"\" style=\"color: #808080\">PE\u00d1ALVER, LUIS<\/span><\/td><td><h5><span data-darkreader-inline-color=\"\" style=\"color: #808080\">LA MIRADA FILOS\u00d3FICA II<\/span><\/h5><\/td><\/tr><tr><td class=\"has-text-align-left\" data-align=\"left\"><h5><span data-darkreader-inline-color=\"\" style=\"color: #808080\">PINEL, ANA<\/span><\/h5><\/td><td><h5><span data-darkreader-inline-color=\"\" style=\"color: #808080\">LA MIRADA FILOS\u00d3FICA I<\/span><\/h5><\/td><\/tr><tr><td class=\"has-text-align-left\" data-align=\"left\"><h5><span data-darkreader-inline-color=\"\" style=\"color: #808080\">POZO, CRISTINA<\/span><\/h5><\/td><td><h5><span data-darkreader-inline-color=\"\" style=\"color: #808080\">INTRODUCCI\u00d3N A LA PSICOLOG\u00cdA<\/span><\/h5><\/td><\/tr><tr><td class=\"has-text-align-left\" data-align=\"left\"><h5><span data-darkreader-inline-color=\"\" style=\"color: #808080\">ROMERO, ROSARIO  <\/span><\/h5><\/td><td><h5><span data-darkreader-inline-color=\"\" style=\"color: #808080\">EL ARTE MODERNO<\/span><\/h5><\/td><\/tr><tr><td class=\"has-text-align-left\" data-align=\"left\"><h5><span data-darkreader-inline-color=\"\" style=\"color: #808080\">SALINERO, <\/span><\/h5><h5><span data-darkreader-inline-color=\"\" style=\"color: #808080\">M\u00aa YOLANDA  <\/span><\/h5><\/td><td><h5><span data-darkreader-inline-color=\"\" style=\"color: #808080\">ACTUALIDAD EMPRESARIAL <\/span><\/h5><\/td><\/tr><tr><td class=\"has-text-align-left\" data-align=\"left\"><h5><span data-darkreader-inline-color=\"\" style=\"color: #808080\">S\u00c1NCHEZ-CASTRO, CONSUELO<\/span><\/h5><\/td><td><h5><span data-darkreader-inline-color=\"\" style=\"color: #808080\">DERECHO<\/span><\/h5><\/td><\/tr><tr><td class=\"has-text-align-left\" data-align=\"left\"><h5><span data-darkreader-inline-color=\"\" style=\"color: #808080\">SANCHO, RAFAEL <\/span><\/h5><\/td><td><h5><span data-darkreader-inline-color=\"\" style=\"color: #808080\">MARKETING  <\/span><\/h5><\/td><\/tr><tr><td class=\"has-text-align-left\" data-align=\"left\"><h5><span data-darkreader-inline-color=\"\" style=\"color: #808080\">SERRANO, EUGENIO<\/span><\/h5><\/td><td><h5><span data-darkreader-inline-color=\"\" style=\"color: #808080\"><h5><span style=\"font-family: inherit\">ARCHIV\u00cdSTICA Y PATRIMONIO<\/span><\/h5><\/span><\/h5><h5><span data-darkreader-inline-color=\"\" style=\"color: #808080\"><h5><span style=\"font-family: inherit\">GRANDES PALACIOS DEL MUNDO<\/span><\/h5><\/span><\/h5><\/td><\/tr><\/tbody><\/table><figcaption class=\"wp-element-caption\">CURSO 2025\/2026<\/figcaption><\/figure>\n","protected":false},"excerpt":{"rendered":"<p>NOMBRE ASIGNATURA ALONSO, ELVIRA LITERATURA CANO, MAR\u00cdA BEATRIZ HISTORIA Y ARTE DE CASTILLA-LA MANCHA EL CINQUECENTO ITALIANO TESOROS DESCONOCIDOS CROSAS, FRANCISCO LITERATURA CUESTA, V\u00cdCTOR TEMAS T\u00d3PICOS Y PERSONAJES DE LA LITERATURA UNIVERSAL GARC\u00cdA, JULI\u00c1N ARQUEOLOG\u00cdA G\u00d3MEZ, SAGRARIO SALUD Y CUIDADOS &hellip; <a href=\"https:\/\/blog.uclm.es\/saramago-toledo\/profesorado\/\">Sigue leyendo <span class=\"meta-nav\">&rarr;<\/span><\/a><\/p>\n","protected":false},"author":323,"featured_media":0,"parent":0,"menu_order":0,"comment_status":"closed","ping_status":"closed","template":"","meta":{"footnotes":""},"class_list":["post-1434","page","type-page","status-publish","hentry"],"_links":{"self":[{"href":"https:\/\/blog.uclm.es\/saramago-toledo\/wp-json\/wp\/v2\/pages\/1434","targetHints":{"allow":["GET"]}}],"collection":[{"href":"https:\/\/blog.uclm.es\/saramago-toledo\/wp-json\/wp\/v2\/pages"}],"about":[{"href":"https:\/\/blog.uclm.es\/saramago-toledo\/wp-json\/wp\/v2\/types\/page"}],"author":[{"embeddable":true,"href":"https:\/\/blog.uclm.es\/saramago-toledo\/wp-json\/wp\/v2\/users\/323"}],"replies":[{"embeddable":true,"href":"https:\/\/blog.uclm.es\/saramago-toledo\/wp-json\/wp\/v2\/comments?post=1434"}],"version-history":[{"count":47,"href":"https:\/\/blog.uclm.es\/saramago-toledo\/wp-json\/wp\/v2\/pages\/1434\/revisions"}],"predecessor-version":[{"id":3149,"href":"https:\/\/blog.uclm.es\/saramago-toledo\/wp-json\/wp\/v2\/pages\/1434\/revisions\/3149"}],"wp:attachment":[{"href":"https:\/\/blog.uclm.es\/saramago-toledo\/wp-json\/wp\/v2\/media?parent=1434"}],"curies":[{"name":"wp","href":"https:\/\/api.w.org\/{rel}","templated":true}]}}