{"id":141,"date":"2019-05-09T13:44:11","date_gmt":"2019-05-09T12:44:11","guid":{"rendered":"http:\/\/blog.uclm.es\/saramago-toledo\/?page_id=141"},"modified":"2019-05-09T13:44:11","modified_gmt":"2019-05-09T12:44:11","slug":"adaum","status":"publish","type":"page","link":"https:\/\/blog.uclm.es\/saramago-toledo\/adaum\/","title":{"rendered":"Adaum"},"content":{"rendered":"<p>En esta p\u00e1gina se a\u00f1adir\u00e1n las actividades o eventos organizados por la asociaci\u00f3n.<\/p>\n<p>El 2 de febrero de 2022, la Asociaci\u00f3n ADAUM fue invitada por el Ayuntamiento al acto de la firma del <strong>Pacto por la inclusi\u00f3n de Toledo<\/strong>. <\/p>\n<p><img loading=\"lazy\" decoding=\"async\" src=\"https:\/\/blog.uclm.es\/saramago-toledo\/wp-content\/uploads\/sites\/206\/2022\/02\/WhatsApp-Image-2022-02-03-at-11.44.56-e1643891000945-1024x550.jpeg\" alt=\"\" width=\"584\" height=\"314\" class=\"aligncenter size-large wp-image-947\" srcset=\"https:\/\/blog.uclm.es\/saramago-toledo\/wp-content\/uploads\/sites\/206\/2022\/02\/WhatsApp-Image-2022-02-03-at-11.44.56-e1643891000945-1024x550.jpeg 1024w, https:\/\/blog.uclm.es\/saramago-toledo\/wp-content\/uploads\/sites\/206\/2022\/02\/WhatsApp-Image-2022-02-03-at-11.44.56-e1643891000945-300x161.jpeg 300w, https:\/\/blog.uclm.es\/saramago-toledo\/wp-content\/uploads\/sites\/206\/2022\/02\/WhatsApp-Image-2022-02-03-at-11.44.56-e1643891000945-768x412.jpeg 768w, https:\/\/blog.uclm.es\/saramago-toledo\/wp-content\/uploads\/sites\/206\/2022\/02\/WhatsApp-Image-2022-02-03-at-11.44.56-e1643891000945-1536x824.jpeg 1536w, https:\/\/blog.uclm.es\/saramago-toledo\/wp-content\/uploads\/sites\/206\/2022\/02\/WhatsApp-Image-2022-02-03-at-11.44.56-e1643891000945-500x268.jpeg 500w, https:\/\/blog.uclm.es\/saramago-toledo\/wp-content\/uploads\/sites\/206\/2022\/02\/WhatsApp-Image-2022-02-03-at-11.44.56-e1643891000945.jpeg 1802w\" sizes=\"auto, (max-width: 584px) 100vw, 584px\" \/><br \/>\n<img loading=\"lazy\" decoding=\"async\" src=\"https:\/\/blog.uclm.es\/saramago-toledo\/wp-content\/uploads\/sites\/206\/2022\/02\/WhatsApp-Image-2022-02-03-at-11.44.58-e1643890985683-1024x601.jpeg\" alt=\"\" width=\"584\" height=\"343\" class=\"aligncenter size-large wp-image-946\" srcset=\"https:\/\/blog.uclm.es\/saramago-toledo\/wp-content\/uploads\/sites\/206\/2022\/02\/WhatsApp-Image-2022-02-03-at-11.44.58-e1643890985683-1024x601.jpeg 1024w, https:\/\/blog.uclm.es\/saramago-toledo\/wp-content\/uploads\/sites\/206\/2022\/02\/WhatsApp-Image-2022-02-03-at-11.44.58-e1643890985683-300x176.jpeg 300w, https:\/\/blog.uclm.es\/saramago-toledo\/wp-content\/uploads\/sites\/206\/2022\/02\/WhatsApp-Image-2022-02-03-at-11.44.58-e1643890985683-768x451.jpeg 768w, https:\/\/blog.uclm.es\/saramago-toledo\/wp-content\/uploads\/sites\/206\/2022\/02\/WhatsApp-Image-2022-02-03-at-11.44.58-e1643890985683-1536x901.jpeg 1536w, https:\/\/blog.uclm.es\/saramago-toledo\/wp-content\/uploads\/sites\/206\/2022\/02\/WhatsApp-Image-2022-02-03-at-11.44.58-e1643890985683-500x293.jpeg 500w, https:\/\/blog.uclm.es\/saramago-toledo\/wp-content\/uploads\/sites\/206\/2022\/02\/WhatsApp-Image-2022-02-03-at-11.44.58-e1643890985683.jpeg 1648w\" sizes=\"auto, (max-width: 584px) 100vw, 584px\" \/><br \/>\nContacto <span style=\"color: black\"><strong>ADAUM<\/strong><\/span>: adaumtoledo18@gmail.com<\/p>\n","protected":false},"excerpt":{"rendered":"<p>En esta p\u00e1gina se a\u00f1adir\u00e1n las actividades o eventos organizados por la asociaci\u00f3n. El 2 de febrero de 2022, la Asociaci\u00f3n ADAUM fue invitada por el Ayuntamiento al acto de la firma del Pacto por la inclusi\u00f3n de Toledo. Contacto &hellip; <a href=\"https:\/\/blog.uclm.es\/saramago-toledo\/adaum\/\">Sigue leyendo <span class=\"meta-nav\">&rarr;<\/span><\/a><\/p>\n","protected":false},"author":324,"featured_media":0,"parent":0,"menu_order":0,"comment_status":"closed","ping_status":"closed","template":"","meta":{"footnotes":""},"class_list":["post-141","page","type-page","status-publish","hentry"],"_links":{"self":[{"href":"https:\/\/blog.uclm.es\/saramago-toledo\/wp-json\/wp\/v2\/pages\/141","targetHints":{"allow":["GET"]}}],"collection":[{"href":"https:\/\/blog.uclm.es\/saramago-toledo\/wp-json\/wp\/v2\/pages"}],"about":[{"href":"https:\/\/blog.uclm.es\/saramago-toledo\/wp-json\/wp\/v2\/types\/page"}],"author":[{"embeddable":true,"href":"https:\/\/blog.uclm.es\/saramago-toledo\/wp-json\/wp\/v2\/users\/324"}],"replies":[{"embeddable":true,"href":"https:\/\/blog.uclm.es\/saramago-toledo\/wp-json\/wp\/v2\/comments?post=141"}],"version-history":[{"count":0,"href":"https:\/\/blog.uclm.es\/saramago-toledo\/wp-json\/wp\/v2\/pages\/141\/revisions"}],"wp:attachment":[{"href":"https:\/\/blog.uclm.es\/saramago-toledo\/wp-json\/wp\/v2\/media?parent=141"}],"curies":[{"name":"wp","href":"https:\/\/api.w.org\/{rel}","templated":true}]}}