{"id":1376,"date":"2022-11-23T10:44:02","date_gmt":"2022-11-23T09:44:02","guid":{"rendered":"https:\/\/blog.uclm.es\/saramago-toledo\/?page_id=1376"},"modified":"2023-06-27T08:44:51","modified_gmt":"2023-06-27T07:44:51","slug":"actividades-2022-23","status":"publish","type":"page","link":"https:\/\/blog.uclm.es\/saramago-toledo\/actividades-2022-23\/","title":{"rendered":"Actividades 2022-23"},"content":{"rendered":"<div class=\"wp-block-image\">\n<figure class=\"aligncenter size-full\"><img loading=\"lazy\" decoding=\"async\" width=\"323\" height=\"544\" src=\"https:\/\/blog.uclm.es\/saramago-toledo\/wp-content\/uploads\/sites\/206\/2023\/06\/MicrosoftTeams-image-11.png\" alt=\"\" class=\"wp-image-1846\" srcset=\"https:\/\/blog.uclm.es\/saramago-toledo\/wp-content\/uploads\/sites\/206\/2023\/06\/MicrosoftTeams-image-11.png 323w, https:\/\/blog.uclm.es\/saramago-toledo\/wp-content\/uploads\/sites\/206\/2023\/06\/MicrosoftTeams-image-11-178x300.png 178w\" sizes=\"auto, (max-width: 323px) 100vw, 323px\" \/><figcaption class=\"wp-element-caption\">Viaje cultural a Riaza\u00a0organizado por ADAUM (junio)<\/figcaption><\/figure>\n<\/div>\n\n\n<figure class=\"wp-block-image size-full\"><img loading=\"lazy\" decoding=\"async\" width=\"851\" height=\"520\" src=\"https:\/\/blog.uclm.es\/saramago-toledo\/wp-content\/uploads\/sites\/206\/2023\/05\/image-7.png\" alt=\"\" class=\"wp-image-1808\" srcset=\"https:\/\/blog.uclm.es\/saramago-toledo\/wp-content\/uploads\/sites\/206\/2023\/05\/image-7.png 851w, https:\/\/blog.uclm.es\/saramago-toledo\/wp-content\/uploads\/sites\/206\/2023\/05\/image-7-300x183.png 300w, https:\/\/blog.uclm.es\/saramago-toledo\/wp-content\/uploads\/sites\/206\/2023\/05\/image-7-768x469.png 768w, https:\/\/blog.uclm.es\/saramago-toledo\/wp-content\/uploads\/sites\/206\/2023\/05\/image-7-491x300.png 491w\" sizes=\"auto, (max-width: 851px) 100vw, 851px\" \/><figcaption class=\"wp-element-caption\">Encuentro Intercampus Cuenca-Toledo en la conmemoraci\u00f3n del 20\u00ba Aniversario del Programa Universitario Jos\u00e9 Saramago 50 Plus del campus de Toledo (24 de mayo).<\/figcaption><\/figure>\n\n\n\n<figure class=\"wp-block-image size-large\"><img loading=\"lazy\" decoding=\"async\" width=\"1024\" height=\"768\" src=\"https:\/\/blog.uclm.es\/saramago-toledo\/wp-content\/uploads\/sites\/206\/2023\/05\/image-2-1024x768.png\" alt=\"\" class=\"wp-image-1801\" srcset=\"https:\/\/blog.uclm.es\/saramago-toledo\/wp-content\/uploads\/sites\/206\/2023\/05\/image-2-1024x768.png 1024w, https:\/\/blog.uclm.es\/saramago-toledo\/wp-content\/uploads\/sites\/206\/2023\/05\/image-2-300x225.png 300w, https:\/\/blog.uclm.es\/saramago-toledo\/wp-content\/uploads\/sites\/206\/2023\/05\/image-2-768x576.png 768w, https:\/\/blog.uclm.es\/saramago-toledo\/wp-content\/uploads\/sites\/206\/2023\/05\/image-2-1536x1152.png 1536w, https:\/\/blog.uclm.es\/saramago-toledo\/wp-content\/uploads\/sites\/206\/2023\/05\/image-2-400x300.png 400w, https:\/\/blog.uclm.es\/saramago-toledo\/wp-content\/uploads\/sites\/206\/2023\/05\/image-2.png 1600w\" sizes=\"auto, (max-width: 1024px) 100vw, 1024px\" \/><figcaption class=\"wp-element-caption\">Visita a M\u00e9rida y Trujillo, organizado por el profesor Jaime Moraleda (mayo)<\/figcaption><\/figure>\n\n\n<div class=\"wp-block-image\">\n<figure class=\"aligncenter size-full\"><img loading=\"lazy\" decoding=\"async\" width=\"334\" height=\"548\" src=\"https:\/\/blog.uclm.es\/saramago-toledo\/wp-content\/uploads\/sites\/206\/2023\/05\/MicrosoftTeams-image-9.png\" alt=\"\" class=\"wp-image-1797\" srcset=\"https:\/\/blog.uclm.es\/saramago-toledo\/wp-content\/uploads\/sites\/206\/2023\/05\/MicrosoftTeams-image-9.png 334w, https:\/\/blog.uclm.es\/saramago-toledo\/wp-content\/uploads\/sites\/206\/2023\/05\/MicrosoftTeams-image-9-183x300.png 183w\" sizes=\"auto, (max-width: 334px) 100vw, 334px\" \/><figcaption class=\"wp-element-caption\">Viaje a Ja\u00e9n, organizado por ADAUM (mayo)<br><\/figcaption><\/figure>\n<\/div>\n\n\n<figure class=\"wp-block-image size-full\"><img loading=\"lazy\" decoding=\"async\" width=\"1015\" height=\"632\" src=\"https:\/\/blog.uclm.es\/saramago-toledo\/wp-content\/uploads\/sites\/206\/2023\/05\/MicrosoftTeams-image-8.png\" alt=\"\" class=\"wp-image-1795\" srcset=\"https:\/\/blog.uclm.es\/saramago-toledo\/wp-content\/uploads\/sites\/206\/2023\/05\/MicrosoftTeams-image-8.png 1015w, https:\/\/blog.uclm.es\/saramago-toledo\/wp-content\/uploads\/sites\/206\/2023\/05\/MicrosoftTeams-image-8-300x187.png 300w, https:\/\/blog.uclm.es\/saramago-toledo\/wp-content\/uploads\/sites\/206\/2023\/05\/MicrosoftTeams-image-8-768x478.png 768w, https:\/\/blog.uclm.es\/saramago-toledo\/wp-content\/uploads\/sites\/206\/2023\/05\/MicrosoftTeams-image-8-482x300.png 482w\" sizes=\"auto, (max-width: 1015px) 100vw, 1015px\" \/><figcaption class=\"wp-element-caption\">Los alumnos de 1\u00ba del ciclo Espec\u00edfico, acompa\u00f1ados por su profesor de m\u00fasica R. Javier Moreno, disfrutaron de esta visita guiada al Real Colegio de Doncellas Nobles de Toledo. Es un lugar muy poco conocido del rico patrimonio toledano, adem\u00e1s de haber albergado durante casi cinco siglos a una de las m\u00e1s importantes instituciones dedicadas a la educaci\u00f3n reglada femenina, la que es considerada como la m\u00e1s antigua de toda Europa. En ella la m\u00fasica jug\u00f3 un importante papel tanto en la vida y celebraciones del propio centro como en la formaci\u00f3n que se le aportaba a las estudiantes.<\/figcaption><\/figure>\n\n\n\n<figure class=\"wp-block-image size-full\"><img loading=\"lazy\" decoding=\"async\" width=\"998\" height=\"556\" src=\"https:\/\/blog.uclm.es\/saramago-toledo\/wp-content\/uploads\/sites\/206\/2023\/05\/MicrosoftTeams-image-6.png\" alt=\"\" class=\"wp-image-1781\" srcset=\"https:\/\/blog.uclm.es\/saramago-toledo\/wp-content\/uploads\/sites\/206\/2023\/05\/MicrosoftTeams-image-6.png 998w, https:\/\/blog.uclm.es\/saramago-toledo\/wp-content\/uploads\/sites\/206\/2023\/05\/MicrosoftTeams-image-6-300x167.png 300w, https:\/\/blog.uclm.es\/saramago-toledo\/wp-content\/uploads\/sites\/206\/2023\/05\/MicrosoftTeams-image-6-768x428.png 768w, https:\/\/blog.uclm.es\/saramago-toledo\/wp-content\/uploads\/sites\/206\/2023\/05\/MicrosoftTeams-image-6-500x279.png 500w\" sizes=\"auto, (max-width: 998px) 100vw, 998px\" \/><figcaption class=\"wp-element-caption\">Graduaci\u00f3n de la XVII\u00aa Promoci\u00f3n del ciclo Espec\u00edfico (12 mayo)<\/figcaption><\/figure>\n\n\n\n<figure class=\"wp-block-image size-full is-resized\"><img loading=\"lazy\" decoding=\"async\" src=\"https:\/\/blog.uclm.es\/saramago-toledo\/wp-content\/uploads\/sites\/206\/2023\/05\/MicrosoftTeams-image-5-1.png\" alt=\"\" class=\"wp-image-1779\" width=\"600\" height=\"429\" srcset=\"https:\/\/blog.uclm.es\/saramago-toledo\/wp-content\/uploads\/sites\/206\/2023\/05\/MicrosoftTeams-image-5-1.png 744w, https:\/\/blog.uclm.es\/saramago-toledo\/wp-content\/uploads\/sites\/206\/2023\/05\/MicrosoftTeams-image-5-1-300x215.png 300w, https:\/\/blog.uclm.es\/saramago-toledo\/wp-content\/uploads\/sites\/206\/2023\/05\/MicrosoftTeams-image-5-1-420x300.png 420w\" sizes=\"auto, (max-width: 600px) 100vw, 600px\" \/><figcaption class=\"wp-element-caption\">Graduaci\u00f3n de la XVII\u00aa Promoci\u00f3n del ciclo Espec\u00edfico (12 mayo)<\/figcaption><\/figure>\n\n\n\n<figure class=\"wp-block-image size-large\"><img loading=\"lazy\" decoding=\"async\" width=\"1024\" height=\"526\" src=\"https:\/\/blog.uclm.es\/saramago-toledo\/wp-content\/uploads\/sites\/206\/2023\/05\/MicrosoftTeams-image-7-1024x526.png\" alt=\"\" class=\"wp-image-1783\" srcset=\"https:\/\/blog.uclm.es\/saramago-toledo\/wp-content\/uploads\/sites\/206\/2023\/05\/MicrosoftTeams-image-7-1024x526.png 1024w, https:\/\/blog.uclm.es\/saramago-toledo\/wp-content\/uploads\/sites\/206\/2023\/05\/MicrosoftTeams-image-7-300x154.png 300w, https:\/\/blog.uclm.es\/saramago-toledo\/wp-content\/uploads\/sites\/206\/2023\/05\/MicrosoftTeams-image-7-768x394.png 768w, https:\/\/blog.uclm.es\/saramago-toledo\/wp-content\/uploads\/sites\/206\/2023\/05\/MicrosoftTeams-image-7-500x257.png 500w, https:\/\/blog.uclm.es\/saramago-toledo\/wp-content\/uploads\/sites\/206\/2023\/05\/MicrosoftTeams-image-7.png 1091w\" sizes=\"auto, (max-width: 1024px) 100vw, 1024px\" \/><figcaption class=\"wp-element-caption\">Visita al Museo del Ej\u00e9rcito. Alumnos de 3\u00ba Espec\u00edfico (mayo)<\/figcaption><\/figure>\n\n\n\n<figure class=\"wp-block-image size-large\"><img loading=\"lazy\" decoding=\"async\" width=\"1024\" height=\"457\" src=\"https:\/\/blog.uclm.es\/saramago-toledo\/wp-content\/uploads\/sites\/206\/2023\/05\/MicrosoftTeams-image-4-1-1024x457.png\" alt=\"\" class=\"wp-image-1754\" srcset=\"https:\/\/blog.uclm.es\/saramago-toledo\/wp-content\/uploads\/sites\/206\/2023\/05\/MicrosoftTeams-image-4-1-1024x457.png 1024w, https:\/\/blog.uclm.es\/saramago-toledo\/wp-content\/uploads\/sites\/206\/2023\/05\/MicrosoftTeams-image-4-1-300x134.png 300w, https:\/\/blog.uclm.es\/saramago-toledo\/wp-content\/uploads\/sites\/206\/2023\/05\/MicrosoftTeams-image-4-1-768x343.png 768w, https:\/\/blog.uclm.es\/saramago-toledo\/wp-content\/uploads\/sites\/206\/2023\/05\/MicrosoftTeams-image-4-1-500x223.png 500w, https:\/\/blog.uclm.es\/saramago-toledo\/wp-content\/uploads\/sites\/206\/2023\/05\/MicrosoftTeams-image-4-1.png 1523w\" sizes=\"auto, (max-width: 1024px) 100vw, 1024px\" \/><figcaption class=\"wp-element-caption\">Visita de los socios de Adaum a Pastrana (abril)<\/figcaption><\/figure>\n\n\n\n<figure class=\"wp-block-image size-large\"><img loading=\"lazy\" decoding=\"async\" width=\"1024\" height=\"432\" src=\"https:\/\/blog.uclm.es\/saramago-toledo\/wp-content\/uploads\/sites\/206\/2023\/04\/image-1-1024x432.png\" alt=\"\" class=\"wp-image-1723\" srcset=\"https:\/\/blog.uclm.es\/saramago-toledo\/wp-content\/uploads\/sites\/206\/2023\/04\/image-1-1024x432.png 1024w, https:\/\/blog.uclm.es\/saramago-toledo\/wp-content\/uploads\/sites\/206\/2023\/04\/image-1-300x127.png 300w, https:\/\/blog.uclm.es\/saramago-toledo\/wp-content\/uploads\/sites\/206\/2023\/04\/image-1-768x324.png 768w, https:\/\/blog.uclm.es\/saramago-toledo\/wp-content\/uploads\/sites\/206\/2023\/04\/image-1-500x211.png 500w, https:\/\/blog.uclm.es\/saramago-toledo\/wp-content\/uploads\/sites\/206\/2023\/04\/image-1.png 1434w\" sizes=\"auto, (max-width: 1024px) 100vw, 1024px\" \/><figcaption class=\"wp-element-caption\">Visita a La Motilla del Azuer, Daimiel. Organizada por los alumnos de 1\u00ba curso del ciclo Espec\u00edfico (abril)<\/figcaption><\/figure>\n\n\n\n<figure class=\"wp-block-image size-large\"><img loading=\"lazy\" decoding=\"async\" width=\"1024\" height=\"525\" src=\"https:\/\/blog.uclm.es\/saramago-toledo\/wp-content\/uploads\/sites\/206\/2023\/04\/Intercampus2023-1024x525.png\" alt=\"\" class=\"wp-image-1710\" srcset=\"https:\/\/blog.uclm.es\/saramago-toledo\/wp-content\/uploads\/sites\/206\/2023\/04\/Intercampus2023-1024x525.png 1024w, https:\/\/blog.uclm.es\/saramago-toledo\/wp-content\/uploads\/sites\/206\/2023\/04\/Intercampus2023-300x154.png 300w, https:\/\/blog.uclm.es\/saramago-toledo\/wp-content\/uploads\/sites\/206\/2023\/04\/Intercampus2023-768x394.png 768w, https:\/\/blog.uclm.es\/saramago-toledo\/wp-content\/uploads\/sites\/206\/2023\/04\/Intercampus2023-500x256.png 500w, https:\/\/blog.uclm.es\/saramago-toledo\/wp-content\/uploads\/sites\/206\/2023\/04\/Intercampus2023.png 1275w\" sizes=\"auto, (max-width: 1024px) 100vw, 1024px\" \/><figcaption class=\"wp-element-caption\">Encuentro Intercampus Toledo-Cuenca en la conmemoraci\u00f3n del 20\u00ba Aniversario del Programa Universitario Jos\u00e9 Saramago 50 Plus del campus de Toledo (19 de abril).<\/figcaption><\/figure>\n\n\n\n<p><\/p>\n\n\n\n<figure class=\"wp-block-image size-large\"><img loading=\"lazy\" decoding=\"async\" width=\"1024\" height=\"581\" src=\"https:\/\/blog.uclm.es\/saramago-toledo\/wp-content\/uploads\/sites\/206\/2023\/03\/CoroSanJuan30marzo2023-1024x581.jpg\" alt=\"\" class=\"wp-image-1700\" srcset=\"https:\/\/blog.uclm.es\/saramago-toledo\/wp-content\/uploads\/sites\/206\/2023\/03\/CoroSanJuan30marzo2023-1024x581.jpg 1024w, https:\/\/blog.uclm.es\/saramago-toledo\/wp-content\/uploads\/sites\/206\/2023\/03\/CoroSanJuan30marzo2023-300x170.jpg 300w, https:\/\/blog.uclm.es\/saramago-toledo\/wp-content\/uploads\/sites\/206\/2023\/03\/CoroSanJuan30marzo2023-768x436.jpg 768w, https:\/\/blog.uclm.es\/saramago-toledo\/wp-content\/uploads\/sites\/206\/2023\/03\/CoroSanJuan30marzo2023-500x284.jpg 500w, https:\/\/blog.uclm.es\/saramago-toledo\/wp-content\/uploads\/sites\/206\/2023\/03\/CoroSanJuan30marzo2023.jpg 1261w\" sizes=\"auto, (max-width: 1024px) 100vw, 1024px\" \/><figcaption class=\"wp-element-caption\">Concierto de Semana Santa en San Juan de los Reyes. Coro de la Universidad de Mayores \u00abJos\u00e9 Saramago\u00bb de Toledo (30 de marzo).<\/figcaption><\/figure>\n\n\n\n<figure class=\"wp-block-image size-full\"><img loading=\"lazy\" decoding=\"async\" width=\"849\" height=\"428\" src=\"https:\/\/blog.uclm.es\/saramago-toledo\/wp-content\/uploads\/sites\/206\/2023\/03\/image.png\" alt=\"\" class=\"wp-image-1688\" srcset=\"https:\/\/blog.uclm.es\/saramago-toledo\/wp-content\/uploads\/sites\/206\/2023\/03\/image.png 849w, https:\/\/blog.uclm.es\/saramago-toledo\/wp-content\/uploads\/sites\/206\/2023\/03\/image-300x151.png 300w, https:\/\/blog.uclm.es\/saramago-toledo\/wp-content\/uploads\/sites\/206\/2023\/03\/image-768x387.png 768w, https:\/\/blog.uclm.es\/saramago-toledo\/wp-content\/uploads\/sites\/206\/2023\/03\/image-500x252.png 500w\" sizes=\"auto, (max-width: 849px) 100vw, 849px\" \/><figcaption class=\"wp-element-caption\">V Encuentro de M\u00fasica Coral Religiosa. Coro Polif\u00f3nico de la Universidad de Mayores \u00abJos\u00e9 Saramago\u00bb de Toledo junto al coro invitado: Coral Polif\u00f3nica de Ciudad Real (27 de marzo, en el Paraninfo de San Pedro M\u00e1rtir)<\/figcaption><\/figure>\n\n\n<div class=\"wp-block-image\">\n<figure class=\"aligncenter size-full is-resized\"><img loading=\"lazy\" decoding=\"async\" src=\"https:\/\/blog.uclm.es\/saramago-toledo\/wp-content\/uploads\/sites\/206\/2023\/03\/MicrosoftTeams-image-3.png\" alt=\"\" class=\"wp-image-1660\" width=\"528\" height=\"862\" srcset=\"https:\/\/blog.uclm.es\/saramago-toledo\/wp-content\/uploads\/sites\/206\/2023\/03\/MicrosoftTeams-image-3.png 451w, https:\/\/blog.uclm.es\/saramago-toledo\/wp-content\/uploads\/sites\/206\/2023\/03\/MicrosoftTeams-image-3-184x300.png 184w\" sizes=\"auto, (max-width: 528px) 100vw, 528px\" \/><figcaption class=\"wp-element-caption\">Visita de los socios de Adaum al Viso del Marqu\u00e9s (marzo)<\/figcaption><\/figure>\n<\/div>\n\n\n<figure class=\"wp-block-image size-large is-resized\"><img loading=\"lazy\" decoding=\"async\" src=\"https:\/\/blog.uclm.es\/saramago-toledo\/wp-content\/uploads\/sites\/206\/2023\/03\/MicrosoftTeams-image-2-1024x471.png\" alt=\"\" class=\"wp-image-1652\" width=\"653\" height=\"300\" srcset=\"https:\/\/blog.uclm.es\/saramago-toledo\/wp-content\/uploads\/sites\/206\/2023\/03\/MicrosoftTeams-image-2-1024x471.png 1024w, https:\/\/blog.uclm.es\/saramago-toledo\/wp-content\/uploads\/sites\/206\/2023\/03\/MicrosoftTeams-image-2-300x138.png 300w, https:\/\/blog.uclm.es\/saramago-toledo\/wp-content\/uploads\/sites\/206\/2023\/03\/MicrosoftTeams-image-2-768x353.png 768w, https:\/\/blog.uclm.es\/saramago-toledo\/wp-content\/uploads\/sites\/206\/2023\/03\/MicrosoftTeams-image-2-500x230.png 500w, https:\/\/blog.uclm.es\/saramago-toledo\/wp-content\/uploads\/sites\/206\/2023\/03\/MicrosoftTeams-image-2.png 1090w\" sizes=\"auto, (max-width: 653px) 100vw, 653px\" \/><figcaption class=\"wp-element-caption\">Visita de los alumnos del ciclo Espec\u00edfico al parque arqueol\u00f3gico de Seg\u00f3briga (marzo).<\/figcaption><\/figure>\n\n\n\n<figure class=\"wp-block-image size-large is-resized\"><img loading=\"lazy\" decoding=\"async\" src=\"https:\/\/blog.uclm.es\/saramago-toledo\/wp-content\/uploads\/sites\/206\/2023\/03\/MicrosoftTeams-image-1-1024x457.png\" alt=\"\" class=\"wp-image-1650\" width=\"659\" height=\"294\" srcset=\"https:\/\/blog.uclm.es\/saramago-toledo\/wp-content\/uploads\/sites\/206\/2023\/03\/MicrosoftTeams-image-1-1024x457.png 1024w, https:\/\/blog.uclm.es\/saramago-toledo\/wp-content\/uploads\/sites\/206\/2023\/03\/MicrosoftTeams-image-1-300x134.png 300w, https:\/\/blog.uclm.es\/saramago-toledo\/wp-content\/uploads\/sites\/206\/2023\/03\/MicrosoftTeams-image-1-768x342.png 768w, https:\/\/blog.uclm.es\/saramago-toledo\/wp-content\/uploads\/sites\/206\/2023\/03\/MicrosoftTeams-image-1-500x223.png 500w, https:\/\/blog.uclm.es\/saramago-toledo\/wp-content\/uploads\/sites\/206\/2023\/03\/MicrosoftTeams-image-1.png 1090w\" sizes=\"auto, (max-width: 659px) 100vw, 659px\" \/><figcaption class=\"wp-element-caption\">Visita de los alumnos del ciclo Espec\u00edfico a Ucl\u00e9s y Villarrubia de Santiago (marzo).<\/figcaption><\/figure>\n\n\n\n<figure class=\"wp-block-image size-full is-resized\"><img loading=\"lazy\" decoding=\"async\" src=\"https:\/\/blog.uclm.es\/saramago-toledo\/wp-content\/uploads\/sites\/206\/2023\/03\/MicrosoftTeams-image.png\" alt=\"\" class=\"wp-image-1647\" width=\"664\" height=\"371\" srcset=\"https:\/\/blog.uclm.es\/saramago-toledo\/wp-content\/uploads\/sites\/206\/2023\/03\/MicrosoftTeams-image.png 941w, https:\/\/blog.uclm.es\/saramago-toledo\/wp-content\/uploads\/sites\/206\/2023\/03\/MicrosoftTeams-image-300x168.png 300w, https:\/\/blog.uclm.es\/saramago-toledo\/wp-content\/uploads\/sites\/206\/2023\/03\/MicrosoftTeams-image-768x430.png 768w, https:\/\/blog.uclm.es\/saramago-toledo\/wp-content\/uploads\/sites\/206\/2023\/03\/MicrosoftTeams-image-500x280.png 500w\" sizes=\"auto, (max-width: 664px) 100vw, 664px\" \/><figcaption class=\"wp-element-caption\">Visita de los alumnos de 3\u00ba de Espec\u00edfico al Cristo de la Luz, con el profesor Jaime Moraleda (marzo).<\/figcaption><\/figure>\n\n\n\n<figure class=\"wp-block-image size-large is-resized\"><img loading=\"lazy\" decoding=\"async\" src=\"https:\/\/blog.uclm.es\/saramago-toledo\/wp-content\/uploads\/sites\/206\/2023\/01\/002_HOGAR_NAZARET-1024x683.jpg\" alt=\"\" class=\"wp-image-1563\" width=\"659\" height=\"439\" srcset=\"https:\/\/blog.uclm.es\/saramago-toledo\/wp-content\/uploads\/sites\/206\/2023\/01\/002_HOGAR_NAZARET-1024x683.jpg 1024w, https:\/\/blog.uclm.es\/saramago-toledo\/wp-content\/uploads\/sites\/206\/2023\/01\/002_HOGAR_NAZARET-300x200.jpg 300w, https:\/\/blog.uclm.es\/saramago-toledo\/wp-content\/uploads\/sites\/206\/2023\/01\/002_HOGAR_NAZARET-768x512.jpg 768w, https:\/\/blog.uclm.es\/saramago-toledo\/wp-content\/uploads\/sites\/206\/2023\/01\/002_HOGAR_NAZARET-450x300.jpg 450w, https:\/\/blog.uclm.es\/saramago-toledo\/wp-content\/uploads\/sites\/206\/2023\/01\/002_HOGAR_NAZARET.jpg 1500w\" sizes=\"auto, (max-width: 659px) 100vw, 659px\" \/><figcaption class=\"wp-element-caption\">Delegados de diferentes cursos, en representaci\u00f3n de los alumnos del Programa Universitario 50+ \u00abJos\u00e9 Saramago\u00bb,&nbsp; con Encarnaci\u00f3n Mar\u00eda Moyano \u00c1vila, responsable del Programa en Toledo, hacen entrega a las representantes de la Instituci\u00f3n&nbsp; Hogar de Nazaret,&nbsp; &nbsp;del donativo&nbsp; recogido el d\u00eda 2 de diciembre del pasado a\u00f1o,&nbsp; en el evento solidario&nbsp; que se realiz\u00f3 en los locales de la Escuela Superior de Gastronom\u00eda y de la fila 0, creada para este fin (enero).<\/figcaption><\/figure>\n\n\n\n<figure class=\"wp-block-image size-full is-resized\"><img loading=\"lazy\" decoding=\"async\" src=\"https:\/\/blog.uclm.es\/saramago-toledo\/wp-content\/uploads\/sites\/206\/2023\/01\/WhatsApp-Image-2023-01-16-at-16.38.44-2.jpeg\" alt=\"\" class=\"wp-image-1499\" width=\"642\" height=\"641\" srcset=\"https:\/\/blog.uclm.es\/saramago-toledo\/wp-content\/uploads\/sites\/206\/2023\/01\/WhatsApp-Image-2023-01-16-at-16.38.44-2-300x300.jpeg 300w, https:\/\/blog.uclm.es\/saramago-toledo\/wp-content\/uploads\/sites\/206\/2023\/01\/WhatsApp-Image-2023-01-16-at-16.38.44-2-150x150.jpeg 150w\" sizes=\"auto, (max-width: 642px) 100vw, 642px\" \/><figcaption class=\"wp-element-caption\">Excursi\u00f3n al Archivo Hist\u00f3rico Provincial de los alumnos de 3\u00ba con el profesor Eugenio Serrano.<\/figcaption><\/figure>\n\n\n\n<figure class=\"wp-block-image size-full is-resized\"><img loading=\"lazy\" decoding=\"async\" src=\"https:\/\/blog.uclm.es\/saramago-toledo\/wp-content\/uploads\/sites\/206\/2023\/01\/WhatsApp-Image-2023-01-16-at-17.00.31-1.jpeg\" alt=\"\" class=\"wp-image-1501\" width=\"644\" height=\"223\" srcset=\"https:\/\/blog.uclm.es\/saramago-toledo\/wp-content\/uploads\/sites\/206\/2023\/01\/WhatsApp-Image-2023-01-16-at-17.00.31-1.jpeg 1024w, https:\/\/blog.uclm.es\/saramago-toledo\/wp-content\/uploads\/sites\/206\/2023\/01\/WhatsApp-Image-2023-01-16-at-17.00.31-1-300x104.jpeg 300w, https:\/\/blog.uclm.es\/saramago-toledo\/wp-content\/uploads\/sites\/206\/2023\/01\/WhatsApp-Image-2023-01-16-at-17.00.31-1-768x266.jpeg 768w, https:\/\/blog.uclm.es\/saramago-toledo\/wp-content\/uploads\/sites\/206\/2023\/01\/WhatsApp-Image-2023-01-16-at-17.00.31-1-500x173.jpeg 500w\" sizes=\"auto, (max-width: 644px) 100vw, 644px\" \/><figcaption class=\"wp-element-caption\">Charla de la psic\u00f3loga M\u00aa \u00c1ngeles Pozuelo en la asignatura de Psicolog\u00eda con los alumnos de 3\u00ba  <br>Pulse <a href=\"https:\/\/afrontandolesionmedular.blogspot.com\/2023\/01\/encontrar-el-sentido-de-la-vida.html?m=1\"><strong>Aqu\u00ed<\/strong> <\/a>para m\u00e1s informaci\u00f3n.<\/figcaption><\/figure>\n\n\n\n<figure class=\"wp-block-image size-large\"><img loading=\"lazy\" decoding=\"async\" width=\"769\" height=\"1024\" src=\"https:\/\/blog.uclm.es\/saramago-toledo\/wp-content\/uploads\/sites\/206\/2022\/12\/1669973184271-769x1024.jpg\" alt=\"\" class=\"wp-image-1402\" srcset=\"https:\/\/blog.uclm.es\/saramago-toledo\/wp-content\/uploads\/sites\/206\/2022\/12\/1669973184271-769x1024.jpg 769w, https:\/\/blog.uclm.es\/saramago-toledo\/wp-content\/uploads\/sites\/206\/2022\/12\/1669973184271-225x300.jpg 225w, https:\/\/blog.uclm.es\/saramago-toledo\/wp-content\/uploads\/sites\/206\/2022\/12\/1669973184271-768x1023.jpg 768w, https:\/\/blog.uclm.es\/saramago-toledo\/wp-content\/uploads\/sites\/206\/2022\/12\/1669973184271-1153x1536.jpg 1153w, https:\/\/blog.uclm.es\/saramago-toledo\/wp-content\/uploads\/sites\/206\/2022\/12\/1669973184271-1538x2048.jpg 1538w, https:\/\/blog.uclm.es\/saramago-toledo\/wp-content\/uploads\/sites\/206\/2022\/12\/1669973184271-scaled.jpg 1922w\" sizes=\"auto, (max-width: 769px) 100vw, 769px\" \/><figcaption class=\"wp-element-caption\">Exposiciones del Hospital Tavera \u00abEl linaje del Rey Sabio\u00bb (Fundaci\u00f3n Casa Ducal de Medinaceli) y \u00abLa canciller\u00eda de Alfonso X\u00bb (Archivo Hist\u00f3rico de la Nobleza). Profesor Eugenio Serrano con los alumnos de 3\u00ba Espec\u00edfico.<\/figcaption><\/figure>\n\n\n\n<figure class=\"wp-block-image size-large is-resized\"><img loading=\"lazy\" decoding=\"async\" src=\"https:\/\/blog.uclm.es\/saramago-toledo\/wp-content\/uploads\/sites\/206\/2022\/11\/WhatsApp-Image-2022-11-23-at-17.24.43-1024x768.jpeg\" alt=\"\" class=\"wp-image-1387\" width=\"611\" height=\"458\" srcset=\"https:\/\/blog.uclm.es\/saramago-toledo\/wp-content\/uploads\/sites\/206\/2022\/11\/WhatsApp-Image-2022-11-23-at-17.24.43-1024x768.jpeg 1024w, https:\/\/blog.uclm.es\/saramago-toledo\/wp-content\/uploads\/sites\/206\/2022\/11\/WhatsApp-Image-2022-11-23-at-17.24.43-300x225.jpeg 300w, https:\/\/blog.uclm.es\/saramago-toledo\/wp-content\/uploads\/sites\/206\/2022\/11\/WhatsApp-Image-2022-11-23-at-17.24.43-768x576.jpeg 768w, https:\/\/blog.uclm.es\/saramago-toledo\/wp-content\/uploads\/sites\/206\/2022\/11\/WhatsApp-Image-2022-11-23-at-17.24.43-1536x1152.jpeg 1536w, https:\/\/blog.uclm.es\/saramago-toledo\/wp-content\/uploads\/sites\/206\/2022\/11\/WhatsApp-Image-2022-11-23-at-17.24.43-400x300.jpeg 400w, https:\/\/blog.uclm.es\/saramago-toledo\/wp-content\/uploads\/sites\/206\/2022\/11\/WhatsApp-Image-2022-11-23-at-17.24.43.jpeg 2000w\" sizes=\"auto, (max-width: 611px) 100vw, 611px\" \/><figcaption class=\"wp-element-caption\">Patio de Lorenzana-Jornadas Organizadas por ADAUM para conmemorar el tercer centenario del nacimiento del Cardenal Lorenzana (noviembre)<\/figcaption><\/figure>\n\n\n\n<figure class=\"wp-block-image size-large\"><img loading=\"lazy\" decoding=\"async\" width=\"1024\" height=\"467\" src=\"https:\/\/blog.uclm.es\/saramago-toledo\/wp-content\/uploads\/sites\/206\/2022\/11\/image-1-1024x467.png\" alt=\"\" class=\"wp-image-1378\" srcset=\"https:\/\/blog.uclm.es\/saramago-toledo\/wp-content\/uploads\/sites\/206\/2022\/11\/image-1-1024x467.png 1024w, https:\/\/blog.uclm.es\/saramago-toledo\/wp-content\/uploads\/sites\/206\/2022\/11\/image-1-300x137.png 300w, https:\/\/blog.uclm.es\/saramago-toledo\/wp-content\/uploads\/sites\/206\/2022\/11\/image-1-768x350.png 768w, https:\/\/blog.uclm.es\/saramago-toledo\/wp-content\/uploads\/sites\/206\/2022\/11\/image-1-500x228.png 500w, https:\/\/blog.uclm.es\/saramago-toledo\/wp-content\/uploads\/sites\/206\/2022\/11\/image-1.png 1077w\" sizes=\"auto, (max-width: 1024px) 100vw, 1024px\" \/><figcaption class=\"wp-element-caption\">Excursi\u00f3n al Palacio de Fuensalida y las Cortes de Castilla La Mancha. Organizada por los alumnos de 3\u00ba (octubre)<\/figcaption><\/figure>\n\n\n\n<figure class=\"wp-block-image size-full\"><img loading=\"lazy\" decoding=\"async\" width=\"721\" height=\"544\" src=\"https:\/\/blog.uclm.es\/saramago-toledo\/wp-content\/uploads\/sites\/206\/2022\/11\/image.png\" alt=\"\" class=\"wp-image-1377\" srcset=\"https:\/\/blog.uclm.es\/saramago-toledo\/wp-content\/uploads\/sites\/206\/2022\/11\/image.png 721w, https:\/\/blog.uclm.es\/saramago-toledo\/wp-content\/uploads\/sites\/206\/2022\/11\/image-300x226.png 300w, https:\/\/blog.uclm.es\/saramago-toledo\/wp-content\/uploads\/sites\/206\/2022\/11\/image-398x300.png 398w\" sizes=\"auto, (max-width: 721px) 100vw, 721px\" \/><figcaption class=\"wp-element-caption\">Excursi\u00f3n a Yepes. Organizada por los delegados. (noviembre)<\/figcaption><\/figure>\n\n\n\n<p><\/p>\n\n\n\n<p><\/p>\n\n\n\n\n\n\n\n\n\n\n","protected":false},"excerpt":{"rendered":"","protected":false},"author":323,"featured_media":0,"parent":0,"menu_order":0,"comment_status":"closed","ping_status":"closed","template":"","meta":{"footnotes":""},"class_list":["post-1376","page","type-page","status-publish","hentry"],"_links":{"self":[{"href":"https:\/\/blog.uclm.es\/saramago-toledo\/wp-json\/wp\/v2\/pages\/1376","targetHints":{"allow":["GET"]}}],"collection":[{"href":"https:\/\/blog.uclm.es\/saramago-toledo\/wp-json\/wp\/v2\/pages"}],"about":[{"href":"https:\/\/blog.uclm.es\/saramago-toledo\/wp-json\/wp\/v2\/types\/page"}],"author":[{"embeddable":true,"href":"https:\/\/blog.uclm.es\/saramago-toledo\/wp-json\/wp\/v2\/users\/323"}],"replies":[{"embeddable":true,"href":"https:\/\/blog.uclm.es\/saramago-toledo\/wp-json\/wp\/v2\/comments?post=1376"}],"version-history":[{"count":37,"href":"https:\/\/blog.uclm.es\/saramago-toledo\/wp-json\/wp\/v2\/pages\/1376\/revisions"}],"predecessor-version":[{"id":1847,"href":"https:\/\/blog.uclm.es\/saramago-toledo\/wp-json\/wp\/v2\/pages\/1376\/revisions\/1847"}],"wp:attachment":[{"href":"https:\/\/blog.uclm.es\/saramago-toledo\/wp-json\/wp\/v2\/media?parent=1376"}],"curies":[{"name":"wp","href":"https:\/\/api.w.org\/{rel}","templated":true}]}}