{"id":127,"date":"2019-05-09T13:12:12","date_gmt":"2019-05-09T12:12:12","guid":{"rendered":"http:\/\/blog.uclm.es\/saramago-toledo\/?page_id=127"},"modified":"2025-07-28T16:05:23","modified_gmt":"2025-07-28T15:05:23","slug":"ciclos-2","status":"publish","type":"page","link":"https:\/\/blog.uclm.es\/saramago-toledo\/ciclos-2\/","title":{"rendered":"Ciclos de estudios"},"content":{"rendered":"<ul>\n<li><a href=\"https:\/\/www.uclm.es\/misiones\/culturadeporte\/extensionuniversitaria\/programajosesaramago\" target=\"_blank\" rel=\"noopener noreferrer\"><em><strong>Informaci\u00f3n general del Programa Universitario<\/strong><\/em><\/a><\/li>\n<\/ul>\n<ul>\n<li><span style=\"color: black\" data-darkreader-inline-color=\"\"><em><strong>Requisitos para la matriculaci\u00f3n:<\/strong><\/em><\/span><\/li>\n<\/ul>\n<p style=\"padding-left: 40px\">Cumplir 50 a\u00f1os o m\u00e1s en el a\u00f1o de la matr\u00edcula. No existe ning\u00fan requisito adicional para ninguno de sus ciclos de estudio.<\/p>\n<ul>\n<li><span style=\"color: black\" data-darkreader-inline-color=\"\"><em><strong>Ciclos de estudio:<\/strong><\/em><\/span>\n<ul>\n<li>Ciclo <strong>Espec\u00edfico<\/strong>: 4 cursos acad\u00e9micos establecidos.<\/li>\n<li>Ciclo <strong>Actualizado<\/strong>: Curso acad\u00e9mico que se renueva cada a\u00f1o.<\/li>\n<li>Ciclo <strong>Integrado<\/strong>: Asignaturas de ense\u00f1anzas de grado de la UCLM en el Campus de Toledo.<\/li>\n<\/ul>\n<\/li>\n<\/ul>\n<figure class=\"wp-block-image is-resized\"><\/figure>\n\n\n<figure class=\"wp-block-image size-large\"><img loading=\"lazy\" decoding=\"async\" width=\"1024\" height=\"737\" src=\"https:\/\/blog.uclm.es\/saramago-toledo\/wp-content\/uploads\/sites\/206\/2023\/03\/Ciclos-1024x737.png\" alt=\"\" class=\"wp-image-1667\" srcset=\"https:\/\/blog.uclm.es\/saramago-toledo\/wp-content\/uploads\/sites\/206\/2023\/03\/Ciclos-1024x737.png 1024w, https:\/\/blog.uclm.es\/saramago-toledo\/wp-content\/uploads\/sites\/206\/2023\/03\/Ciclos-300x216.png 300w, https:\/\/blog.uclm.es\/saramago-toledo\/wp-content\/uploads\/sites\/206\/2023\/03\/Ciclos-768x553.png 768w, https:\/\/blog.uclm.es\/saramago-toledo\/wp-content\/uploads\/sites\/206\/2023\/03\/Ciclos-1536x1106.png 1536w, https:\/\/blog.uclm.es\/saramago-toledo\/wp-content\/uploads\/sites\/206\/2023\/03\/Ciclos-417x300.png 417w, https:\/\/blog.uclm.es\/saramago-toledo\/wp-content\/uploads\/sites\/206\/2023\/03\/Ciclos.png 2018w\" sizes=\"auto, (max-width: 1024px) 100vw, 1024px\" \/><figcaption class=\"wp-element-caption\">Ciclos del Programa en Toledo<\/figcaption><\/figure>\n","protected":false},"excerpt":{"rendered":"<p>Informaci\u00f3n general del Programa Universitario Requisitos para la matriculaci\u00f3n: Cumplir 50 a\u00f1os o m\u00e1s en el a\u00f1o de la matr\u00edcula. No existe ning\u00fan requisito adicional para ninguno de sus ciclos de estudio. Ciclos de estudio: Ciclo Espec\u00edfico: 4 cursos acad\u00e9micos &hellip; <a href=\"https:\/\/blog.uclm.es\/saramago-toledo\/ciclos-2\/\">Sigue leyendo <span class=\"meta-nav\">&rarr;<\/span><\/a><\/p>\n","protected":false},"author":324,"featured_media":627,"parent":0,"menu_order":0,"comment_status":"closed","ping_status":"closed","template":"","meta":{"footnotes":""},"class_list":["post-127","page","type-page","status-publish","has-post-thumbnail","hentry"],"_links":{"self":[{"href":"https:\/\/blog.uclm.es\/saramago-toledo\/wp-json\/wp\/v2\/pages\/127","targetHints":{"allow":["GET"]}}],"collection":[{"href":"https:\/\/blog.uclm.es\/saramago-toledo\/wp-json\/wp\/v2\/pages"}],"about":[{"href":"https:\/\/blog.uclm.es\/saramago-toledo\/wp-json\/wp\/v2\/types\/page"}],"author":[{"embeddable":true,"href":"https:\/\/blog.uclm.es\/saramago-toledo\/wp-json\/wp\/v2\/users\/324"}],"replies":[{"embeddable":true,"href":"https:\/\/blog.uclm.es\/saramago-toledo\/wp-json\/wp\/v2\/comments?post=127"}],"version-history":[{"count":5,"href":"https:\/\/blog.uclm.es\/saramago-toledo\/wp-json\/wp\/v2\/pages\/127\/revisions"}],"predecessor-version":[{"id":3093,"href":"https:\/\/blog.uclm.es\/saramago-toledo\/wp-json\/wp\/v2\/pages\/127\/revisions\/3093"}],"wp:featuredmedia":[{"embeddable":true,"href":"https:\/\/blog.uclm.es\/saramago-toledo\/wp-json\/wp\/v2\/media\/627"}],"wp:attachment":[{"href":"https:\/\/blog.uclm.es\/saramago-toledo\/wp-json\/wp\/v2\/media?parent=127"}],"curies":[{"name":"wp","href":"https:\/\/api.w.org\/{rel}","templated":true}]}}