{"id":951,"date":"2024-03-19T17:43:07","date_gmt":"2024-03-19T17:43:07","guid":{"rendered":"https:\/\/blog.uclm.es\/saramago-cuenca\/?page_id=951"},"modified":"2025-07-01T17:54:07","modified_gmt":"2025-07-01T17:54:07","slug":"talleres","status":"publish","type":"page","link":"https:\/\/blog.uclm.es\/saramago-cuenca\/talleres\/","title":{"rendered":"Talleres"},"content":{"rendered":"\n<h2 class=\"wp-block-heading\">Taller de Inform\u00e1tica<\/h2>\n\n\n\n<div data-wp-interactive=\"core\/file\" class=\"wp-block-file\"><object data-wp-bind--hidden=\"!state.hasPdfPreview\" hidden class=\"wp-block-file__embed\" data=\"https:\/\/blog.uclm.es\/saramago-cuenca\/wp-content\/uploads\/sites\/207\/2024\/09\/Manual-uso-telefono-movil.pdf\" type=\"application\/pdf\" style=\"width:100%;height:600px\" aria-label=\"Incrustado de Manual uso tel\u00e9fono m\u00f3vil.\"><\/object><a id=\"wp-block-file--media-6a17a376-8cf4-4a75-9871-88033f58a3b1\" href=\"https:\/\/blog.uclm.es\/saramago-cuenca\/wp-content\/uploads\/sites\/207\/2024\/09\/Manual-uso-telefono-movil.pdf\">Manual uso tel\u00e9fono m\u00f3vil<\/a><a href=\"https:\/\/blog.uclm.es\/saramago-cuenca\/wp-content\/uploads\/sites\/207\/2024\/09\/Manual-uso-telefono-movil.pdf\" class=\"wp-block-file__button wp-element-button\" download aria-describedby=\"wp-block-file--media-6a17a376-8cf4-4a75-9871-88033f58a3b1\">Descarga<\/a><\/div>\n\n\n\n<figure class=\"wp-block-image size-full\"><img loading=\"lazy\" decoding=\"async\" width=\"960\" height=\"720\" src=\"https:\/\/blog.uclm.es\/saramago-cuenca\/wp-content\/uploads\/sites\/207\/2020\/03\/Info-II.jpg\" alt=\"\" class=\"wp-image-152\" srcset=\"https:\/\/blog.uclm.es\/saramago-cuenca\/wp-content\/uploads\/sites\/207\/2020\/03\/Info-II.jpg 960w, https:\/\/blog.uclm.es\/saramago-cuenca\/wp-content\/uploads\/sites\/207\/2020\/03\/Info-II-300x225.jpg 300w, https:\/\/blog.uclm.es\/saramago-cuenca\/wp-content\/uploads\/sites\/207\/2020\/03\/Info-II-768x576.jpg 768w, https:\/\/blog.uclm.es\/saramago-cuenca\/wp-content\/uploads\/sites\/207\/2020\/03\/Info-II-400x300.jpg 400w\" sizes=\"auto, (max-width: 960px) 100vw, 960px\" \/><\/figure>\n\n\n\n<h2 class=\"wp-block-heading\">Taller de Pintura<\/h2>\n\n\n\n<div data-wp-interactive=\"core\/file\" class=\"wp-block-file\"><object data-wp-bind--hidden=\"!state.hasPdfPreview\" hidden class=\"wp-block-file__embed\" data=\"https:\/\/blog.uclm.es\/saramago-cuenca\/wp-content\/uploads\/sites\/207\/2024\/09\/Catallogo-Exposicion-Taller-de-Puntura-PUJS-I.pdf\" type=\"application\/pdf\" style=\"width:100%;height:600px\" aria-label=\"Incrustado de Cat\u00e1llogo Exposici\u00f3n Taller de Puntura PUJS I.\"><\/object><a id=\"wp-block-file--media-1b2b2be4-35d8-4ddd-b8a7-79d9f9919384\" href=\"https:\/\/blog.uclm.es\/saramago-cuenca\/wp-content\/uploads\/sites\/207\/2024\/09\/Catallogo-Exposicion-Taller-de-Puntura-PUJS-I.pdf\">Cat\u00e1llogo Exposici\u00f3n Taller de Puntura PUJS I<\/a><a href=\"https:\/\/blog.uclm.es\/saramago-cuenca\/wp-content\/uploads\/sites\/207\/2024\/09\/Catallogo-Exposicion-Taller-de-Puntura-PUJS-I.pdf\" class=\"wp-block-file__button wp-element-button\" download aria-describedby=\"wp-block-file--media-1b2b2be4-35d8-4ddd-b8a7-79d9f9919384\">Descarga<\/a><\/div>\n\n\n\n<figure class=\"wp-block-gallery has-nested-images columns-default is-cropped wp-block-gallery-1 is-layout-flex wp-block-gallery-is-layout-flex\">\n<figure class=\"wp-block-image size-large\"><img loading=\"lazy\" decoding=\"async\" width=\"1024\" height=\"768\" data-id=\"129\" src=\"https:\/\/blog.uclm.es\/saramago-cuenca\/wp-content\/uploads\/sites\/207\/2020\/03\/IMG_0627-2-scaled-1-1024x768.jpg\" alt=\"\" class=\"wp-image-129\" srcset=\"https:\/\/blog.uclm.es\/saramago-cuenca\/wp-content\/uploads\/sites\/207\/2020\/03\/IMG_0627-2-scaled-1-1024x768.jpg 1024w, https:\/\/blog.uclm.es\/saramago-cuenca\/wp-content\/uploads\/sites\/207\/2020\/03\/IMG_0627-2-scaled-1-300x225.jpg 300w, https:\/\/blog.uclm.es\/saramago-cuenca\/wp-content\/uploads\/sites\/207\/2020\/03\/IMG_0627-2-scaled-1-768x576.jpg 768w, https:\/\/blog.uclm.es\/saramago-cuenca\/wp-content\/uploads\/sites\/207\/2020\/03\/IMG_0627-2-scaled-1-1536x1152.jpg 1536w, https:\/\/blog.uclm.es\/saramago-cuenca\/wp-content\/uploads\/sites\/207\/2020\/03\/IMG_0627-2-scaled-1-2048x1536.jpg 2048w, https:\/\/blog.uclm.es\/saramago-cuenca\/wp-content\/uploads\/sites\/207\/2020\/03\/IMG_0627-2-scaled-1-400x300.jpg 400w\" sizes=\"auto, (max-width: 1024px) 100vw, 1024px\" \/><\/figure>\n<\/figure>\n\n\n\n<h2 class=\"wp-block-heading\">Taller de Lectura<\/h2>\n\n\n\n<figure class=\"wp-block-image size-large\"><img loading=\"lazy\" decoding=\"async\" width=\"1024\" height=\"768\" src=\"https:\/\/blog.uclm.es\/saramago-cuenca\/wp-content\/uploads\/sites\/207\/2020\/03\/Lectura-1024x768.jpg\" alt=\"\" class=\"wp-image-147\" srcset=\"https:\/\/blog.uclm.es\/saramago-cuenca\/wp-content\/uploads\/sites\/207\/2020\/03\/Lectura-1024x768.jpg 1024w, https:\/\/blog.uclm.es\/saramago-cuenca\/wp-content\/uploads\/sites\/207\/2020\/03\/Lectura-300x225.jpg 300w, https:\/\/blog.uclm.es\/saramago-cuenca\/wp-content\/uploads\/sites\/207\/2020\/03\/Lectura-768x576.jpg 768w, https:\/\/blog.uclm.es\/saramago-cuenca\/wp-content\/uploads\/sites\/207\/2020\/03\/Lectura-1536x1152.jpg 1536w, https:\/\/blog.uclm.es\/saramago-cuenca\/wp-content\/uploads\/sites\/207\/2020\/03\/Lectura-400x300.jpg 400w, https:\/\/blog.uclm.es\/saramago-cuenca\/wp-content\/uploads\/sites\/207\/2020\/03\/Lectura.jpg 1600w\" sizes=\"auto, (max-width: 1024px) 100vw, 1024px\" \/><\/figure>\n\n\n\n<h2 class=\"wp-block-heading\">Taller de Bailes Tradicionales<\/h2>\n\n\n\n<figure class=\"wp-block-image size-large is-resized\"><img loading=\"lazy\" decoding=\"async\" width=\"769\" height=\"1024\" src=\"https:\/\/blog.uclm.es\/saramago-cuenca\/wp-content\/uploads\/sites\/207\/2022\/06\/WhatsApp-Image-2022-06-23-at-7.32.24-PM-4-769x1024.jpeg\" alt=\"\" class=\"wp-image-601\" style=\"width:454px;height:auto\" srcset=\"https:\/\/blog.uclm.es\/saramago-cuenca\/wp-content\/uploads\/sites\/207\/2022\/06\/WhatsApp-Image-2022-06-23-at-7.32.24-PM-4-769x1024.jpeg 769w, https:\/\/blog.uclm.es\/saramago-cuenca\/wp-content\/uploads\/sites\/207\/2022\/06\/WhatsApp-Image-2022-06-23-at-7.32.24-PM-4-225x300.jpeg 225w, https:\/\/blog.uclm.es\/saramago-cuenca\/wp-content\/uploads\/sites\/207\/2022\/06\/WhatsApp-Image-2022-06-23-at-7.32.24-PM-4-768x1023.jpeg 768w, https:\/\/blog.uclm.es\/saramago-cuenca\/wp-content\/uploads\/sites\/207\/2022\/06\/WhatsApp-Image-2022-06-23-at-7.32.24-PM-4-1153x1536.jpeg 1153w, https:\/\/blog.uclm.es\/saramago-cuenca\/wp-content\/uploads\/sites\/207\/2022\/06\/WhatsApp-Image-2022-06-23-at-7.32.24-PM-4.jpeg 1537w\" sizes=\"auto, (max-width: 769px) 100vw, 769px\" \/><\/figure>\n\n\n\n<h2 class=\"wp-block-heading\">Taller de Radio<\/h2>\n\n\n\n<figure class=\"wp-block-image size-large\"><img loading=\"lazy\" decoding=\"async\" width=\"1024\" height=\"768\" src=\"https:\/\/blog.uclm.es\/saramago-cuenca\/wp-content\/uploads\/sites\/207\/2020\/03\/IMG_1218-2-scaled-1-1024x768.jpg\" alt=\"\" class=\"wp-image-121\" srcset=\"https:\/\/blog.uclm.es\/saramago-cuenca\/wp-content\/uploads\/sites\/207\/2020\/03\/IMG_1218-2-scaled-1-1024x768.jpg 1024w, https:\/\/blog.uclm.es\/saramago-cuenca\/wp-content\/uploads\/sites\/207\/2020\/03\/IMG_1218-2-scaled-1-300x225.jpg 300w, https:\/\/blog.uclm.es\/saramago-cuenca\/wp-content\/uploads\/sites\/207\/2020\/03\/IMG_1218-2-scaled-1-768x576.jpg 768w, https:\/\/blog.uclm.es\/saramago-cuenca\/wp-content\/uploads\/sites\/207\/2020\/03\/IMG_1218-2-scaled-1-1536x1152.jpg 1536w, https:\/\/blog.uclm.es\/saramago-cuenca\/wp-content\/uploads\/sites\/207\/2020\/03\/IMG_1218-2-scaled-1-2048x1536.jpg 2048w, https:\/\/blog.uclm.es\/saramago-cuenca\/wp-content\/uploads\/sites\/207\/2020\/03\/IMG_1218-2-scaled-1-400x300.jpg 400w\" sizes=\"auto, (max-width: 1024px) 100vw, 1024px\" \/><\/figure>\n\n\n\n<figure class=\"wp-block-image size-large\"><img loading=\"lazy\" decoding=\"async\" width=\"1024\" height=\"768\" src=\"https:\/\/blog.uclm.es\/saramago-cuenca\/wp-content\/uploads\/sites\/207\/2022\/06\/WhatsApp-Image-2022-06-20-at-1.06.51-PM-1-1024x768.jpeg\" alt=\"\" class=\"wp-image-566\" srcset=\"https:\/\/blog.uclm.es\/saramago-cuenca\/wp-content\/uploads\/sites\/207\/2022\/06\/WhatsApp-Image-2022-06-20-at-1.06.51-PM-1-1024x768.jpeg 1024w, https:\/\/blog.uclm.es\/saramago-cuenca\/wp-content\/uploads\/sites\/207\/2022\/06\/WhatsApp-Image-2022-06-20-at-1.06.51-PM-1-300x225.jpeg 300w, https:\/\/blog.uclm.es\/saramago-cuenca\/wp-content\/uploads\/sites\/207\/2022\/06\/WhatsApp-Image-2022-06-20-at-1.06.51-PM-1-768x576.jpeg 768w, https:\/\/blog.uclm.es\/saramago-cuenca\/wp-content\/uploads\/sites\/207\/2022\/06\/WhatsApp-Image-2022-06-20-at-1.06.51-PM-1-1536x1152.jpeg 1536w, https:\/\/blog.uclm.es\/saramago-cuenca\/wp-content\/uploads\/sites\/207\/2022\/06\/WhatsApp-Image-2022-06-20-at-1.06.51-PM-1-400x300.jpeg 400w, https:\/\/blog.uclm.es\/saramago-cuenca\/wp-content\/uploads\/sites\/207\/2022\/06\/WhatsApp-Image-2022-06-20-at-1.06.51-PM-1.jpeg 1600w\" sizes=\"auto, (max-width: 1024px) 100vw, 1024px\" \/><\/figure>\n\n\n\n<h2 class=\"wp-block-heading\">Taller de Ingl\u00e9s<\/h2>\n\n\n\n<figure class=\"wp-block-image size-large\"><img loading=\"lazy\" decoding=\"async\" width=\"1024\" height=\"768\" src=\"https:\/\/blog.uclm.es\/saramago-cuenca\/wp-content\/uploads\/sites\/207\/2020\/03\/INGLES-I-1024x768.jpg\" alt=\"\" class=\"wp-image-148\" srcset=\"https:\/\/blog.uclm.es\/saramago-cuenca\/wp-content\/uploads\/sites\/207\/2020\/03\/INGLES-I-1024x768.jpg 1024w, https:\/\/blog.uclm.es\/saramago-cuenca\/wp-content\/uploads\/sites\/207\/2020\/03\/INGLES-I-300x225.jpg 300w, https:\/\/blog.uclm.es\/saramago-cuenca\/wp-content\/uploads\/sites\/207\/2020\/03\/INGLES-I-768x576.jpg 768w, https:\/\/blog.uclm.es\/saramago-cuenca\/wp-content\/uploads\/sites\/207\/2020\/03\/INGLES-I-1536x1152.jpg 1536w, https:\/\/blog.uclm.es\/saramago-cuenca\/wp-content\/uploads\/sites\/207\/2020\/03\/INGLES-I-400x300.jpg 400w, https:\/\/blog.uclm.es\/saramago-cuenca\/wp-content\/uploads\/sites\/207\/2020\/03\/INGLES-I.jpg 1600w\" sizes=\"auto, (max-width: 1024px) 100vw, 1024px\" \/><\/figure>\n\n\n\n<h2 class=\"wp-block-heading\">Taller de F\u00edsica en la EPC (26\/03\/25)<\/h2>\n\n\n\n<figure class=\"wp-block-image size-large\"><img loading=\"lazy\" decoding=\"async\" width=\"1024\" height=\"768\" src=\"https:\/\/blog.uclm.es\/saramago-cuenca\/wp-content\/uploads\/sites\/207\/2025\/03\/Taller-de-Fisica-1024x768.jpg\" alt=\"\" class=\"wp-image-1155\" srcset=\"https:\/\/blog.uclm.es\/saramago-cuenca\/wp-content\/uploads\/sites\/207\/2025\/03\/Taller-de-Fisica-1024x768.jpg 1024w, https:\/\/blog.uclm.es\/saramago-cuenca\/wp-content\/uploads\/sites\/207\/2025\/03\/Taller-de-Fisica-300x225.jpg 300w, https:\/\/blog.uclm.es\/saramago-cuenca\/wp-content\/uploads\/sites\/207\/2025\/03\/Taller-de-Fisica-768x576.jpg 768w, https:\/\/blog.uclm.es\/saramago-cuenca\/wp-content\/uploads\/sites\/207\/2025\/03\/Taller-de-Fisica-1536x1152.jpg 1536w, https:\/\/blog.uclm.es\/saramago-cuenca\/wp-content\/uploads\/sites\/207\/2025\/03\/Taller-de-Fisica.jpg 2000w\" sizes=\"auto, (max-width: 1024px) 100vw, 1024px\" \/><\/figure>\n\n\n\n<h2 class=\"wp-block-heading\">Taller de Pintura en Tela (2022)<\/h2>\n\n\n\n<figure class=\"wp-block-image size-large\"><img loading=\"lazy\" decoding=\"async\" width=\"1024\" height=\"768\" src=\"https:\/\/blog.uclm.es\/saramago-cuenca\/wp-content\/uploads\/sites\/207\/2022\/08\/20220526_205016-scaled-1-1024x768.jpg\" alt=\"\" class=\"wp-image-740\" srcset=\"https:\/\/blog.uclm.es\/saramago-cuenca\/wp-content\/uploads\/sites\/207\/2022\/08\/20220526_205016-scaled-1-1024x768.jpg 1024w, https:\/\/blog.uclm.es\/saramago-cuenca\/wp-content\/uploads\/sites\/207\/2022\/08\/20220526_205016-scaled-1-300x225.jpg 300w, https:\/\/blog.uclm.es\/saramago-cuenca\/wp-content\/uploads\/sites\/207\/2022\/08\/20220526_205016-scaled-1-768x576.jpg 768w, https:\/\/blog.uclm.es\/saramago-cuenca\/wp-content\/uploads\/sites\/207\/2022\/08\/20220526_205016-scaled-1-1536x1152.jpg 1536w, https:\/\/blog.uclm.es\/saramago-cuenca\/wp-content\/uploads\/sites\/207\/2022\/08\/20220526_205016-scaled-1-2048x1536.jpg 2048w, https:\/\/blog.uclm.es\/saramago-cuenca\/wp-content\/uploads\/sites\/207\/2022\/08\/20220526_205016-scaled-1-400x300.jpg 400w\" sizes=\"auto, (max-width: 1024px) 100vw, 1024px\" \/><\/figure>\n\n\n\n<figure class=\"wp-block-image size-large\"><img loading=\"lazy\" decoding=\"async\" width=\"768\" height=\"1024\" src=\"https:\/\/blog.uclm.es\/saramago-cuenca\/wp-content\/uploads\/sites\/207\/2022\/08\/20220526_194620-scaled-1-768x1024.jpg\" alt=\"\" class=\"wp-image-742\" srcset=\"https:\/\/blog.uclm.es\/saramago-cuenca\/wp-content\/uploads\/sites\/207\/2022\/08\/20220526_194620-scaled-1-768x1024.jpg 768w, https:\/\/blog.uclm.es\/saramago-cuenca\/wp-content\/uploads\/sites\/207\/2022\/08\/20220526_194620-scaled-1-225x300.jpg 225w, https:\/\/blog.uclm.es\/saramago-cuenca\/wp-content\/uploads\/sites\/207\/2022\/08\/20220526_194620-scaled-1-1152x1536.jpg 1152w, https:\/\/blog.uclm.es\/saramago-cuenca\/wp-content\/uploads\/sites\/207\/2022\/08\/20220526_194620-scaled-1-1536x2048.jpg 1536w, https:\/\/blog.uclm.es\/saramago-cuenca\/wp-content\/uploads\/sites\/207\/2022\/08\/20220526_194620-scaled-1.jpg 1920w\" sizes=\"auto, (max-width: 768px) 100vw, 768px\" \/><\/figure>\n\n\n\n<h2 class=\"wp-block-heading\"><\/h2>\n","protected":false},"excerpt":{"rendered":"<p>Taller de Inform\u00e1tica Taller de Pintura Taller de Lectura Taller de Bailes Tradicionales Taller de Radio Taller de Ingl\u00e9s Taller de F\u00edsica en la EPC (26\/03\/25) Taller de Pintura en Tela (2022)<\/p>\n","protected":false},"author":471,"featured_media":0,"parent":0,"menu_order":0,"comment_status":"closed","ping_status":"closed","template":"","meta":{"footnotes":""},"class_list":["post-951","page","type-page","status-publish","hentry"],"_links":{"self":[{"href":"https:\/\/blog.uclm.es\/saramago-cuenca\/wp-json\/wp\/v2\/pages\/951","targetHints":{"allow":["GET"]}}],"collection":[{"href":"https:\/\/blog.uclm.es\/saramago-cuenca\/wp-json\/wp\/v2\/pages"}],"about":[{"href":"https:\/\/blog.uclm.es\/saramago-cuenca\/wp-json\/wp\/v2\/types\/page"}],"author":[{"embeddable":true,"href":"https:\/\/blog.uclm.es\/saramago-cuenca\/wp-json\/wp\/v2\/users\/471"}],"replies":[{"embeddable":true,"href":"https:\/\/blog.uclm.es\/saramago-cuenca\/wp-json\/wp\/v2\/comments?post=951"}],"version-history":[{"count":10,"href":"https:\/\/blog.uclm.es\/saramago-cuenca\/wp-json\/wp\/v2\/pages\/951\/revisions"}],"predecessor-version":[{"id":1279,"href":"https:\/\/blog.uclm.es\/saramago-cuenca\/wp-json\/wp\/v2\/pages\/951\/revisions\/1279"}],"wp:attachment":[{"href":"https:\/\/blog.uclm.es\/saramago-cuenca\/wp-json\/wp\/v2\/media?parent=951"}],"curies":[{"name":"wp","href":"https:\/\/api.w.org\/{rel}","templated":true}]}}