{"id":67,"date":"2020-03-03T13:22:57","date_gmt":"2020-03-03T12:22:57","guid":{"rendered":"http:\/\/blog.uclm.es\/saramago-cuenca\/?page_id=67"},"modified":"2025-03-17T10:17:38","modified_gmt":"2025-03-17T10:17:38","slug":"proyectos-europeos","status":"publish","type":"page","link":"https:\/\/blog.uclm.es\/saramago-cuenca\/proyectos-europeos\/","title":{"rendered":"Proyectos Europeos"},"content":{"rendered":"\n<h2 class=\"wp-block-heading\">IT\u00b4S EASY TO TEACH<\/h2>\n\n\n\n<p>Erasmus+ Uni\u00f3n Europea<\/p>\n\n\n\n<p>01\/10\/2016 &#8211; 01\/10\/2018 <\/p>\n\n\n\n<p><strong>Organizaciones participantes en el proyecto<\/strong>:&nbsp;<\/p>\n\n\n\n<p>Foundation Altywni XXI, Polonia&nbsp;<br>Association E-Seniors, Francia&nbsp;<br>Universidad de Castilla-La Mancha, Espa\u00f1a<\/p>\n\n\n\n<p><strong>V\u00eddeos del Proyecto Erasmus + It is easy<\/strong><\/p>\n\n\n\n<p>Pary\u017c:&nbsp;<a href=\"https:\/\/youtu.be\/vHK3sTHT6XE\" target=\"_blank\" rel=\"noreferrer noopener\">https:\/\/youtu.be\/vHK3sTHT6XE<\/a><\/p>\n\n\n\n<p>Jelenia G\u00f3ra:&nbsp;<a rel=\"noreferrer noopener\" href=\"https:\/\/youtu.be\/eHu9rNlXn8I\" target=\"_blank\">https:\/\/youtu.be\/eHu9rNlXn8I<\/a><\/p>\n\n\n\n<h2 class=\"wp-block-heading\">COMMON CULTURAL HERITAGE \u2013 CCH<\/h2>\n\n\n\n<p>Erasmus+ Uni\u00f3n Europea<\/p>\n\n\n\n<p>01\/10\/2018 &#8211; 01\/10\/2020<\/p>\n\n\n\n<p><strong>Organizaciones participantes en el proyecto<\/strong>:&nbsp;<\/p>\n\n\n\n<p>Foundation Altywni XXI, Polonia&nbsp;<\/p>\n\n\n\n<p>LUTE Milazo, Italia<\/p>\n\n\n\n<p>Universidad de Castilla-La Mancha, Espa\u00f1a<\/p>\n\n\n<figure class=\"wp-block-embed-facebook wp-block-embed\">\n<div class=\"wp-block-embed__wrapper\"><a href=\"https:\/\/www.facebook.com\/CommonCulturalHeritage\/\" target=\"_blank\" rel=\"noopener\">https:\/\/www.facebook.com\/CommonCulturalHeritage\/<\/a><\/div>\n<\/figure>\n\n\n<h2 class=\"wp-block-heading\">ENHANCING SENIORS COMPETENCIES FOR ACTIVE PARTICIPATION IN EUROPE &#8211; ESCAPE<\/h2>\n\n\n\n<p>Erasmus+ Uni\u00f3n Europea<\/p>\n\n\n\n<p>01\/10\/2017 &#8211; 01\/10\/2019<\/p>\n\n\n\n<p><strong>Organizaciones participantes en el proyecto<\/strong>:&nbsp;<\/p>\n\n\n\n<p>Fattoria Pugliese Diffusa, Italia<\/p>\n\n\n\n<p>Association E-Seniors, Francia&nbsp;<\/p>\n\n\n\n<p>Universidad de Castilla-La Mancha, Espa\u00f1a<\/p>\n\n\n\n<p><a href=\"https:\/\/escapeprojecteurope.wordpress.com\/blog\" target=\"_blank\" rel=\"noreferrer noopener\">https:\/\/escapeprojecteurope.wordpress.com\/blog<\/a><\/p>\n\n\n<figure class=\"wp-block-embed-facebook wp-block-embed\">\n<div class=\"wp-block-embed__wrapper\"><a href=\"https:\/\/www.facebook.com\/escapeerasmusproject\/\" target=\"_blank\" rel=\"noopener\">https:\/\/www.facebook.com\/escapeerasmusproject\/<\/a><\/div>\n<\/figure>\n\n\n<p><strong>EL ENFOQUE DEL SIGLO XXI PARA LA EDUCACI\u00d3N DE PERSONAS ADULTAS EN EUROPA<\/strong><\/p>\n\n\n\n<p>Tras el exitoso final de su \u00faltimo proyecto \u201cCommon Cultural Heritage\u201d, el PUJS 50 plus ha vuelto a conseguir la aprobaci\u00f3n de un nuevo proyecto Erasmus+, esta vez teniendo como eje central el nuevas las nuevas habilidades del siglo XXI para la educaci\u00f3n de las personas adultas.&nbsp;<\/p>\n\n\n\n<p>Partiendo de la necesidad de adaptaci\u00f3n al cambio continuo en nuestra sociedad, el PUJS 50 plus necesita mejorar la metodolog\u00eda de ense\u00f1anza de las diferentes \u00e1reas, enfoc\u00e1ndolo a la acci\u00f3n docente para crear nuevas oportunidades para el desarrollo y potencializaci\u00f3n de las habilidades adaptadas a los nuevos tiempos. El objetivo de esta capacitaci\u00f3n es aumentar la confianza y ampliar el conocimiento de profesores al adoptar diferentes t\u00e9cnicas y m\u00e9todos para alentar a sus estudiantes a ser m\u00e1s creativos y desarrollar sus habilidades de pensamiento cr\u00edtico y resoluci\u00f3n de problemas.<\/p>\n\n\n\n<p>El d\u00eda 08 de julio de 2020 se ha publicado la Resoluci\u00f3n provisional de la Direcci\u00f3n del Servicio Espa\u00f1ol para la Internacionalizaci\u00f3n de la Educaci\u00f3n (SEPIE) ha publicado los listados de solicitudes seleccionadas, quedando dicho proyecto en la segunda posici\u00f3n.<\/p>\n\n\n\n<h2 class=\"wp-block-heading\"><strong>DEVELOPMENT OF ELDERLY&#8217;S DIGITAL<\/strong> SKILLS THROUGH FAMILY LEARNING<\/h2>\n\n\n\n<p>Erasmus+ Uni\u00f3n Europea<\/p>\n\n\n\n<p>01\/10\/2020 &#8211; 01\/10\/2022<\/p>\n\n\n\n<p><strong>Organizaciones participantes en el proyecto<\/strong>:&nbsp;<\/p>\n\n\n\n<p>Utena A. and M. Miskiniai Public Library, Lituania<\/p>\n\n\n\n<p>Fondatsiya \u00abTsennosti, dobrodeteli, integritet\u00bb, Bulgaria<\/p>\n\n\n\n<p>Universidad de Castilla-La Mancha, Espa\u00f1a<\/p>\n\n\n\n<p>NAZILLI HAYAT BOYU OGRENME DERNEGI, Turqu\u00eda<\/p>\n\n\n\n<p>ASSOCIAZIONE CULTURALE EDUVITA E.T.S., Italia<\/p>\n\n\n\n<p>P\u00e4rnu Central Library, Estonia<\/p>\n\n\n\n<h2 class=\"wp-block-heading\">TRADITIONS, RECIPES AND CUISINES OF EUROPE USING SMARTPHONES<\/h2>\n\n\n\n<p>Erasmus+ Uni\u00f3n Europea<\/p>\n\n\n\n<p>01\/10\/2020 &#8211; 01\/10\/2022<\/p>\n\n\n\n<p><strong>Organizaciones participantes en el proyecto<\/strong>:&nbsp;<\/p>\n\n\n\n<p>Dublin City University (Irlanda)<\/p>\n\n\n\n<p>CENTRE FOR ADVANCEMENT OF RESEARCH AND DEVELOPMENT IN EDUCATIONAL TECHNOLOGY LTD-CARDET (Chipre)<\/p>\n\n\n\n<p>Universidad de Castilla-La Mancha, Espa\u00f1a<\/p>\n\n\n\n<p>E-SENIORS: INITIATION DES SENIORS AUX NTIC ASSOCIATION, Francia<\/p>\n\n\n\n<p>MEDITER &#8211; RESEAU EURO-MEDITERRANEEN POUR LA COOPERATION A.I.S.B.I., B\u00e9lgica<\/p>\n\n\n\n<p>Tulip Foundation, Bulgaria<\/p>\n\n\n\n<h2 class=\"wp-block-heading\">European opportunities for RAising Skills through Volunteering of Unengaged Seniors  (ERASVUS+)<\/h2>\n\n\n\n<p>Erasmus+ Uni\u00f3n Europea<\/p>\n\n\n\n<p>01\/10\/2020 &#8211; 01\/05\/2023<\/p>\n\n\n\n<p><strong>Organizaciones participantes en el proyecto<\/strong>:&nbsp;<\/p>\n\n\n\n<p>Universidad de Castilla-La Mancha, Espa\u00f1a<\/p>\n\n\n\n<p>FATTORIA PUGLIESE DIFFUSA ASSOCIAZIONE CULTURALE, Italia<\/p>\n\n\n\n<p>Integr\u00e1lt Kifejez\u00e9s- \u00e9s T\u00e1ncter\u00e1pi\u00e1s Egyes\u00fclet, Hungr\u00eda<\/p>\n\n\n\n<p>Asociaci\u00f3n Socioeducativa Eduplus, Espa\u00f1a<\/p>\n\n\n\n<h2 class=\"wp-block-heading\">Adult Inclusive Design (AID)<\/h2>\n\n\n\n<p>Erasmus+ Uni\u00f3n Europea<\/p>\n\n\n\n<p>01\/10\/2020 &#8211; 01\/10\/2022<\/p>\n\n\n\n<p><strong>Organizaciones participantes en el proyecto<\/strong>:&nbsp;<\/p>\n\n\n\n<p>Foundation Altywni XXI, Polonia&nbsp;<\/p>\n\n\n\n<p>Universidad de Castilla-La Mancha, Espa\u00f1a<\/p>\n\n\n\n<p>LUMSA&nbsp;Universit\u00e0, Italia<\/p>\n\n\n\n<p>SYNTHESIS&nbsp;Center&nbsp;for Research &amp; Education Ltd., Chipre<br><\/p>\n\n\n\n<h2 class=\"wp-block-heading\">Intergenerational Film Hub (IGIFU)<\/h2>\n\n\n\n<p>Erasmus+ Uni\u00f3n Europea<\/p>\n\n\n\n<p>01\/10\/2020 &#8211; 01\/10\/2022<\/p>\n\n\n\n<p><strong>Organizaciones participantes en el proyecto<\/strong>:&nbsp;<\/p>\n\n\n\n<p><a href=\"https:\/\/igifuproject.eu\/fundacja-instytut-re-integracji-spolecznej\/\">FUNDACJA INSTYTUT RE-INTEGRACJI SPOLECZNEJ<\/a>, Polonia&nbsp;<\/p>\n\n\n\n<p>Universidad de Castilla-La Mancha, Espa\u00f1a<\/p>\n\n\n\n<p><a href=\"https:\/\/igifuproject.eu\/vi-one-consultancy\/\">VI ONE CONSULTANCY<\/a>, Italia<\/p>\n\n\n\n<p><a href=\"https:\/\/igifuproject.eu\/emphasys-centre\/\">EMPHASYS CENTRE<\/a>, Chipre<\/p>\n\n\n\n<p><a href=\"https:\/\/igifuproject.eu\/laterna-magica\/\">LATERNA MAGICA<\/a>, Hungr\u00eda<\/p>\n\n\n\n<p><a href=\"https:\/\/igifuproject.eu\/laterna-magica\/\"><\/a><a href=\"https:\/\/igifuproject.eu\/myartist\/\">MYARTIST<\/a>, Grecia<\/p>\n\n\n\n<p><a href=\"https:\/\/igifuproject.eu\/akademia-humanistyczno\/\">AKADEMIA HUMANISTYCZNO<\/a>, Polonia<\/p>\n\n\n\n<p>IGIFU VIDEO<\/p>\n\n\n\n<figure class=\"wp-block-video\"><video height=\"360\" style=\"aspect-ratio: 640 \/ 360;\" width=\"640\" controls src=\"https:\/\/blog.uclm.es\/saramago-cuenca\/wp-content\/uploads\/sites\/207\/2024\/12\/uclm-igifu_tnQHnMov.mp4\"><\/video><\/figure>\n","protected":false},"excerpt":{"rendered":"<p>IT\u00b4S EASY TO TEACH Erasmus+ Uni\u00f3n Europea 01\/10\/2016 &#8211; 01\/10\/2018 Organizaciones participantes en el proyecto:&nbsp; Foundation Altywni XXI, Polonia&nbsp;Association E-Seniors, Francia&nbsp;Universidad de Castilla-La Mancha, Espa\u00f1a V\u00eddeos del Proyecto Erasmus + It is easy Pary\u017c:&nbsp;https:\/\/youtu.be\/vHK3sTHT6XE Jelenia G\u00f3ra:&nbsp;https:\/\/youtu.be\/eHu9rNlXn8I COMMON CULTURAL HERITAGE \u2013 CCH Erasmus+ Uni\u00f3n Europea 01\/10\/2018 &#8211; 01\/10\/2020 Organizaciones participantes en el proyecto:&nbsp; Foundation Altywni XXI, &hellip; <a href=\"https:\/\/blog.uclm.es\/saramago-cuenca\/proyectos-europeos\/\" class=\"more-link\">Sigue leyendo <span class=\"screen-reader-text\">Proyectos Europeos<\/span><\/a><\/p>\n","protected":false},"author":200,"featured_media":304,"parent":0,"menu_order":0,"comment_status":"closed","ping_status":"closed","template":"","meta":{"footnotes":""},"class_list":["post-67","page","type-page","status-publish","has-post-thumbnail","hentry"],"_links":{"self":[{"href":"https:\/\/blog.uclm.es\/saramago-cuenca\/wp-json\/wp\/v2\/pages\/67","targetHints":{"allow":["GET"]}}],"collection":[{"href":"https:\/\/blog.uclm.es\/saramago-cuenca\/wp-json\/wp\/v2\/pages"}],"about":[{"href":"https:\/\/blog.uclm.es\/saramago-cuenca\/wp-json\/wp\/v2\/types\/page"}],"author":[{"embeddable":true,"href":"https:\/\/blog.uclm.es\/saramago-cuenca\/wp-json\/wp\/v2\/users\/200"}],"replies":[{"embeddable":true,"href":"https:\/\/blog.uclm.es\/saramago-cuenca\/wp-json\/wp\/v2\/comments?post=67"}],"version-history":[{"count":8,"href":"https:\/\/blog.uclm.es\/saramago-cuenca\/wp-json\/wp\/v2\/pages\/67\/revisions"}],"predecessor-version":[{"id":1125,"href":"https:\/\/blog.uclm.es\/saramago-cuenca\/wp-json\/wp\/v2\/pages\/67\/revisions\/1125"}],"wp:featuredmedia":[{"embeddable":true,"href":"https:\/\/blog.uclm.es\/saramago-cuenca\/wp-json\/wp\/v2\/media\/304"}],"wp:attachment":[{"href":"https:\/\/blog.uclm.es\/saramago-cuenca\/wp-json\/wp\/v2\/media?parent=67"}],"curies":[{"name":"wp","href":"https:\/\/api.w.org\/{rel}","templated":true}]}}