{"id":600,"date":"2022-06-23T18:40:06","date_gmt":"2022-06-23T17:40:06","guid":{"rendered":"https:\/\/blog.uclm.es\/saramago-cuenca\/?page_id=600"},"modified":"2024-09-01T14:39:59","modified_gmt":"2024-09-01T14:39:59","slug":"semana-cultural-actividades-erasmus-50","status":"publish","type":"page","link":"https:\/\/blog.uclm.es\/saramago-cuenca\/semana-cultural-actividades-erasmus-50\/","title":{"rendered":"Semana Cultural. Actividades Erasmus 50+"},"content":{"rendered":"\n<p>Durante la Semana Cultural, tuvimos el placer de recibir alumnos y alumnas participantes en el proyecto europeo ERASVUS+, procedentes de Tenerife, Taurisano (Italia) y Budapest (Hungr\u00eda).<\/p>\n\n\n\n<p>Disfrutamos de diferentes actividades, reuniones y din\u00e1micas, que nos permitieron conocernos y ser part\u00edcipes de la multiculturalidad existente en nuestro continente. <\/p>\n\n\n\n<figure class=\"wp-block-gallery has-nested-images columns-default is-cropped wp-block-gallery-1 is-layout-flex wp-block-gallery-is-layout-flex\">\n<figure class=\"wp-block-image size-large\"><img decoding=\"async\" src=\"https:\/\/blog.uclm.es\/saramago-cuenca\/wp-content\/uploads\/sites\/207\/2022\/06\/WhatsApp-Image-2022-06-23-at-7.32.24-PM-4.jpeg\" alt=\"\" \/><\/figure>\n\n\n\n<figure class=\"wp-block-image size-large\"><img decoding=\"async\" src=\"https:\/\/blog.uclm.es\/saramago-cuenca\/wp-content\/uploads\/sites\/207\/2022\/06\/WhatsApp-Image-2022-06-23-at-7.32.24-PM-2.jpeg\" alt=\"\" \/><\/figure>\n\n\n\n<figure class=\"wp-block-image size-large\"><img decoding=\"async\" src=\"https:\/\/blog.uclm.es\/saramago-cuenca\/wp-content\/uploads\/sites\/207\/2022\/06\/WhatsApp-Image-2022-06-23-at-7.32.24-PM-1.jpeg\" alt=\"\" \/><\/figure>\n<figcaption class=\"blocks-gallery-caption wp-element-caption\">Taller de euritmia y danza<\/figcaption><\/figure>\n\n\n\n<figure class=\"wp-block-gallery has-nested-images columns-default is-cropped wp-block-gallery-2 is-layout-flex wp-block-gallery-is-layout-flex\">\n<figure class=\"wp-block-image size-large\"><img decoding=\"async\" src=\"https:\/\/blog.uclm.es\/saramago-cuenca\/wp-content\/uploads\/sites\/207\/2022\/08\/WhatsApp-Image-2022-05-31-at-11.23.13-PM-1.jpeg\" alt=\"\" \/><\/figure>\n\n\n\n<figure class=\"wp-block-image size-large\"><img loading=\"lazy\" decoding=\"async\" width=\"2000\" height=\"1500\" data-id=\"714\" src=\"https:\/\/blog.uclm.es\/saramago-cuenca\/wp-content\/uploads\/sites\/207\/2022\/08\/WhatsApp-Image-2022-06-20-at-1.21.07-AM.jpeg\" alt=\"\" class=\"wp-image-714\" srcset=\"https:\/\/blog.uclm.es\/saramago-cuenca\/wp-content\/uploads\/sites\/207\/2022\/08\/WhatsApp-Image-2022-06-20-at-1.21.07-AM.jpeg 2000w, https:\/\/blog.uclm.es\/saramago-cuenca\/wp-content\/uploads\/sites\/207\/2022\/08\/WhatsApp-Image-2022-06-20-at-1.21.07-AM-300x225.jpeg 300w, https:\/\/blog.uclm.es\/saramago-cuenca\/wp-content\/uploads\/sites\/207\/2022\/08\/WhatsApp-Image-2022-06-20-at-1.21.07-AM-1024x768.jpeg 1024w, https:\/\/blog.uclm.es\/saramago-cuenca\/wp-content\/uploads\/sites\/207\/2022\/08\/WhatsApp-Image-2022-06-20-at-1.21.07-AM-768x576.jpeg 768w, https:\/\/blog.uclm.es\/saramago-cuenca\/wp-content\/uploads\/sites\/207\/2022\/08\/WhatsApp-Image-2022-06-20-at-1.21.07-AM-1536x1152.jpeg 1536w, https:\/\/blog.uclm.es\/saramago-cuenca\/wp-content\/uploads\/sites\/207\/2022\/08\/WhatsApp-Image-2022-06-20-at-1.21.07-AM-400x300.jpeg 400w\" sizes=\"auto, (max-width: 2000px) 100vw, 2000px\" \/><\/figure>\n\n\n\n<figure class=\"wp-block-image size-large\"><img loading=\"lazy\" decoding=\"async\" width=\"2560\" height=\"1920\" data-id=\"737\" src=\"https:\/\/blog.uclm.es\/saramago-cuenca\/wp-content\/uploads\/sites\/207\/2022\/08\/20220523_142918-scaled-1.jpg\" alt=\"\" class=\"wp-image-737\" srcset=\"https:\/\/blog.uclm.es\/saramago-cuenca\/wp-content\/uploads\/sites\/207\/2022\/08\/20220523_142918-scaled-1.jpg 2560w, https:\/\/blog.uclm.es\/saramago-cuenca\/wp-content\/uploads\/sites\/207\/2022\/08\/20220523_142918-scaled-1-300x225.jpg 300w, https:\/\/blog.uclm.es\/saramago-cuenca\/wp-content\/uploads\/sites\/207\/2022\/08\/20220523_142918-scaled-1-1024x768.jpg 1024w, https:\/\/blog.uclm.es\/saramago-cuenca\/wp-content\/uploads\/sites\/207\/2022\/08\/20220523_142918-scaled-1-768x576.jpg 768w, https:\/\/blog.uclm.es\/saramago-cuenca\/wp-content\/uploads\/sites\/207\/2022\/08\/20220523_142918-scaled-1-1536x1152.jpg 1536w, https:\/\/blog.uclm.es\/saramago-cuenca\/wp-content\/uploads\/sites\/207\/2022\/08\/20220523_142918-scaled-1-2048x1536.jpg 2048w, https:\/\/blog.uclm.es\/saramago-cuenca\/wp-content\/uploads\/sites\/207\/2022\/08\/20220523_142918-scaled-1-400x300.jpg 400w\" sizes=\"auto, (max-width: 2560px) 100vw, 2560px\" \/><\/figure>\n<figcaption class=\"blocks-gallery-caption wp-element-caption\">Visita exposici\u00f3n sobre los Objetivos del Desarrollo Sostenible  <\/figcaption><\/figure>\n\n\n\n<figure class=\"wp-block-gallery has-nested-images columns-default is-cropped wp-block-gallery-3 is-layout-flex wp-block-gallery-is-layout-flex\">\n<figure class=\"wp-block-image size-large\"><img decoding=\"async\" src=\"https:\/\/blog.uclm.es\/saramago-cuenca\/wp-content\/uploads\/sites\/207\/2022\/08\/WhatsApp-Image-2022-05-31-at-11.18.49-PM-2.jpeg\" alt=\"\" \/><\/figure>\n\n\n\n<figure class=\"wp-block-image size-large\"><img loading=\"lazy\" decoding=\"async\" width=\"1024\" height=\"768\" data-id=\"722\" src=\"https:\/\/blog.uclm.es\/saramago-cuenca\/wp-content\/uploads\/sites\/207\/2022\/08\/WhatsApp-Image-2022-06-20-at-12.15.43-PM-1-1024x768.jpeg\" alt=\"\" class=\"wp-image-722\" srcset=\"https:\/\/blog.uclm.es\/saramago-cuenca\/wp-content\/uploads\/sites\/207\/2022\/08\/WhatsApp-Image-2022-06-20-at-12.15.43-PM-1-1024x768.jpeg 1024w, https:\/\/blog.uclm.es\/saramago-cuenca\/wp-content\/uploads\/sites\/207\/2022\/08\/WhatsApp-Image-2022-06-20-at-12.15.43-PM-1-300x225.jpeg 300w, https:\/\/blog.uclm.es\/saramago-cuenca\/wp-content\/uploads\/sites\/207\/2022\/08\/WhatsApp-Image-2022-06-20-at-12.15.43-PM-1-768x576.jpeg 768w, https:\/\/blog.uclm.es\/saramago-cuenca\/wp-content\/uploads\/sites\/207\/2022\/08\/WhatsApp-Image-2022-06-20-at-12.15.43-PM-1-1536x1152.jpeg 1536w, https:\/\/blog.uclm.es\/saramago-cuenca\/wp-content\/uploads\/sites\/207\/2022\/08\/WhatsApp-Image-2022-06-20-at-12.15.43-PM-1-400x300.jpeg 400w, https:\/\/blog.uclm.es\/saramago-cuenca\/wp-content\/uploads\/sites\/207\/2022\/08\/WhatsApp-Image-2022-06-20-at-12.15.43-PM-1.jpeg 2000w\" sizes=\"auto, (max-width: 1024px) 100vw, 1024px\" \/><\/figure>\n\n\n\n<figure class=\"wp-block-image size-large\"><img loading=\"lazy\" decoding=\"async\" width=\"1024\" height=\"768\" data-id=\"723\" src=\"https:\/\/blog.uclm.es\/saramago-cuenca\/wp-content\/uploads\/sites\/207\/2022\/08\/WhatsApp-Image-2022-05-31-at-11.17.44-PM-1024x768.jpeg\" alt=\"\" class=\"wp-image-723\" srcset=\"https:\/\/blog.uclm.es\/saramago-cuenca\/wp-content\/uploads\/sites\/207\/2022\/08\/WhatsApp-Image-2022-05-31-at-11.17.44-PM-1024x768.jpeg 1024w, https:\/\/blog.uclm.es\/saramago-cuenca\/wp-content\/uploads\/sites\/207\/2022\/08\/WhatsApp-Image-2022-05-31-at-11.17.44-PM-300x225.jpeg 300w, https:\/\/blog.uclm.es\/saramago-cuenca\/wp-content\/uploads\/sites\/207\/2022\/08\/WhatsApp-Image-2022-05-31-at-11.17.44-PM-768x576.jpeg 768w, https:\/\/blog.uclm.es\/saramago-cuenca\/wp-content\/uploads\/sites\/207\/2022\/08\/WhatsApp-Image-2022-05-31-at-11.17.44-PM-1536x1152.jpeg 1536w, https:\/\/blog.uclm.es\/saramago-cuenca\/wp-content\/uploads\/sites\/207\/2022\/08\/WhatsApp-Image-2022-05-31-at-11.17.44-PM-400x300.jpeg 400w, https:\/\/blog.uclm.es\/saramago-cuenca\/wp-content\/uploads\/sites\/207\/2022\/08\/WhatsApp-Image-2022-05-31-at-11.17.44-PM.jpeg 2000w\" sizes=\"auto, (max-width: 1024px) 100vw, 1024px\" \/><\/figure>\n\n\n\n<figure class=\"wp-block-image size-large\"><img decoding=\"async\" src=\"https:\/\/blog.uclm.es\/saramago-cuenca\/wp-content\/uploads\/sites\/207\/2022\/08\/20220525_130034-scaled-1.jpg\" alt=\"\" \/><\/figure>\n\n\n\n<figure class=\"wp-block-image size-large\"><img decoding=\"async\" src=\"https:\/\/blog.uclm.es\/saramago-cuenca\/wp-content\/uploads\/sites\/207\/2022\/08\/20220525_114208-scaled-1.jpg\" alt=\"\" \/><\/figure>\n\n\n\n<figure class=\"wp-block-image size-large\"><img decoding=\"async\" src=\"https:\/\/blog.uclm.es\/saramago-cuenca\/wp-content\/uploads\/sites\/207\/2022\/08\/20220525_111452-scaled-1.jpg\" alt=\"\" \/><\/figure>\n<figcaption class=\"blocks-gallery-caption wp-element-caption\">Visita a AFRAMAS<\/figcaption><\/figure>\n\n\n\n<figure class=\"wp-block-gallery has-nested-images columns-default is-cropped wp-block-gallery-4 is-layout-flex wp-block-gallery-is-layout-flex\">\n<figure class=\"wp-block-image size-large\"><img decoding=\"async\" src=\"https:\/\/blog.uclm.es\/saramago-cuenca\/wp-content\/uploads\/sites\/207\/2022\/08\/20220527_124355-scaled-1.jpg\" alt=\"\" \/><\/figure>\n\n\n\n<figure class=\"wp-block-image size-large\"><img decoding=\"async\" src=\"https:\/\/blog.uclm.es\/saramago-cuenca\/wp-content\/uploads\/sites\/207\/2022\/08\/20220527_121104-scaled-1.jpg\" alt=\"\" \/><\/figure>\n\n\n\n<figure class=\"wp-block-image size-large\"><img loading=\"lazy\" decoding=\"async\" width=\"2560\" height=\"1920\" data-id=\"732\" src=\"https:\/\/blog.uclm.es\/saramago-cuenca\/wp-content\/uploads\/sites\/207\/2022\/08\/20220527_102342-scaled-1.jpg\" alt=\"\" class=\"wp-image-732\" srcset=\"https:\/\/blog.uclm.es\/saramago-cuenca\/wp-content\/uploads\/sites\/207\/2022\/08\/20220527_102342-scaled-1.jpg 2560w, https:\/\/blog.uclm.es\/saramago-cuenca\/wp-content\/uploads\/sites\/207\/2022\/08\/20220527_102342-scaled-1-300x225.jpg 300w, https:\/\/blog.uclm.es\/saramago-cuenca\/wp-content\/uploads\/sites\/207\/2022\/08\/20220527_102342-scaled-1-1024x768.jpg 1024w, https:\/\/blog.uclm.es\/saramago-cuenca\/wp-content\/uploads\/sites\/207\/2022\/08\/20220527_102342-scaled-1-768x576.jpg 768w, https:\/\/blog.uclm.es\/saramago-cuenca\/wp-content\/uploads\/sites\/207\/2022\/08\/20220527_102342-scaled-1-1536x1152.jpg 1536w, https:\/\/blog.uclm.es\/saramago-cuenca\/wp-content\/uploads\/sites\/207\/2022\/08\/20220527_102342-scaled-1-2048x1536.jpg 2048w, https:\/\/blog.uclm.es\/saramago-cuenca\/wp-content\/uploads\/sites\/207\/2022\/08\/20220527_102342-scaled-1-400x300.jpg 400w\" sizes=\"auto, (max-width: 2560px) 100vw, 2560px\" \/><\/figure>\n\n\n\n<figure class=\"wp-block-image size-large\"><img loading=\"lazy\" decoding=\"async\" width=\"1920\" height=\"2560\" data-id=\"730\" src=\"https:\/\/blog.uclm.es\/saramago-cuenca\/wp-content\/uploads\/sites\/207\/2022\/08\/20220527_120323-scaled-1.jpg\" alt=\"\" class=\"wp-image-730\" srcset=\"https:\/\/blog.uclm.es\/saramago-cuenca\/wp-content\/uploads\/sites\/207\/2022\/08\/20220527_120323-scaled-1.jpg 1920w, https:\/\/blog.uclm.es\/saramago-cuenca\/wp-content\/uploads\/sites\/207\/2022\/08\/20220527_120323-scaled-1-225x300.jpg 225w, https:\/\/blog.uclm.es\/saramago-cuenca\/wp-content\/uploads\/sites\/207\/2022\/08\/20220527_120323-scaled-1-768x1024.jpg 768w, https:\/\/blog.uclm.es\/saramago-cuenca\/wp-content\/uploads\/sites\/207\/2022\/08\/20220527_120323-scaled-1-1152x1536.jpg 1152w, https:\/\/blog.uclm.es\/saramago-cuenca\/wp-content\/uploads\/sites\/207\/2022\/08\/20220527_120323-scaled-1-1536x2048.jpg 1536w\" sizes=\"auto, (max-width: 1920px) 100vw, 1920px\" \/><\/figure>\n\n\n\n<figure class=\"wp-block-image size-large\"><img loading=\"lazy\" decoding=\"async\" width=\"2560\" height=\"1920\" data-id=\"738\" src=\"https:\/\/blog.uclm.es\/saramago-cuenca\/wp-content\/uploads\/sites\/207\/2022\/08\/20220527_113944-scaled-1.jpg\" alt=\"\" class=\"wp-image-738\" srcset=\"https:\/\/blog.uclm.es\/saramago-cuenca\/wp-content\/uploads\/sites\/207\/2022\/08\/20220527_113944-scaled-1.jpg 2560w, https:\/\/blog.uclm.es\/saramago-cuenca\/wp-content\/uploads\/sites\/207\/2022\/08\/20220527_113944-scaled-1-300x225.jpg 300w, https:\/\/blog.uclm.es\/saramago-cuenca\/wp-content\/uploads\/sites\/207\/2022\/08\/20220527_113944-scaled-1-1024x768.jpg 1024w, https:\/\/blog.uclm.es\/saramago-cuenca\/wp-content\/uploads\/sites\/207\/2022\/08\/20220527_113944-scaled-1-768x576.jpg 768w, https:\/\/blog.uclm.es\/saramago-cuenca\/wp-content\/uploads\/sites\/207\/2022\/08\/20220527_113944-scaled-1-1536x1152.jpg 1536w, https:\/\/blog.uclm.es\/saramago-cuenca\/wp-content\/uploads\/sites\/207\/2022\/08\/20220527_113944-scaled-1-2048x1536.jpg 2048w, https:\/\/blog.uclm.es\/saramago-cuenca\/wp-content\/uploads\/sites\/207\/2022\/08\/20220527_113944-scaled-1-400x300.jpg 400w\" sizes=\"auto, (max-width: 2560px) 100vw, 2560px\" \/><\/figure>\n<figcaption class=\"blocks-gallery-caption wp-element-caption\">Visita a la Serran\u00eda de Cuenca<\/figcaption><\/figure>\n\n\n\n<figure class=\"wp-block-gallery has-nested-images columns-default is-cropped wp-block-gallery-5 is-layout-flex wp-block-gallery-is-layout-flex\">\n<figure class=\"wp-block-image size-large\"><img decoding=\"async\" src=\"https:\/\/blog.uclm.es\/saramago-cuenca\/wp-content\/uploads\/sites\/207\/2022\/08\/20220526_202802-scaled-1.jpg\" alt=\"\" \/><\/figure>\n\n\n\n<figure class=\"wp-block-image size-large\"><img decoding=\"async\" src=\"https:\/\/blog.uclm.es\/saramago-cuenca\/wp-content\/uploads\/sites\/207\/2022\/08\/20220526_194620-scaled-1.jpg\" alt=\"\" \/><\/figure>\n\n\n\n<figure class=\"wp-block-image size-large\"><img loading=\"lazy\" decoding=\"async\" width=\"2560\" height=\"1920\" data-id=\"740\" src=\"https:\/\/blog.uclm.es\/saramago-cuenca\/wp-content\/uploads\/sites\/207\/2022\/08\/20220526_205016-scaled-1.jpg\" alt=\"\" class=\"wp-image-740\" srcset=\"https:\/\/blog.uclm.es\/saramago-cuenca\/wp-content\/uploads\/sites\/207\/2022\/08\/20220526_205016-scaled-1.jpg 2560w, https:\/\/blog.uclm.es\/saramago-cuenca\/wp-content\/uploads\/sites\/207\/2022\/08\/20220526_205016-scaled-1-300x225.jpg 300w, https:\/\/blog.uclm.es\/saramago-cuenca\/wp-content\/uploads\/sites\/207\/2022\/08\/20220526_205016-scaled-1-1024x768.jpg 1024w, https:\/\/blog.uclm.es\/saramago-cuenca\/wp-content\/uploads\/sites\/207\/2022\/08\/20220526_205016-scaled-1-768x576.jpg 768w, https:\/\/blog.uclm.es\/saramago-cuenca\/wp-content\/uploads\/sites\/207\/2022\/08\/20220526_205016-scaled-1-1536x1152.jpg 1536w, https:\/\/blog.uclm.es\/saramago-cuenca\/wp-content\/uploads\/sites\/207\/2022\/08\/20220526_205016-scaled-1-2048x1536.jpg 2048w, https:\/\/blog.uclm.es\/saramago-cuenca\/wp-content\/uploads\/sites\/207\/2022\/08\/20220526_205016-scaled-1-400x300.jpg 400w\" sizes=\"auto, (max-width: 2560px) 100vw, 2560px\" \/><\/figure>\n<figcaption class=\"blocks-gallery-caption wp-element-caption\">Taller de pintura de bolsas de tela<\/figcaption><\/figure>\n\n\n\n<p><strong>Evento Multiplicador proyecto europeo Erasmus+ AID<\/strong><\/p>\n\n\n\n<p>En dicho evento se difundieron los productos intelec del proyecto AID y se realizaron experiencias que fomentaron el voluntariado a trav\u00e9s de actividades  como la realizaci\u00f3n conjunta con ni\u00f1os de un  storytelling o jugando con Action Bounnd. Tambi\u00e9n a trav\u00e9s de la realizaci\u00f3n de un teatro con personas con discapacidad intelectual y del desarrollo de APROMIPS, Asociaci\u00f3n Pro-Minusv\u00e1lidos Ps\u00edquicos de Cuenca. Por \u00faltimo se particip\u00f3 en un taller de c\u00f3mics con j\u00f3venes adolescentes, con el t\u00edtulo \u00abLa inmersi\u00f3n\u00bb<\/p>\n\n\n\n<figure class=\"wp-block-gallery has-nested-images columns-default is-cropped wp-block-gallery-6 is-layout-flex wp-block-gallery-is-layout-flex\">\n<figure class=\"wp-block-image size-full\"><img loading=\"lazy\" decoding=\"async\" width=\"897\" height=\"598\" data-id=\"765\" src=\"https:\/\/blog.uclm.es\/saramago-cuenca\/wp-content\/uploads\/sites\/207\/2022\/08\/Unknown-12.jpg\" alt=\"\" class=\"wp-image-765\" srcset=\"https:\/\/blog.uclm.es\/saramago-cuenca\/wp-content\/uploads\/sites\/207\/2022\/08\/Unknown-12.jpg 897w, https:\/\/blog.uclm.es\/saramago-cuenca\/wp-content\/uploads\/sites\/207\/2022\/08\/Unknown-12-300x200.jpg 300w, https:\/\/blog.uclm.es\/saramago-cuenca\/wp-content\/uploads\/sites\/207\/2022\/08\/Unknown-12-768x512.jpg 768w, https:\/\/blog.uclm.es\/saramago-cuenca\/wp-content\/uploads\/sites\/207\/2022\/08\/Unknown-12-450x300.jpg 450w\" sizes=\"auto, (max-width: 897px) 100vw, 897px\" \/><\/figure>\n\n\n\n<figure class=\"wp-block-image size-large\"><img decoding=\"async\" src=\"https:\/\/blog.uclm.es\/saramago-cuenca\/wp-content\/uploads\/sites\/207\/2022\/08\/Unknown-11.jpg\" alt=\"\" \/><\/figure>\n\n\n\n<figure class=\"wp-block-image size-large\"><img decoding=\"async\" src=\"https:\/\/blog.uclm.es\/saramago-cuenca\/wp-content\/uploads\/sites\/207\/2022\/09\/Unknown-10.jpg\" alt=\"\" \/><\/figure>\n\n\n\n<figure class=\"wp-block-image size-large\"><img decoding=\"async\" src=\"https:\/\/blog.uclm.es\/saramago-cuenca\/wp-content\/uploads\/sites\/207\/2022\/08\/Unknown-7.jpg\" alt=\"\" \/><\/figure>\n\n\n\n<figure class=\"wp-block-image size-large\"><img decoding=\"async\" src=\"https:\/\/blog.uclm.es\/saramago-cuenca\/wp-content\/uploads\/sites\/207\/2022\/08\/Unknown-6.jpg\" alt=\"\" \/><\/figure>\n\n\n\n<figure class=\"wp-block-image size-full\"><img loading=\"lazy\" decoding=\"async\" width=\"897\" height=\"598\" data-id=\"798\" src=\"https:\/\/blog.uclm.es\/saramago-cuenca\/wp-content\/uploads\/sites\/207\/2022\/08\/Unknown-6-1.jpg\" alt=\"\" class=\"wp-image-798\" srcset=\"https:\/\/blog.uclm.es\/saramago-cuenca\/wp-content\/uploads\/sites\/207\/2022\/08\/Unknown-6-1.jpg 897w, https:\/\/blog.uclm.es\/saramago-cuenca\/wp-content\/uploads\/sites\/207\/2022\/08\/Unknown-6-1-300x200.jpg 300w, https:\/\/blog.uclm.es\/saramago-cuenca\/wp-content\/uploads\/sites\/207\/2022\/08\/Unknown-6-1-768x512.jpg 768w, https:\/\/blog.uclm.es\/saramago-cuenca\/wp-content\/uploads\/sites\/207\/2022\/08\/Unknown-6-1-450x300.jpg 450w\" sizes=\"auto, (max-width: 897px) 100vw, 897px\" \/><\/figure>\n<figcaption class=\"blocks-gallery-caption wp-element-caption\">Gymkhana Digital Social y taller storytelling<\/figcaption><\/figure>\n\n\n\n<figure class=\"wp-block-gallery has-nested-images columns-default is-cropped wp-block-gallery-7 is-layout-flex wp-block-gallery-is-layout-flex\">\n<figure class=\"wp-block-image size-large\"><img decoding=\"async\" src=\"https:\/\/blog.uclm.es\/saramago-cuenca\/wp-content\/uploads\/sites\/207\/2022\/08\/20220523_193834-scaled-1.jpg\" alt=\"\" \/><\/figure>\n\n\n\n<figure class=\"wp-block-image size-large\"><img decoding=\"async\" src=\"https:\/\/blog.uclm.es\/saramago-cuenca\/wp-content\/uploads\/sites\/207\/2022\/08\/20220523_191421-scaled-1.jpg\" alt=\"\" \/><\/figure>\n\n\n\n<figure class=\"wp-block-image size-large\"><img decoding=\"async\" src=\"https:\/\/blog.uclm.es\/saramago-cuenca\/wp-content\/uploads\/sites\/207\/2022\/08\/20220523_194531-scaled-1.jpg\" alt=\"\" \/><\/figure>\n<figcaption class=\"blocks-gallery-caption wp-element-caption\">Taller de Comics<\/figcaption><\/figure>\n\n\n\n<figure class=\"wp-block-gallery has-nested-images columns-default is-cropped wp-block-gallery-8 is-layout-flex wp-block-gallery-is-layout-flex\">\n<figure class=\"wp-block-image size-large\"><img decoding=\"async\" src=\"https:\/\/blog.uclm.es\/saramago-cuenca\/wp-content\/uploads\/sites\/207\/2022\/08\/20220523_175654-scaled-1.jpg\" alt=\"\" \/><\/figure>\n\n\n\n<figure class=\"wp-block-image size-large\"><img decoding=\"async\" src=\"https:\/\/blog.uclm.es\/saramago-cuenca\/wp-content\/uploads\/sites\/207\/2022\/08\/20220523_180632-scaled-1.jpg\" alt=\"\" \/><\/figure>\n<figcaption class=\"blocks-gallery-caption wp-element-caption\">Teatro con  APROMIPS, Asociaci\u00f3n Pro-Minusv\u00e1lidos Ps\u00edquicos de Cuenca<\/figcaption><\/figure>\n\n\n\n<figure class=\"wp-block-gallery has-nested-images columns-default is-cropped wp-block-gallery-9 is-layout-flex wp-block-gallery-is-layout-flex\">\n<figure class=\"wp-block-image size-large\"><img decoding=\"async\" src=\"https:\/\/blog.uclm.es\/saramago-cuenca\/wp-content\/uploads\/sites\/207\/2022\/08\/20220523_180636-scaled-1.jpg\" alt=\"\" \/><\/figure>\n\n\n\n<figure class=\"wp-block-image size-large\"><img decoding=\"async\" src=\"https:\/\/blog.uclm.es\/saramago-cuenca\/wp-content\/uploads\/sites\/207\/2022\/08\/20220623_132743-1-scaled-1.jpg\" alt=\"\" \/><\/figure>\n\n\n\n<figure class=\"wp-block-image size-large\"><img decoding=\"async\" src=\"https:\/\/blog.uclm.es\/saramago-cuenca\/wp-content\/uploads\/sites\/207\/2022\/08\/3.png\" alt=\"\" \/><\/figure>\n<figcaption class=\"blocks-gallery-caption wp-element-caption\">Programa evento multiplicador y difusi\u00f3n productos finales AID<\/figcaption><\/figure>\n\n\n\n<p><strong>Evento multiplicador proyecto Erasmus+ TRACEUS<\/strong><\/p>\n\n\n\n<p>Se raliz\u00f3 una jornada para difundir la plataforma de Learning del proyecto Erasmus+ TRACEus.<\/p>\n\n\n\n<figure class=\"wp-block-gallery has-nested-images columns-default is-cropped wp-block-gallery-10 is-layout-flex wp-block-gallery-is-layout-flex\">\n<figure class=\"wp-block-image size-large\"><img loading=\"lazy\" decoding=\"async\" width=\"1809\" height=\"2560\" data-id=\"805\" src=\"https:\/\/blog.uclm.es\/saramago-cuenca\/wp-content\/uploads\/sites\/207\/2022\/08\/TRACEUS-Multiplier-Event-1-scaled-1.jpg\" alt=\"\" class=\"wp-image-805\" srcset=\"https:\/\/blog.uclm.es\/saramago-cuenca\/wp-content\/uploads\/sites\/207\/2022\/08\/TRACEUS-Multiplier-Event-1-scaled-1.jpg 1809w, https:\/\/blog.uclm.es\/saramago-cuenca\/wp-content\/uploads\/sites\/207\/2022\/08\/TRACEUS-Multiplier-Event-1-scaled-1-212x300.jpg 212w, https:\/\/blog.uclm.es\/saramago-cuenca\/wp-content\/uploads\/sites\/207\/2022\/08\/TRACEUS-Multiplier-Event-1-scaled-1-724x1024.jpg 724w, https:\/\/blog.uclm.es\/saramago-cuenca\/wp-content\/uploads\/sites\/207\/2022\/08\/TRACEUS-Multiplier-Event-1-scaled-1-768x1087.jpg 768w, https:\/\/blog.uclm.es\/saramago-cuenca\/wp-content\/uploads\/sites\/207\/2022\/08\/TRACEUS-Multiplier-Event-1-scaled-1-1085x1536.jpg 1085w, https:\/\/blog.uclm.es\/saramago-cuenca\/wp-content\/uploads\/sites\/207\/2022\/08\/TRACEUS-Multiplier-Event-1-scaled-1-1447x2048.jpg 1447w\" sizes=\"auto, (max-width: 1809px) 100vw, 1809px\" \/><\/figure>\n\n\n\n<figure class=\"wp-block-image size-large\"><img decoding=\"async\" src=\"https:\/\/blog.uclm.es\/saramago-cuenca\/wp-content\/uploads\/sites\/207\/2022\/08\/20220623_130402.jpg\" alt=\"\" \/><\/figure>\n\n\n\n<figure class=\"wp-block-image size-large\"><img decoding=\"async\" src=\"https:\/\/blog.uclm.es\/saramago-cuenca\/wp-content\/uploads\/sites\/207\/2022\/08\/20220623_132749.jpg\" alt=\"\" \/><\/figure>\n<\/figure>\n\n\n\n<p><\/p>\n","protected":false},"excerpt":{"rendered":"<p>Durante la Semana Cultural, tuvimos el placer de recibir alumnos y alumnas participantes en el proyecto europeo ERASVUS+, procedentes de Tenerife, Taurisano (Italia) y Budapest (Hungr\u00eda). Disfrutamos de diferentes actividades, reuniones y din\u00e1micas, que nos permitieron conocernos y ser part\u00edcipes de la multiculturalidad existente en nuestro continente. Evento Multiplicador proyecto europeo Erasmus+ AID En dicho &hellip; <a href=\"https:\/\/blog.uclm.es\/saramago-cuenca\/semana-cultural-actividades-erasmus-50\/\" class=\"more-link\">Sigue leyendo <span class=\"screen-reader-text\">Semana Cultural. Actividades Erasmus 50+<\/span><\/a><\/p>\n","protected":false},"author":321,"featured_media":710,"parent":0,"menu_order":0,"comment_status":"closed","ping_status":"closed","template":"","meta":{"footnotes":""},"class_list":["post-600","page","type-page","status-publish","has-post-thumbnail","hentry"],"_links":{"self":[{"href":"https:\/\/blog.uclm.es\/saramago-cuenca\/wp-json\/wp\/v2\/pages\/600","targetHints":{"allow":["GET"]}}],"collection":[{"href":"https:\/\/blog.uclm.es\/saramago-cuenca\/wp-json\/wp\/v2\/pages"}],"about":[{"href":"https:\/\/blog.uclm.es\/saramago-cuenca\/wp-json\/wp\/v2\/types\/page"}],"author":[{"embeddable":true,"href":"https:\/\/blog.uclm.es\/saramago-cuenca\/wp-json\/wp\/v2\/users\/321"}],"replies":[{"embeddable":true,"href":"https:\/\/blog.uclm.es\/saramago-cuenca\/wp-json\/wp\/v2\/comments?post=600"}],"version-history":[{"count":3,"href":"https:\/\/blog.uclm.es\/saramago-cuenca\/wp-json\/wp\/v2\/pages\/600\/revisions"}],"predecessor-version":[{"id":982,"href":"https:\/\/blog.uclm.es\/saramago-cuenca\/wp-json\/wp\/v2\/pages\/600\/revisions\/982"}],"wp:featuredmedia":[{"embeddable":true,"href":"https:\/\/blog.uclm.es\/saramago-cuenca\/wp-json\/wp\/v2\/media\/710"}],"wp:attachment":[{"href":"https:\/\/blog.uclm.es\/saramago-cuenca\/wp-json\/wp\/v2\/media?parent=600"}],"curies":[{"name":"wp","href":"https:\/\/api.w.org\/{rel}","templated":true}]}}