{"id":1298,"date":"2025-07-29T11:04:43","date_gmt":"2025-07-29T11:04:43","guid":{"rendered":"https:\/\/blog.uclm.es\/saramago-cuenca\/?page_id=1298"},"modified":"2025-07-29T11:10:50","modified_gmt":"2025-07-29T11:10:50","slug":"noticias-%f0%9f%97%9e%ef%b8%8f","status":"publish","type":"page","link":"https:\/\/blog.uclm.es\/saramago-cuenca\/noticias-%f0%9f%97%9e%ef%b8%8f\/","title":{"rendered":"Noticias \ud83d\uddde\ufe0f"},"content":{"rendered":"\n<p>En esta p\u00e1gina, iremos actualizando informaci\u00f3n acerca de fechas l\u00edmite como por ejemplo para apuntarse a las listas de excursiones, el cambio de una clase, o cualquier actividad de vaya surgiendo.<\/p>\n\n\n\n<p>M\u00e1s abajo se encuentra un bloque de comentarios por si os surge alguna duda respecto a alguno de los anuncios que se hagan.<\/p>\n\n\n\n<p>&#8212;&#8211; &#8212;&#8211; &#8212;&#8211; &#8212;&#8211; &#8212;&#8211; &#8212;&#8211; &#8212;&#8211; &#8212;&#8211; &#8212;&#8211; &#8212;&#8211; &#8212;&#8211; &#8212;&#8211; &#8212;&#8211; &#8212;&#8211;<\/p>\n","protected":false},"excerpt":{"rendered":"<p>En esta p\u00e1gina, iremos actualizando informaci\u00f3n acerca de fechas l\u00edmite como por ejemplo para apuntarse a las listas de excursiones, el cambio de una clase, o cualquier actividad de vaya surgiendo. M\u00e1s abajo se encuentra un bloque de comentarios por si os surge alguna duda respecto a alguno de los anuncios que se hagan. &#8212;&#8211; &hellip; <a href=\"https:\/\/blog.uclm.es\/saramago-cuenca\/noticias-%f0%9f%97%9e%ef%b8%8f\/\" class=\"more-link\">Sigue leyendo <span class=\"screen-reader-text\">Noticias \ud83d\uddde\ufe0f<\/span><\/a><\/p>\n","protected":false},"author":513,"featured_media":0,"parent":0,"menu_order":0,"comment_status":"open","ping_status":"closed","template":"","meta":{"footnotes":""},"class_list":["post-1298","page","type-page","status-publish","hentry"],"_links":{"self":[{"href":"https:\/\/blog.uclm.es\/saramago-cuenca\/wp-json\/wp\/v2\/pages\/1298","targetHints":{"allow":["GET"]}}],"collection":[{"href":"https:\/\/blog.uclm.es\/saramago-cuenca\/wp-json\/wp\/v2\/pages"}],"about":[{"href":"https:\/\/blog.uclm.es\/saramago-cuenca\/wp-json\/wp\/v2\/types\/page"}],"author":[{"embeddable":true,"href":"https:\/\/blog.uclm.es\/saramago-cuenca\/wp-json\/wp\/v2\/users\/513"}],"replies":[{"embeddable":true,"href":"https:\/\/blog.uclm.es\/saramago-cuenca\/wp-json\/wp\/v2\/comments?post=1298"}],"version-history":[{"count":4,"href":"https:\/\/blog.uclm.es\/saramago-cuenca\/wp-json\/wp\/v2\/pages\/1298\/revisions"}],"predecessor-version":[{"id":1303,"href":"https:\/\/blog.uclm.es\/saramago-cuenca\/wp-json\/wp\/v2\/pages\/1298\/revisions\/1303"}],"wp:attachment":[{"href":"https:\/\/blog.uclm.es\/saramago-cuenca\/wp-json\/wp\/v2\/media?parent=1298"}],"curies":[{"name":"wp","href":"https:\/\/api.w.org\/{rel}","templated":true}]}}