{"id":1263,"date":"2025-07-01T17:34:11","date_gmt":"2025-07-01T17:34:11","guid":{"rendered":"https:\/\/blog.uclm.es\/saramago-cuenca\/?page_id=1263"},"modified":"2025-07-01T17:47:36","modified_gmt":"2025-07-01T17:47:36","slug":"proyectos","status":"publish","type":"page","link":"https:\/\/blog.uclm.es\/saramago-cuenca\/proyectos\/","title":{"rendered":"Proyectos \ud83d\udc90"},"content":{"rendered":"\n<p>Gracias a todo el que ha puesto su granito de arena (alumnos, profesores, coordinadores&#8230;), se han llevado a cabo proyectos geniales que conectan a nuestros alumnos en el Campus de Cuenca, iniciativas que han dado lugar a resultados muy especiales.<\/p>\n\n\n\n<ul class=\"wp-block-list\">\n<li><strong>&#8216;<em>Me acuerdo. Estos d\u00edas azules..<\/em>.&#8217;<\/strong><\/li>\n<\/ul>\n\n\n\n<p>\u201cEste proyecto surge como una actividad de clase a partir del de la memoria y del recuerdo\u201d, en palabras de Juan Manuel Garc\u00eda Ruiz, profesor de Literatura y coordinador del proyecto.<\/p>\n\n\n\n<p><a href=\"https:\/\/cadenaser.com\/castillalamancha\/2023\/11\/08\/me-acuerdo-el-nostalgico-ejercicio-de-la-universidad-de-mayores-de-cuenca-ser-cuenca\/\">\u2018Me acuerdo\u2019, el nost\u00e1lgico ejercicio de la Universidad de Mayores de Cuenca | Ocio y cultura | Cadena SER<\/a><\/p>\n\n\n\n<p><a href=\"https:\/\/ociocuenca.es\/presentacion-del-libro-me-acuerdo-estos-dias-azules-en-el-salon-de-actos-del-edificio-gil-de-albornoz\/\">Presentaci\u00f3n del libro \u2018Me acuerdo. Estos d\u00edas azules\u2026\u2019 En el Sal\u00f3n de Actos del edificio Gil de Albornoz | Ociocuenca.es<\/a><\/p>\n\n\n\n<figure class=\"wp-block-image size-full\"><img loading=\"lazy\" decoding=\"async\" width=\"814\" height=\"537\" src=\"https:\/\/blog.uclm.es\/saramago-cuenca\/wp-content\/uploads\/sites\/207\/2025\/07\/image.png\" alt=\"\" class=\"wp-image-1264\" srcset=\"https:\/\/blog.uclm.es\/saramago-cuenca\/wp-content\/uploads\/sites\/207\/2025\/07\/image.png 814w, https:\/\/blog.uclm.es\/saramago-cuenca\/wp-content\/uploads\/sites\/207\/2025\/07\/image-300x198.png 300w, https:\/\/blog.uclm.es\/saramago-cuenca\/wp-content\/uploads\/sites\/207\/2025\/07\/image-768x507.png 768w\" sizes=\"auto, (max-width: 814px) 100vw, 814px\" \/><\/figure>\n\n\n\n<ul class=\"wp-block-list\">\n<li><strong>&#8216;Cuenca y sus Ra\u00edces Verdes: Sabidur\u00eda Ancestral&#8217;<\/strong><\/li>\n<\/ul>\n\n\n\n<p>Todav\u00eda un proyecto muy reciente propuesto este 2025, se llev\u00f3 a cabo la iniciativa para recopilar informaci\u00f3n acerca de plantas, remedios, leyendas conquenses que las mencionen&#8230; Un proyecto muy cercano y especial que coleccionar\u00e1 para siempre este valioso conocimiento.<\/p>\n\n\n\n<div data-wp-interactive=\"core\/file\" class=\"wp-block-file\"><object data-wp-bind--hidden=\"!state.hasPdfPreview\" hidden class=\"wp-block-file__embed\" data=\"https:\/\/blog.uclm.es\/saramago-cuenca\/wp-content\/uploads\/sites\/207\/2025\/07\/Cartel-Libro-Plantas.pdf\" type=\"application\/pdf\" style=\"width:100%;height:600px\" aria-label=\"Incrustado de Cartel Libro Plantas.\"><\/object><a id=\"wp-block-file--media-18aac4c8-5bed-450a-b353-93c24da5c7c4\" href=\"https:\/\/blog.uclm.es\/saramago-cuenca\/wp-content\/uploads\/sites\/207\/2025\/07\/Cartel-Libro-Plantas.pdf\">Cartel Libro Plantas<\/a><a href=\"https:\/\/blog.uclm.es\/saramago-cuenca\/wp-content\/uploads\/sites\/207\/2025\/07\/Cartel-Libro-Plantas.pdf\" class=\"wp-block-file__button wp-element-button\" download aria-describedby=\"wp-block-file--media-18aac4c8-5bed-450a-b353-93c24da5c7c4\">Descarga<\/a><\/div>\n\n\n\n<p><\/p>\n","protected":false},"excerpt":{"rendered":"<p>Gracias a todo el que ha puesto su granito de arena (alumnos, profesores, coordinadores&#8230;), se han llevado a cabo proyectos geniales que conectan a nuestros alumnos en el Campus de Cuenca, iniciativas que han dado lugar a resultados muy especiales. \u201cEste proyecto surge como una actividad de clase a partir del de la memoria y &hellip; <a href=\"https:\/\/blog.uclm.es\/saramago-cuenca\/proyectos\/\" class=\"more-link\">Sigue leyendo <span class=\"screen-reader-text\">Proyectos \ud83d\udc90<\/span><\/a><\/p>\n","protected":false},"author":513,"featured_media":0,"parent":0,"menu_order":0,"comment_status":"closed","ping_status":"closed","template":"","meta":{"footnotes":""},"class_list":["post-1263","page","type-page","status-publish","hentry"],"_links":{"self":[{"href":"https:\/\/blog.uclm.es\/saramago-cuenca\/wp-json\/wp\/v2\/pages\/1263","targetHints":{"allow":["GET"]}}],"collection":[{"href":"https:\/\/blog.uclm.es\/saramago-cuenca\/wp-json\/wp\/v2\/pages"}],"about":[{"href":"https:\/\/blog.uclm.es\/saramago-cuenca\/wp-json\/wp\/v2\/types\/page"}],"author":[{"embeddable":true,"href":"https:\/\/blog.uclm.es\/saramago-cuenca\/wp-json\/wp\/v2\/users\/513"}],"replies":[{"embeddable":true,"href":"https:\/\/blog.uclm.es\/saramago-cuenca\/wp-json\/wp\/v2\/comments?post=1263"}],"version-history":[{"count":6,"href":"https:\/\/blog.uclm.es\/saramago-cuenca\/wp-json\/wp\/v2\/pages\/1263\/revisions"}],"predecessor-version":[{"id":1274,"href":"https:\/\/blog.uclm.es\/saramago-cuenca\/wp-json\/wp\/v2\/pages\/1263\/revisions\/1274"}],"wp:attachment":[{"href":"https:\/\/blog.uclm.es\/saramago-cuenca\/wp-json\/wp\/v2\/media?parent=1263"}],"curies":[{"name":"wp","href":"https:\/\/api.w.org\/{rel}","templated":true}]}}