{"id":1236,"date":"2025-06-08T09:07:51","date_gmt":"2025-06-08T09:07:51","guid":{"rendered":"https:\/\/blog.uclm.es\/saramago-cuenca\/?page_id=1236"},"modified":"2025-07-01T17:43:03","modified_gmt":"2025-07-01T17:43:03","slug":"recuerdos","status":"publish","type":"page","link":"https:\/\/blog.uclm.es\/saramago-cuenca\/recuerdos\/","title":{"rendered":"Recuerdos \ud83d\udcd6"},"content":{"rendered":"\n<ul class=\"wp-block-list\">\n<li><strong>Actividad Intergeneracional \u2013 La lista de Schindler <\/strong><\/li>\n<\/ul>\n\n\n\n<p>Actividad Intergeneracional con el I.E.S. Lorenzo Herv\u00e1s y Panduro. Debido al viaje que en breve realizar\u00edan los chicos a Cracovia, se organiz\u00f3 una sesi\u00f3n de cine con la pel\u00edcula La lista de Schindler.<\/p>\n\n\n\n<figure class=\"wp-block-gallery has-nested-images columns-default is-cropped wp-block-gallery-1 is-layout-flex wp-block-gallery-is-layout-flex\">\n<figure class=\"wp-block-image size-large\"><img loading=\"lazy\" decoding=\"async\" width=\"768\" height=\"576\" data-id=\"1256\" src=\"https:\/\/blog.uclm.es\/saramago-cuenca\/wp-content\/uploads\/sites\/207\/2025\/06\/Imagen-de-WhatsApp-2025-04-01-a-las-17.56.29_e12515f6-768x576-2.jpg\" alt=\"\" class=\"wp-image-1256\" srcset=\"https:\/\/blog.uclm.es\/saramago-cuenca\/wp-content\/uploads\/sites\/207\/2025\/06\/Imagen-de-WhatsApp-2025-04-01-a-las-17.56.29_e12515f6-768x576-2.jpg 768w, https:\/\/blog.uclm.es\/saramago-cuenca\/wp-content\/uploads\/sites\/207\/2025\/06\/Imagen-de-WhatsApp-2025-04-01-a-las-17.56.29_e12515f6-768x576-2-300x225.jpg 300w\" sizes=\"auto, (max-width: 768px) 100vw, 768px\" \/><\/figure>\n\n\n\n<figure class=\"wp-block-image size-large\"><img loading=\"lazy\" decoding=\"async\" width=\"768\" height=\"1024\" data-id=\"1255\" src=\"https:\/\/blog.uclm.es\/saramago-cuenca\/wp-content\/uploads\/sites\/207\/2025\/06\/Imagen-de-WhatsApp-2025-04-01-a-las-17.56.30_5406da32-768x1024-3.jpg\" alt=\"\" class=\"wp-image-1255\" srcset=\"https:\/\/blog.uclm.es\/saramago-cuenca\/wp-content\/uploads\/sites\/207\/2025\/06\/Imagen-de-WhatsApp-2025-04-01-a-las-17.56.30_5406da32-768x1024-3.jpg 768w, https:\/\/blog.uclm.es\/saramago-cuenca\/wp-content\/uploads\/sites\/207\/2025\/06\/Imagen-de-WhatsApp-2025-04-01-a-las-17.56.30_5406da32-768x1024-3-225x300.jpg 225w\" sizes=\"auto, (max-width: 768px) 100vw, 768px\" \/><\/figure>\n<\/figure>\n\n\n\n<p><\/p>\n\n\n\n<ul class=\"wp-block-list\">\n<li><strong>Graduaci\u00f3n 2024\/25<\/strong><\/li>\n<\/ul>\n\n\n\n<figure class=\"wp-block-gallery has-nested-images columns-default is-cropped wp-block-gallery-2 is-layout-flex wp-block-gallery-is-layout-flex\">\n<figure class=\"wp-block-image size-large\"><img loading=\"lazy\" decoding=\"async\" width=\"1024\" height=\"768\" data-id=\"1245\" src=\"https:\/\/blog.uclm.es\/saramago-cuenca\/wp-content\/uploads\/sites\/207\/2025\/06\/2-1024x768.jpg\" alt=\"\" class=\"wp-image-1245\" srcset=\"https:\/\/blog.uclm.es\/saramago-cuenca\/wp-content\/uploads\/sites\/207\/2025\/06\/2-1024x768.jpg 1024w, https:\/\/blog.uclm.es\/saramago-cuenca\/wp-content\/uploads\/sites\/207\/2025\/06\/2-300x225.jpg 300w, https:\/\/blog.uclm.es\/saramago-cuenca\/wp-content\/uploads\/sites\/207\/2025\/06\/2-768x576.jpg 768w, https:\/\/blog.uclm.es\/saramago-cuenca\/wp-content\/uploads\/sites\/207\/2025\/06\/2-1536x1152.jpg 1536w, https:\/\/blog.uclm.es\/saramago-cuenca\/wp-content\/uploads\/sites\/207\/2025\/06\/2.jpg 1600w\" sizes=\"auto, (max-width: 1024px) 100vw, 1024px\" \/><\/figure>\n\n\n\n<figure class=\"wp-block-image size-large\"><img loading=\"lazy\" decoding=\"async\" width=\"1024\" height=\"768\" data-id=\"1246\" src=\"https:\/\/blog.uclm.es\/saramago-cuenca\/wp-content\/uploads\/sites\/207\/2025\/06\/3-1024x768.jpg\" alt=\"\" class=\"wp-image-1246\" srcset=\"https:\/\/blog.uclm.es\/saramago-cuenca\/wp-content\/uploads\/sites\/207\/2025\/06\/3-1024x768.jpg 1024w, https:\/\/blog.uclm.es\/saramago-cuenca\/wp-content\/uploads\/sites\/207\/2025\/06\/3-300x225.jpg 300w, https:\/\/blog.uclm.es\/saramago-cuenca\/wp-content\/uploads\/sites\/207\/2025\/06\/3-768x576.jpg 768w, https:\/\/blog.uclm.es\/saramago-cuenca\/wp-content\/uploads\/sites\/207\/2025\/06\/3-1536x1152.jpg 1536w, https:\/\/blog.uclm.es\/saramago-cuenca\/wp-content\/uploads\/sites\/207\/2025\/06\/3.jpg 1600w\" sizes=\"auto, (max-width: 1024px) 100vw, 1024px\" \/><\/figure>\n\n\n\n<figure class=\"wp-block-image size-large\"><img loading=\"lazy\" decoding=\"async\" width=\"1024\" height=\"768\" data-id=\"1248\" src=\"https:\/\/blog.uclm.es\/saramago-cuenca\/wp-content\/uploads\/sites\/207\/2025\/06\/4-1024x768.jpg\" alt=\"\" class=\"wp-image-1248\" srcset=\"https:\/\/blog.uclm.es\/saramago-cuenca\/wp-content\/uploads\/sites\/207\/2025\/06\/4-1024x768.jpg 1024w, https:\/\/blog.uclm.es\/saramago-cuenca\/wp-content\/uploads\/sites\/207\/2025\/06\/4-300x225.jpg 300w, https:\/\/blog.uclm.es\/saramago-cuenca\/wp-content\/uploads\/sites\/207\/2025\/06\/4-768x576.jpg 768w, https:\/\/blog.uclm.es\/saramago-cuenca\/wp-content\/uploads\/sites\/207\/2025\/06\/4-1536x1152.jpg 1536w, https:\/\/blog.uclm.es\/saramago-cuenca\/wp-content\/uploads\/sites\/207\/2025\/06\/4.jpg 1600w\" sizes=\"auto, (max-width: 1024px) 100vw, 1024px\" \/><\/figure>\n\n\n\n<figure class=\"wp-block-image size-large\"><img loading=\"lazy\" decoding=\"async\" width=\"1024\" height=\"768\" data-id=\"1249\" src=\"https:\/\/blog.uclm.es\/saramago-cuenca\/wp-content\/uploads\/sites\/207\/2025\/06\/5-1024x768.jpg\" alt=\"\" class=\"wp-image-1249\" srcset=\"https:\/\/blog.uclm.es\/saramago-cuenca\/wp-content\/uploads\/sites\/207\/2025\/06\/5-1024x768.jpg 1024w, https:\/\/blog.uclm.es\/saramago-cuenca\/wp-content\/uploads\/sites\/207\/2025\/06\/5-300x225.jpg 300w, https:\/\/blog.uclm.es\/saramago-cuenca\/wp-content\/uploads\/sites\/207\/2025\/06\/5-768x576.jpg 768w, https:\/\/blog.uclm.es\/saramago-cuenca\/wp-content\/uploads\/sites\/207\/2025\/06\/5-1536x1152.jpg 1536w, https:\/\/blog.uclm.es\/saramago-cuenca\/wp-content\/uploads\/sites\/207\/2025\/06\/5.jpg 1600w\" sizes=\"auto, (max-width: 1024px) 100vw, 1024px\" \/><\/figure>\n\n\n\n<figure class=\"wp-block-image size-large\"><img loading=\"lazy\" decoding=\"async\" width=\"1024\" height=\"768\" data-id=\"1247\" src=\"https:\/\/blog.uclm.es\/saramago-cuenca\/wp-content\/uploads\/sites\/207\/2025\/06\/6-1024x768.jpg\" alt=\"\" class=\"wp-image-1247\" srcset=\"https:\/\/blog.uclm.es\/saramago-cuenca\/wp-content\/uploads\/sites\/207\/2025\/06\/6-1024x768.jpg 1024w, https:\/\/blog.uclm.es\/saramago-cuenca\/wp-content\/uploads\/sites\/207\/2025\/06\/6-300x225.jpg 300w, https:\/\/blog.uclm.es\/saramago-cuenca\/wp-content\/uploads\/sites\/207\/2025\/06\/6-768x576.jpg 768w, https:\/\/blog.uclm.es\/saramago-cuenca\/wp-content\/uploads\/sites\/207\/2025\/06\/6-1536x1152.jpg 1536w, https:\/\/blog.uclm.es\/saramago-cuenca\/wp-content\/uploads\/sites\/207\/2025\/06\/6.jpg 1600w\" sizes=\"auto, (max-width: 1024px) 100vw, 1024px\" \/><\/figure>\n\n\n\n<figure class=\"wp-block-image size-large\"><img loading=\"lazy\" decoding=\"async\" width=\"1024\" height=\"768\" data-id=\"1250\" src=\"https:\/\/blog.uclm.es\/saramago-cuenca\/wp-content\/uploads\/sites\/207\/2025\/06\/1-1024x768.jpg\" alt=\"\" class=\"wp-image-1250\" srcset=\"https:\/\/blog.uclm.es\/saramago-cuenca\/wp-content\/uploads\/sites\/207\/2025\/06\/1-1024x768.jpg 1024w, https:\/\/blog.uclm.es\/saramago-cuenca\/wp-content\/uploads\/sites\/207\/2025\/06\/1-300x225.jpg 300w, https:\/\/blog.uclm.es\/saramago-cuenca\/wp-content\/uploads\/sites\/207\/2025\/06\/1-768x576.jpg 768w, https:\/\/blog.uclm.es\/saramago-cuenca\/wp-content\/uploads\/sites\/207\/2025\/06\/1-1536x1152.jpg 1536w, https:\/\/blog.uclm.es\/saramago-cuenca\/wp-content\/uploads\/sites\/207\/2025\/06\/1.jpg 1600w\" sizes=\"auto, (max-width: 1024px) 100vw, 1024px\" \/><\/figure>\n<\/figure>\n\n\n\n<p><\/p>\n\n\n\n<ul class=\"wp-block-list\">\n<li><strong>Excursi\u00f3n Madrid (07\/05\/2025)<\/strong><\/li>\n<\/ul>\n\n\n\n<figure class=\"wp-block-gallery has-nested-images columns-default is-cropped wp-block-gallery-3 is-layout-flex wp-block-gallery-is-layout-flex\">\n<figure class=\"wp-block-image size-large\"><img loading=\"lazy\" decoding=\"async\" width=\"1024\" height=\"768\" data-id=\"1253\" src=\"https:\/\/blog.uclm.es\/saramago-cuenca\/wp-content\/uploads\/sites\/207\/2025\/06\/3-1-1024x768.jpg\" alt=\"\" class=\"wp-image-1253\" srcset=\"https:\/\/blog.uclm.es\/saramago-cuenca\/wp-content\/uploads\/sites\/207\/2025\/06\/3-1-1024x768.jpg 1024w, https:\/\/blog.uclm.es\/saramago-cuenca\/wp-content\/uploads\/sites\/207\/2025\/06\/3-1-300x225.jpg 300w, https:\/\/blog.uclm.es\/saramago-cuenca\/wp-content\/uploads\/sites\/207\/2025\/06\/3-1-768x576.jpg 768w, https:\/\/blog.uclm.es\/saramago-cuenca\/wp-content\/uploads\/sites\/207\/2025\/06\/3-1-1536x1152.jpg 1536w, https:\/\/blog.uclm.es\/saramago-cuenca\/wp-content\/uploads\/sites\/207\/2025\/06\/3-1.jpg 2000w\" sizes=\"auto, (max-width: 1024px) 100vw, 1024px\" \/><\/figure>\n\n\n\n<figure class=\"wp-block-image size-large\"><img loading=\"lazy\" decoding=\"async\" width=\"1024\" height=\"576\" data-id=\"1254\" src=\"https:\/\/blog.uclm.es\/saramago-cuenca\/wp-content\/uploads\/sites\/207\/2025\/06\/2-1-1024x576.jpg\" alt=\"\" class=\"wp-image-1254\" srcset=\"https:\/\/blog.uclm.es\/saramago-cuenca\/wp-content\/uploads\/sites\/207\/2025\/06\/2-1-1024x576.jpg 1024w, https:\/\/blog.uclm.es\/saramago-cuenca\/wp-content\/uploads\/sites\/207\/2025\/06\/2-1-300x169.jpg 300w, https:\/\/blog.uclm.es\/saramago-cuenca\/wp-content\/uploads\/sites\/207\/2025\/06\/2-1-768x432.jpg 768w, https:\/\/blog.uclm.es\/saramago-cuenca\/wp-content\/uploads\/sites\/207\/2025\/06\/2-1-1536x864.jpg 1536w, https:\/\/blog.uclm.es\/saramago-cuenca\/wp-content\/uploads\/sites\/207\/2025\/06\/2-1.jpg 2000w\" sizes=\"auto, (max-width: 1024px) 100vw, 1024px\" \/><\/figure>\n\n\n\n<figure class=\"wp-block-image size-large\"><img loading=\"lazy\" decoding=\"async\" width=\"1024\" height=\"576\" data-id=\"1252\" src=\"https:\/\/blog.uclm.es\/saramago-cuenca\/wp-content\/uploads\/sites\/207\/2025\/06\/1-1-1024x576.jpg\" alt=\"\" class=\"wp-image-1252\" srcset=\"https:\/\/blog.uclm.es\/saramago-cuenca\/wp-content\/uploads\/sites\/207\/2025\/06\/1-1-1024x576.jpg 1024w, https:\/\/blog.uclm.es\/saramago-cuenca\/wp-content\/uploads\/sites\/207\/2025\/06\/1-1-300x169.jpg 300w, https:\/\/blog.uclm.es\/saramago-cuenca\/wp-content\/uploads\/sites\/207\/2025\/06\/1-1-768x432.jpg 768w, https:\/\/blog.uclm.es\/saramago-cuenca\/wp-content\/uploads\/sites\/207\/2025\/06\/1-1-1536x864.jpg 1536w, https:\/\/blog.uclm.es\/saramago-cuenca\/wp-content\/uploads\/sites\/207\/2025\/06\/1-1.jpg 1756w\" sizes=\"auto, (max-width: 1024px) 100vw, 1024px\" \/><\/figure>\n<\/figure>\n\n\n\n<p><\/p>\n","protected":false},"excerpt":{"rendered":"<p>Actividad Intergeneracional con el I.E.S. Lorenzo Herv\u00e1s y Panduro. Debido al viaje que en breve realizar\u00edan los chicos a Cracovia, se organiz\u00f3 una sesi\u00f3n de cine con la pel\u00edcula La lista de Schindler.<\/p>\n","protected":false},"author":513,"featured_media":0,"parent":0,"menu_order":0,"comment_status":"closed","ping_status":"closed","template":"","meta":{"footnotes":""},"class_list":["post-1236","page","type-page","status-publish","hentry"],"_links":{"self":[{"href":"https:\/\/blog.uclm.es\/saramago-cuenca\/wp-json\/wp\/v2\/pages\/1236","targetHints":{"allow":["GET"]}}],"collection":[{"href":"https:\/\/blog.uclm.es\/saramago-cuenca\/wp-json\/wp\/v2\/pages"}],"about":[{"href":"https:\/\/blog.uclm.es\/saramago-cuenca\/wp-json\/wp\/v2\/types\/page"}],"author":[{"embeddable":true,"href":"https:\/\/blog.uclm.es\/saramago-cuenca\/wp-json\/wp\/v2\/users\/513"}],"replies":[{"embeddable":true,"href":"https:\/\/blog.uclm.es\/saramago-cuenca\/wp-json\/wp\/v2\/comments?post=1236"}],"version-history":[{"count":4,"href":"https:\/\/blog.uclm.es\/saramago-cuenca\/wp-json\/wp\/v2\/pages\/1236\/revisions"}],"predecessor-version":[{"id":1272,"href":"https:\/\/blog.uclm.es\/saramago-cuenca\/wp-json\/wp\/v2\/pages\/1236\/revisions\/1272"}],"wp:attachment":[{"href":"https:\/\/blog.uclm.es\/saramago-cuenca\/wp-json\/wp\/v2\/media?parent=1236"}],"curies":[{"name":"wp","href":"https:\/\/api.w.org\/{rel}","templated":true}]}}