{"id":1231,"date":"2025-06-08T08:57:56","date_gmt":"2025-06-08T08:57:56","guid":{"rendered":"https:\/\/blog.uclm.es\/saramago-cuenca\/?page_id=1231"},"modified":"2025-07-01T17:54:49","modified_gmt":"2025-07-01T17:54:49","slug":"asociacion-teresa-de-luna","status":"publish","type":"page","link":"https:\/\/blog.uclm.es\/saramago-cuenca\/asociacion-teresa-de-luna\/","title":{"rendered":"Asociaci\u00f3n Teresa de Luna"},"content":{"rendered":"\n<p>Nuestros alumnos han creado la Asociaci\u00f3n De Alumnos y Ex-alumnos del Programa Universitario \u00abJos\u00e9 Saramago\u00bb 50 plus \u00ab<strong>Teresa de Luna<\/strong>\u00bb.<\/p>\n\n\n\n<p>Todos los alumnos y alumnas de la Universidad Jos\u00e9 Saramago pueden hacerse socios a trav\u00e9s de un formulario que puede solicitarse a trav\u00e9s del correo electr\u00f3nico o bien presencialmente en la Universidad a trav\u00e9s del presidente y secretaria de \u00abTeresa de Luna\u00bb.<\/p>\n\n\n\n<p>Cada curso, los socios y socias tienen la oportunidad de realizar diversas actividades que son ofertadas desde la asociaci\u00f3n.<\/p>\n\n\n\n<p>Contacto: <\/p>\n\n\n\n<ul class=\"wp-block-list\">\n<li>Teresa de Luna: <strong>asomateluna2015@gmail.com<\/strong><\/li>\n<\/ul>\n\n\n\n<p><strong>IM\u00c1GENES DE LAS ACTIVIDADES<\/strong><\/p>\n\n\n\n<ul class=\"wp-block-list\">\n<li>Ruta en Globo<\/li>\n<\/ul>\n\n\n\n<figure class=\"wp-block-image size-full\"><img loading=\"lazy\" decoding=\"async\" width=\"1024\" height=\"576\" src=\"https:\/\/blog.uclm.es\/saramago-cuenca\/wp-content\/uploads\/sites\/207\/2025\/06\/rutA-EN-GLOBO.jpeg\" alt=\"\" class=\"wp-image-1232\" srcset=\"https:\/\/blog.uclm.es\/saramago-cuenca\/wp-content\/uploads\/sites\/207\/2025\/06\/rutA-EN-GLOBO.jpeg 1024w, https:\/\/blog.uclm.es\/saramago-cuenca\/wp-content\/uploads\/sites\/207\/2025\/06\/rutA-EN-GLOBO-300x169.jpeg 300w, https:\/\/blog.uclm.es\/saramago-cuenca\/wp-content\/uploads\/sites\/207\/2025\/06\/rutA-EN-GLOBO-768x432.jpeg 768w\" sizes=\"auto, (max-width: 1024px) 100vw, 1024px\" \/><\/figure>\n","protected":false},"excerpt":{"rendered":"<p>Nuestros alumnos han creado la Asociaci\u00f3n De Alumnos y Ex-alumnos del Programa Universitario \u00abJos\u00e9 Saramago\u00bb 50 plus \u00abTeresa de Luna\u00bb. Todos los alumnos y alumnas de la Universidad Jos\u00e9 Saramago pueden hacerse socios a trav\u00e9s de un formulario que puede solicitarse a trav\u00e9s del correo electr\u00f3nico o bien presencialmente en la Universidad a trav\u00e9s del &hellip; <a href=\"https:\/\/blog.uclm.es\/saramago-cuenca\/asociacion-teresa-de-luna\/\" class=\"more-link\">Sigue leyendo <span class=\"screen-reader-text\">Asociaci\u00f3n Teresa de Luna<\/span><\/a><\/p>\n","protected":false},"author":513,"featured_media":0,"parent":0,"menu_order":0,"comment_status":"closed","ping_status":"closed","template":"","meta":{"footnotes":""},"class_list":["post-1231","page","type-page","status-publish","hentry"],"_links":{"self":[{"href":"https:\/\/blog.uclm.es\/saramago-cuenca\/wp-json\/wp\/v2\/pages\/1231","targetHints":{"allow":["GET"]}}],"collection":[{"href":"https:\/\/blog.uclm.es\/saramago-cuenca\/wp-json\/wp\/v2\/pages"}],"about":[{"href":"https:\/\/blog.uclm.es\/saramago-cuenca\/wp-json\/wp\/v2\/types\/page"}],"author":[{"embeddable":true,"href":"https:\/\/blog.uclm.es\/saramago-cuenca\/wp-json\/wp\/v2\/users\/513"}],"replies":[{"embeddable":true,"href":"https:\/\/blog.uclm.es\/saramago-cuenca\/wp-json\/wp\/v2\/comments?post=1231"}],"version-history":[{"count":3,"href":"https:\/\/blog.uclm.es\/saramago-cuenca\/wp-json\/wp\/v2\/pages\/1231\/revisions"}],"predecessor-version":[{"id":1280,"href":"https:\/\/blog.uclm.es\/saramago-cuenca\/wp-json\/wp\/v2\/pages\/1231\/revisions\/1280"}],"wp:attachment":[{"href":"https:\/\/blog.uclm.es\/saramago-cuenca\/wp-json\/wp\/v2\/media?parent=1231"}],"curies":[{"name":"wp","href":"https:\/\/api.w.org\/{rel}","templated":true}]}}