{"id":10,"date":"2020-03-02T19:06:32","date_gmt":"2020-03-02T18:06:32","guid":{"rendered":"http:\/\/blog.uclm.es\/saramago-cuenca\/?page_id=10"},"modified":"2026-01-20T16:33:22","modified_gmt":"2026-01-20T16:33:22","slug":"inicio","status":"publish","type":"page","link":"https:\/\/blog.uclm.es\/saramago-cuenca\/","title":{"rendered":"Inicio"},"content":{"rendered":"\n<p>Bienvenido\/a a la p\u00e1gina web de nuestro programa en el <strong>Campus de Cuenca<\/strong>, que supone un canal de comunicaci\u00f3n y difusi\u00f3n del PUJS <em>50 plus<\/em>.<\/p>\n\n\n\n<p>El Programa Universitario \u201cJos\u00e9 Saramago\u201d \u00a0<em>50 plus\u00a0<\/em>ofrece una alternativa a todas aquellas personas que encuentran placer en el estudio y que consideran que nunca es tarde para aprender. Esta iniciativa est\u00e1 dirigida principalmente a personas a partir de los cincuenta a\u00f1os que deseen completar su formaci\u00f3n intelectual y por ella han pasado ya cientos de alumnos de que se han enriquecido cultural y humanamente.<\/p>\n\n\n\n<p>Toda persona mayor, no s\u00f3lo tiene el derecho de ser beneficiaria, sino tambi\u00e9n agente activo, part\u00edcipe y protagonista del desarrollo social, cultural y cient\u00edfico de la sociedad en la que convive. Es necesario fomentar y emprender acciones e iniciativas que promuevan el derecho de la persona mayor a participar y formar parte activa del desarrollo de la comunidad en la que vive. En este contexto, el Programa Universitario \u201cJos\u00e9 Saramago\u201d&nbsp;<em>50 plus<\/em>&nbsp;ha venido jugando un papel muy importante desde su creaci\u00f3n. Los protagonistas de este proyecto universitario son aquellas personas que, por razones de edad o por circunstancias de otro tipo, han dado por finalizada su etapa laboral. Los estudios est\u00e1n dirigidos, en consecuencia, a todas las personas mayores de 50 a\u00f1os (profesionales en activo, jubiladas, prejubiladas, etc.) interesadas en cumplir viejos sue\u00f1os y completar su formaci\u00f3n intelectual. Para acceder a estas \u00abaulas\u00bb no se exige ninguna titulaci\u00f3n ni requisito acad\u00e9mico previo. La iniciativa est\u00e1 abierta a toda persona con inquietud y deseos de abrirse a nuevas vivencias, tanto humanas como universitarias.<\/p>\n\n\n\n<p><strong>Requisitos previos:<\/strong><\/p>\n\n\n\n<p>Cumplir 50 a\u00f1os o m\u00e1s en el a\u00f1o de la matr\u00edcula. No es necesario ninguna titulaci\u00f3n ni requisito acad\u00e9mico previo.<\/p>\n\n\n\n<p><strong>\u00bfQui\u00e9nes somos?<\/strong><\/p>\n\n\n\n<ul class=\"wp-block-list\">\n<li><strong>Vicerrector de Cultura, Deporte&nbsp;y Responsabilidad Social:<\/strong>&nbsp;C\u00e9sar S\u00e1nchez Mel\u00e9ndez.<\/li>\n\n\n\n<li><strong>Coordinadora<\/strong>:&nbsp;Raquel Cervig\u00f3n Abad.<\/li>\n\n\n\n<li><strong>Becaria de Colaboraci\u00f3n<\/strong>:&nbsp;Estela Febrero Sierra.<br><\/li>\n<\/ul>\n\n\n\n<div class=\"wp-block-group has-dark-gray-color has-light-gray-background-color has-text-color has-background\"><div class=\"wp-block-group__inner-container is-layout-flow wp-block-group-is-layout-flow\">\n<div class=\"wp-block-columns is-layout-flex wp-container-core-columns-is-layout-9d6595d7 wp-block-columns-is-layout-flex\">\n<div class=\"wp-block-column is-layout-flow wp-block-column-is-layout-flow\">\n<p><strong>Web Universidad<\/strong><\/p>\n\n\n\n<p><a href=\"mailto:#\">www.uclm.es<\/a><\/p>\n\n\n\n<p><strong>Correos electr\u00f3nico<\/strong>s<\/p>\n\n\n\n<p><a href=\"mailto:mayores@uclm.es\">mayores@uclm.es<\/a><\/p>\n\n\n\n<p><a href=\"mailto:raquel.cervigon@uclm.es\">raquel.cervigon@uclm.es<\/a><\/p>\n\n\n\n<p>\u00a1<strong>S\u00edguenos en nuestras redes<\/strong>!<\/p>\n\n\n\n<ul class=\"wp-block-social-links is-layout-flex wp-block-social-links-is-layout-flex\"><li class=\"wp-social-link wp-social-link-facebook  wp-block-social-link\"><a href=\"https:\/\/www.facebook.com\/saramago.cuenca\" class=\"wp-block-social-link-anchor\"><svg width=\"24\" height=\"24\" viewBox=\"0 0 24 24\" version=\"1.1\" xmlns=\"http:\/\/www.w3.org\/2000\/svg\" aria-hidden=\"true\" focusable=\"false\"><path d=\"M12 2C6.5 2 2 6.5 2 12c0 5 3.7 9.1 8.4 9.9v-7H7.9V12h2.5V9.8c0-2.5 1.5-3.9 3.8-3.9 1.1 0 2.2.2 2.2.2v2.5h-1.3c-1.2 0-1.6.8-1.6 1.6V12h2.8l-.4 2.9h-2.3v7C18.3 21.1 22 17 22 12c0-5.5-4.5-10-10-10z\"><\/path><\/svg><span class=\"wp-block-social-link-label screen-reader-text\">Facebook<\/span><\/a><\/li>\n\n<li class=\"wp-social-link wp-social-link-twitter  wp-block-social-link\"><a href=\"https:\/\/x.com\/SaramagoCuenca?t=Y3fFLXDV6FzyoENqx2kBig&#038;s=09\" class=\"wp-block-social-link-anchor\"><svg width=\"24\" height=\"24\" viewBox=\"0 0 24 24\" version=\"1.1\" xmlns=\"http:\/\/www.w3.org\/2000\/svg\" aria-hidden=\"true\" focusable=\"false\"><path d=\"M22.23,5.924c-0.736,0.326-1.527,0.547-2.357,0.646c0.847-0.508,1.498-1.312,1.804-2.27 c-0.793,0.47-1.671,0.812-2.606,0.996C18.324,4.498,17.257,4,16.077,4c-2.266,0-4.103,1.837-4.103,4.103 c0,0.322,0.036,0.635,0.106,0.935C8.67,8.867,5.647,7.234,3.623,4.751C3.27,5.357,3.067,6.062,3.067,6.814 c0,1.424,0.724,2.679,1.825,3.415c-0.673-0.021-1.305-0.206-1.859-0.513c0,0.017,0,0.034,0,0.052c0,1.988,1.414,3.647,3.292,4.023 c-0.344,0.094-0.707,0.144-1.081,0.144c-0.264,0-0.521-0.026-0.772-0.074c0.522,1.63,2.038,2.816,3.833,2.85 c-1.404,1.1-3.174,1.756-5.096,1.756c-0.331,0-0.658-0.019-0.979-0.057c1.816,1.164,3.973,1.843,6.29,1.843 c7.547,0,11.675-6.252,11.675-11.675c0-0.178-0.004-0.355-0.012-0.531C20.985,7.47,21.68,6.747,22.23,5.924z\"><\/path><\/svg><span class=\"wp-block-social-link-label screen-reader-text\">Twitter<\/span><\/a><\/li>\n\n<li class=\"wp-social-link wp-social-link-instagram  wp-block-social-link\"><a href=\"https:\/\/www.instagram.com\/programajosesaramagocuenca?igsh=MWhuN3E1ZDZ1aHpjYg==\" class=\"wp-block-social-link-anchor\"><svg width=\"24\" height=\"24\" viewBox=\"0 0 24 24\" version=\"1.1\" xmlns=\"http:\/\/www.w3.org\/2000\/svg\" aria-hidden=\"true\" focusable=\"false\"><path d=\"M12,4.622c2.403,0,2.688,0.009,3.637,0.052c0.877,0.04,1.354,0.187,1.671,0.31c0.42,0.163,0.72,0.358,1.035,0.673 c0.315,0.315,0.51,0.615,0.673,1.035c0.123,0.317,0.27,0.794,0.31,1.671c0.043,0.949,0.052,1.234,0.052,3.637 s-0.009,2.688-0.052,3.637c-0.04,0.877-0.187,1.354-0.31,1.671c-0.163,0.42-0.358,0.72-0.673,1.035 c-0.315,0.315-0.615,0.51-1.035,0.673c-0.317,0.123-0.794,0.27-1.671,0.31c-0.949,0.043-1.233,0.052-3.637,0.052 s-2.688-0.009-3.637-0.052c-0.877-0.04-1.354-0.187-1.671-0.31c-0.42-0.163-0.72-0.358-1.035-0.673 c-0.315-0.315-0.51-0.615-0.673-1.035c-0.123-0.317-0.27-0.794-0.31-1.671C4.631,14.688,4.622,14.403,4.622,12 s0.009-2.688,0.052-3.637c0.04-0.877,0.187-1.354,0.31-1.671c0.163-0.42,0.358-0.72,0.673-1.035 c0.315-0.315,0.615-0.51,1.035-0.673c0.317-0.123,0.794-0.27,1.671-0.31C9.312,4.631,9.597,4.622,12,4.622 M12,3 C9.556,3,9.249,3.01,8.289,3.054C7.331,3.098,6.677,3.25,6.105,3.472C5.513,3.702,5.011,4.01,4.511,4.511 c-0.5,0.5-0.808,1.002-1.038,1.594C3.25,6.677,3.098,7.331,3.054,8.289C3.01,9.249,3,9.556,3,12c0,2.444,0.01,2.751,0.054,3.711 c0.044,0.958,0.196,1.612,0.418,2.185c0.23,0.592,0.538,1.094,1.038,1.594c0.5,0.5,1.002,0.808,1.594,1.038 c0.572,0.222,1.227,0.375,2.185,0.418C9.249,20.99,9.556,21,12,21s2.751-0.01,3.711-0.054c0.958-0.044,1.612-0.196,2.185-0.418 c0.592-0.23,1.094-0.538,1.594-1.038c0.5-0.5,0.808-1.002,1.038-1.594c0.222-0.572,0.375-1.227,0.418-2.185 C20.99,14.751,21,14.444,21,12s-0.01-2.751-0.054-3.711c-0.044-0.958-0.196-1.612-0.418-2.185c-0.23-0.592-0.538-1.094-1.038-1.594 c-0.5-0.5-1.002-0.808-1.594-1.038c-0.572-0.222-1.227-0.375-2.185-0.418C14.751,3.01,14.444,3,12,3L12,3z M12,7.378 c-2.552,0-4.622,2.069-4.622,4.622S9.448,16.622,12,16.622s4.622-2.069,4.622-4.622S14.552,7.378,12,7.378z M12,15 c-1.657,0-3-1.343-3-3s1.343-3,3-3s3,1.343,3,3S13.657,15,12,15z M16.804,6.116c-0.596,0-1.08,0.484-1.08,1.08 s0.484,1.08,1.08,1.08c0.596,0,1.08-0.484,1.08-1.08S17.401,6.116,16.804,6.116z\"><\/path><\/svg><span class=\"wp-block-social-link-label screen-reader-text\">Instagram<\/span><\/a><\/li><\/ul>\n<\/div>\n\n\n\n<div class=\"wp-block-column is-layout-flow wp-block-column-is-layout-flow\">\n<p><strong>Tel\u00e9fono<\/strong>s<br>(+34) 969 179 100<\/p>\n\n\n\n<p>(+34) 902 204 100<\/p>\n\n\n\n<p><strong>Fax<\/strong><\/p>\n\n\n\n<p>(+34) 969 179 119 1\/1<\/p>\n\n\n\n<p><strong>Direcci\u00f3n<\/strong><br><em>Campus Universitario &#8211; Edificio Gil de Albornoz. Avda. de los Alfares, 4<br>Cuenca, 16071<\/em><\/p>\n<\/div>\n<\/div>\n<\/div><\/div>\n\n\n\n<p><\/p>\n","protected":false},"excerpt":{"rendered":"<p>Bienvenido\/a a la p\u00e1gina web de nuestro programa en el Campus de Cuenca, que supone un canal de comunicaci\u00f3n y difusi\u00f3n del PUJS 50 plus. El Programa Universitario \u201cJos\u00e9 Saramago\u201d \u00a050 plus\u00a0ofrece una alternativa a todas aquellas personas que encuentran placer en el estudio y que consideran que nunca es tarde para aprender. Esta iniciativa &hellip; <a href=\"https:\/\/blog.uclm.es\/saramago-cuenca\/\" class=\"more-link\">Sigue leyendo <span class=\"screen-reader-text\">Inicio<\/span><\/a><\/p>\n","protected":false},"author":200,"featured_media":0,"parent":0,"menu_order":0,"comment_status":"closed","ping_status":"closed","template":"","meta":{"footnotes":""},"class_list":["post-10","page","type-page","status-publish","hentry"],"_links":{"self":[{"href":"https:\/\/blog.uclm.es\/saramago-cuenca\/wp-json\/wp\/v2\/pages\/10","targetHints":{"allow":["GET"]}}],"collection":[{"href":"https:\/\/blog.uclm.es\/saramago-cuenca\/wp-json\/wp\/v2\/pages"}],"about":[{"href":"https:\/\/blog.uclm.es\/saramago-cuenca\/wp-json\/wp\/v2\/types\/page"}],"author":[{"embeddable":true,"href":"https:\/\/blog.uclm.es\/saramago-cuenca\/wp-json\/wp\/v2\/users\/200"}],"replies":[{"embeddable":true,"href":"https:\/\/blog.uclm.es\/saramago-cuenca\/wp-json\/wp\/v2\/comments?post=10"}],"version-history":[{"count":15,"href":"https:\/\/blog.uclm.es\/saramago-cuenca\/wp-json\/wp\/v2\/pages\/10\/revisions"}],"predecessor-version":[{"id":1332,"href":"https:\/\/blog.uclm.es\/saramago-cuenca\/wp-json\/wp\/v2\/pages\/10\/revisions\/1332"}],"wp:attachment":[{"href":"https:\/\/blog.uclm.es\/saramago-cuenca\/wp-json\/wp\/v2\/media?parent=10"}],"curies":[{"name":"wp","href":"https:\/\/api.w.org\/{rel}","templated":true}]}}