{"id":93,"date":"2017-01-25T08:37:14","date_gmt":"2017-01-25T07:37:14","guid":{"rendered":"http:\/\/blog.uclm.es\/santiagoexposito\/?page_id=93"},"modified":"2022-11-11T09:59:20","modified_gmt":"2022-11-11T08:59:20","slug":"docencia","status":"publish","type":"page","link":"https:\/\/blog.uclm.es\/santiagoexposito\/docencia\/","title":{"rendered":"Docencia"},"content":{"rendered":"<h1><strong>Asignaturas de Grado y Master<\/strong><\/h1>\n<h2><strong>1. TITULACI\u00d3N DE INGENIERO DE CAMINOS (A EXTINGUIR)<\/strong><\/h2>\n<p><a style=\"color: #3366ff\" href=\"http:\/\/www.uclm.es\/cr\/caminos\/ICCP\/programa.asp?codigo=38006\" target=\"_blank\" rel=\"noopener\">F\u00edsica para la ingenier\u00eda II<\/a><\/p>\n<p><a style=\"color: #3366ff\" href=\"http:\/\/www.uclm.es\/cr\/caminos\/ICCP\/programa.asp?codigo=86085\" target=\"_blank\" rel=\"noopener\">Procedimientos de control del ruido ambiental<\/a><\/p>\n<p><a style=\"color: #3366ff\" href=\"http:\/\/www.uclm.es\/cr\/caminos\/ICCP\/programa.asp?codigo=38059\" target=\"_blank\" rel=\"noopener\">Electrotecnia<\/a><\/p>\n<h2><strong>2. TITULACI\u00d3N DE GRADO EN INGENIER\u00cdA CIVIL<\/strong><\/h2>\n<p style=\"text-align: left\" align=\"center\"><a style=\"color: #3366ff\" href=\"http:\/\/www.uclm.es\/cr\/caminos\/grado\/programa.asp?codigo=38304\" target=\"_blank\" rel=\"noopener\">Fundamentos de F\u00edsica<\/a><\/p>\n<p style=\"text-align: left\" align=\"center\"><a style=\"color: #3366ff\" href=\"http:\/\/www.uclm.es\/cr\/caminos\/grado\/programa.asp?codigo=38317\" target=\"_blank\" rel=\"noopener\">Territorio, infraestructuras, recursos y energ\u00eda<\/a><\/p>\n<h2><strong>3. ASIGNATURAS DE M\u00c1STER<\/strong><\/h2>\n<p style=\"text-align: left\" align=\"center\"><a style=\"color: #3366ff\" href=\"https:\/\/www.caminosciudadreal.uclm.es\/?page_id=2349\" target=\"_blank\" rel=\"noopener\">Evaluaci\u00f3n y control del ruido ambiental en infraestructuras del transporte<\/a><br \/><i><br \/>(Enlace a la p\u00e1gina web de la Escuela de Caminos de Ciudad Real.<br \/>Desde all\u00ed se puede consultar los cursos de m\u00e1ster vigentes en cada curso acad\u00e9mico).<\/i><\/p>\n\n\n<hr class=\"wp-block-separator has-alpha-channel-opacity is-style-wide\" \/>\n\n\n\n<figure class=\"wp-block-gallery has-nested-images columns-default is-cropped wp-block-gallery-1 is-layout-flex wp-block-gallery-is-layout-flex\">\n<figure class=\"wp-block-image size-large\"><img loading=\"lazy\" decoding=\"async\" width=\"1024\" height=\"768\" data-id=\"300\" src=\"https:\/\/blog.uclm.es\/santiagoexposito\/wp-content\/uploads\/sites\/96\/2017\/03\/20170227_124833-1024x768.jpg\" alt=\"\" class=\"wp-image-300\" srcset=\"https:\/\/blog.uclm.es\/santiagoexposito\/wp-content\/uploads\/sites\/96\/2017\/03\/20170227_124833-1024x768.jpg 1024w, https:\/\/blog.uclm.es\/santiagoexposito\/wp-content\/uploads\/sites\/96\/2017\/03\/20170227_124833-300x225.jpg 300w, https:\/\/blog.uclm.es\/santiagoexposito\/wp-content\/uploads\/sites\/96\/2017\/03\/20170227_124833-768x576.jpg 768w, https:\/\/blog.uclm.es\/santiagoexposito\/wp-content\/uploads\/sites\/96\/2017\/03\/20170227_124833-1536x1152.jpg 1536w, https:\/\/blog.uclm.es\/santiagoexposito\/wp-content\/uploads\/sites\/96\/2017\/03\/20170227_124833.jpg 2048w\" sizes=\"auto, (max-width: 706px) 89vw, (max-width: 767px) 82vw, 740px\" \/><\/figure>\n\n\n\n<figure class=\"wp-block-image size-large\"><img loading=\"lazy\" decoding=\"async\" width=\"1024\" height=\"768\" data-id=\"294\" src=\"https:\/\/blog.uclm.es\/santiagoexposito\/wp-content\/uploads\/sites\/96\/2017\/03\/20170227_135546-1024x768.jpg\" alt=\"\" class=\"wp-image-294\" srcset=\"https:\/\/blog.uclm.es\/santiagoexposito\/wp-content\/uploads\/sites\/96\/2017\/03\/20170227_135546-1024x768.jpg 1024w, https:\/\/blog.uclm.es\/santiagoexposito\/wp-content\/uploads\/sites\/96\/2017\/03\/20170227_135546-300x225.jpg 300w, https:\/\/blog.uclm.es\/santiagoexposito\/wp-content\/uploads\/sites\/96\/2017\/03\/20170227_135546-768x576.jpg 768w, https:\/\/blog.uclm.es\/santiagoexposito\/wp-content\/uploads\/sites\/96\/2017\/03\/20170227_135546-1536x1152.jpg 1536w, https:\/\/blog.uclm.es\/santiagoexposito\/wp-content\/uploads\/sites\/96\/2017\/03\/20170227_135546.jpg 2048w\" sizes=\"auto, (max-width: 706px) 89vw, (max-width: 767px) 82vw, 740px\" \/><\/figure>\n\n\n\n<figure class=\"wp-block-image size-large\"><img loading=\"lazy\" decoding=\"async\" width=\"1024\" height=\"768\" data-id=\"286\" src=\"https:\/\/blog.uclm.es\/santiagoexposito\/wp-content\/uploads\/sites\/96\/2017\/03\/20170301_093845-1024x768.jpg\" alt=\"\" class=\"wp-image-286\" srcset=\"https:\/\/blog.uclm.es\/santiagoexposito\/wp-content\/uploads\/sites\/96\/2017\/03\/20170301_093845-1024x768.jpg 1024w, https:\/\/blog.uclm.es\/santiagoexposito\/wp-content\/uploads\/sites\/96\/2017\/03\/20170301_093845-300x225.jpg 300w, https:\/\/blog.uclm.es\/santiagoexposito\/wp-content\/uploads\/sites\/96\/2017\/03\/20170301_093845-768x576.jpg 768w, https:\/\/blog.uclm.es\/santiagoexposito\/wp-content\/uploads\/sites\/96\/2017\/03\/20170301_093845-1536x1152.jpg 1536w, https:\/\/blog.uclm.es\/santiagoexposito\/wp-content\/uploads\/sites\/96\/2017\/03\/20170301_093845.jpg 2048w\" sizes=\"auto, (max-width: 706px) 89vw, (max-width: 767px) 82vw, 740px\" \/><\/figure>\n\n\n\n<figure class=\"wp-block-image size-large\"><img loading=\"lazy\" decoding=\"async\" width=\"1024\" height=\"768\" data-id=\"287\" src=\"https:\/\/blog.uclm.es\/santiagoexposito\/wp-content\/uploads\/sites\/96\/2017\/03\/20170301_093602-1024x768.jpg\" alt=\"\" class=\"wp-image-287\" srcset=\"https:\/\/blog.uclm.es\/santiagoexposito\/wp-content\/uploads\/sites\/96\/2017\/03\/20170301_093602-1024x768.jpg 1024w, https:\/\/blog.uclm.es\/santiagoexposito\/wp-content\/uploads\/sites\/96\/2017\/03\/20170301_093602-300x225.jpg 300w, https:\/\/blog.uclm.es\/santiagoexposito\/wp-content\/uploads\/sites\/96\/2017\/03\/20170301_093602-768x576.jpg 768w, https:\/\/blog.uclm.es\/santiagoexposito\/wp-content\/uploads\/sites\/96\/2017\/03\/20170301_093602-1536x1152.jpg 1536w, https:\/\/blog.uclm.es\/santiagoexposito\/wp-content\/uploads\/sites\/96\/2017\/03\/20170301_093602.jpg 2048w\" sizes=\"auto, (max-width: 706px) 89vw, (max-width: 767px) 82vw, 740px\" \/><\/figure>\n\n\n\n<figure class=\"wp-block-image size-large\"><img loading=\"lazy\" decoding=\"async\" width=\"1024\" height=\"768\" data-id=\"288\" src=\"https:\/\/blog.uclm.es\/santiagoexposito\/wp-content\/uploads\/sites\/96\/2017\/03\/20170228_131704-1024x768.jpg\" alt=\"\" class=\"wp-image-288\" srcset=\"https:\/\/blog.uclm.es\/santiagoexposito\/wp-content\/uploads\/sites\/96\/2017\/03\/20170228_131704-1024x768.jpg 1024w, https:\/\/blog.uclm.es\/santiagoexposito\/wp-content\/uploads\/sites\/96\/2017\/03\/20170228_131704-300x225.jpg 300w, https:\/\/blog.uclm.es\/santiagoexposito\/wp-content\/uploads\/sites\/96\/2017\/03\/20170228_131704-768x576.jpg 768w, https:\/\/blog.uclm.es\/santiagoexposito\/wp-content\/uploads\/sites\/96\/2017\/03\/20170228_131704-1536x1152.jpg 1536w, https:\/\/blog.uclm.es\/santiagoexposito\/wp-content\/uploads\/sites\/96\/2017\/03\/20170228_131704.jpg 2048w\" sizes=\"auto, (max-width: 706px) 89vw, (max-width: 767px) 82vw, 740px\" \/><\/figure>\n\n\n\n<figure class=\"wp-block-image size-large\"><img loading=\"lazy\" decoding=\"async\" width=\"1024\" height=\"768\" data-id=\"289\" src=\"https:\/\/blog.uclm.es\/santiagoexposito\/wp-content\/uploads\/sites\/96\/2017\/03\/20170228_095952-1024x768.jpg\" alt=\"\" class=\"wp-image-289\" srcset=\"https:\/\/blog.uclm.es\/santiagoexposito\/wp-content\/uploads\/sites\/96\/2017\/03\/20170228_095952-1024x768.jpg 1024w, https:\/\/blog.uclm.es\/santiagoexposito\/wp-content\/uploads\/sites\/96\/2017\/03\/20170228_095952-300x225.jpg 300w, https:\/\/blog.uclm.es\/santiagoexposito\/wp-content\/uploads\/sites\/96\/2017\/03\/20170228_095952-768x576.jpg 768w, https:\/\/blog.uclm.es\/santiagoexposito\/wp-content\/uploads\/sites\/96\/2017\/03\/20170228_095952-1536x1152.jpg 1536w, https:\/\/blog.uclm.es\/santiagoexposito\/wp-content\/uploads\/sites\/96\/2017\/03\/20170228_095952.jpg 2048w\" sizes=\"auto, (max-width: 706px) 89vw, (max-width: 767px) 82vw, 740px\" \/><\/figure>\n\n\n\n<figure class=\"wp-block-image size-large\"><img loading=\"lazy\" decoding=\"async\" width=\"1024\" height=\"768\" data-id=\"284\" src=\"https:\/\/blog.uclm.es\/santiagoexposito\/wp-content\/uploads\/sites\/96\/2017\/03\/20170301_102921-1024x768.jpg\" alt=\"\" class=\"wp-image-284\" srcset=\"https:\/\/blog.uclm.es\/santiagoexposito\/wp-content\/uploads\/sites\/96\/2017\/03\/20170301_102921-1024x768.jpg 1024w, https:\/\/blog.uclm.es\/santiagoexposito\/wp-content\/uploads\/sites\/96\/2017\/03\/20170301_102921-300x225.jpg 300w, https:\/\/blog.uclm.es\/santiagoexposito\/wp-content\/uploads\/sites\/96\/2017\/03\/20170301_102921-768x576.jpg 768w, https:\/\/blog.uclm.es\/santiagoexposito\/wp-content\/uploads\/sites\/96\/2017\/03\/20170301_102921-1536x1152.jpg 1536w, https:\/\/blog.uclm.es\/santiagoexposito\/wp-content\/uploads\/sites\/96\/2017\/03\/20170301_102921.jpg 2048w\" sizes=\"auto, (max-width: 706px) 89vw, (max-width: 767px) 82vw, 740px\" \/><\/figure>\n\n\n\n<figure class=\"wp-block-image size-large\"><img loading=\"lazy\" decoding=\"async\" width=\"1024\" height=\"768\" data-id=\"279\" src=\"https:\/\/blog.uclm.es\/santiagoexposito\/wp-content\/uploads\/sites\/96\/2017\/03\/20170301_103929-1024x768.jpg\" alt=\"\" class=\"wp-image-279\" srcset=\"https:\/\/blog.uclm.es\/santiagoexposito\/wp-content\/uploads\/sites\/96\/2017\/03\/20170301_103929-1024x768.jpg 1024w, https:\/\/blog.uclm.es\/santiagoexposito\/wp-content\/uploads\/sites\/96\/2017\/03\/20170301_103929-300x225.jpg 300w, https:\/\/blog.uclm.es\/santiagoexposito\/wp-content\/uploads\/sites\/96\/2017\/03\/20170301_103929-768x576.jpg 768w, https:\/\/blog.uclm.es\/santiagoexposito\/wp-content\/uploads\/sites\/96\/2017\/03\/20170301_103929-1536x1152.jpg 1536w, https:\/\/blog.uclm.es\/santiagoexposito\/wp-content\/uploads\/sites\/96\/2017\/03\/20170301_103929.jpg 2048w\" sizes=\"auto, (max-width: 706px) 89vw, (max-width: 767px) 82vw, 740px\" \/><\/figure>\n\n\n\n<figure class=\"wp-block-image size-large\"><img loading=\"lazy\" decoding=\"async\" width=\"1024\" height=\"768\" data-id=\"275\" src=\"https:\/\/blog.uclm.es\/santiagoexposito\/wp-content\/uploads\/sites\/96\/2017\/03\/20170301_125318-1024x768.jpg\" alt=\"\" class=\"wp-image-275\" srcset=\"https:\/\/blog.uclm.es\/santiagoexposito\/wp-content\/uploads\/sites\/96\/2017\/03\/20170301_125318-1024x768.jpg 1024w, https:\/\/blog.uclm.es\/santiagoexposito\/wp-content\/uploads\/sites\/96\/2017\/03\/20170301_125318-300x225.jpg 300w, https:\/\/blog.uclm.es\/santiagoexposito\/wp-content\/uploads\/sites\/96\/2017\/03\/20170301_125318-768x576.jpg 768w, https:\/\/blog.uclm.es\/santiagoexposito\/wp-content\/uploads\/sites\/96\/2017\/03\/20170301_125318-1536x1152.jpg 1536w, https:\/\/blog.uclm.es\/santiagoexposito\/wp-content\/uploads\/sites\/96\/2017\/03\/20170301_125318.jpg 2048w\" sizes=\"auto, (max-width: 706px) 89vw, (max-width: 767px) 82vw, 740px\" \/><\/figure>\n\n\n\n<figure class=\"wp-block-image size-large\"><img loading=\"lazy\" decoding=\"async\" width=\"768\" height=\"1024\" data-id=\"274\" src=\"https:\/\/blog.uclm.es\/santiagoexposito\/wp-content\/uploads\/sites\/96\/2017\/03\/20170301_131321-768x1024.jpg\" alt=\"\" class=\"wp-image-274\" srcset=\"https:\/\/blog.uclm.es\/santiagoexposito\/wp-content\/uploads\/sites\/96\/2017\/03\/20170301_131321-768x1024.jpg 768w, https:\/\/blog.uclm.es\/santiagoexposito\/wp-content\/uploads\/sites\/96\/2017\/03\/20170301_131321-225x300.jpg 225w, https:\/\/blog.uclm.es\/santiagoexposito\/wp-content\/uploads\/sites\/96\/2017\/03\/20170301_131321-1152x1536.jpg 1152w, https:\/\/blog.uclm.es\/santiagoexposito\/wp-content\/uploads\/sites\/96\/2017\/03\/20170301_131321-rotated.jpg 1536w\" sizes=\"auto, (max-width: 706px) 89vw, (max-width: 767px) 82vw, 740px\" \/><\/figure>\n\n\n\n<figure class=\"wp-block-image size-large\"><img loading=\"lazy\" decoding=\"async\" width=\"1024\" height=\"768\" data-id=\"273\" src=\"https:\/\/blog.uclm.es\/santiagoexposito\/wp-content\/uploads\/sites\/96\/2017\/03\/20170301_131843-1024x768.jpg\" alt=\"\" class=\"wp-image-273\" srcset=\"https:\/\/blog.uclm.es\/santiagoexposito\/wp-content\/uploads\/sites\/96\/2017\/03\/20170301_131843-1024x768.jpg 1024w, https:\/\/blog.uclm.es\/santiagoexposito\/wp-content\/uploads\/sites\/96\/2017\/03\/20170301_131843-300x225.jpg 300w, https:\/\/blog.uclm.es\/santiagoexposito\/wp-content\/uploads\/sites\/96\/2017\/03\/20170301_131843-768x576.jpg 768w, https:\/\/blog.uclm.es\/santiagoexposito\/wp-content\/uploads\/sites\/96\/2017\/03\/20170301_131843-1536x1152.jpg 1536w, https:\/\/blog.uclm.es\/santiagoexposito\/wp-content\/uploads\/sites\/96\/2017\/03\/20170301_131843.jpg 2048w\" sizes=\"auto, (max-width: 706px) 89vw, (max-width: 767px) 82vw, 740px\" \/><\/figure>\n\n\n\n<figure class=\"wp-block-image size-large\"><img loading=\"lazy\" decoding=\"async\" width=\"1024\" height=\"576\" data-id=\"272\" src=\"https:\/\/blog.uclm.es\/santiagoexposito\/wp-content\/uploads\/sites\/96\/2017\/03\/DSC_0060-1024x576.jpg\" alt=\"\" class=\"wp-image-272\" srcset=\"https:\/\/blog.uclm.es\/santiagoexposito\/wp-content\/uploads\/sites\/96\/2017\/03\/DSC_0060-1024x576.jpg 1024w, https:\/\/blog.uclm.es\/santiagoexposito\/wp-content\/uploads\/sites\/96\/2017\/03\/DSC_0060-300x169.jpg 300w, https:\/\/blog.uclm.es\/santiagoexposito\/wp-content\/uploads\/sites\/96\/2017\/03\/DSC_0060-768x432.jpg 768w, https:\/\/blog.uclm.es\/santiagoexposito\/wp-content\/uploads\/sites\/96\/2017\/03\/DSC_0060-1536x864.jpg 1536w, https:\/\/blog.uclm.es\/santiagoexposito\/wp-content\/uploads\/sites\/96\/2017\/03\/DSC_0060-2048x1152.jpg 2048w\" sizes=\"auto, (max-width: 706px) 89vw, (max-width: 767px) 82vw, 740px\" \/><figcaption class=\"wp-element-caption\">VisitaANRO27febrero<\/figcaption><\/figure>\n<\/figure>\n\n\n\n<p class=\"has-text-align-center\">Viaje Estudio 1\u00ba y 2\u00ba ETSI Caminos, Canales y Puertos<\/p>\n","protected":false},"excerpt":{"rendered":"<p>Asignaturas de Grado y Master 1. TITULACI\u00d3N DE INGENIERO DE CAMINOS (A EXTINGUIR) F\u00edsica para la ingenier\u00eda II Procedimientos de control del ruido ambiental Electrotecnia 2. TITULACI\u00d3N DE GRADO EN INGENIER\u00cdA CIVIL Fundamentos de F\u00edsica Territorio, infraestructuras, recursos y energ\u00eda 3. ASIGNATURAS DE M\u00c1STER Evaluaci\u00f3n y control del ruido ambiental en infraestructuras del transporte(Enlace a &hellip; <\/p>\n<p class=\"link-more\"><a href=\"https:\/\/blog.uclm.es\/santiagoexposito\/docencia\/\" class=\"more-link\">Continuar leyendo<span class=\"screen-reader-text\"> \u00abDocencia\u00bb<\/span><\/a><\/p>\n","protected":false},"author":6,"featured_media":0,"parent":0,"menu_order":0,"comment_status":"closed","ping_status":"closed","template":"","meta":{"footnotes":""},"class_list":["post-93","page","type-page","status-publish","hentry"],"_links":{"self":[{"href":"https:\/\/blog.uclm.es\/santiagoexposito\/wp-json\/wp\/v2\/pages\/93","targetHints":{"allow":["GET"]}}],"collection":[{"href":"https:\/\/blog.uclm.es\/santiagoexposito\/wp-json\/wp\/v2\/pages"}],"about":[{"href":"https:\/\/blog.uclm.es\/santiagoexposito\/wp-json\/wp\/v2\/types\/page"}],"author":[{"embeddable":true,"href":"https:\/\/blog.uclm.es\/santiagoexposito\/wp-json\/wp\/v2\/users\/6"}],"replies":[{"embeddable":true,"href":"https:\/\/blog.uclm.es\/santiagoexposito\/wp-json\/wp\/v2\/comments?post=93"}],"version-history":[{"count":6,"href":"https:\/\/blog.uclm.es\/santiagoexposito\/wp-json\/wp\/v2\/pages\/93\/revisions"}],"predecessor-version":[{"id":590,"href":"https:\/\/blog.uclm.es\/santiagoexposito\/wp-json\/wp\/v2\/pages\/93\/revisions\/590"}],"wp:attachment":[{"href":"https:\/\/blog.uclm.es\/santiagoexposito\/wp-json\/wp\/v2\/media?parent=93"}],"curies":[{"name":"wp","href":"https:\/\/api.w.org\/{rel}","templated":true}]}}