{"id":74,"date":"2017-01-24T11:08:32","date_gmt":"2017-01-24T10:08:32","guid":{"rendered":"http:\/\/blog.uclm.es\/santiagoexposito\/?page_id=74"},"modified":"2022-11-10T20:25:50","modified_gmt":"2022-11-10T19:25:50","slug":"inicio","status":"publish","type":"page","link":"https:\/\/blog.uclm.es\/santiagoexposito\/","title":{"rendered":"inicio"},"content":{"rendered":"\n<div class=\"wp-block-columns is-layout-flex wp-container-core-columns-is-layout-9d6595d7 wp-block-columns-is-layout-flex\">\n<div class=\"wp-block-column is-layout-flow wp-block-column-is-layout-flow\">\n<figure class=\"wp-block-image size-full is-resized\"><img loading=\"lazy\" decoding=\"async\" src=\"https:\/\/blog.uclm.es\/santiagoexposito\/wp-content\/uploads\/sites\/96\/2017\/01\/foto.png\" alt=\"\" class=\"wp-image-75\" width=\"326\" height=\"189\" srcset=\"https:\/\/blog.uclm.es\/santiagoexposito\/wp-content\/uploads\/sites\/96\/2017\/01\/foto.png 509w, https:\/\/blog.uclm.es\/santiagoexposito\/wp-content\/uploads\/sites\/96\/2017\/01\/foto-300x174.png 300w\" sizes=\"auto, (max-width: 326px) 100vw, 326px\" \/><figcaption class=\"wp-element-caption\"><strong>Profesor: Dr. SANTIAGO EXP\u00d3SITO PAJE<\/strong><br>Universidad de Castilla-La Mancha<br>E.T.S. de Ingenieros de Caminos, Canales y Puertos<br>Dpto. F\u00edsica Aplicada<br>Avda. Camilo Jos\u00e9 Cela s\/n<br>13071 Ciudad Real,<br>Espa\u00f1a<br>Telf.: (+34) 902 204 100, ext. 3270<br>Telf.:&nbsp;(+34) 926 29 54 17<br>e-mail: <a rel=\"noreferrer noopener\" href=\"mailto:santiago.exposito@uclm.es\" target=\"_blank\">santiago.exposito<\/a><a rel=\"noreferrer noopener\" href=\"mailto:santiago.exposito@uclm.es\" target=\"_blank\">@uclm.es<\/a><\/figcaption><\/figure>\n<\/div>\n\n\n\n<div class=\"wp-block-column is-layout-flow wp-block-column-is-layout-flow\">\n<h5 class=\"has-vivid-red-color has-text-color wp-block-heading\"><strong>Breve curr\u00edculum vitae<\/strong><\/h5>\n\n\n\n<p><strong>Categor\u00eda profesional<\/strong>: Catedr\u00e1tico de Universidad (Universidad de Castilla-La Mancha).<\/p>\n\n\n\n<div class=\"wp-block-columns is-layout-flex wp-container-core-columns-is-layout-9d6595d7 wp-block-columns-is-layout-flex\">\n<div class=\"wp-block-column is-layout-flow wp-block-column-is-layout-flow\" style=\"flex-basis:100%\">\n<div class=\"wp-block-group is-vertical is-layout-flex wp-container-core-group-is-layout-8cf370e7 wp-block-group-is-layout-flex\">\n<p class=\"has-text-align-left\"><strong>Formaci\u00f3n Acad\u00e9mica:<\/strong><\/p>\n\n\n\n<ul class=\"wp-block-list\" style=\"text-decoration:none\">\n<li>Licenciado en Ciencias F\u00edsicas, Facultad de Ciencias F\u00edsicas, Universidad Complutense de Madrid (UCM), 1990.<\/li>\n\n\n\n<li>Especialista en Inspecci\u00f3n de Materiales, Facultad de Ciencias Qu\u00edmicas, UCM, 1991.<\/li>\n<\/ul>\n<\/div>\n<\/div>\n<\/div>\n\n\n\n<div class=\"wp-block-columns is-layout-flex wp-container-core-columns-is-layout-9d6595d7 wp-block-columns-is-layout-flex\">\n<div class=\"wp-block-column is-layout-flow wp-block-column-is-layout-flow\" style=\"flex-basis:100%\">\n<div class=\"wp-block-group is-vertical is-layout-flex wp-container-core-group-is-layout-8cf370e7 wp-block-group-is-layout-flex\">\n<p><strong>Doctorado: <\/strong><\/p>\n\n\n\n<ul class=\"wp-block-list\">\n<li>Doctor en Ciencias F\u00edsicas.\u00a0Departamento de F\u00edsica de Materiales, Facultad de Ciencias F\u00edsicas.\u00a0Universidad Complutense de Madrid, 1995.<\/li>\n<\/ul>\n<\/div>\n<\/div>\n<\/div>\n\n\n\n<div class=\"wp-block-columns is-layout-flex wp-container-core-columns-is-layout-9d6595d7 wp-block-columns-is-layout-flex\">\n<div class=\"wp-block-column is-layout-flow wp-block-column-is-layout-flow\" style=\"flex-basis:100%\">\n<div class=\"wp-block-group is-vertical is-layout-flex wp-container-core-group-is-layout-8cf370e7 wp-block-group-is-layout-flex\">\n<p><strong>Actividades de car\u00e1cter cient\u00edfico profesional:<\/strong><\/p>\n\n\n\n<ul class=\"wp-block-list\">\n<li>Profesor Ayudante de E.U., Tiempo Completo, UCM, 1990-1995.<\/li>\n\n\n\n<li>Profesor Asociado, Tiempo Completo, UCM, 1995-1996.<\/li>\n\n\n\n<li>Profesor Ayudante de Facultad, Tiempo Completo, UCM, 1996- 2000.<\/li>\n\n\n\n<li>Profesor Asociado, Tiempo Completo, UCLM, 2000-2001. \u00a0 \u00a0 \u00a0 &#8211; Profesor Titular Universidad, UCLM, 2001-<\/li>\n<\/ul>\n\n\n\n<ul class=\"wp-block-list\">\n<li>Coordinador de Pr\u00e1cticas Externas, E.T.S. de Ingenieros de Caminos, Canales y Puertos, Universidad de Casilla-La Mancha (UCLM), 2003-2004.<\/li>\n<\/ul>\n\n\n\n<ul class=\"wp-block-list\">\n<li>Subdirector E.T.S. de Ingenieros de Caminos Canales y Puertos, Universidad de Castilla-La Mancha (UCLM), 2004-2005.<\/li>\n<\/ul>\n\n\n\n<ul class=\"wp-block-list\">\n<li>Direcci\u00f3n LA<sup>2<\/sup>IC (Laboratorio de Ac\u00fastica Aplicada a la Ingenier\u00eda Civil) Universidad de Castilla-La Mancha, 2005-<\/li>\n<\/ul>\n\n\n\n<ul class=\"wp-block-list\">\n<li>Coordinador del Programa de Doctorado en Territorio, Infraestructuras y Medio Ambiente, E.T.S. de Ingenieros de Caminos, Canales y Puertos, Universidad de Casilla-La Mancha (UCLM), 2014-2015 .<\/li>\n<\/ul>\n<\/div>\n<\/div>\n<\/div>\n\n\n\n<div class=\"wp-block-columns is-layout-flex wp-container-core-columns-is-layout-9d6595d7 wp-block-columns-is-layout-flex\">\n<div class=\"wp-block-column is-layout-flow wp-block-column-is-layout-flow\" style=\"flex-basis:100%\">\n<div class=\"wp-block-group is-vertical is-layout-flex wp-container-core-group-is-layout-8cf370e7 wp-block-group-is-layout-flex\">\n<p><strong>L\u00edneas de Investigaci\u00f3n:<\/strong><\/p>\n\n\n\n<ul class=\"wp-block-list\">\n<li>Espectroscopia \u00f3ptica de materiales cer\u00e1micos y monocristales de <em>Zr0<sub>2<\/sub><\/em><\/li>\n<\/ul>\n\n\n\n<ul class=\"wp-block-list\">\n<li>Propiedades \u00f3pticas de vidrios dopados con <em>Ag<\/em>.<\/li>\n<\/ul>\n\n\n\n<ul class=\"wp-block-list\">\n<li>Propiedades el\u00e9ctricas y magn\u00e9ticas de pel\u00edculas delgadas con <em>Ag<\/em>.<\/li>\n<\/ul>\n\n\n\n<ul class=\"wp-block-list\">\n<li>Propiedades ac\u00fasticas de materiales asf\u00e1lticos.<\/li>\n<\/ul>\n\n\n\n<ul class=\"wp-block-list\">\n<li>Auscultaci\u00f3n ac\u00fastica de carreteras.<\/li>\n<\/ul>\n\n\n\n<ul class=\"wp-block-list\">\n<li>Evaluaci\u00f3n y control del ruido ambiental por infraestructuras de transporte y urbano.<\/li>\n<\/ul>\n<\/div>\n<\/div>\n<\/div>\n\n\n\n<div class=\"wp-block-columns is-layout-flex wp-container-core-columns-is-layout-9d6595d7 wp-block-columns-is-layout-flex\">\n<div class=\"wp-block-column is-layout-flow wp-block-column-is-layout-flow\" style=\"flex-basis:100%\">\n<div class=\"wp-block-group is-vertical is-layout-flex wp-container-core-group-is-layout-8cf370e7 wp-block-group-is-layout-flex\">\n<p><strong>Estancias en centros de investigaci\u00f3n en el extranjero (m\u00e1s de tres meses): <\/strong>2<\/p>\n\n\n\n<p><strong>Tesis Doctorales dirigidas:\u00a0<\/strong>3<\/p>\n\n\n\n<p><strong>Tesis Doctorales en realizaci\u00f3n: <\/strong>1<\/p>\n\n\n\n<p><strong>DEAS y TIT Dirigidos:<\/strong>\u00a03<\/p>\n\n\n\n<p><strong>Autor de m\u00e1s de 50 art\u00edculos cient\u00edficos internacionales SCI<\/strong><\/p>\n\n\n\n<p><strong>Proyectos de investigaci\u00f3n financiados por entidades p\u00fablicas como I.P.: <\/strong>11<\/p>\n\n\n\n<p><strong>Proyectos de investigaci\u00f3n financiados por Empresas como I.P.:<\/strong> 6<\/p>\n\n\n\n<p><strong>Gesti\u00f3n de m\u00e1s de 1 Mill\u00f3n\u00a0\u20ac en I+D+i como I.P.<\/strong><\/p>\n\n\n\n<p><strong>Autor\/coautor de libros:<\/strong> 7<\/p>\n<\/div>\n<\/div>\n<\/div>\n\n\n\n<div class=\"wp-block-columns is-layout-flex wp-container-core-columns-is-layout-9d6595d7 wp-block-columns-is-layout-flex\">\n<div class=\"wp-block-column is-layout-flow wp-block-column-is-layout-flow\" style=\"flex-basis:100%\">\n<div class=\"wp-block-group is-vertical is-layout-flex wp-container-core-group-is-layout-8cf370e7 wp-block-group-is-layout-flex\">\n<p><em><strong><u>Otros m\u00e9ritos<\/u><\/strong><\/em><\/p>\n\n\n\n<p><strong>Censor de revistas cient\u00edficas internacionales<\/strong>: Journal of Acoustical Society of America, Optical Materials, \u2026<\/p>\n\n\n\n<p><strong>Miembro de asociaciones cient\u00edficas:&nbsp;<\/strong>Miembro de la Real Sociedad Espa\u00f1ola de F\u00edsica.<\/p>\n\n\n\n<p>Creador del <strong>Laboratorio de Ac\u00fastica Aplicada a la Ingenier\u00eda Civil<\/strong> (<em>LA<sup>2<\/sup>IC<\/em>) &#8211; UCLM.<\/p>\n\n\n\n<p>EVALUADOR de la <strong>Agencia Nacional de Evaluaci\u00f3n y Prospectiva <\/strong>(ANEP) del Ministerio de Ciencia e Innovaci\u00f3n para proyectos de convocatoria CDTI. Plan Estatal de Investigaci\u00f3n Cient\u00edfica y T\u00e9cnica y de Innovaci\u00f3n, Programa Nacional de Investigaci\u00f3n Cient\u00edfica, Desarrollo e Innovaci\u00f3n Tecnol\u00f3gica, Planes Comunidades Aut\u00f3nomas\u2026<\/p>\n<\/div>\n<\/div>\n<\/div>\n<\/div>\n<\/div>\n","protected":false},"excerpt":{"rendered":"<p>Breve curr\u00edculum vitae Categor\u00eda profesional: Catedr\u00e1tico de Universidad (Universidad de Castilla-La Mancha). Formaci\u00f3n Acad\u00e9mica: Doctorado: Actividades de car\u00e1cter cient\u00edfico profesional: L\u00edneas de Investigaci\u00f3n: Estancias en centros de investigaci\u00f3n en el extranjero (m\u00e1s de tres meses): 2 Tesis Doctorales dirigidas:\u00a03 Tesis Doctorales en realizaci\u00f3n: 1 DEAS y TIT Dirigidos:\u00a03 Autor de m\u00e1s de 50 art\u00edculos cient\u00edficos &hellip; <\/p>\n<p class=\"link-more\"><a href=\"https:\/\/blog.uclm.es\/santiagoexposito\/\" class=\"more-link\">Continuar leyendo<span class=\"screen-reader-text\"> \u00abinicio\u00bb<\/span><\/a><\/p>\n","protected":false},"author":6,"featured_media":0,"parent":0,"menu_order":0,"comment_status":"closed","ping_status":"closed","template":"","meta":{"footnotes":""},"class_list":["post-74","page","type-page","status-publish","hentry"],"_links":{"self":[{"href":"https:\/\/blog.uclm.es\/santiagoexposito\/wp-json\/wp\/v2\/pages\/74","targetHints":{"allow":["GET"]}}],"collection":[{"href":"https:\/\/blog.uclm.es\/santiagoexposito\/wp-json\/wp\/v2\/pages"}],"about":[{"href":"https:\/\/blog.uclm.es\/santiagoexposito\/wp-json\/wp\/v2\/types\/page"}],"author":[{"embeddable":true,"href":"https:\/\/blog.uclm.es\/santiagoexposito\/wp-json\/wp\/v2\/users\/6"}],"replies":[{"embeddable":true,"href":"https:\/\/blog.uclm.es\/santiagoexposito\/wp-json\/wp\/v2\/comments?post=74"}],"version-history":[{"count":6,"href":"https:\/\/blog.uclm.es\/santiagoexposito\/wp-json\/wp\/v2\/pages\/74\/revisions"}],"predecessor-version":[{"id":545,"href":"https:\/\/blog.uclm.es\/santiagoexposito\/wp-json\/wp\/v2\/pages\/74\/revisions\/545"}],"wp:attachment":[{"href":"https:\/\/blog.uclm.es\/santiagoexposito\/wp-json\/wp\/v2\/media?parent=74"}],"curies":[{"name":"wp","href":"https:\/\/api.w.org\/{rel}","templated":true}]}}