{"id":106,"date":"2017-01-25T08:52:06","date_gmt":"2017-01-25T07:52:06","guid":{"rendered":"http:\/\/blog.uclm.es\/santiagoexposito\/?page_id=106"},"modified":"2022-11-11T00:11:44","modified_gmt":"2022-11-10T23:11:44","slug":"tesis-doctorales-tit-y-dea","status":"publish","type":"page","link":"https:\/\/blog.uclm.es\/santiagoexposito\/tesis-doctorales-tit-y-dea\/","title":{"rendered":"Tesis Doctorales, TIT y DEA"},"content":{"rendered":"<ul type=\"square\">\n<li><span style=\"font-family: Verdana;font-size: small\"><b>T\u00edtulo<\/b>: CARACTERIZACI\u00d3N AC\u00daSTICA Y DISE\u00d1O DE MEZCLAS BITUMINOSAS PARA ATENUAR LA CONTAMINACI\u00d3N SONORA.<br \/>\n<b>Autor<\/b>: MOIS\u00c9S BUENO PACHECO<br \/>\n<b>Universidad<\/b>: UNIVERSIDAD DE CASTILLA-LA MANCHA Facultad \/<br \/>\n<b>Escuela<\/b>: ESCUELA T\u00c9CNICA SUPERIOR DE INGENIEROS DE CAMINOS, CANALES Y PUERTOS.<br \/>\n<b>Departamento<\/b>: F\u00edsica Aplicada<br \/>\n<b>Fecha<\/b>: MAYO 2008.<\/span><\/li>\n<\/ul>\n<ul type=\"square\">\n<li><span style=\"font-family: Verdana;font-size: small\"><span style=\"font-family: Verdana;font-size: small\"><b>T\u00edtulo<\/b>: CARACTERIZACI\u00d3N AC\u00daSTICA DE MEZCLAS ASF\u00c1LTICAS PARA ATENUAR LA CONTAMINACI\u00d3N SONORA.<br \/>\n<b>Doctorando<\/b>: MOIS\u00c9S BUENO PACHECO Universidad: UNIVERSIDAD DE CASTILLA-LA MANCHA<br \/>\n<b>Facultad \/ Escuela<\/b>: ESCUELA T\u00c9CNICA SUPERIOR DE INGENIEROS DE CAMINOS, CANALES Y PUERTOS.<br \/>\n<b>Departamento<\/b>: F\u00edsica Aplicada<br \/>\n<b>Fecha<\/b>: JULIO 2010.<\/span><\/span><\/li>\n<\/ul>\n<ul type=\"square\">\n<li><span style=\"font-family: Verdana;font-size: small\"><b>T\u00edtulo<\/b>: CARACTERIZACI\u00d3N DE CAPAS DE RODADURA: NIVEL DE EMISI\u00d3N SONORA DE INTERACCI\u00d3N NEUM\u00c1TICO\/PAVIMENTO, TEXTURA SUPERFICIAL Y ABSORCI\u00d3N AC\u00daSTICA.<br \/>\n<b>Autora<\/b>: JEANNE LUONG SEGAREL<br \/>\n<b>Universidad<\/b>: UNIVERSIDAD DE CASTILLA-LA MANCHA<br \/>\n<b>Facultad \/ Escuela<\/b>: ESCUELA T\u00c9CNICA SUPERIOR DE INGENIEROS DE CAMINOS, CANALES Y PUERTOS<br \/>\n<b>Departamento<\/b>: F\u00edsica Aplicada<br \/>\n<b>Fecha<\/b>: JULIO 2010.<\/span><\/li>\n<\/ul>\n","protected":false},"excerpt":{"rendered":"<p>T\u00edtulo: CARACTERIZACI\u00d3N AC\u00daSTICA Y DISE\u00d1O DE MEZCLAS BITUMINOSAS PARA ATENUAR LA CONTAMINACI\u00d3N SONORA. Autor: MOIS\u00c9S BUENO PACHECO Universidad: UNIVERSIDAD DE CASTILLA-LA MANCHA Facultad \/ Escuela: ESCUELA T\u00c9CNICA SUPERIOR DE INGENIEROS DE CAMINOS, CANALES Y PUERTOS. Departamento: F\u00edsica Aplicada Fecha: MAYO 2008. T\u00edtulo: CARACTERIZACI\u00d3N AC\u00daSTICA DE MEZCLAS ASF\u00c1LTICAS PARA ATENUAR LA CONTAMINACI\u00d3N SONORA. Doctorando: MOIS\u00c9S BUENO &hellip; <\/p>\n<p class=\"link-more\"><a href=\"https:\/\/blog.uclm.es\/santiagoexposito\/tesis-doctorales-tit-y-dea\/\" class=\"more-link\">Continuar leyendo<span class=\"screen-reader-text\"> \u00abTesis Doctorales, TIT y DEA\u00bb<\/span><\/a><\/p>\n","protected":false},"author":6,"featured_media":0,"parent":0,"menu_order":0,"comment_status":"closed","ping_status":"closed","template":"","meta":{"footnotes":""},"class_list":["post-106","page","type-page","status-publish","hentry"],"_links":{"self":[{"href":"https:\/\/blog.uclm.es\/santiagoexposito\/wp-json\/wp\/v2\/pages\/106","targetHints":{"allow":["GET"]}}],"collection":[{"href":"https:\/\/blog.uclm.es\/santiagoexposito\/wp-json\/wp\/v2\/pages"}],"about":[{"href":"https:\/\/blog.uclm.es\/santiagoexposito\/wp-json\/wp\/v2\/types\/page"}],"author":[{"embeddable":true,"href":"https:\/\/blog.uclm.es\/santiagoexposito\/wp-json\/wp\/v2\/users\/6"}],"replies":[{"embeddable":true,"href":"https:\/\/blog.uclm.es\/santiagoexposito\/wp-json\/wp\/v2\/comments?post=106"}],"version-history":[{"count":4,"href":"https:\/\/blog.uclm.es\/santiagoexposito\/wp-json\/wp\/v2\/pages\/106\/revisions"}],"predecessor-version":[{"id":565,"href":"https:\/\/blog.uclm.es\/santiagoexposito\/wp-json\/wp\/v2\/pages\/106\/revisions\/565"}],"wp:attachment":[{"href":"https:\/\/blog.uclm.es\/santiagoexposito\/wp-json\/wp\/v2\/media?parent=106"}],"curies":[{"name":"wp","href":"https:\/\/api.w.org\/{rel}","templated":true}]}}