{"id":104,"date":"2017-01-25T08:51:32","date_gmt":"2017-01-25T07:51:32","guid":{"rendered":"http:\/\/blog.uclm.es\/santiagoexposito\/?page_id=104"},"modified":"2022-11-11T00:06:22","modified_gmt":"2022-11-10T23:06:22","slug":"proyectos-id","status":"publish","type":"page","link":"https:\/\/blog.uclm.es\/santiagoexposito\/proyectos-id\/","title":{"rendered":"Memoria de Proyectos I+D"},"content":{"rendered":"<h1><strong>Proyectos<\/strong><\/h1>\n<h2><strong>1. Proyectos de I+D financiados en Convocatorias p\u00fablicas como Investigador Principal<\/strong><\/h2>\n<ul type=\"square\">\n<li>T\u00edtulo del proyecto: MAPAS DE RUIDO DE RODADURA Y CARACTER\u00cdSTICAS SUPERFICIALES: PAVIMENTOS SONO-REDUCTORES.\u00a0Referencia <strong>TRA2016-77418-R<\/strong><br \/>\nEntidad financiadora: MINISTERIO DE CIENCIA E INNOVACI\u00d3N<br \/>\nEntidades participantes: Universidad de Castilla-La Mancha (LA2IC)<br \/>\nDuraci\u00f3n, desde: 2016 hasta: 2019<br \/>\nCuant\u00eda de la subvenci\u00f3n: 130.680 \u20ac<br \/>\nInvestigador principal: Santiago Exp\u00f3sito Paje (LA2IC)<\/li>\n<\/ul>\n<ul type=\"square\">\n<li>T\u00edtulo del proyecto: IMPEDANCIA MEC\u00c1NICA DE SUPERFICIES DE CARRETERA CON POLVO DE CAUCHO (NFU). INFLUENCIA EN LA GENERACI\u00d3N Y PROPAGACI\u00d3N DEL RUIDO DE RODADURA.\u00a0Referencia <strong>BIA2012-32177<\/strong><br \/>\nEntidad financiadora: MINISTERIO DE CIENCIA E INNOVACI\u00d3N<br \/>\nEntidades participantes: Universidad de Castilla-La Mancha (LA2IC)<br \/>\nDuraci\u00f3n, desde: 2013 hasta: 2015<br \/>\nCuant\u00eda de la subvenci\u00f3n: 98.200 \u20ac<br \/>\nInvestigador principal: Santiago Exp\u00f3sito Paje (LA2IC)<\/li>\n<\/ul>\n<ul type=\"square\">\n<li>T\u00edtulo del proyecto: CLASIFICACI\u00d3N AC\u00daSTICA DE PAVIMENTOS PARA CAPAS DE RODADURA CON C\u00c1MARA SEMIANECOICA PII2I09-0084-6751<br \/>\nEntidad financiadora: Consejer\u00eda de Educaci\u00f3n y Ciencia de JCCM<br \/>\nEntidades participantes: Universidad de Castilla-La Mancha (LA2IC)<br \/>\nDuraci\u00f3n, desde: 2009 hasta: 2012<br \/>\nCuant\u00eda de la subvenci\u00f3n: 50.000 \u20ac<br \/>\nInvestigador principal: Santiago Exp\u00f3sito Paje (LA2IC)<\/li>\n<\/ul>\n<ul type=\"square\">\n<li>T\u00edtulo del proyecto: INFLUENCIA DE LA CAPA DE RODADURA EN LA GENERACION Y PROPAGACION DEL RUIDO. CORRELACION RUIDO DE RODADURA\/TEXTURA DE PAVIMENTO. <strong>DPI2008-06212<\/strong><br \/>\nEntidad financiadora: Ministerio de Ciencia e Innovaci\u00f3n<br \/>\nEntidades participantes: Universidad de Castilla-La Mancha (LA2IC)<br \/>\nDuraci\u00f3n, desde: 2009 hasta: 2011<br \/>\nCuant\u00eda de la subvenci\u00f3n: 64.100 \u20ac<br \/>\nInvestigador principal: Santiago Exp\u00f3sito Paje (LA2IC)<\/li>\n<\/ul>\n<ul type=\"square\">\n<li>T\u00edtulo del proyecto: DISE\u00d1O, DESARROLLO Y AUSCULTACI\u00d3N DE NUEVOS MATERIALES PARA REDUCIR LA CONTAMINACI\u00d3N AC\u00daSTICA. PAC07-0098-7433<br \/>\nEntidad financiadora: Consejer\u00eda de Educaci\u00f3n y Ciencia. JCCM<br \/>\nEntidades participantes: Universidad de Castilla-La Mancha (LA2IC)<br \/>\nDuraci\u00f3n, desde: 2006 hasta: 2007<br \/>\nCuant\u00eda de la subvenci\u00f3n: 10.000 \u20ac Investigador principal: Santiago Exp\u00f3sito Paje (LA2IC)<\/li>\n<\/ul>\n<ul type=\"square\">\n<li>T\u00edtulo del proyecto: EVALUACI\u00d3N DEL COMPORTAMIENTO AC\u00daSTICO DE LA SUPERFICIE DEL PAVIMENTO DE CARRETERA CON EL M\u00c9TODO CPX. <strong>BIA2006-04783<\/strong> Entidad financiadora: Ministerio de Educaci\u00f3n y Ciencia Entidades participantes: Universidad de Castilla-La Mancha (LA2IC)<br \/>\nDuraci\u00f3n, desde: 2006 hasta: 2007<br \/>\nCuant\u00eda de la subvenci\u00f3n: 6.000 \u20ac<br \/>\nInvestigador responsable: Santiago Exp\u00f3sito Paje (LA2IC)<\/li>\n<\/ul>\n<ul type=\"square\">\n<li>T\u00edtulo del proyecto: DISE\u00d1O DIN\u00c1MICO DE GEOESTRUCTURAS VIARIAS EN CASTILLA-LA MANCHA T\u00edtulo del subproyecto 2: ASPECTOS AC\u00daSTICOS. PAC06-0165 Entidad financiadora: Consejer\u00eda de Educaci\u00f3n y Ciencia. JCCM Entidades participantes: Universidad de Castilla-La Mancha.<br \/>\nDuraci\u00f3n, desde: 2006 hasta: 2008<br \/>\nCuant\u00eda de la subvenci\u00f3n: 125.200 \u20ac<br \/>\nInvestigador responsable: Rafael Bl\u00e1zquez Mart\u00ednez Investigador principal Subproyecto 2: Santiago Exp\u00f3sito Paje (LA2IC)<\/li>\n<\/ul>\n<ul type=\"square\">\n<li>T\u00edtulo del proyecto: ESTUDIO DE LAS SUPERFICIE DE RODADURA DE LAS CARRETERAS DE CASTILLA-LA MANCHA POR M\u00c9TODOS AC\u00daSTICOS. MAPAS ESTRAT\u00c9GICOS. PCI-05-025<br \/>\nEntidad financiadora: Consejer\u00eda de Educaci\u00f3n y Ciencia. JCCM<br \/>\nEntidades participantes: Universidad de Castilla-La Mancha (LA2IC) AGLOMANCHA, AEPO.<br \/>\nDuraci\u00f3n, desde: 2005 hasta: 2007<br \/>\nCuant\u00eda de la subvenci\u00f3n: 29.700 \u20ac<br \/>\nInvestigador responsable: Santiago Exp\u00f3sito Paje<\/li>\n<\/ul>\n<ul type=\"square\">\n<li>T\u00edtulo del proyecto: EQUIPAMIENTO DE INVESTIGACI\u00d3N EN INFRAESTRUCTURA DEL TRANSPORTE. \u00c1REA DE AC\u00daSTICA APLICADA A LA INGENIER\u00cdA CIVIL. UNCMO5-24-084<br \/>\nEntidad financiadora: MEC<br \/>\nEntidades participantes: Universidad de Castilla-La Mancha<br \/>\nDuraci\u00f3n, desde: 2005 hasta: 2007<br \/>\nCuant\u00eda de la subvenci\u00f3n: 150.000 \u20ac<br \/>\nInvestigador responsable: Santiago Exp\u00f3sito Paje<\/li>\n<\/ul>\n<h2><strong>2. Participaci\u00f3n en otros Proyectos de I+D financiados en convocatorias p\u00fablicas<\/strong><\/h2>\n<ul>\n<li>T\u00edtulo del proyecto: Aplicaci\u00f3n de T\u00e9cnicas Luminiscentes a la Caracterizaci\u00f3n del ZrO2 y Cer\u00e1micas Tenaces Basada en ZrO2<br \/>\nEntidad financiadora: DGICYT, PB90-0250<br \/>\nEntidades participantes: UNIVERSIDAD COMPLUTENSE DE MADRID (UCM)<br \/>\nDuraci\u00f3n, desde: 1991 hasta: 1993<br \/>\nInvestigador responsable: Jos\u00e9 Federico Llopis Pl\u00e1 N\u00famero de investigadores participantes: 2<\/li>\n<\/ul>\n<ul>\n<li>T\u00edtulo del proyecto: Estudio de los Defectos Estructurales en ZrO2 y Cer\u00e1micas Tenaces por Espectroscop\u00eda \u00d3ptica con Resoluci\u00f3n Temporal Entidad financiadora: DGICYT, PB 93-0428<br \/>\nEntidades participantes: UNIVERSIDAD COMPLUTENSE DE MADRID (UCM)<br \/>\nDuraci\u00f3n, desde: 1994 hasta: 1996<br \/>\nInvestigador responsable: Jos\u00e9 Federico Llopis Pl\u00e1 N\u00famero de investigadores participantes: 2<\/li>\n<\/ul>\n<ul>\n<li>T\u00edtulo del proyecto: Estudio de Circonas y Recubrimientos V\u00edtreos Mediante Espectroscop\u00edas \u00d3pticas<br \/>\nEntidad financiadora: DGES, PB97-0287 Entidades participantes: UNIVERSIDAD COMPLUTENSE DE MADRID<br \/>\nDuraci\u00f3n, desde: 1998 hasta: 2001<br \/>\nInvestigador responsable: Jos\u00e9 Federico Llopis Pl\u00e1 N\u00famero de investigadores participantes: 4<\/li>\n<\/ul>\n<ul>\n<li>T\u00edtulo del proyecto: Pel\u00edculas Sol-Gel Dopadas con Mol\u00e9culas Org\u00e1nicas para Sensores \u00d3pticos<br \/>\nEntidad financiadora: FEDER, 2FD97-0141DGES Entidades participantes: C.S.I.C-INSTITUTO DE CERAMICA Y VIDRIO, UNIVERSIDAD COMPLUTENSE DE MADRID<br \/>\nDuraci\u00f3n, desde: 1998 hasta: 2001<br \/>\nInvestigador responsable: M\u00aa \u00c1ngeles Villegas (CSIC) N\u00famero de investigadores participantes: 4<\/li>\n<\/ul>\n<ul>\n<li>T\u00edtulo del proyecto: Interacciones Magn\u00e9ticas en Sistemas Nanogranulares: Influencia de la Matriz<br \/>\nEntidad financiadora: MAT 2002-03490 Entidades participantes: Universidad de Castilla-La Mancha (UCLM)<br \/>\nDuraci\u00f3n, desde: 2003 hasta: 2005<br \/>\nInvestigador responsable: Jos\u00e9 Manuel Riveiro Corona N\u00famero de investigadores participantes: 10<\/li>\n<\/ul>\n<h2><strong>3. Participaci\u00f3n en contratos de I+D de especial relevancia con Empresas<\/strong><\/h2>\n<ul>\n<li>T\u00edtulo del contrato\/proyecto: INVESTIGACI\u00d3N EN NUEVOS CONCEPTOS DE CARRETERAS M\u00c1S SEGURAS Y SOSTENIBLES (FENIX. PROYECTO CENIT 2007 .<br \/>\nTipo de contrato: I+D+I Empresa\/Administraci\u00f3n financiadora: A.I.E. FENIX -MINISTERIO DE INDUSTRIA-CDTI<br \/>\nEntidades participantes:<br \/>\nDuraci\u00f3n, desde: 29\/05\/2007 hasta: 31\/12\/2010<br \/>\nInvestigador responsable: Santiago Exp\u00f3sito Paje (LA2IC) N\u00famero de investigadores participantes: 4<br \/>\nPRECIO TOTAL DEL PROYECTO: 307.000 \u20ac<\/li>\n<\/ul>\n<ul>\n<li>T\u00edtulo del contrato\/proyecto: CARACTERIZACI\u00d3N AC\u00daSTICA DE L A CAPA DE RODADURA EN LA B-140 (CATALU\u00d1A) CON C\u00c1MARA SEMIANECOICA.<br \/>\nTipo de contrato: I+D+I Empresa\/Administraci\u00f3n financiadora: APplus+ Norcontrol<br \/>\nEntidades participantes: Universidad de Castilla-La Mancha (LA2IC)<br \/>\nDuraci\u00f3n, desde: hasta:<br \/>\nInvestigador responsable: Santiago Exp\u00f3sito Paje (LA2IC) N\u00famero de investigadores participantes: 4<br \/>\nPRECIO TOTAL DEL PROYECTO: 16.240 \u20ac<\/li>\n<\/ul>\n<ul>\n<li>T\u00edtulo del proyecto: EVALUACI\u00d3N AC\u00daSTICA DE NUEVAS MEZCLAS BITUMINOSAS SMA M\u00c1S SOSTENIBLES Y MEDIOAMBIENTALMENTE AMIGABLES (Contrato de I+D UCTR110046)<br \/>\nTipo de contrato: I+D+I Entidad financiadora: Asfaltos y Construcciones ELSAN S.A. (Proyecto Integrado CDTI, IDI-20100936)<br \/>\nEntidades participantes: Universidad de Castilla-La Mancha (LA2IC)<br \/>\nDuraci\u00f3n, desde: 01\/01\/2010 hasta: 31\/12\/2012<br \/>\nInvestigador principal: Santiago Exp\u00f3sito Paje (LA2IC) N\u00famero de investigadores participantes: 5<br \/>\nPRECIO TOTAL DEL PROYECTO: 118.000 \u20ac<\/li>\n<\/ul>\n<ul>\n<li>T\u00edtulo del proyecto: ASESORAMIENTO PARA LA ELABORACI\u00d3N DE MEZCLAS SONO-REDUCTORAS Y SU MEDIDA CPX DENTRO DEL PROYECTO RTC-2015-4025-4.<br \/>\nTipo de contrato: I+D+I Entidad financiadora: Universidad Polit\u00e9cnica de Catalu\u00f1a<br \/>\nEntidades participantes: Universidad de Castilla-La Mancha (LA2IC)<br \/>\nDuraci\u00f3n, desde: 01\/01\/2016 hasta: 31\/12\/2018<br \/>\nInvestigador principal: Santiago Exp\u00f3sito Paje (LA2IC) N\u00famero de investigadores participantes: 5<br \/>\nPRECIO TOTAL DEL PROYECTO: 15.730 \u20ac<\/li>\n<\/ul>\n<h2><strong>4. Estancias en centros extranjeros (Superiores a un mes)<\/strong><\/h2>\n<ul>\n<li>Centro: UNIVERSITY OF PUERTO RICO, FACULTY OF NATURAL SCIENCES RIO PIEDRAS CAMPUS DEPARTEMENTO OF PHYSICS<br \/>\nLocalidad: SAN JUAN Pa\u00eds PUERTO RICO<br \/>\nFecha: 08\/95-11\/95<br \/>\nTema: Raman Scatering in Stabilized cubic Zirconia, Thermochmically reduced<\/li>\n<li>Centro: UNIVERSTITE CLAUDE BERNARD-LYON 1LABORATOIRE DE PHYSICO-CHIMIE DES MATERIAUX LUMINESCENTES UNITE DE RECHERCHE ASSOCIEE AU CNRS N\u00ba442<br \/>\nLocalidad: LYON Pa\u00eds FRANCIA<br \/>\nFecha: 04\/96-02\/97<br \/>\nTema: Optical Study and Laser Operation of Ce3+,Pr3+ and Tm3+ Crystals Emitting Lighet in the UV-Visible Domain<\/li>\n<\/ul>\n","protected":false},"excerpt":{"rendered":"<p>Proyectos 1. Proyectos de I+D financiados en Convocatorias p\u00fablicas como Investigador Principal T\u00edtulo del proyecto: MAPAS DE RUIDO DE RODADURA Y CARACTER\u00cdSTICAS SUPERFICIALES: PAVIMENTOS SONO-REDUCTORES.\u00a0Referencia TRA2016-77418-R Entidad financiadora: MINISTERIO DE CIENCIA E INNOVACI\u00d3N Entidades participantes: Universidad de Castilla-La Mancha (LA2IC) Duraci\u00f3n, desde: 2016 hasta: 2019 Cuant\u00eda de la subvenci\u00f3n: 130.680 \u20ac Investigador principal: Santiago Exp\u00f3sito &hellip; <\/p>\n<p class=\"link-more\"><a href=\"https:\/\/blog.uclm.es\/santiagoexposito\/proyectos-id\/\" class=\"more-link\">Continuar leyendo<span class=\"screen-reader-text\"> \u00abMemoria de Proyectos I+D\u00bb<\/span><\/a><\/p>\n","protected":false},"author":6,"featured_media":0,"parent":0,"menu_order":0,"comment_status":"closed","ping_status":"closed","template":"","meta":{"footnotes":""},"class_list":["post-104","page","type-page","status-publish","hentry"],"_links":{"self":[{"href":"https:\/\/blog.uclm.es\/santiagoexposito\/wp-json\/wp\/v2\/pages\/104","targetHints":{"allow":["GET"]}}],"collection":[{"href":"https:\/\/blog.uclm.es\/santiagoexposito\/wp-json\/wp\/v2\/pages"}],"about":[{"href":"https:\/\/blog.uclm.es\/santiagoexposito\/wp-json\/wp\/v2\/types\/page"}],"author":[{"embeddable":true,"href":"https:\/\/blog.uclm.es\/santiagoexposito\/wp-json\/wp\/v2\/users\/6"}],"replies":[{"embeddable":true,"href":"https:\/\/blog.uclm.es\/santiagoexposito\/wp-json\/wp\/v2\/comments?post=104"}],"version-history":[{"count":3,"href":"https:\/\/blog.uclm.es\/santiagoexposito\/wp-json\/wp\/v2\/pages\/104\/revisions"}],"predecessor-version":[{"id":562,"href":"https:\/\/blog.uclm.es\/santiagoexposito\/wp-json\/wp\/v2\/pages\/104\/revisions\/562"}],"wp:attachment":[{"href":"https:\/\/blog.uclm.es\/santiagoexposito\/wp-json\/wp\/v2\/media?parent=104"}],"curies":[{"name":"wp","href":"https:\/\/api.w.org\/{rel}","templated":true}]}}