{"id":209,"date":"2022-07-25T10:32:04","date_gmt":"2022-07-25T09:32:04","guid":{"rendered":"https:\/\/blogdev.uclm.es\/fullsite\/?page_id=209"},"modified":"2025-12-09T16:13:38","modified_gmt":"2025-12-09T15:13:38","slug":"galeria","status":"publish","type":"page","link":"https:\/\/blog.uclm.es\/rubencantarero\/","title":{"rendered":"Inicio"},"content":{"rendered":"\n<blockquote class=\"wp-block-quote has-text-align-center is-style-large is-style-default is-layout-flow wp-block-quote-is-layout-flow\" style=\"font-size:12px\">\n<figure class=\"wp-block-image aligncenter size-full is-resized is-style-rounded wp-duotone-foreground-and-background\"><img loading=\"lazy\" decoding=\"async\" width=\"237\" height=\"283\" src=\"https:\/\/blog.uclm.es\/rubencantarero\/wp-content\/uploads\/sites\/291\/2025\/12\/descarga-1.jpg\" alt=\"\" class=\"wp-image-368\" style=\"width:235px;height:auto\" \/><\/figure>\n\n\n\n<h2 class=\"wp-block-heading has-text-align-center\"><strong>Rub\u00e9n Cantarero Navarro<\/strong><\/h2>\n\n\n\n<p>Natural de Madrid. Graduado en Ingenier\u00eda Inform\u00e1tica (2014) y Doctor en Tecnolog\u00edas Inform\u00e1ticas Avanzadas (2022) por la Universidad de Castilla \u2013 La Mancha. Profesor Ayudante Doctor (2023-Actualidad).<\/p>\n\n\n\n<ul class=\"wp-block-social-links is-content-justification-center is-layout-flex wp-container-core-social-links-is-layout-a89b3969 wp-block-social-links-is-layout-flex\"><li class=\"wp-social-link wp-social-link-github  wp-block-social-link\"><a rel=\"noopener nofollow\" target=\"_blank\" href=\"https:\/\/github.com\/RubenCantareroNavarro\" class=\"wp-block-social-link-anchor\"><svg width=\"24\" height=\"24\" viewBox=\"0 0 24 24\" version=\"1.1\" xmlns=\"http:\/\/www.w3.org\/2000\/svg\" aria-hidden=\"true\" focusable=\"false\"><path d=\"M12,2C6.477,2,2,6.477,2,12c0,4.419,2.865,8.166,6.839,9.489c0.5,0.09,0.682-0.218,0.682-0.484 c0-0.236-0.009-0.866-0.014-1.699c-2.782,0.602-3.369-1.34-3.369-1.34c-0.455-1.157-1.11-1.465-1.11-1.465 c-0.909-0.62,0.069-0.608,0.069-0.608c1.004,0.071,1.532,1.03,1.532,1.03c0.891,1.529,2.341,1.089,2.91,0.833 c0.091-0.647,0.349-1.086,0.635-1.337c-2.22-0.251-4.555-1.111-4.555-4.943c0-1.091,0.39-1.984,1.03-2.682 C6.546,8.54,6.202,7.524,6.746,6.148c0,0,0.84-0.269,2.75,1.025C10.295,6.95,11.15,6.84,12,6.836 c0.85,0.004,1.705,0.114,2.504,0.336c1.909-1.294,2.748-1.025,2.748-1.025c0.546,1.376,0.202,2.394,0.1,2.646 c0.64,0.699,1.026,1.591,1.026,2.682c0,3.841-2.337,4.687-4.565,4.935c0.359,0.307,0.679,0.917,0.679,1.852 c0,1.335-0.012,2.415-0.012,2.741c0,0.269,0.18,0.579,0.688,0.481C19.138,20.161,22,16.416,22,12C22,6.477,17.523,2,12,2z\"><\/path><\/svg><span class=\"wp-block-social-link-label screen-reader-text\">GitHub<\/span><\/a><\/li><\/ul>\n\n\n\n<hr class=\"wp-block-separator has-alpha-channel-opacity\" \/>\n\n\n\n<figure class=\"wp-block-table aligncenter is-style-regular\" style=\"margin-top:var(--wp--preset--spacing--50);margin-right:0;margin-bottom:var(--wp--preset--spacing--70);margin-left:0\"><table style=\"border-style:none;border-width:0px\"><tbody><tr><td class=\"has-text-align-right\" data-align=\"right\"><strong>Coordinador de Primer curso<\/strong><br>Desde 2021<\/td><td class=\"has-text-align-left\" data-align=\"left\"><a href=\"https:\/\/www.uclm.es\/es\/estudios\/masteres\/master-direccion-estrategica-tecnologias\">Grado en Ingenier\u00eda Inform\u00e1tica en la<\/a><br><a href=\"https:\/\/www.uclm.es\/es\/estudios\/masteres\/master-direccion-estrategica-tecnologias\">Facultad de CC. SS. y TI de Talavera de la Reina<\/a><\/td><\/tr><tr><td class=\"has-text-align-right\" data-align=\"right\"><strong>Coordinador de Pr\u00e1cticas de Empresa del Centro<br><\/strong>Desde 2024<\/td><td class=\"has-text-align-left\" data-align=\"left\"><a href=\"https:\/\/www.uclm.es\/toledo\/fcsociales\/igualdad\">Facultad de CC. SS. y <\/a><a href=\"https:\/\/www.uclm.es\/toledo\/fcsociales\">TI <\/a><a href=\"https:\/\/www.uclm.es\/toledo\/fcsociales\/igualdad\">de Talavera de la Reina<\/a><\/td><\/tr><tr><td class=\"has-text-align-right\" data-align=\"right\"><strong>Miembro de comisi\u00f3n<\/strong><br>Desde 2021<\/td><td class=\"has-text-align-left\" data-align=\"left\">Comisi\u00f3n de investigaci\u00f3n de la<br><a href=\"https:\/\/www.uclm.es\/toledo\/fcsociales\">Facultad de CC. SS. y TI de Talavera de la Reina<\/a><\/td><\/tr><\/tbody><\/table><\/figure>\n<\/blockquote>\n\n\n\n<figure class=\"wp-block-gallery has-nested-images columns-default is-cropped wp-block-gallery-1 is-layout-flex wp-block-gallery-is-layout-flex\">\n<figure class=\"wp-block-image size-full\"><img decoding=\"async\" data-id=\"387\" src=\"https:\/\/blog.uclm.es\/anarubio\/wp-content\/uploads\/sites\/293\/2024\/12\/banner_docencia.png\" alt=\"\" class=\"wp-image-387\" \/><\/figure>\n\n\n\n<figure class=\"wp-block-image size-full\"><a href=\"https:\/\/orcid.org\/0000-0003-2893-0392\"><img decoding=\"async\" data-id=\"388\" src=\"https:\/\/blog.uclm.es\/anarubio\/wp-content\/uploads\/sites\/293\/2024\/12\/banner_investigacion.png\" alt=\"\" class=\"wp-image-388\" \/><\/a><\/figure>\n\n\n\n<figure class=\"wp-block-image size-full\"><img decoding=\"async\" data-id=\"389\" src=\"https:\/\/blog.uclm.es\/anarubio\/wp-content\/uploads\/sites\/293\/2024\/12\/banner_transferencia.png\" alt=\"\" class=\"wp-image-389\" \/><\/figure>\n<\/figure>\n\n\n\n<div class=\"wp-block-group is-layout-grid wp-container-core-group-is-layout-478b6e6b wp-block-group-is-layout-grid\">\n<p class=\"has-text-align-right has-medium-font-size wp-container-content-e29552f7\">\u00daltima modificaci\u00f3n:<\/p>\n\n\n<div class=\"wp-block-post-date__modified-date wp-block-post-date\"><time datetime=\"2025-12-09T16:13:38+01:00\">9 de diciembre de 2025<\/time><\/div><\/div>\n\n\n\n<p><\/p>\n","protected":false},"excerpt":{"rendered":"<p>\u00daltima modificaci\u00f3n:<\/p>\n","protected":false},"author":486,"featured_media":0,"parent":0,"menu_order":0,"comment_status":"closed","ping_status":"closed","template":"","meta":{"footnotes":""},"class_list":["post-209","page","type-page","status-publish","hentry"],"_links":{"self":[{"href":"https:\/\/blog.uclm.es\/rubencantarero\/wp-json\/wp\/v2\/pages\/209","targetHints":{"allow":["GET"]}}],"collection":[{"href":"https:\/\/blog.uclm.es\/rubencantarero\/wp-json\/wp\/v2\/pages"}],"about":[{"href":"https:\/\/blog.uclm.es\/rubencantarero\/wp-json\/wp\/v2\/types\/page"}],"author":[{"embeddable":true,"href":"https:\/\/blog.uclm.es\/rubencantarero\/wp-json\/wp\/v2\/users\/486"}],"replies":[{"embeddable":true,"href":"https:\/\/blog.uclm.es\/rubencantarero\/wp-json\/wp\/v2\/comments?post=209"}],"version-history":[{"count":9,"href":"https:\/\/blog.uclm.es\/rubencantarero\/wp-json\/wp\/v2\/pages\/209\/revisions"}],"predecessor-version":[{"id":371,"href":"https:\/\/blog.uclm.es\/rubencantarero\/wp-json\/wp\/v2\/pages\/209\/revisions\/371"}],"wp:attachment":[{"href":"https:\/\/blog.uclm.es\/rubencantarero\/wp-json\/wp\/v2\/media?parent=209"}],"curies":[{"name":"wp","href":"https:\/\/api.w.org\/{rel}","templated":true}]}}