{"id":78,"date":"2019-10-29T00:02:31","date_gmt":"2019-10-28T23:02:31","guid":{"rendered":"http:\/\/blog.uclm.es\/robertomlacoba\/?page_id=78"},"modified":"2025-11-20T11:39:21","modified_gmt":"2025-11-20T10:39:21","slug":"quien-soy","status":"publish","type":"page","link":"https:\/\/blog.uclm.es\/robertomlacoba\/quien-soy\/","title":{"rendered":"Sobre m\u00ed"},"content":{"rendered":"<p><span style=\"font-size: large\"><b>Breve resumen de mi formaci\u00f3n y los centros donde me educaron<\/b><br \/>\nNac\u00ed el 21 de agosto de 1991 en el Hospital de Albacete. Por ese entonces, en Villarrobledo, el pueblo donde crec\u00ed, no dispon\u00eda de atenci\u00f3n sanitaria para alumbramientos.<\/span><\/p>\n<p><span style=\"font-size: large\">La educaci\u00f3n primaria la recib\u00ed en el CEIP Graciano Atienza. Recuerdo con cari\u00f1o lo que me transmitieron mis maestros y maestras de ese entonces.<\/span><\/p>\n<p><span style=\"font-size: large\">La educaci\u00f3n secundaria la recib\u00ed en el IES Virrey Morcillo, donde complet\u00e9 mis estudios de Bachillerato en el a\u00f1o 2009 y me examin\u00e9 de la selectividad que por entonces se denominaba PAU. Durante los a\u00f1os de instituto tuve idas y venidas con la pasi\u00f3n por aprender. En muchas ocasiones, quedaba poco del ni\u00f1o curioso que todo lo quer\u00eda saber. Aun as\u00ed salv\u00e9 el expediente y decid\u00ed estudiar el grado en Administraci\u00f3n y Direcci\u00f3n de Empresas (ADE) en la Facultad de Ciencias Econ\u00f3micas y Empresariales de Albacete (UCLM), quiz\u00e1 por una simple cuesti\u00f3n de cercan\u00eda.<\/span><\/p>\n<p><span style=\"font-size: large\">En ADE, fui un estudiante normal, algo m\u00e1s curioso que en bachiller, pero con una mala din\u00e1mica de trabajo. Aun as\u00ed, aprend\u00ed a comprender las relaciones entre los agentes econ\u00f3micos, el efecto de la econom\u00eda en el mundo de la empresa y buenas t\u00e9cnicas y herramientas para cuantificarlo. Tras finalizar los estudios en el a\u00f1o 2013-2014 entend\u00ed que quer\u00eda dedicarme a la investigaci\u00f3n y a la docencia: tuve una especie de revoluci\u00f3n intelectual. Los temas que antes no me llamaban la atenci\u00f3n, comenzaron a despertarme unas ganas de conocer y entender inauditas hasta la fecha.<\/span><\/p>\n<p><span style=\"font-size: large\">Me anim\u00e9 a estudiar el M\u00e1ster de Investigaci\u00f3n Sociosanitaria (2015-2016) en aras de avanzar por el mundo de la Universidad. Del m\u00e1ster aprend\u00ed que el mundo de la investigaci\u00f3n es duro (\u00a1dur\u00edsimo!), que cuanto m\u00e1s crees saber m\u00e1s consciente eres de que no sabes nada y que con honestidad, humildad y transparencia puedes ofrecer algo \u00fatil a la sociedad. Tras el m\u00e1ster, el siguiente paso era comenzar los estudios de doctorado (2016-2017). <\/span><\/p>\n<p><span style=\"font-size: large\"><span style=\"font-size: large\">El primer a\u00f1o intent\u00e9 investigar los cuidados de larga duraci\u00f3n y la creaci\u00f3n de empleo, siguiendo el hilo comenzado en el m\u00e1ster. Quer\u00eda centrarlo en las cuidadoras migrantes, pero la ausencia de datos de esto y la obtenci\u00f3n de unos datos de h\u00e1bitos alimentarios de estudiantes universitarios de la UCLM a trav\u00e9s del grupo de investigaci\u00f3n al que pertenezco (Econom\u00eda, Alimentaci\u00f3n y Sociedad), hicieron que cambiase la l\u00ednea de investigaci\u00f3n. <a href=\"http:\/\/hdl.handle.net\/10578\/26668\">La l\u00ednea de investigaci\u00f3n de la tesis <\/a>se centr\u00f3, por tanto, en el estudio de los h\u00e1bitos alimentarios en j\u00f3venes y los beneficios de la dieta mediterr\u00e1nea. La alimentaci\u00f3n es un factor importante en la salud individual y en la financiaci\u00f3n de los sistemas sanitarios. El 26 de mayo de 2020 defend\u00ed la tesis doctoral, obteniendo, por fin, el grado de doctor por la UCLM. De la tesis aprend\u00ed que el mundo de la investigaci\u00f3n es mucho, much\u00edsimo m\u00e1s duro de lo que parece, que la constancia es una variable importante (junto con algo de suerte), que rodearte de un gran grupo de trabajo es muy importante y que contar con apoyo emocional es fundamental.<\/span><\/span><\/p>\n<p><span style=\"font-size: large\">Este fue el inicio del camino de la curiosidad en la universidad. Profundamente desarrollada de ni\u00f1o, descuidada en la adolescencia e <i> in crescendo <\/i> en la juventud y la juventud (m\u00e1s que) tard\u00eda. Porque la curiosidad es fundamental para conocerse, conocer lo que te rodea y poder transformarlo, como fin \u00faltimo. Qu\u00e9 si no transformar.<\/span><\/p>\n<p><span style=\"font-size: large\">\u00a0<\/span><\/p>\n","protected":false},"excerpt":{"rendered":"<p>Breve resumen de mi formaci\u00f3n y los centros donde me educaron Nac\u00ed el 21 de agosto de 1991 en el Hospital de Albacete. Por ese entonces, en Villarrobledo, el pueblo donde crec\u00ed, no dispon\u00eda de atenci\u00f3n sanitaria para alumbramientos. La educaci\u00f3n primaria la recib\u00ed en el CEIP Graciano Atienza. Recuerdo con cari\u00f1o lo que me &hellip; <a href=\"https:\/\/blog.uclm.es\/robertomlacoba\/quien-soy\/\" class=\"more-link\">Seguir leyendo <span class=\"screen-reader-text\">Sobre m\u00ed<\/span> <span class=\"meta-nav\">&rarr;<\/span><\/a><\/p>\n","protected":false},"author":121,"featured_media":0,"parent":0,"menu_order":0,"comment_status":"closed","ping_status":"closed","template":"","meta":{"footnotes":""},"class_list":["post-78","page","type-page","status-publish","hentry"],"_links":{"self":[{"href":"https:\/\/blog.uclm.es\/robertomlacoba\/wp-json\/wp\/v2\/pages\/78","targetHints":{"allow":["GET"]}}],"collection":[{"href":"https:\/\/blog.uclm.es\/robertomlacoba\/wp-json\/wp\/v2\/pages"}],"about":[{"href":"https:\/\/blog.uclm.es\/robertomlacoba\/wp-json\/wp\/v2\/types\/page"}],"author":[{"embeddable":true,"href":"https:\/\/blog.uclm.es\/robertomlacoba\/wp-json\/wp\/v2\/users\/121"}],"replies":[{"embeddable":true,"href":"https:\/\/blog.uclm.es\/robertomlacoba\/wp-json\/wp\/v2\/comments?post=78"}],"version-history":[{"count":4,"href":"https:\/\/blog.uclm.es\/robertomlacoba\/wp-json\/wp\/v2\/pages\/78\/revisions"}],"predecessor-version":[{"id":444,"href":"https:\/\/blog.uclm.es\/robertomlacoba\/wp-json\/wp\/v2\/pages\/78\/revisions\/444"}],"wp:attachment":[{"href":"https:\/\/blog.uclm.es\/robertomlacoba\/wp-json\/wp\/v2\/media?parent=78"}],"curies":[{"name":"wp","href":"https:\/\/api.w.org\/{rel}","templated":true}]}}