{"id":77,"date":"2019-10-29T00:02:31","date_gmt":"2019-10-28T23:02:31","guid":{"rendered":"http:\/\/blog.uclm.es\/robertomlacoba\/?page_id=77"},"modified":"2022-11-25T11:52:30","modified_gmt":"2022-11-25T10:52:30","slug":"investigacion-2","status":"publish","type":"page","link":"https:\/\/blog.uclm.es\/robertomlacoba\/investigacion-2\/","title":{"rendered":"Investigaci\u00f3n"},"content":{"rendered":"<p><font size=\"4\">Aqu\u00ed puedes encontrar algunas de las investigaciones en las que he participado junto con otros compa\u00f1eros y compa\u00f1eras. Est\u00e1n categorizadas por ser cient\u00edficas o divulgativas.<\/font><\/p>\n<p><font size=\"4\"><\/font><\/p>\n<p><font size=\"4\"><\/font><\/p>\n<p><font size=\"4\"><\/font><\/p>\n<p><font size=\"4\"><\/p>\n<li> <a href=\"https:\/\/blog.uclm.es\/robertomlacoba\/?page_id=120\">Cient\u00edfica<\/a>.<\/li>\n<li><font size=\"4\"> <a href=\"https:\/\/blog.uclm.es\/robertomlacoba\/?page_id=121\">Divulgativa<\/a>.<\/font><\/li>\n<p><\/font><font size=\"4\"><\/font><\/p>\n","protected":false},"excerpt":{"rendered":"<p>Aqu\u00ed puedes encontrar algunas de las investigaciones en las que he participado junto con otros compa\u00f1eros y compa\u00f1eras. Est\u00e1n categorizadas por ser cient\u00edficas o divulgativas. Cient\u00edfica. Divulgativa.<\/p>\n","protected":false},"author":121,"featured_media":0,"parent":0,"menu_order":0,"comment_status":"closed","ping_status":"closed","template":"","meta":{"footnotes":""},"class_list":["post-77","page","type-page","status-publish","hentry"],"_links":{"self":[{"href":"https:\/\/blog.uclm.es\/robertomlacoba\/wp-json\/wp\/v2\/pages\/77","targetHints":{"allow":["GET"]}}],"collection":[{"href":"https:\/\/blog.uclm.es\/robertomlacoba\/wp-json\/wp\/v2\/pages"}],"about":[{"href":"https:\/\/blog.uclm.es\/robertomlacoba\/wp-json\/wp\/v2\/types\/page"}],"author":[{"embeddable":true,"href":"https:\/\/blog.uclm.es\/robertomlacoba\/wp-json\/wp\/v2\/users\/121"}],"replies":[{"embeddable":true,"href":"https:\/\/blog.uclm.es\/robertomlacoba\/wp-json\/wp\/v2\/comments?post=77"}],"version-history":[{"count":1,"href":"https:\/\/blog.uclm.es\/robertomlacoba\/wp-json\/wp\/v2\/pages\/77\/revisions"}],"predecessor-version":[{"id":374,"href":"https:\/\/blog.uclm.es\/robertomlacoba\/wp-json\/wp\/v2\/pages\/77\/revisions\/374"}],"wp:attachment":[{"href":"https:\/\/blog.uclm.es\/robertomlacoba\/wp-json\/wp\/v2\/media?parent=77"}],"curies":[{"name":"wp","href":"https:\/\/api.w.org\/{rel}","templated":true}]}}