{"id":120,"date":"2019-10-29T07:50:13","date_gmt":"2019-10-29T06:50:13","guid":{"rendered":"http:\/\/blog.uclm.es\/robertomlacoba\/?page_id=120"},"modified":"2022-11-25T11:52:53","modified_gmt":"2022-11-25T10:52:53","slug":"cientifica","status":"publish","type":"page","link":"https:\/\/blog.uclm.es\/robertomlacoba\/cientifica\/","title":{"rendered":"Cient\u00edfica"},"content":{"rendered":"<p><font size=\"4\">A continuaci\u00f3n, puedes encontrar los trabajos en los  de tipo cient\u00edfico-t\u00e9cnico en los que he participado junto con otros coautores y coautoras. Esta secci\u00f3n est\u00e1 organizada en art\u00edculos de revista, documentos de trabajo (<i>working papers<\/i>) y comunicaciones en congresos.<\/font><\/p>\n<p><font size=\"4\"><br \/>\n<b>Art\u00edculos en revistas cient\u00edficas<\/b><\/font><br \/>\n<font size=\"4\"><\/font><\/p>\n<p><font size=\"4\"><\/font><\/p>\n<p><font size=\"4\"><\/font><\/p>\n<p><font size=\"4\"><\/font><\/p>\n<p><font size=\"4\"><\/font><\/p>\n<p><font size=\"4\"><\/font><\/p>\n<p><font size=\"4\"><\/p>\n<li>Mediterranean diet and health outcomes: a systematic meta-review (octubre de 2018), en <a href=\"https:\/\/academic.oup.com\/eurpub\/article\/28\/5\/955\/5050889\"> <i> European Journal of Public Health<\/i><\/a><i>.<\/i><\/li>\n<li> Socioeconomic, demographic and lifestyle-related factors associated with unhealthy diet: a cross-sectional study of university students (noviembre de 2018), en<a href=\"https:\/\/bmcpublichealth.biomedcentral.com\/articles\/10.1186\/s12889-018-6149-3\"> <i> BMC Public Health<\/i><\/a><i>.<\/i><\/li>\n<li> Factores socioecon\u00f3micos asociados a los h\u00e1bitos alimenticios de los j\u00f3venes en la provincia de Albacete (diciembre de 2018), en<a href=\"https:\/\/www.iealbacetenses.com\/es\/0\/326\/Albasit.html\"> <i> Al-basit<\/i><\/a><i>.<br \/>\n<\/i><\/li>\n<li>Social determinants of food group consumption based on Mediterranean diet pyramid: a cross-sectional study of university students (enero de 2020), en <a href=\"https:\/\/journals.plos.org\/plosone\/article?id=10.1371\/journal.pone.0227620\"> <i>PLOS ONE<br \/>\n<\/i><\/a><\/li>\n<li>The reverse mortgage: a tool for funding long-term care and increasing public housing supply in Spain (noviembre de 2020), en <a href=\"https:\/\/link.springer.com\/article\/10.1007%2Fs10901-020-09794-w\"> <i>Journal of Housing and the Built Environment<br \/>\n<\/i><\/a><\/li>\n<p><font size=\"4\"><b>Documentos de trabajo<\/b><\/font><\/p>\n<p><font size=\"4\"><\/font><\/p>\n<p><font size=\"4\"><\/p>\n<li><font size=\"4\">Aging, Dependence and Long-Term Care: A Systematic Review of Employment Creation (octubre de 2017), disponible bajo solicitud.<br \/>\n<\/font><font size=\"4\"><\/font><\/li>\n<li>La hipoteca inversa: instrumento de financiaci\u00f3n de los cuidados de larga duraci\u00f3n e instrumento para aumentar la oferta de vivienda p\u00fablica en Espa\u00f1a (noviembre de 2019), pendiente de publicaci\u00f3n.<\/li>\n<p><\/font><\/font><font size=\"4\"><font size=\"4\"><\/font><\/font><font size=\"4\"><font size=\"4\"><\/font><\/font><font size=\"4\"><font size=\"4\"><\/font><\/font><font size=\"4\"><font size=\"4\"><\/font><\/font><font size=\"4\"><font size=\"4\"><\/font><\/font><font size=\"4\"><font size=\"4\"><\/font><font size=\"4\"><\/font><font size=\"4\"><\/font><font size=\"4\"><\/font><font size=\"4\"><\/font><font size=\"4\"><\/font><font size=\"4\"><\/font><font size=\"4\"><\/font><font size=\"4\"><\/font><font size=\"4\"><\/font><font size=\"4\"><\/font><font size=\"4\"><\/font><font size=\"4\"><\/font><font size=\"4\"><\/font><font size=\"4\"><\/font><font size=\"4\"><\/font><font size=\"4\"><\/font><font size=\"4\"><\/font><font size=\"4\"><\/font><br \/>\n<b>Tesis doctoral<\/b><\/font><br \/>\n<font size=\"4\"><\/font><\/p>\n<p><font size=\"4\"><\/font><\/p>\n<p><font size=\"4\"><\/p>\n<li><font size=\"4\">Econom\u00eda, alimentaci\u00f3n y sociedad: ensayos sobre la dieta mediterr\u00e1nea en estudiantes universitarios, en <a href=\"http:\/\/hdl.handle.net\/10578\/26668\"> RUIdeRA<\/a>.<br \/>\n<\/font><font size=\"4\"><\/font><\/li>\n<p><font size=\"4\"><b>Comunicaciones y documentos en Congresos<\/b><\/font><\/p>\n<p><\/font><font size=\"4\"><\/font><font size=\"4\"><\/font><font size=\"4\"><\/font><font size=\"4\"><\/font><font size=\"4\"><\/font><font size=\"4\"><\/font><font size=\"4\"><\/font><font size=\"4\"><\/font><font size=\"4\"><\/font><font size=\"4\"><\/font><font size=\"4\"><\/font><font size=\"4\"><\/font><font size=\"4\"><\/font><font size=\"4\"><\/font><font size=\"4\"><\/font><\/p>\n","protected":false},"excerpt":{"rendered":"<p>A continuaci\u00f3n, puedes encontrar los trabajos en los de tipo cient\u00edfico-t\u00e9cnico en los que he participado junto con otros coautores y coautoras. Esta secci\u00f3n est\u00e1 organizada en art\u00edculos de revista, documentos de trabajo (working papers) y comunicaciones en congresos. Art\u00edculos en revistas cient\u00edficas Mediterranean diet and health outcomes: a systematic meta-review (octubre de 2018), en &hellip; <a href=\"https:\/\/blog.uclm.es\/robertomlacoba\/cientifica\/\" class=\"more-link\">Seguir leyendo <span class=\"screen-reader-text\">Cient\u00edfica<\/span> <span class=\"meta-nav\">&rarr;<\/span><\/a><\/p>\n","protected":false},"author":121,"featured_media":0,"parent":0,"menu_order":0,"comment_status":"closed","ping_status":"closed","template":"","meta":{"footnotes":""},"class_list":["post-120","page","type-page","status-publish","hentry"],"_links":{"self":[{"href":"https:\/\/blog.uclm.es\/robertomlacoba\/wp-json\/wp\/v2\/pages\/120","targetHints":{"allow":["GET"]}}],"collection":[{"href":"https:\/\/blog.uclm.es\/robertomlacoba\/wp-json\/wp\/v2\/pages"}],"about":[{"href":"https:\/\/blog.uclm.es\/robertomlacoba\/wp-json\/wp\/v2\/types\/page"}],"author":[{"embeddable":true,"href":"https:\/\/blog.uclm.es\/robertomlacoba\/wp-json\/wp\/v2\/users\/121"}],"replies":[{"embeddable":true,"href":"https:\/\/blog.uclm.es\/robertomlacoba\/wp-json\/wp\/v2\/comments?post=120"}],"version-history":[{"count":1,"href":"https:\/\/blog.uclm.es\/robertomlacoba\/wp-json\/wp\/v2\/pages\/120\/revisions"}],"predecessor-version":[{"id":375,"href":"https:\/\/blog.uclm.es\/robertomlacoba\/wp-json\/wp\/v2\/pages\/120\/revisions\/375"}],"wp:attachment":[{"href":"https:\/\/blog.uclm.es\/robertomlacoba\/wp-json\/wp\/v2\/media?parent=120"}],"curies":[{"name":"wp","href":"https:\/\/api.w.org\/{rel}","templated":true}]}}