{"id":847,"date":"2013-11-22T09:53:36","date_gmt":"2013-11-22T09:53:36","guid":{"rendered":"http:\/\/poseidon.iseresearch.i3a.uclm.es\/~tesorieror\/?page_id=847"},"modified":"2013-11-22T09:53:36","modified_gmt":"2013-11-22T09:53:36","slug":"information-layer-metamodels-pim","status":"publish","type":"page","link":"https:\/\/blog.uclm.es\/ricardotesoriero\/research\/cauce-model-driven-development-of-context-aware-applications-for-ubiquitous-computing-environments\/information-layer-metamodels-pim\/","title":{"rendered":"Information Layer (PIM)"},"content":{"rendered":"<p style=\"text-align:justify\">The goal of this metamodel is providing developers\/designers with tools to represent context features in terms of enties. To carry out this task, the metamodel allows the creation of two views of the entities: the intra-entity and inter-entity views.<\/p>\n<p style=\"text-align:justify\">The inter-entity view depicts the relationships among different entities and it is divided into two sub-views:<\/p>\n<ol style=\"text-align:justify\">\n<li>The inter-entity communication view that shows the connections between entities (represented by the Information Flow Metamodel).<\/li>\n<li>The inter-entity instance view that shows how entities are grouped to exchange information (represented by the Space Reference Metamodel).<\/li>\n<\/ol>\n<p style=\"text-align:justify\">The intra-entity view depicts the entity itself and it is divided into two sub-views:<\/p>\n<ol style=\"text-align:justify\">\n<li>The environment perception view that represent the environment from the entity point of view (represented by the Entity Context Metamodel).<\/li>\n<li>The entity core view that represents the entity itself (it not covered by the thesis; it depends on the application domain).<\/li>\n<\/ol>\n<p style=\"text-align:justify\">The Figure 13 depicts metamodels&#8217; relationship.<\/p>\n<figure id=\"attachment_911\" aria-describedby=\"caption-attachment-911\" style=\"width: 1000px\" class=\"wp-caption aligncenter\"><a href=\"http:\/\/poseidon.iseresearch.i3a.uclm.es\/~tesorieror\/wp-content\/uploads\/2013\/11\/cauce-information-layer.png\"><img loading=\"lazy\" decoding=\"async\" class=\"size-full wp-image-911\" src=\"http:\/\/poseidon.iseresearch.i3a.uclm.es\/~tesorieror\/wp-content\/uploads\/2013\/11\/cauce-information-layer.png\" alt=\"Information Layer Metamodel\" width=\"1000\" height=\"213\" srcset=\"https:\/\/blog.uclm.es\/ricardotesoriero\/wp-content\/uploads\/sites\/80\/2013\/11\/cauce-information-layer.png 1000w, https:\/\/blog.uclm.es\/ricardotesoriero\/wp-content\/uploads\/sites\/80\/2013\/11\/cauce-information-layer-300x64.png 300w, https:\/\/blog.uclm.es\/ricardotesoriero\/wp-content\/uploads\/sites\/80\/2013\/11\/cauce-information-layer-768x164.png 768w\" sizes=\"auto, (max-width: 706px) 89vw, (max-width: 767px) 82vw, 740px\" \/><\/a><figcaption id=\"caption-attachment-911\" class=\"wp-caption-text\">Figure 13: Information Layer Metamodel<\/figcaption><\/figure>\n<p style=\"text-align:justify\"><span style=\"text-align:justify;line-height:1.5\">You can reference this work as:<br \/>\nRicardo Tesoriero, Jos\u00e9 A. Gallud, Mar\u00eda D. Lozano and V\u00edctor M. R. Penichet.\u00a0<strong>CAUCE: Model-driven Development of Context-aware Applications for Ubiquitous Computing Environments<\/strong>.\u00a0<\/span><i style=\"text-align:justify;line-height:1.5\">Journal of Universal Computer Science<\/i><span style=\"text-align:justify;line-height:1.5\">, \u00a0Vol. 16, \u00a0No. 15, pp. 2111-2138. 2010. Link:\u00a0<a style=\"text-align:justify;line-height:1.5\" href=\"http:\/\/www.jucs.org\/jucs_16_15\/cauce_model_driven_development\">http:\/\/www.jucs.org\/jucs_16_15\/cauce_model_driven_development<\/a><br \/>\n<\/span><\/p>\n","protected":false},"excerpt":{"rendered":"<p>The goal of this metamodel is providing developers\/designers with tools to represent context features in terms of enties. To carry out this task, the metamodel allows the creation of two views of the entities: the intra-entity and inter-entity views. The inter-entity view depicts the relationships among different entities and it is divided into two sub-views: &hellip; <\/p>\n<p class=\"link-more\"><a href=\"https:\/\/blog.uclm.es\/ricardotesoriero\/research\/cauce-model-driven-development-of-context-aware-applications-for-ubiquitous-computing-environments\/information-layer-metamodels-pim\/\" class=\"more-link\">Continuar leyendo<span class=\"screen-reader-text\"> \u00abInformation Layer (PIM)\u00bb<\/span><\/a><\/p>\n","protected":false},"author":97,"featured_media":0,"parent":660,"menu_order":0,"comment_status":"closed","ping_status":"closed","template":"","meta":{"footnotes":""},"class_list":["post-847","page","type-page","status-publish","hentry"],"_links":{"self":[{"href":"https:\/\/blog.uclm.es\/ricardotesoriero\/wp-json\/wp\/v2\/pages\/847","targetHints":{"allow":["GET"]}}],"collection":[{"href":"https:\/\/blog.uclm.es\/ricardotesoriero\/wp-json\/wp\/v2\/pages"}],"about":[{"href":"https:\/\/blog.uclm.es\/ricardotesoriero\/wp-json\/wp\/v2\/types\/page"}],"author":[{"embeddable":true,"href":"https:\/\/blog.uclm.es\/ricardotesoriero\/wp-json\/wp\/v2\/users\/97"}],"replies":[{"embeddable":true,"href":"https:\/\/blog.uclm.es\/ricardotesoriero\/wp-json\/wp\/v2\/comments?post=847"}],"version-history":[{"count":0,"href":"https:\/\/blog.uclm.es\/ricardotesoriero\/wp-json\/wp\/v2\/pages\/847\/revisions"}],"up":[{"embeddable":true,"href":"https:\/\/blog.uclm.es\/ricardotesoriero\/wp-json\/wp\/v2\/pages\/660"}],"wp:attachment":[{"href":"https:\/\/blog.uclm.es\/ricardotesoriero\/wp-json\/wp\/v2\/media?parent=847"}],"curies":[{"name":"wp","href":"https:\/\/api.w.org\/{rel}","templated":true}]}}