{"id":677,"date":"2013-11-11T17:10:17","date_gmt":"2013-11-11T17:10:17","guid":{"rendered":"http:\/\/poseidon.iseresearch.i3a.uclm.es\/~tesorieror\/?page_id=677"},"modified":"2013-11-11T17:10:17","modified_gmt":"2013-11-11T17:10:17","slug":"phd-thesis-presentation","status":"publish","type":"page","link":"https:\/\/blog.uclm.es\/ricardotesoriero\/research\/cauce-model-driven-development-of-context-aware-applications-for-ubiquitous-computing-environments\/phd-thesis-presentation\/","title":{"rendered":"PhD Thesis Presentation"},"content":{"rendered":"<p>[slideshare id=28122997&amp;doc=caucev4-131111105805-phpapp01]<\/p>\n<h5>Reference<\/h5>\n<p style=\"text-align:justify\"><span style=\"text-align:justify;line-height:1.5\">Ricardo Tesoriero, Jos\u00e9 A. Gallud, Mar\u00eda D. Lozano and V\u00edctor M. R. Penichet.\u00a0<strong>CAUCE: Model-driven Development of Context-aware Applications for Ubiquitous Computing Environments<\/strong>.\u00a0<\/span><i style=\"text-align:justify;line-height:1.5\">Journal of Universal Computer Science<\/i><span style=\"text-align:justify;line-height:1.5\">, \u00a0Vol. 16, \u00a0No. 15, pp. 2111-2138. 2010. Link:\u00a0<a style=\"text-align:justify;line-height:1.5\" href=\"http:\/\/www.jucs.org\/jucs_16_15\/cauce_model_driven_development\">http:\/\/www.jucs.org\/jucs_16_15\/cauce_model_driven_development<\/a><br \/>\n<\/span><\/p>\n","protected":false},"excerpt":{"rendered":"<p>[slideshare id=28122997&amp;doc=caucev4-131111105805-phpapp01] Reference Ricardo Tesoriero, Jos\u00e9 A. Gallud, Mar\u00eda D. Lozano and V\u00edctor M. R. Penichet.\u00a0CAUCE: Model-driven Development of Context-aware Applications for Ubiquitous Computing Environments.\u00a0Journal of Universal Computer Science, \u00a0Vol. 16, \u00a0No. 15, pp. 2111-2138. 2010. Link:\u00a0http:\/\/www.jucs.org\/jucs_16_15\/cauce_model_driven_development<\/p>\n","protected":false},"author":97,"featured_media":0,"parent":660,"menu_order":0,"comment_status":"closed","ping_status":"open","template":"","meta":{"footnotes":""},"class_list":["post-677","page","type-page","status-publish","hentry"],"_links":{"self":[{"href":"https:\/\/blog.uclm.es\/ricardotesoriero\/wp-json\/wp\/v2\/pages\/677","targetHints":{"allow":["GET"]}}],"collection":[{"href":"https:\/\/blog.uclm.es\/ricardotesoriero\/wp-json\/wp\/v2\/pages"}],"about":[{"href":"https:\/\/blog.uclm.es\/ricardotesoriero\/wp-json\/wp\/v2\/types\/page"}],"author":[{"embeddable":true,"href":"https:\/\/blog.uclm.es\/ricardotesoriero\/wp-json\/wp\/v2\/users\/97"}],"replies":[{"embeddable":true,"href":"https:\/\/blog.uclm.es\/ricardotesoriero\/wp-json\/wp\/v2\/comments?post=677"}],"version-history":[{"count":0,"href":"https:\/\/blog.uclm.es\/ricardotesoriero\/wp-json\/wp\/v2\/pages\/677\/revisions"}],"up":[{"embeddable":true,"href":"https:\/\/blog.uclm.es\/ricardotesoriero\/wp-json\/wp\/v2\/pages\/660"}],"wp:attachment":[{"href":"https:\/\/blog.uclm.es\/ricardotesoriero\/wp-json\/wp\/v2\/media?parent=677"}],"curies":[{"name":"wp","href":"https:\/\/api.w.org\/{rel}","templated":true}]}}