{"id":1942,"date":"2013-10-09T15:26:26","date_gmt":"2013-10-09T15:26:26","guid":{"rendered":"http:\/\/poseidon.iseresearch.i3a.uclm.es\/~tesorieror\/?page_id=9"},"modified":"2023-07-27T10:09:06","modified_gmt":"2023-07-27T10:09:06","slug":"academia","status":"publish","type":"page","link":"https:\/\/blog.uclm.es\/ricardotesoriero\/welcome-2\/academia\/","title":{"rendered":"Academic Background"},"content":{"rendered":"<h3>Languages<\/h3>\n<table>\n<thead>\n<tr>\n<th>Year<\/th>\n<th>Diploma<\/th>\n<th>Institution<\/th>\n<\/tr>\n<\/thead>\n<tbody>\n<tr>\n<td>2019<\/td>\n<td>English as a Medium of Instruction<\/td>\n<td>Cambridge<\/td>\n<\/tr>\n<tr>\n<td>1997<\/td>\n<td>First Certificate in English<\/td>\n<td>Cambridge<\/td>\n<\/tr>\n<\/tbody>\n<\/table>\n<h3>Diplomas<\/h3>\n<table>\n<thead>\n<tr>\n<th>Year<\/th>\n<th>Diploma<\/th>\n<th>Institution<\/th>\n<\/tr>\n<\/thead>\n<tbody>\n<tr>\n<td>2022<\/td>\n<td>Accreditation Sexenio (2016-2021)<\/td>\n<td>CNEAI<\/td>\n<\/tr>\n<tr>\n<td>2016<\/td>\n<td>Accreditation Sexenio (2010-2015)<\/td>\n<td>CNEAI<\/td>\n<\/tr>\n<tr>\n<td>2013<\/td>\n<td>Accreditation Sexenio (2001-2009)<\/td>\n<td>CNEAI<\/td>\n<\/tr>\n<tr>\n<td>2013<\/td>\n<td>Accreditation Profesor titular de universidad<\/td>\n<td>ANECA<\/td>\n<\/tr>\n<tr>\n<td>2011<\/td>\n<td>Post doctoral stay at LILAB Laboratory (6 m)<\/td>\n<td>UCL<\/td>\n<\/tr>\n<tr>\n<td>2010<\/td>\n<td>Post doctoral stay at BCHI Laboratory (6 m)<\/td>\n<td>UCL<\/td>\n<\/tr>\n<tr>\n<td>2010<\/td>\n<td>Accreditation Profesor contratado doctor<\/td>\n<td>ANECA<\/td>\n<\/tr>\n<tr>\n<td>2010<\/td>\n<td>Accreditation Profesor ayudante doctor<\/td>\n<td>ANECA<\/td>\n<\/tr>\n<tr>\n<td>2009<\/td>\n<td>PhD in Computing Science<\/td>\n<td>UCLM<\/td>\n<\/tr>\n<tr>\n<td>2008<\/td>\n<td>Master in Advanced Technolgies<\/td>\n<td>UCLM<\/td>\n<\/tr>\n<tr>\n<td>2008<\/td>\n<td>Master in Web Technologies (MTW)<\/td>\n<td>UCLM<\/td>\n<\/tr>\n<tr>\n<td>2007<\/td>\n<td>Advaced Studies Diploma (DEA)<\/td>\n<td>UCLM<\/td>\n<\/tr>\n<tr>\n<td>2006<\/td>\n<td>Degree homologation<\/td>\n<td>MCED<\/td>\n<\/tr>\n<tr>\n<td>2005<\/td>\n<td>Degree in Computer Science<\/td>\n<td>UNLP<\/td>\n<\/tr>\n<tr>\n<td>2003<\/td>\n<td>Computing Analyst<\/td>\n<td>UNLP<\/td>\n<\/tr>\n<tr>\n<td>1996<\/td>\n<td>Electronic Technician<\/td>\n<td>EET7TRQ<\/td>\n<\/tr>\n<tr>\n<td>1990<\/td>\n<td>Elementary school<\/td>\n<td>E55<\/td>\n<\/tr>\n<tr>\n<td>1983<\/td>\n<td>Elementary school<\/td>\n<td>E75<\/td>\n<\/tr>\n<\/tbody>\n<\/table>\n<h3>Courses<\/h3>\n<table>\n<thead>\n<tr>\n<th>Year<\/th>\n<th>Course<\/th>\n<th>Institution<\/th>\n<\/tr>\n<\/thead>\n<tbody>\n<tr>\n<td>2022<\/td>\n<td>Desarrollo de recursos did\u00e1cticos interactivos con MATLAB App Designer (12 h)\u00bb<\/td>\n<td>UCLM<\/td>\n<\/tr>\n<tr>\n<td>2022<\/td>\n<td>Creaci\u00f3n de gr\u00e1ficos vectoriales para la docencia con software libre (25 h)\u00bb<\/td>\n<td>UC<\/td>\n<\/tr>\n<tr>\n<td>2022<\/td>\n<td>Domina Teams para docencia online y edici\u00f3n de videos docentes (20 h)\u00bb<\/td>\n<td>UCLM<\/td>\n<\/tr>\n<tr>\n<td>2021<\/td>\n<td>Domina Teams para docencia online (b\u00e1sico) (10 h)\u00bb<\/td>\n<td>UCLM<\/td>\n<\/tr>\n<tr>\n<td>2019<\/td>\n<td>An\u00e1lisis estad\u00edstico de datos educativos con RCommander (25 h)\u00bb<\/td>\n<td>UZ<\/td>\n<\/tr>\n<tr>\n<td>2019<\/td>\n<td>Como crear y mantener documentos de texto de manera eficaz y eficiente (25 h)\u00bb<\/td>\n<td>UZ<\/td>\n<\/tr>\n<tr>\n<td>2017<\/td>\n<td>Mejora de competencias docentes (25 h)\u00bb<\/td>\n<td>UZ<\/td>\n<\/tr>\n<tr>\n<td>2015<\/td>\n<td>Nuevas tendencias educativas: La ense\u00f1anza inversa (25 h)\u00bb<\/td>\n<td>UCLM<\/td>\n<\/tr>\n<tr>\n<td>2015<\/td>\n<td>Metodolog\u00edas para la Ense\u00f1anza Universitaria en Modalidad Biling\u00fce (20 h)\u00bb<\/td>\n<td>UCLM<\/td>\n<\/tr>\n<tr>\n<td>2010<\/td>\n<td>Degree Coordination (4 h)\u00bb<\/td>\n<td>UCLM<\/td>\n<\/tr>\n<tr>\n<td>2010<\/td>\n<td>Teaching skills (4 h)<\/td>\n<td>UCLM<\/td>\n<\/tr>\n<tr>\n<td>2010<\/td>\n<td>Developing Teaching Guides (4 h)<\/td>\n<td>UCLM<\/td>\n<\/tr>\n<tr>\n<td>2009<\/td>\n<td>Project Based Learning (10 h)<\/td>\n<td>UCLM<\/td>\n<\/tr>\n<tr>\n<td>2009<\/td>\n<td>Evaluation in EEES (9 h)<\/td>\n<td>UCLM<\/td>\n<\/tr>\n<tr>\n<td>2008<\/td>\n<td>Pedagogic Aptitude Course (300 h)<\/td>\n<td>UNEX<\/td>\n<\/tr>\n<tr>\n<td>2008<\/td>\n<td>Practical Introduction to Model Driven Development (42 h)<\/td>\n<td>UPCT<\/td>\n<\/tr>\n<tr>\n<td>2008<\/td>\n<td>Development of Internet Applications and Services (399 h)<\/td>\n<td>UCLM<\/td>\n<\/tr>\n<tr>\n<td>2008<\/td>\n<td>New information and communication technologies applied to education (110 h)<\/td>\n<td>UCJC<\/td>\n<\/tr>\n<tr>\n<td>2007<\/td>\n<td>Eclipse tutorial for Model Drivel Development (4 h)<\/td>\n<td>UPCT<\/td>\n<\/tr>\n<tr>\n<td>2004<\/td>\n<td>Writing scientific texts in English<\/td>\n<td>UNLP<\/td>\n<\/tr>\n<tr>\n<td>2004<\/td>\n<td>Legal informatics<\/td>\n<td>UNLP<\/td>\n<\/tr>\n<tr>\n<td>2003<\/td>\n<td>Application integration technologies<\/td>\n<td>UNLP<\/td>\n<\/tr>\n<tr>\n<td>2001<\/td>\n<td>Software Architectures &#8211; Principles and practic design (15 h)<\/td>\n<td>Red UNCI<\/td>\n<\/tr>\n<tr>\n<td>1996<\/td>\n<td>Electro-pneumatic (40 h)<\/td>\n<td>FESTO<\/td>\n<\/tr>\n<tr>\n<td>1996<\/td>\n<td>Programming Logic Control (PLC ) (40 h)<\/td>\n<td>FESTO<\/td>\n<\/tr>\n<tr>\n<td>1996<\/td>\n<td>Pneumatic (40 h)<\/td>\n<td>FESTO<\/td>\n<\/tr>\n<\/tbody>\n<\/table>\n<h3>Distinctions\/Prizes<\/h3>\n<table>\n<thead>\n<tr>\n<th>Year<\/th>\n<th>Course<\/th>\n<th>Institution<\/th>\n<\/tr>\n<\/thead>\n<tbody>\n<tr>\n<td>2008<\/td>\n<td>2nd place \u00abImagine Cup 2008\u00bb Spanish finals<\/td>\n<td>Microsoft. Madrid, Spain<\/td>\n<\/tr>\n<tr>\n<td>2003<\/td>\n<td>Joaqu\u00edn V. Gonz\u00e1lez (Top 10 Qualifications in Computing Analyst)<\/td>\n<td>Municipality of La Plata, Buenos Aires, Argentina<\/td>\n<\/tr>\n<tr>\n<td>1996<\/td>\n<td>1st Place in 4th \u00abElectronic and Telecomunication Games\u00bb (Electronic problem solving with computers in teams)<\/td>\n<td>University Blas Pascal, C\u00f3rdoba, Argentina<\/td>\n<\/tr>\n<tr>\n<td>1996<\/td>\n<td>4st Place in 4th \u00abElectronic and Telecomunication Games\u00bb (Electronic problem solving in teams)<\/td>\n<td>University Blas Pascal, C\u00f3rdoba, Argentina<\/td>\n<\/tr>\n<tr>\n<td>1995<\/td>\n<td>Telecumunication Department<\/td>\n<td>DUPONT, Berazategui, Buenos Aires, Argentina<\/td>\n<\/tr>\n<tr>\n<td>1995<\/td>\n<td>1st Place in 3rd \u00abElectronic and Telecomunication Games\u00bb (Electronic problem solving in teams)<\/td>\n<td>University Blas Pascal, C\u00f3rdoba, Argentina<\/td>\n<\/tr>\n<\/tbody>\n<\/table>\n<h3>References<\/h3>\n<h4>Institutions<\/h4>\n<table>\n<tbody>\n<tr>\n<td>ANECA<\/td>\n<td>Agencia Nacional de Evaluaci\u00f3n de Calidad y Acreditaci\u00f3n, Spain<\/td>\n<\/tr>\n<tr>\n<td>CNEAI<\/td>\n<td>Comisi\u00f3n Nacional Evaluadora de la Actividad Investigadora, Spain<\/td>\n<\/tr>\n<tr>\n<td>EET7TRQ<\/td>\n<td>Escuela de Educaci\u00f3n T\u00e9cnica N\u00ba7 &#8216;Taller Regional Quilmes&#8217;, Quilmes, Pcia. Buenos Aires, Argentina<\/td>\n<\/tr>\n<tr>\n<td>E75<\/td>\n<td>Escuela N\u00ba 75 \u00abRep\u00fablica de Chile\u00bb, Quilmes, Pcia. Buenos Aires, Argentina<\/td>\n<\/tr>\n<tr>\n<td>E55<\/td>\n<td>Escuela N\u00ba 55 \u00abCapit\u00e1n de Marina Luis Piedrabuena\u00bb, Quilmes, Pcia. Buenos Aires, Argentina<\/td>\n<\/tr>\n<tr>\n<td>FESTO<\/td>\n<td>FESTO. Quilmes, Buenos Aires, Argentina<\/td>\n<\/tr>\n<tr>\n<td>MCED<\/td>\n<td>Ministerio de Cultura Educaci\u00f3n y Deporte, Spain<\/td>\n<\/tr>\n<tr>\n<td>Red UNCI<\/td>\n<td>Red UNCI. V Escuela Internacional de Inform\u00e1tica. Calafate, Argentina<\/td>\n<\/tr>\n<tr>\n<td>UCJC<\/td>\n<td>Universidad Camilo Jos\u00e9 Cela. Spain<\/td>\n<\/tr>\n<tr>\n<td>UCL<\/td>\n<td>Universit\u00e9 Catholoque de Louvain, Louvain-La Neuve, Belgium<\/td>\n<\/tr>\n<tr>\n<td>UCLM<\/td>\n<td>University of Castilla-La Mancha, Albacete, Spain<\/td>\n<\/tr>\n<tr>\n<td>UNEX<\/td>\n<td>University of Extremadura. Extremadura, Spain<\/td>\n<\/tr>\n<tr>\n<td>UNLP<\/td>\n<td>National University of La Plata. La Plata, Buenos Aires, Argentina<\/td>\n<\/tr>\n<tr>\n<td>UPCT<\/td>\n<td>Polytechnic University of Cartagena, Murcia, Spain<\/td>\n<\/tr>\n<tr>\n<td>UZ<\/td>\n<td>Universidad de Zaragoza, Zaragoza, Spain<\/td>\n<\/tr>\n<tr>\n<td>UC<\/td>\n<td>Universidad de Cantabria, Cantabria, Spain<\/td>\n<\/tr>\n<\/tbody>\n<\/table>\n","protected":false},"excerpt":{"rendered":"<p>Languages Year Diploma Institution 2019 English as a Medium of Instruction Cambridge 1997 First Certificate in English Cambridge Diplomas Year Diploma Institution 2022 Accreditation Sexenio (2016-2021) CNEAI 2016 Accreditation Sexenio (2010-2015) CNEAI 2013 Accreditation Sexenio (2001-2009) CNEAI 2013 Accreditation Profesor titular de universidad ANECA 2011 Post doctoral stay at LILAB Laboratory (6 m) UCL 2010 &hellip; <\/p>\n<p class=\"link-more\"><a href=\"https:\/\/blog.uclm.es\/ricardotesoriero\/welcome-2\/academia\/\" class=\"more-link\">Continuar leyendo<span class=\"screen-reader-text\"> \u00abAcademic Background\u00bb<\/span><\/a><\/p>\n","protected":false},"author":97,"featured_media":0,"parent":118,"menu_order":0,"comment_status":"open","ping_status":"open","template":"","meta":{"footnotes":""},"class_list":["post-1942","page","type-page","status-publish","hentry"],"_links":{"self":[{"href":"https:\/\/blog.uclm.es\/ricardotesoriero\/wp-json\/wp\/v2\/pages\/1942","targetHints":{"allow":["GET"]}}],"collection":[{"href":"https:\/\/blog.uclm.es\/ricardotesoriero\/wp-json\/wp\/v2\/pages"}],"about":[{"href":"https:\/\/blog.uclm.es\/ricardotesoriero\/wp-json\/wp\/v2\/types\/page"}],"author":[{"embeddable":true,"href":"https:\/\/blog.uclm.es\/ricardotesoriero\/wp-json\/wp\/v2\/users\/97"}],"replies":[{"embeddable":true,"href":"https:\/\/blog.uclm.es\/ricardotesoriero\/wp-json\/wp\/v2\/comments?post=1942"}],"version-history":[{"count":10,"href":"https:\/\/blog.uclm.es\/ricardotesoriero\/wp-json\/wp\/v2\/pages\/1942\/revisions"}],"predecessor-version":[{"id":2254,"href":"https:\/\/blog.uclm.es\/ricardotesoriero\/wp-json\/wp\/v2\/pages\/1942\/revisions\/2254"}],"up":[{"embeddable":true,"href":"https:\/\/blog.uclm.es\/ricardotesoriero\/wp-json\/wp\/v2\/pages\/118"}],"wp:attachment":[{"href":"https:\/\/blog.uclm.es\/ricardotesoriero\/wp-json\/wp\/v2\/media?parent=1942"}],"curies":[{"name":"wp","href":"https:\/\/api.w.org\/{rel}","templated":true}]}}