{"id":1548,"date":"2014-01-30T10:42:14","date_gmt":"2014-01-30T10:42:14","guid":{"rendered":"http:\/\/poseidon.iseresearch.i3a.uclm.es\/~tesorieror\/?page_id=1548"},"modified":"2024-10-28T08:20:41","modified_gmt":"2024-10-28T08:20:41","slug":"teaching","status":"publish","type":"page","link":"https:\/\/blog.uclm.es\/ricardotesoriero\/teaching\/","title":{"rendered":"Teaching"},"content":{"rendered":"<h3>2024\/2025 (Associate Professor)<\/h3>\n<table>\n<thead>\n<tr>\n<th>Type<\/th>\n<th>Subject<\/th>\n<th>Theory<\/th>\n<th>Practice<\/th>\n<\/tr>\n<\/thead>\n<tbody>\n<tr>\n<td>Degree<\/td>\n<td>Tecnolog\u00edas y Sistemas Web (4th year)<\/td>\n<td>4 ECTS<\/td>\n<td>2 ECTS<\/td>\n<\/tr>\n<tr>\n<td>Degree<\/td>\n<td>Interacci\u00f3n Persona-Ordenador 1 (3rd year)<\/td>\n<td>4 ECTS<\/td>\n<td>2 ECTS<\/td>\n<\/tr>\n<\/tbody>\n<\/table>\n<h3>2023\/2024 (Associate Professor)<\/h3>\n<table>\n<thead>\n<tr>\n<th>Type<\/th>\n<th>Subject<\/th>\n<th>Theory<\/th>\n<th>Practice<\/th>\n<\/tr>\n<\/thead>\n<tbody>\n<tr>\n<td>Degree<\/td>\n<td>Tecnolog\u00edas y Sistemas Web (4th year)<\/td>\n<td>4 ECTS<\/td>\n<td>2 ECTS<\/td>\n<\/tr>\n<tr>\n<td>Degree<\/td>\n<td>Interacci\u00f3n Persona-Ordenador 1 (3rd year)<\/td>\n<td>4 ECTS<\/td>\n<td>2 ECTS<\/td>\n<\/tr>\n<\/tbody>\n<\/table>\n<h3>2022\/2023 (Associate Professor)<\/h3>\n<table>\n<thead>\n<tr>\n<th>Type<\/th>\n<th>Subject<\/th>\n<th>Theory<\/th>\n<th>Practice<\/th>\n<\/tr>\n<\/thead>\n<tbody>\n<tr>\n<td>Degree<\/td>\n<td>Tecnolog\u00edas y Sistemas Web (4th year)<\/td>\n<td>4 ECTS<\/td>\n<td>2 ECTS<\/td>\n<\/tr>\n<tr>\n<td>Degree<\/td>\n<td>Calidad de Software (4th year)<\/td>\n<td>4 ECTS<\/td>\n<td>2 ECTS<\/td>\n<\/tr>\n<tr>\n<td>Degree<\/td>\n<td>Interacci\u00f3n Persona-Ordenador 1 (3rd year)<\/td>\n<td>4 ECTS<\/td>\n<td>2 ECTS<\/td>\n<\/tr>\n<\/tbody>\n<\/table>\n<h3>2021\/2022 (Associate Professor)<\/h3>\n<table>\n<thead>\n<tr>\n<th>Type<\/th>\n<th>Subject<\/th>\n<th>Theory<\/th>\n<th>Practice<\/th>\n<\/tr>\n<\/thead>\n<tbody>\n<tr>\n<td>Degree<\/td>\n<td>Tecnolog\u00edas y Sistemas Web (4th year)<\/td>\n<td>4 ECTS<\/td>\n<td>2 ECTS<\/td>\n<\/tr>\n<tr>\n<td>Master<\/td>\n<td>Gesti\u00f3n de Procesos y Servicios<\/td>\n<td>6 ECTS<\/td>\n<td>3 ECTS<\/td>\n<\/tr>\n<tr>\n<td>Degree<\/td>\n<td>Interacci\u00f3n Persona-Ordenador 1 (3rd year)<\/td>\n<td>4 ECTS<\/td>\n<td><\/td>\n<\/tr>\n<\/tbody>\n<\/table>\n<h3>2020\/2021 (Associate Professor)<\/h3>\n<table>\n<thead>\n<tr>\n<th>Type<\/th>\n<th>Subject<\/th>\n<th>Theory<\/th>\n<th>Practice<\/th>\n<\/tr>\n<\/thead>\n<tbody>\n<tr>\n<td>Degree<\/td>\n<td>Web Engineering and Services (4th year)<\/td>\n<td>5 ECTS<\/td>\n<td>3 ECTS<\/td>\n<\/tr>\n<tr>\n<td>Master<\/td>\n<td>Gesti\u00f3n de Procesos y Servicios<\/td>\n<td>6 ECTS<\/td>\n<td>3 ECTS<\/td>\n<\/tr>\n<tr>\n<td>Degree<\/td>\n<td>Interacci\u00f3n Persona-Ordenador 1 (3rd year)<\/td>\n<td>4 ECTS<\/td>\n<td><\/td>\n<\/tr>\n<\/tbody>\n<\/table>\n<h3>2019\/2020 (Associate Professor)<\/h3>\n<table>\n<thead>\n<tr>\n<th>Type<\/th>\n<th>Subject<\/th>\n<th>Theory<\/th>\n<th>Practice<\/th>\n<\/tr>\n<\/thead>\n<tbody>\n<tr>\n<td>Degree<\/td>\n<td>Web Engineering and Services (4th year)<\/td>\n<td>5 ECTS<\/td>\n<td>3 ECTS<\/td>\n<\/tr>\n<tr>\n<td>Master<\/td>\n<td>Gesti\u00f3n de Procesos y Servicios<\/td>\n<td>6 ECTS<\/td>\n<td>3 ECTS<\/td>\n<\/tr>\n<tr>\n<td>Degree<\/td>\n<td>Interacci\u00f3n Persona-Ordenador 1 (3rd year)<\/td>\n<td>4 ECTS<\/td>\n<td><\/td>\n<\/tr>\n<\/tbody>\n<\/table>\n<h3>2018\/2019 (Assistant Professor)<\/h3>\n<table>\n<thead>\n<tr>\n<th>Type<\/th>\n<th>Subject<\/th>\n<th>Theory<\/th>\n<th>Practice<\/th>\n<\/tr>\n<\/thead>\n<tbody>\n<tr>\n<td>Degree<\/td>\n<td>Web Engineering and Services (4th year)<\/td>\n<td>5 ECTS<\/td>\n<td>3 ECTS<\/td>\n<\/tr>\n<tr>\n<td>Master<\/td>\n<td>Gesti\u00f3n, Certificaci\u00f3n y Evaluaci\u00f3n de Sistemas y Servicios<\/td>\n<td>6 ECTS<\/td>\n<td>3 ECTS<\/td>\n<\/tr>\n<\/tbody>\n<\/table>\n<h3>2017\/2018 (Assistant Professor)<\/h3>\n<table>\n<thead>\n<tr>\n<th>Type<\/th>\n<th>Subject<\/th>\n<th>Theory<\/th>\n<th>Practice<\/th>\n<\/tr>\n<\/thead>\n<tbody>\n<tr>\n<td>Degree<\/td>\n<td>M\u00e9todos Avanzados de Desarrollo de Software (4th year)<\/td>\n<td>4 ECTS<\/td>\n<td>2 ECTS<\/td>\n<\/tr>\n<tr>\n<td>Degree<\/td>\n<td>Web Engineering and Services (4th year)<\/td>\n<td>5 ECTS<\/td>\n<td>3 ECTS<\/td>\n<\/tr>\n<tr>\n<td>Degree<\/td>\n<td>Interacci\u00f3n Persona-Ordenador 1 (3rd year)<\/td>\n<td>4 ECTS<\/td>\n<td><\/td>\n<\/tr>\n<\/tbody>\n<\/table>\n<h3>2016\/2017 (Assistant Professor)<\/h3>\n<table>\n<thead>\n<tr>\n<th>Type<\/th>\n<th>Subject<\/th>\n<th>Theory<\/th>\n<th>Practice<\/th>\n<\/tr>\n<\/thead>\n<tbody>\n<tr>\n<td>Degree<\/td>\n<td>M\u00e9todos Avanzados de Desarrollo de Software (4th year)<\/td>\n<td>4 ECTS<\/td>\n<td>2 ECTS<\/td>\n<\/tr>\n<tr>\n<td>Degree<\/td>\n<td>Web Engineering and Services (4th year)<\/td>\n<td>5 ECTS<\/td>\n<td>3 ECTS<\/td>\n<\/tr>\n<tr>\n<td>Degree<\/td>\n<td>Interacci\u00f3n Persona-Ordenador 1 (3rd year)<\/td>\n<td>4 ECTS<\/td>\n<td><\/td>\n<\/tr>\n<\/tbody>\n<\/table>\n<h3>2015\/2016 (Assistant Professor)<\/h3>\n<table>\n<thead>\n<tr>\n<th>Type<\/th>\n<th>Subject<\/th>\n<th>Theory<\/th>\n<th>Practice<\/th>\n<\/tr>\n<\/thead>\n<tbody>\n<tr>\n<td>Degree<\/td>\n<td>M\u00e9todos Avanzados de Desarrollo de Software (4th year)<\/td>\n<td>4 ECTS<\/td>\n<td>2 ECTS<\/td>\n<\/tr>\n<tr>\n<td>Degree<\/td>\n<td>Interacci\u00f3n Persona-Ordenador 1 (3rd year)<\/td>\n<td>4 ECTS<\/td>\n<td>4 ECTS<\/td>\n<\/tr>\n<\/tbody>\n<\/table>\n<h3>2014\/2015 (Assistant Professor)<\/h3>\n<table>\n<thead>\n<tr>\n<th>Type<\/th>\n<th>Subject<\/th>\n<th>Theory<\/th>\n<th>Practice<\/th>\n<\/tr>\n<\/thead>\n<tbody>\n<tr>\n<td>Degree<\/td>\n<td>M\u00e9todos Avanzados de Desarrollo de Software (4th year)<\/td>\n<td>4 ECTS<\/td>\n<td>2 ECTS<\/td>\n<\/tr>\n<tr>\n<td>Degree<\/td>\n<td>Interacci\u00f3n Persona-Ordenador 1 (3rd year)<\/td>\n<td>4 ECTS<\/td>\n<td>4 ECTS<\/td>\n<\/tr>\n<tr>\n<td>Degree<\/td>\n<td>Ingenier\u00eda de Software 1 (2nd year)<\/td>\n<td>0 ECTS<\/td>\n<td>2 ECTS<\/td>\n<\/tr>\n<\/tbody>\n<\/table>\n<h3>2013\/2014 (Assistant Professor)<\/h3>\n<table>\n<thead>\n<tr>\n<th>Type<\/th>\n<th>Subject<\/th>\n<th>Theory<\/th>\n<th>Practice<\/th>\n<\/tr>\n<\/thead>\n<tbody>\n<tr>\n<td>Degree<\/td>\n<td>M\u00e9todos Avanzados de Desarrollo de Software (4th year)<\/td>\n<td>4.5 ECTS<\/td>\n<td>1.5 ECTS<\/td>\n<\/tr>\n<tr>\n<td>Degree<\/td>\n<td>Interacci\u00f3n Persona-Ordenador 1 (3rd year)<\/td>\n<td>4.5 ECTS<\/td>\n<td>3 ECTS<\/td>\n<\/tr>\n<\/tbody>\n<\/table>\n<h3>2012\/2013 (Assistant Professor)<\/h3>\n<table>\n<thead>\n<tr>\n<th>Type<\/th>\n<th>Subject<\/th>\n<th>Theory<\/th>\n<th>Practice<\/th>\n<\/tr>\n<\/thead>\n<tbody>\n<tr>\n<td>Degree<\/td>\n<td>M\u00e9todos Avanzados de Desarrollo de Software (4th year)<\/td>\n<td>3 ECTS<\/td>\n<td>3 ECTS<\/td>\n<\/tr>\n<tr>\n<td>Degree<\/td>\n<td>Interacci\u00f3n Persona-Ordenador 1 (3rd year)<\/td>\n<td>3 ECTS<\/td>\n<td>6 ECTS<\/td>\n<\/tr>\n<tr>\n<td>Degree<\/td>\n<td>Information Systems (2nd year)<\/td>\n<td>&#8211;<\/td>\n<td>3 ECTS<\/td>\n<\/tr>\n<\/tbody>\n<\/table>\n<h3>2011\/2012 (Assistant Professor)<\/h3>\n<table>\n<thead>\n<tr>\n<th>Type<\/th>\n<th>Subject<\/th>\n<th>Theory<\/th>\n<th>Practice<\/th>\n<\/tr>\n<\/thead>\n<tbody>\n<tr>\n<td>Degree<\/td>\n<td>M\u00e9todos Avanzados de Desarrollo de Software (4th year)<\/td>\n<td>3 ECTS<\/td>\n<td>3 ECTS<\/td>\n<\/tr>\n<tr>\n<td>Degree<\/td>\n<td>Interacci\u00f3n Persona-Ordenador 1 (3rd year)<\/td>\n<td>3 ECTS<\/td>\n<td>6 ECTS<\/td>\n<\/tr>\n<tr>\n<td>Master<\/td>\n<td>Tecnolog\u00edas Software Orientadas a Objectos<\/td>\n<td style=\"text-align: CENTER\" colspan=\"2\">1 ECTS<\/td>\n<\/tr>\n<\/tbody>\n<\/table>\n<h3>2010\/2011 (Assistant Professor)<\/h3>\n<table>\n<thead>\n<tr>\n<th>Type<\/th>\n<th>Subject<\/th>\n<th>Theory<\/th>\n<th>Practice<\/th>\n<\/tr>\n<\/thead>\n<tbody>\n<tr>\n<td>Degree<\/td>\n<td>M\u00e9todos Avanzados de Desarrollo de Software<\/td>\n<td>3 ECTS<\/td>\n<td>3 ECTS<\/td>\n<\/tr>\n<tr>\n<td>Degree<\/td>\n<td>Interacci\u00f3n Persona-Ordenador 1<\/td>\n<td>3 ECTS<\/td>\n<td>3 ECTS<\/td>\n<\/tr>\n<tr>\n<td>Degree<\/td>\n<td>Administraci\u00f3n de Sistemas de Informaci\u00f3n<\/td>\n<td>3 ECTS<\/td>\n<td>1.5 ECTS<\/td>\n<\/tr>\n<tr>\n<td>Master<\/td>\n<td>Tecnolog\u00edas Software Orientadas a Objectos<\/td>\n<td style=\"text-align: CENTER\" colspan=\"2\">1 ECTS<\/td>\n<\/tr>\n<tr>\n<td>Master<\/td>\n<td>Modelado UML<\/td>\n<td style=\"text-align: CENTER\" colspan=\"2\">4 h<\/td>\n<\/tr>\n<tr>\n<td>Master<\/td>\n<td>Desarrollo de Aplicaciones Orientadas a Objetos<\/td>\n<td style=\"text-align: CENTER\" colspan=\"2\">4 h<\/td>\n<\/tr>\n<\/tbody>\n<\/table>\n<h3>2009\/2010 (Adjunct N3 Professor)<\/h3>\n<table>\n<thead>\n<tr>\n<th>Type<\/th>\n<th>Subject<\/th>\n<th>Theory<\/th>\n<th>Practice<\/th>\n<\/tr>\n<\/thead>\n<tbody>\n<tr>\n<td>Degree<\/td>\n<td>Dise\u00f1o y Programaci\u00f3n Orientada a Objetos (3rd year)<\/td>\n<td>&#8211;<\/td>\n<td>6 ECTS<\/td>\n<\/tr>\n<tr>\n<td>Degree<\/td>\n<td>Programaci\u00f3n Visual (3rd year)<\/td>\n<td>&#8211;<\/td>\n<td>6 ECTS<\/td>\n<\/tr>\n<tr>\n<td>Degree<\/td>\n<td>Administraci\u00f3n de Sistemas de Informaci\u00f3n (5th year)<\/td>\n<td>3 ECTS<\/td>\n<td>3 ECTS<\/td>\n<\/tr>\n<tr>\n<td>Master<\/td>\n<td>Desarrollo y despliegue de aplicaciones Web<\/td>\n<td style=\"text-align: CENTER\" colspan=\"2\">4 h<\/td>\n<\/tr>\n<tr>\n<td>Master<\/td>\n<td>Desarrollo de Aplicaciones Orientadas a Objetos<\/td>\n<td style=\"text-align: CENTER\" colspan=\"2\">4 h<\/td>\n<\/tr>\n<\/tbody>\n<\/table>\n<h3>2008\/2009 (Adjunct N2 Professor)<\/h3>\n<table>\n<thead>\n<tr>\n<th>Type<\/th>\n<th>Subject<\/th>\n<th>Theory<\/th>\n<th>Practice<\/th>\n<\/tr>\n<\/thead>\n<tbody>\n<tr>\n<td>Degree<\/td>\n<td>Ingenier\u00eda de Software 2 (5th year)<\/td>\n<td>&#8211;<\/td>\n<td>6 ECTS<\/td>\n<\/tr>\n<tr>\n<td>Degree<\/td>\n<td>Programaci\u00f3n Visual (3rd year)<\/td>\n<td>&#8211;<\/td>\n<td>6 ECTS<\/td>\n<\/tr>\n<tr>\n<td>Degree<\/td>\n<td>Administraci\u00f3n de Sistemas de Informaci\u00f3n (5th year)<\/td>\n<td>3 ECTS<\/td>\n<td>3 ECTS<\/td>\n<\/tr>\n<tr>\n<td>Master<\/td>\n<td>Desarrollo de Aplicaciones Orientadas a Objetos (3rd year)<\/td>\n<td style=\"text-align: CENTER\" colspan=\"2\">4 h<\/td>\n<\/tr>\n<\/tbody>\n<\/table>\n<h3>2006\/2007<\/h3>\n<table>\n<thead>\n<tr>\n<th>Type<\/th>\n<th>Subject<\/th>\n<th>Theory<\/th>\n<th>Practice<\/th>\n<\/tr>\n<\/thead>\n<tbody>\n<tr>\n<td>Master<\/td>\n<td>Tecnolog\u00edas JEE5<\/td>\n<td style=\"text-align: CENTER\" colspan=\"2\">5h (30h online)<\/td>\n<\/tr>\n<\/tbody>\n<\/table>\n","protected":false},"excerpt":{"rendered":"<p>2024\/2025 (Associate Professor) Type Subject Theory Practice Degree Tecnolog\u00edas y Sistemas Web (4th year) 4 ECTS 2 ECTS Degree Interacci\u00f3n Persona-Ordenador 1 (3rd year) 4 ECTS 2 ECTS 2023\/2024 (Associate Professor) Type Subject Theory Practice Degree Tecnolog\u00edas y Sistemas Web (4th year) 4 ECTS 2 ECTS Degree Interacci\u00f3n Persona-Ordenador 1 (3rd year) 4 ECTS 2 &hellip; <\/p>\n<p class=\"link-more\"><a href=\"https:\/\/blog.uclm.es\/ricardotesoriero\/teaching\/\" class=\"more-link\">Continuar leyendo<span class=\"screen-reader-text\"> \u00abTeaching\u00bb<\/span><\/a><\/p>\n","protected":false},"author":97,"featured_media":0,"parent":0,"menu_order":0,"comment_status":"closed","ping_status":"open","template":"","meta":{"footnotes":""},"class_list":["post-1548","page","type-page","status-publish","hentry"],"_links":{"self":[{"href":"https:\/\/blog.uclm.es\/ricardotesoriero\/wp-json\/wp\/v2\/pages\/1548","targetHints":{"allow":["GET"]}}],"collection":[{"href":"https:\/\/blog.uclm.es\/ricardotesoriero\/wp-json\/wp\/v2\/pages"}],"about":[{"href":"https:\/\/blog.uclm.es\/ricardotesoriero\/wp-json\/wp\/v2\/types\/page"}],"author":[{"embeddable":true,"href":"https:\/\/blog.uclm.es\/ricardotesoriero\/wp-json\/wp\/v2\/users\/97"}],"replies":[{"embeddable":true,"href":"https:\/\/blog.uclm.es\/ricardotesoriero\/wp-json\/wp\/v2\/comments?post=1548"}],"version-history":[{"count":4,"href":"https:\/\/blog.uclm.es\/ricardotesoriero\/wp-json\/wp\/v2\/pages\/1548\/revisions"}],"predecessor-version":[{"id":2262,"href":"https:\/\/blog.uclm.es\/ricardotesoriero\/wp-json\/wp\/v2\/pages\/1548\/revisions\/2262"}],"wp:attachment":[{"href":"https:\/\/blog.uclm.es\/ricardotesoriero\/wp-json\/wp\/v2\/media?parent=1548"}],"curies":[{"name":"wp","href":"https:\/\/api.w.org\/{rel}","templated":true}]}}