{"id":1505,"date":"2014-01-29T10:57:28","date_gmt":"2014-01-29T10:57:28","guid":{"rendered":"http:\/\/poseidon.iseresearch.i3a.uclm.es\/~tesorieror\/?page_id=1505"},"modified":"2024-10-28T08:32:09","modified_gmt":"2024-10-28T08:32:09","slug":"projects","status":"publish","type":"page","link":"https:\/\/blog.uclm.es\/ricardotesoriero\/projects\/","title":{"rendered":"Projects"},"content":{"rendered":"<h3>European projects<\/h3>\n<table>\n<thead>\n<tr>\n<th>Period<\/th>\n<th>Title<\/th>\n<th>Ref. Nr.<\/th>\n<th>Institution<\/th>\n<\/tr>\n<\/thead>\n<tbody>\n<tr>\n<td>2010 2013<\/td>\n<td>UsiXML<\/td>\n<td>Eureka project 3674<\/td>\n<td>ITEA<\/td>\n<\/tr>\n<\/tbody>\n<\/table>\n<h3>Spanish projects<\/h3>\n<table>\n<thead>\n<tr>\n<th>Period<\/th>\n<th>Title<\/th>\n<th>Ref. Nr.<\/th>\n<th>Institution<\/th>\n<\/tr>\n<\/thead>\n<tbody>\n<tr>\n<td>2023 2026<\/td>\n<td>Innovaciones tecnol\u00f3gicas para mejorar la experiencia interactiva de sistemas inform\u00e1ticos aplicados a las terapias de rehabilitaci\u00f3n f\u00edsica y estimulaci\u00f3n cognitiva<\/td>\n<td>PID2022-140974OB-I00<\/td>\n<td>MCINN\/AEI FEDER<\/td>\n<\/tr>\n<tr>\n<td>2019 2022<\/td>\n<td>Desarrollo y evaluaci\u00f3n de sistemas itneractivos basados en interfaces de usuario naturales aplicadas a mejorar las t\u00e9cnicas de rehabilitaci\u00f3n y evaluaci\u00f3n m\u00e9dica<\/td>\n<td>RTI2018-099942-B-I00<\/td>\n<td>MCINN\/AEI FEDER<\/td>\n<\/tr>\n<tr>\n<td>2011 2014<\/td>\n<td>Interaction and collaboration to develop distributed user interfaces in interactive advertisement<\/td>\n<td>CICYT-TIN 2011-27767-C02-01<\/td>\n<td>MICINN<\/td>\n<\/tr>\n<tr>\n<td>2008 2012<\/td>\n<td>CENIT MIO!: Tecnolog\u00edas para prestar servicios en movilidad en el futuro universo inteligente<\/td>\n<td>CENIT-2009 1019<\/td>\n<td>MINETUR<\/td>\n<\/tr>\n<tr>\n<td>2009 2011<\/td>\n<td>Calidad, Adaptaci\u00f3n y nuevos paradigmas aplicados a sistemas colaborativos<\/td>\n<td>TIN2008-06596-C02-01<\/td>\n<td>MICINN<\/td>\n<\/tr>\n<tr>\n<td>2005 2007<\/td>\n<td>ADACO \/ Entornos colaborativos: metodolog\u00edas de desarrollo de interfaces adaptativas (COMEDIA)<\/td>\n<td>CICYT-TIN2004-08000-C03-01<\/td>\n<td>MICINN<\/td>\n<\/tr>\n<\/tbody>\n<\/table>\n<h3>Regional projects<\/h3>\n<table>\n<thead>\n<tr>\n<th>Period<\/th>\n<th>Title<\/th>\n<th>Ref. Nr.<\/th>\n<th>Institution<\/th>\n<\/tr>\n<\/thead>\n<tbody>\n<tr>\n<td>2010 2013<\/td>\n<td>Nuevas formas de interacci\u00f3n en aplicaciones sensibles al contexto<\/td>\n<td>PPII10-0300-4174<\/td>\n<td>JCCM<\/td>\n<\/tr>\n<tr>\n<td>2022 2025<\/td>\n<td>Innovaciones tecnol\u00b4ogicas de soporte a la docencia en colegios rurales agrupados<\/td>\n<td>SBPLY\/21\/180501\/000056<\/td>\n<td>JCCM<\/td>\n<\/tr>\n<tr>\n<td>2009 2012<\/td>\n<td>Desarrollo de nuevos mecanismos de interacci\u00f3n y colaboraci\u00f3n en escenarios sensibles al contexto<\/td>\n<td>PII2C09-0185-1030<\/td>\n<td>JCCM<\/td>\n<\/tr>\n<tr>\n<td>2006 2008<\/td>\n<td>Desarrollo de Sistemas Colaborativos Basados en Web para PYMES<\/td>\n<td>PREG06-022<\/td>\n<td>SEPECAM, JCCM<\/td>\n<\/tr>\n<tr>\n<td>2005 2007<\/td>\n<td>GUIMUININ Gu\u00edas Muse\u00edsticas Inal\u00e1mbricas Inteligentes<\/td>\n<td>PCC-05-005-1<\/td>\n<td>JCCM<\/td>\n<\/tr>\n<\/tbody>\n<\/table>\n<h3>Subventions<\/h3>\n<table>\n<thead>\n<tr>\n<th>Period<\/th>\n<th>Title<\/th>\n<th>Ref. Nr.<\/th>\n<th>Institution<\/th>\n<\/tr>\n<\/thead>\n<tbody>\n<tr>\n<td>2011<\/td>\n<td>Ambient Assisted Living (AAL) Joint Program Info Day Call 4<\/td>\n<td>PE201112560<\/td>\n<td>UCLM<\/td>\n<\/tr>\n<tr>\n<td>2011<\/td>\n<td>Desarrollo basado en modelos de interfaces distribuidas para pantallas p\u00fablicas acopladas<\/td>\n<td>PL20112175<\/td>\n<td>UCLM<\/td>\n<\/tr>\n<tr>\n<td>2011<\/td>\n<td>Desarrollo basado en modelos de interfaces distribuidas para pantallas p\u00fablicas acopladas<\/td>\n<td>AT20112429<\/td>\n<td>UCLM<\/td>\n<\/tr>\n<tr>\n<td>2010<\/td>\n<td>Estudio de la Usabilidad y Accesibilidad en Herramientas Colaborativas<\/td>\n<td>PL20101716<\/td>\n<td>UCLM<\/td>\n<\/tr>\n<tr>\n<td>2007<\/td>\n<td>Estudio de las posibilidades de extensi\u00f3n del modelo de procesos TOUCHE<\/td>\n<td>TC20091117<\/td>\n<td>UCLM<\/td>\n<\/tr>\n<tr>\n<td>2007<\/td>\n<td>Discapacidad y nuevas tecnolog\u00edas (Centro virtual para discapacitad@s)<\/td>\n<td>EM20070374<\/td>\n<td>UCLM<\/td>\n<\/tr>\n<\/tbody>\n<\/table>\n<h3>Technology transference<\/h3>\n<table>\n<thead>\n<tr>\n<th>Period<\/th>\n<th>Title<\/th>\n<th>Ref. Nr.<\/th>\n<th>Institution<\/th>\n<\/tr>\n<\/thead>\n<tbody>\n<tr>\n<td>2012<\/td>\n<td>Modelizaci\u00f3n financiera de aguas<\/td>\n<td>UCTR120063<\/td>\n<td>Desarrollo Solar Albacete<\/td>\n<\/tr>\n<tr>\n<td>2010<\/td>\n<td>Dise\u00f1o de cuadernos educativos interactivos<\/td>\n<td>UCTR100337<\/td>\n<td>Symbia IT<\/td>\n<\/tr>\n<\/tbody>\n<\/table>\n<h3>References<\/h3>\n<h4>Institutions<\/h4>\n<table>\n<tbody>\n<tr>\n<td>UCLM<\/td>\n<td>University of Castilla-La Mancha<\/td>\n<\/tr>\n<tr>\n<td>ITEA<\/td>\n<td>Information Technology for european Advancement<\/td>\n<\/tr>\n<tr>\n<td>MICINN<\/td>\n<td>Ministerio de Ciencia e Innovaci\u00f3n<\/td>\n<\/tr>\n<tr>\n<td>MINETUR<\/td>\n<td>Ministerio de Industria, Energ\u00eda y Turismo<\/td>\n<\/tr>\n<tr>\n<td>JCCM<\/td>\n<td>Junta de comunidades de Castilla-La Mancha<\/td>\n<\/tr>\n<\/tbody>\n<\/table>\n","protected":false},"excerpt":{"rendered":"<p>European projects Period Title Ref. Nr. Institution 2010 2013 UsiXML Eureka project 3674 ITEA Spanish projects Period Title Ref. Nr. Institution 2023 2026 Innovaciones tecnol\u00f3gicas para mejorar la experiencia interactiva de sistemas inform\u00e1ticos aplicados a las terapias de rehabilitaci\u00f3n f\u00edsica y estimulaci\u00f3n cognitiva PID2022-140974OB-I00 MCINN\/AEI FEDER 2019 2022 Desarrollo y evaluaci\u00f3n de sistemas itneractivos basados &hellip; <\/p>\n<p class=\"link-more\"><a href=\"https:\/\/blog.uclm.es\/ricardotesoriero\/projects\/\" class=\"more-link\">Continuar leyendo<span class=\"screen-reader-text\"> \u00abProjects\u00bb<\/span><\/a><\/p>\n","protected":false},"author":97,"featured_media":0,"parent":0,"menu_order":0,"comment_status":"closed","ping_status":"open","template":"","meta":{"footnotes":""},"class_list":["post-1505","page","type-page","status-publish","hentry"],"_links":{"self":[{"href":"https:\/\/blog.uclm.es\/ricardotesoriero\/wp-json\/wp\/v2\/pages\/1505","targetHints":{"allow":["GET"]}}],"collection":[{"href":"https:\/\/blog.uclm.es\/ricardotesoriero\/wp-json\/wp\/v2\/pages"}],"about":[{"href":"https:\/\/blog.uclm.es\/ricardotesoriero\/wp-json\/wp\/v2\/types\/page"}],"author":[{"embeddable":true,"href":"https:\/\/blog.uclm.es\/ricardotesoriero\/wp-json\/wp\/v2\/users\/97"}],"replies":[{"embeddable":true,"href":"https:\/\/blog.uclm.es\/ricardotesoriero\/wp-json\/wp\/v2\/comments?post=1505"}],"version-history":[{"count":2,"href":"https:\/\/blog.uclm.es\/ricardotesoriero\/wp-json\/wp\/v2\/pages\/1505\/revisions"}],"predecessor-version":[{"id":2266,"href":"https:\/\/blog.uclm.es\/ricardotesoriero\/wp-json\/wp\/v2\/pages\/1505\/revisions\/2266"}],"wp:attachment":[{"href":"https:\/\/blog.uclm.es\/ricardotesoriero\/wp-json\/wp\/v2\/media?parent=1505"}],"curies":[{"name":"wp","href":"https:\/\/api.w.org\/{rel}","templated":true}]}}